{"id":15,"date":"2017-12-13T14:06:19","date_gmt":"2017-12-13T12:06:19","guid":{"rendered":"http:\/\/34.242.2.69\/nivala\/?page_id=15"},"modified":"2024-09-16T20:55:50","modified_gmt":"2024-09-16T17:55:50","slug":"toimintamuodot","status":"publish","type":"page","link":"https:\/\/paivitys.rauhanyhdistys.fi\/ylivieska\/toimintamuodot\/","title":{"rendered":"Toimintamuodot"},"content":{"rendered":"<div class=\"fusion-fullwidth fullwidth-box fusion-builder-row-1 nonhundred-percent-fullwidth non-hundred-percent-height-scrolling\" style=\"--awb-border-radius-top-left:0px;--awb-border-radius-top-right:0px;--awb-border-radius-bottom-right:0px;--awb-border-radius-bottom-left:0px;--awb-flex-wrap:wrap;\" ><div class=\"fusion-builder-row fusion-row\"><div class=\"fusion-layout-column fusion_builder_column fusion-builder-column-0 fusion_builder_column_1_1 1_1 fusion-one-full fusion-column-first fusion-column-last\" style=\"--awb-bg-size:cover;\"><div class=\"fusion-column-wrapper fusion-flex-column-wrapper-legacy\"><div class=\"fusion-title title fusion-title-1 fusion-sep-none fusion-title-text fusion-title-size-one\"><h1 class=\"fusion-title-heading title-heading-left fusion-responsive-typography-calculated\" style=\"margin:0;--fontSize:34;line-height:1.4;\"><h1 class=\"content-box-heading\">Seurat<\/h1><\/h1><\/div><div class=\"fusion-text fusion-text-1\"><div class=\"heading icon-left\">\n<div class=\"content\">\n<div class=\"leipa\">\n<p>Ylivieskan rauhanyhdistys j\u00e4rjest\u00e4\u00e4 hartaustilaisuuksia, seuroja. Niit\u00e4 pidet\u00e4\u00e4n omien toimitalojen lis\u00e4ksi mm. kodeissa, kirkoissa ja kouluilla. Seurojen ohjelma koostuu rukouksista, saarnoista, virsien ja Siionin laulujen laulamisesta sek\u00e4 vapaasta keskustelusta.<\/p>\n<h2>Seuroja Ylivieskan rauhanyhdistyksell\u00e4 on seuraavasti:<\/h2>\n<p><strong>Sunnuntaisin<\/strong> klo 14.30 ja 16.00<\/p>\n<p><strong>Keskiviikkoisin<\/strong> klo 18.30<\/p>\n<\/div>\n<p><strong>Englanninkieliset seurat<\/strong> lauantaisin klo 19.00 kerran kuukaudessa<\/p>\n<\/div>\n<\/div>\n<\/div><div class=\"fusion-title title fusion-title-2 fusion-sep-none fusion-title-text fusion-title-size-one\"><h1 class=\"fusion-title-heading title-heading-left fusion-responsive-typography-calculated\" style=\"margin:0;--fontSize:34;line-height:1.4;\">Lapsi- ja nuorisoty\u00f6<\/h1><\/div><div class=\"fusion-text fusion-text-2\"><p>Lapsen ensimm\u00e4inen kosketus nuorisoty\u00f6h\u00f6n tulee joko pyh\u00e4koulussa tai p\u00e4iv\u00e4kerhossa. Lapsi saattaa tulla jo kolmen vuoden i\u00e4ss\u00e4 pyh\u00e4kouluun, jota k\u00e4yd\u00e4\u00e4n noin kymmenen vuoden ik\u00e4\u00e4n. P\u00e4iv\u00e4kerhossa k\u00e4yd\u00e4\u00e4n nelj\u00e4-kuusivuotiaina.<\/p>\n<p>Jeesus sanoo: Sallikaa lasten tulla minun luokseni, \u00e4lk\u00e4\u00e4 est\u00e4k\u00f6 heit\u00e4, heid\u00e4n kaltaistensa on Jumalan valtakunta. L\u00e4hetys- ja kastek\u00e4skyn mukaan ty\u00f6 lasten ja nuorten keskuudessa on opettamista. \u2013 Opettakaa heit\u00e4 noudattamaan kaikkea, mit\u00e4 min\u00e4 olen k\u00e4skenyt teid\u00e4n noudattaa.<\/p>\n<p><strong>Pyh\u00e4koulu<\/strong> sunnuntaisin klo 11.30 kodeissa<\/p>\n<p><strong>P\u00e4iv\u00e4kerho<\/strong> lauantaisin klo 10.30 noin kahdesti kuukaudessa rauhanyhdistyksell\u00e4<\/p>\n<p><strong>Raamattuluokka<\/strong> perjantaisin klo 18.00 rauhanyhdistyksell\u00e4<\/p>\n<p><strong>Nuorten perjantai tai\u00a0<\/strong><strong>oloilta<\/strong> perjantaisin klo 19.00 rauhanyhdistyksell\u00e4<\/p>\n<\/div><div class=\"fusion-text fusion-text-3\"><p>Tarkempi seuraohjelma l\u00f6ytyy <a href=\"http:\/\/paivitys.rauhanyhdistys.fi\/ylivieska\/toimintakalenteri\">seuraohjelma-sivulta<\/a>.<\/p>\n<\/div><div class=\"fusion-clearfix\"><\/div><\/div><\/div><\/div><\/div>\n","protected":false},"excerpt":{"rendered":"","protected":false},"author":1,"featured_media":0,"parent":0,"menu_order":0,"comment_status":"closed","ping_status":"closed","template":"","meta":{"footnotes":""},"class_list":["post-15","page","type-page","status-publish","hentry"],"_links":{"self":[{"href":"https:\/\/paivitys.rauhanyhdistys.fi\/ylivieska\/wp-json\/wp\/v2\/pages\/15","targetHints":{"allow":["GET"]}}],"collection":[{"href":"https:\/\/paivitys.rauhanyhdistys.fi\/ylivieska\/wp-json\/wp\/v2\/pages"}],"about":[{"href":"https:\/\/paivitys.rauhanyhdistys.fi\/ylivieska\/wp-json\/wp\/v2\/types\/page"}],"author":[{"embeddable":true,"href":"https:\/\/paivitys.rauhanyhdistys.fi\/ylivieska\/wp-json\/wp\/v2\/users\/1"}],"replies":[{"embeddable":true,"href":"https:\/\/paivitys.rauhanyhdistys.fi\/ylivieska\/wp-json\/wp\/v2\/comments?post=15"}],"version-history":[{"count":55,"href":"https:\/\/paivitys.rauhanyhdistys.fi\/ylivieska\/wp-json\/wp\/v2\/pages\/15\/revisions"}],"predecessor-version":[{"id":391,"href":"https:\/\/paivitys.rauhanyhdistys.fi\/ylivieska\/wp-json\/wp\/v2\/pages\/15\/revisions\/391"}],"wp:attachment":[{"href":"https:\/\/paivitys.rauhanyhdistys.fi\/ylivieska\/wp-json\/wp\/v2\/media?parent=15"}],"curies":[{"name":"wp","href":"https:\/\/api.w.org\/{rel}","templated":true}]}}