{"id":11,"date":"2017-12-13T14:06:03","date_gmt":"2017-12-13T12:06:03","guid":{"rendered":"http:\/\/34.242.2.69\/esimerkkiry\/?page_id=11"},"modified":"2025-08-25T16:45:11","modified_gmt":"2025-08-25T13:45:11","slug":"toimintakalenteri","status":"publish","type":"page","link":"https:\/\/paivitys.rauhanyhdistys.fi\/varkaus\/toimintakalenteri\/","title":{"rendered":"Toimintakalenteri"},"content":{"rendered":"<div class=\"fusion-fullwidth fullwidth-box fusion-builder-row-1 nonhundred-percent-fullwidth non-hundred-percent-height-scrolling\" style=\"--awb-border-radius-top-left:0px;--awb-border-radius-top-right:0px;--awb-border-radius-bottom-right:0px;--awb-border-radius-bottom-left:0px;--awb-flex-wrap:wrap;\" ><div class=\"fusion-builder-row fusion-row\"><div class=\"fusion-layout-column fusion_builder_column fusion-builder-column-0 fusion_builder_column_1_2 1_2 fusion-one-half fusion-column-first\" style=\"--awb-bg-size:cover;width:50%;width:calc(50% - ( ( 4% ) * 0.5 ) );margin-right: 4%;\"><div class=\"fusion-column-wrapper fusion-flex-column-wrapper-legacy\"><div class=\"fusion-title title fusion-title-1 fusion-sep-none fusion-title-text fusion-title-size-one\"><h1 class=\"fusion-title-heading title-heading-left fusion-responsive-typography-calculated\" style=\"margin:0;--fontSize:34;line-height:1.4;\">Tulevat tapahtumat<\/h1><\/div><table class=\"intra\" data-id=\"66\" data-amount=\"100\"><\/table>\n<div class=\"fusion-content-boxes content-boxes columns row fusion-columns-1 fusion-columns-total-1 fusion-content-boxes-1 content-boxes-icon-with-title content-left\" style=\"--awb-hover-accent-color:#a0ce4e;--awb-circle-hover-accent-color:#a0ce4e;--awb-item-margin-bottom:40px;\" data-animationOffset=\"top-into-view\"><div style=\"--awb-backgroundcolor:rgba(3,169,244,0);\" class=\"fusion-column content-box-column content-box-column content-box-column-1 col-lg-12 col-md-12 col-sm-12 fusion-content-box-hover content-box-column-last content-box-column-last-in-row\"><div class=\"col content-box-wrapper content-wrapper link-area-link-icon link-type-button icon-hover-animation-fade fusion-animated\" data-animationType=\"flash\" data-animationDuration=\"0.3\" data-animationOffset=\"top-into-view\"><div class=\"heading heading-with-icon icon-left\"><a class=\"heading-link\" style=\"float:left;\" href=\"http:\/\/nettiradio.kuopionrauhanyhdistys.net\/\" target=\"_blank\" rel=\"noopener noreferrer\"><div class=\"icon\"><i style=\"border-color:#333333;border-width:4px;background-color:#333333;box-sizing:content-box;height:42px;width:42px;line-height:42px;border-radius:50%;font-size:21px;\" aria-hidden=\"true\" class=\"fontawesome-icon fa fa-play circle-yes\"><\/i><\/div><h2 class=\"content-box-heading fusion-responsive-typography-calculated\" style=\"--h2_typography-font-size:28px;--fontSize:28;line-height:1.5;\">It\u00e4-Suomen rauhanyhdistysten nettiradio<\/h2><\/a><\/div><\/div><\/div><div class=\"fusion-clearfix\"><\/div><\/div>\n<div class=\"fusion-clearfix\"><\/div><\/div><\/div><div class=\"fusion-layout-column fusion_builder_column fusion-builder-column-1 fusion_builder_column_1_2 1_2 fusion-one-half fusion-column-last\" style=\"--awb-bg-size:cover;width:50%;width:calc(50% - ( ( 4% ) * 0.5 ) );\"><div class=\"fusion-column-wrapper fusion-flex-column-wrapper-legacy\"><div class=\"fusion-text fusion-text-1\"><div class=\"heading heading-with-icon icon-left\">\n<h2 class=\"content-box-heading fusion-responsive-typography-calculated\" data-fontsize=\"18\" data-lineheight=\"23px\">Varkauden rauhanyhdistyksen MobilePay-numerot<\/h2>\n<\/div>\n<div class=\"content-container\">\n<p>Kolehti: <strong>31310<\/strong><br \/>\nKahvio: <strong>33033<\/strong><br \/>\nLahjoitukset: <strong>12130<\/strong><\/p>\n<p>Rahanker\u00e4yslupaan liittyv\u00e4t tiedot l\u00f6ytyv\u00e4t toimitalon ilmoitustaululta.<\/p>\n<\/div>\n<\/div><div class=\"fusion-sep-clear\"><\/div><div class=\"fusion-separator fusion-full-width-sep\" style=\"margin-left: auto;margin-right: auto;margin-bottom:30px;width:100%;\"><div class=\"fusion-separator-border sep-double\" style=\"--awb-height:20px;--awb-amount:20px;border-color:#e0dede;border-top-width:1px;border-bottom-width:1px;\"><\/div><\/div><div class=\"fusion-sep-clear\"><\/div><div class=\"fusion-image-element fusion-image-align-center in-legacy-container\" style=\"text-align:center;--awb-caption-title-font-family:var(--h2_typography-font-family);--awb-caption-title-font-weight:var(--h2_typography-font-weight);--awb-caption-title-font-style:var(--h2_typography-font-style);--awb-caption-title-size:var(--h2_typography-font-size);--awb-caption-title-transform:var(--h2_typography-text-transform);--awb-caption-title-line-height:var(--h2_typography-line-height);--awb-caption-title-letter-spacing:var(--h2_typography-letter-spacing);\"><div class=\"imageframe-align-center\"><span class=\" fusion-imageframe imageframe-none imageframe-1 hover-type-none\" style=\"border:4px solid rgba(246,246,246,0);\"><img decoding=\"async\" width=\"225\" height=\"300\" title=\"rauhanyhdistys\" src=\"https:\/\/paivitys.rauhanyhdistys.fi\/varkaus\/wp-content\/uploads\/sites\/87\/2018\/09\/IMG_7091-kopio-225x300.jpg\" alt class=\"img-responsive wp-image-199\" srcset=\"https:\/\/paivitys.rauhanyhdistys.fi\/varkaus\/wp-content\/uploads\/sites\/87\/2018\/09\/IMG_7091-kopio-200x267.jpg 200w, https:\/\/paivitys.rauhanyhdistys.fi\/varkaus\/wp-content\/uploads\/sites\/87\/2018\/09\/IMG_7091-kopio-400x534.jpg 400w, https:\/\/paivitys.rauhanyhdistys.fi\/varkaus\/wp-content\/uploads\/sites\/87\/2018\/09\/IMG_7091-kopio-600x800.jpg 600w, https:\/\/paivitys.rauhanyhdistys.fi\/varkaus\/wp-content\/uploads\/sites\/87\/2018\/09\/IMG_7091-kopio-800x1067.jpg 800w, https:\/\/paivitys.rauhanyhdistys.fi\/varkaus\/wp-content\/uploads\/sites\/87\/2018\/09\/IMG_7091-kopio.jpg 907w\" sizes=\"(max-width: 800px) 100vw, 600px\" \/><\/span><\/div><\/div><div class=\"fusion-image-element fusion-image-align-center in-legacy-container\" style=\"text-align:center;--awb-caption-title-font-family:var(--h2_typography-font-family);--awb-caption-title-font-weight:var(--h2_typography-font-weight);--awb-caption-title-font-style:var(--h2_typography-font-style);--awb-caption-title-size:var(--h2_typography-font-size);--awb-caption-title-transform:var(--h2_typography-text-transform);--awb-caption-title-line-height:var(--h2_typography-line-height);--awb-caption-title-letter-spacing:var(--h2_typography-letter-spacing);\"><div class=\"imageframe-align-center\"><span class=\" fusion-imageframe imageframe-none imageframe-2 hover-type-none\" style=\"border:4px solid rgba(246,246,246,0);\"><img decoding=\"async\" width=\"225\" height=\"300\" title=\"Varkauden rauhanyhdistys\" src=\"https:\/\/paivitys.rauhanyhdistys.fi\/varkaus\/wp-content\/uploads\/sites\/87\/2018\/09\/IMG_7094-kopio-225x300.jpg\" alt class=\"img-responsive wp-image-200\" srcset=\"https:\/\/paivitys.rauhanyhdistys.fi\/varkaus\/wp-content\/uploads\/sites\/87\/2018\/09\/IMG_7094-kopio-200x267.jpg 200w, https:\/\/paivitys.rauhanyhdistys.fi\/varkaus\/wp-content\/uploads\/sites\/87\/2018\/09\/IMG_7094-kopio-400x534.jpg 400w, https:\/\/paivitys.rauhanyhdistys.fi\/varkaus\/wp-content\/uploads\/sites\/87\/2018\/09\/IMG_7094-kopio-600x800.jpg 600w, https:\/\/paivitys.rauhanyhdistys.fi\/varkaus\/wp-content\/uploads\/sites\/87\/2018\/09\/IMG_7094-kopio-800x1067.jpg 800w, https:\/\/paivitys.rauhanyhdistys.fi\/varkaus\/wp-content\/uploads\/sites\/87\/2018\/09\/IMG_7094-kopio.jpg 907w\" sizes=\"(max-width: 800px) 100vw, 600px\" \/><\/span><\/div><\/div><div class=\"fusion-clearfix\"><\/div><\/div><\/div><\/div><\/div>\n","protected":false},"excerpt":{"rendered":"","protected":false},"author":1,"featured_media":0,"parent":0,"menu_order":0,"comment_status":"closed","ping_status":"closed","template":"","meta":{"footnotes":""},"class_list":["post-11","page","type-page","status-publish","hentry"],"_links":{"self":[{"href":"https:\/\/paivitys.rauhanyhdistys.fi\/varkaus\/wp-json\/wp\/v2\/pages\/11","targetHints":{"allow":["GET"]}}],"collection":[{"href":"https:\/\/paivitys.rauhanyhdistys.fi\/varkaus\/wp-json\/wp\/v2\/pages"}],"about":[{"href":"https:\/\/paivitys.rauhanyhdistys.fi\/varkaus\/wp-json\/wp\/v2\/types\/page"}],"author":[{"embeddable":true,"href":"https:\/\/paivitys.rauhanyhdistys.fi\/varkaus\/wp-json\/wp\/v2\/users\/1"}],"replies":[{"embeddable":true,"href":"https:\/\/paivitys.rauhanyhdistys.fi\/varkaus\/wp-json\/wp\/v2\/comments?post=11"}],"version-history":[{"count":30,"href":"https:\/\/paivitys.rauhanyhdistys.fi\/varkaus\/wp-json\/wp\/v2\/pages\/11\/revisions"}],"predecessor-version":[{"id":290,"href":"https:\/\/paivitys.rauhanyhdistys.fi\/varkaus\/wp-json\/wp\/v2\/pages\/11\/revisions\/290"}],"wp:attachment":[{"href":"https:\/\/paivitys.rauhanyhdistys.fi\/varkaus\/wp-json\/wp\/v2\/media?parent=11"}],"curies":[{"name":"wp","href":"https:\/\/api.w.org\/{rel}","templated":true}]}}