{"id":9,"date":"2017-12-13T14:05:37","date_gmt":"2017-12-13T12:05:37","guid":{"rendered":"http:\/\/34.242.2.69\/seinajoki\/?page_id=9"},"modified":"2025-11-04T15:20:57","modified_gmt":"2025-11-04T13:20:57","slug":"yhteystiedot","status":"publish","type":"page","link":"https:\/\/paivitys.rauhanyhdistys.fi\/vaasa\/yhteystiedot\/","title":{"rendered":"Yhteystiedot"},"content":{"rendered":"<p><div class=\"fusion-fullwidth fullwidth-box fusion-builder-row-1 nonhundred-percent-fullwidth non-hundred-percent-height-scrolling\" style=\"--awb-border-radius-top-left:0px;--awb-border-radius-top-right:0px;--awb-border-radius-bottom-right:0px;--awb-border-radius-bottom-left:0px;--awb-flex-wrap:wrap;\" ><div class=\"fusion-builder-row fusion-row\"><div class=\"fusion-layout-column fusion_builder_column fusion-builder-column-0 fusion_builder_column_1_2 1_2 fusion-one-half fusion-column-first\" style=\"--awb-bg-size:cover;width:50%;width:calc(50% - ( ( 4% ) * 0.5 ) );margin-right: 4%;\"><div class=\"fusion-column-wrapper fusion-flex-column-wrapper-legacy\"><div class=\"fusion-title title fusion-title-1 fusion-sep-none fusion-title-text fusion-title-size-one\"><h1 class=\"fusion-title-heading title-heading-left fusion-responsive-typography-calculated\" style=\"margin:0;--fontSize:36;line-height:var(--awb-typography1-line-height);\">Osoitteet<\/h1><\/div><div class=\"fusion-text fusion-text-1\"><p>V\u00e4litie 1, 65320 Vaasa<\/p>\n<\/div><div class=\"fusion-title title fusion-title-2 fusion-sep-none fusion-title-text fusion-title-size-one\"><h1 class=\"fusion-title-heading title-heading-left fusion-responsive-typography-calculated\" style=\"margin:0;--fontSize:36;line-height:var(--awb-typography1-line-height);\">Puhelinnumerot<\/h1><\/div><div class=\"fusion-text fusion-text-2\"><p>Keitti\u00f6: 050-575 6446<\/p>\n<p>Puhelimeen vastataan vain, kun toimitalolla on toimintaa.<\/p>\n<p>Seura-ajan ulkopuolella uskovaisiin Vaasassa saa yhteyden:<\/p>\n<p>044 &#8211; 5119837<\/p>\n<\/div><div class=\"shortcode-map fusion-google-map fusion-maps-static-type\"><img decoding=\"async\" width=\"500\" height=\"400\" src=\"https:\/\/maps.googleapis.com\/maps\/api\/staticmap?key=AIzaSyDbkui1YOaFgJmXFDKRTxOZr7y1Wh2cOhg&#038;language=fi&#038;center=V\u00e4litie+1,65320+Vaasa&#038;maptype=roadmap&#038;zoom=14&#038;size=500x400&#038;markers=V\u00e4litie+1,65320+Vaasa&scale=2\"><\/div><div class=\"fusion-text fusion-text-3\"><p style=\"text-align: center;\"><a href=\"https:\/\/maps.google.com\/?q=V\u00e4litie%201,%2065320%20Vaasa\">Avaa Google Mapsissa<\/a><\/p>\n<\/div><div class=\"fusion-clearfix\"><\/div><\/div><\/div><div class=\"fusion-layout-column fusion_builder_column fusion-builder-column-1 fusion_builder_column_1_2 1_2 fusion-one-half fusion-column-last\" style=\"--awb-bg-size:cover;width:50%;width:calc(50% - ( ( 4% ) * 0.5 ) );\"><div class=\"fusion-column-wrapper fusion-flex-column-wrapper-legacy\"><div class=\"fusion-title title fusion-title-3 fusion-sep-none fusion-title-text fusion-title-size-one\"><h1 class=\"fusion-title-heading title-heading-left fusion-responsive-typography-calculated\" style=\"margin:0;--fontSize:36;line-height:var(--awb-typography1-line-height);\">Tilinumerot ja Mobile Pay -lyhytnumerot<\/h1><\/div><div class=\"fusion-text fusion-text-4\"><p>Jos haluat lahjoittaa rahaa toimintamme tukemiseen, tutustu<a href=\"https:\/\/paivitys.rauhanyhdistys.fi\/vaasa\/rahankerayslupa\/\"> rahanker\u00e4yslupaamme<\/a> ja voit osallistua joko <a href=\"https:\/\/paivitys.rauhanyhdistys.fi\/vaasa\/kolehti\/\">kolehtiin<\/a> tai <a href=\"https:\/\/paivitys.rauhanyhdistys.fi\/vaasa\/kuukausikerays\/\">kuukausiker\u00e4ykseen<\/a>.<\/p>\n<p><strong>Tilinumerot<\/strong><\/p>\n<ul>\n<li>Ker\u00e4ystili FI37 5670 0820 2369 49 (kuukausiker\u00e4ys ja mobiilikolehti)<\/li>\n<li>K\u00e4ytt\u00f6tili FI61 5670 0820 2368 08 (muu rahaliikenne)<\/li>\n<\/ul>\n<p><strong>Mobile Pay -lyhytnumerot<\/strong><\/p>\n<ul>\n<li>60525 Kolehti<\/li>\n<li>86003 Myyj\u00e4iset<\/li>\n<li>50221 Kahvi<\/li>\n<li>60820 Tiistaikerho<\/li>\n<li>20730 Kioski<\/li>\n<li>22777 Ker\u00e4ystili<\/li>\n<li>83131 J\u00e4senmaksut<\/li>\n<li>20435 Perhe- ja diakonia<\/li>\n<\/ul>\n<\/div><div class=\"fusion-title title fusion-title-4 fusion-sep-none fusion-title-text fusion-title-size-one\"><h1 class=\"fusion-title-heading title-heading-left fusion-responsive-typography-calculated\" style=\"margin:0;--fontSize:36;line-height:var(--awb-typography1-line-height);\">Laskutusosoite<\/h1><\/div><div class=\"fusion-text fusion-text-5\"><p>Toivomme, ett\u00e4 l\u00e4het\u00e4tte laskunne ensisijaisesti verkkolaskuina. Verkkolaskuosoitteemme l\u00f6yd\u00e4t t\u00e4st\u00e4 <a href=\"https:\/\/paivitys.rauhanyhdistys.fi\/vaasa\/wp-content\/uploads\/sites\/82\/2022\/05\/Verkkolaskutiedote_VSRY.pdf\">pdf-tiedostosta<\/a>.<\/p>\n<\/div><div class=\"fusion-clearfix\"><\/div><\/div><\/div><\/div><\/div><div class=\"fusion-fullwidth fullwidth-box fusion-builder-row-2 nonhundred-percent-fullwidth non-hundred-percent-height-scrolling\" style=\"--awb-border-radius-top-left:0px;--awb-border-radius-top-right:0px;--awb-border-radius-bottom-right:0px;--awb-border-radius-bottom-left:0px;--awb-flex-wrap:wrap;\" ><div class=\"fusion-builder-row fusion-row\"><div class=\"fusion-layout-column fusion_builder_column fusion-builder-column-2 fusion_builder_column_1_2 1_2 fusion-one-half fusion-column-first\" style=\"--awb-bg-size:cover;width:50%;width:calc(50% - ( ( 4% ) * 0.5 ) );margin-right: 4%;\"><div class=\"fusion-column-wrapper fusion-flex-column-wrapper-legacy\"><div class=\"fusion-title title fusion-title-5 fusion-sep-none fusion-title-text fusion-title-size-one\"><h1 class=\"fusion-title-heading title-heading-left fusion-responsive-typography-calculated\" style=\"margin:0;--fontSize:36;line-height:var(--awb-typography1-line-height);\">Hae j\u00e4senyytt\u00e4<\/h1><\/div><div class=\"fusion-text fusion-text-6\"><div class='fluentform ff-default fluentform_wrapper_2 ffs_default_wrap'><form data-form_id=\"2\" id=\"fluentform_2\" class=\"frm-fluent-form fluent_form_2 ff-el-form-top ff_form_instance_2_1 ff-form-loading ffs_default\" data-form_instance=\"ff_form_instance_2_1\" method=\"POST\" ><fieldset  style=\"border: none!important;margin: 0!important;padding: 0!important;background-color: transparent!important;box-shadow: none!important;outline: none!important; min-inline-size: 100%;\">\n                    <legend class=\"ff_screen_reader_title\" style=\"display: block; margin: 0!important;padding: 0!important;height: 0!important;text-indent: -999999px;width: 0!important;overflow:hidden;\">J\u00e4senhakemus<\/legend><input type='hidden' name='__fluent_form_embded_post_id' value='9' \/><input type=\"hidden\" id=\"_fluentform_2_fluentformnonce\" name=\"_fluentform_2_fluentformnonce\" value=\"14b5513081\" \/><input type=\"hidden\" name=\"_wp_http_referer\" value=\"\/vaasa\/wp-json\/wp\/v2\/pages\/9\" \/><div class='ff-el-group'><div class=\"ff-el-input--label ff-el-is-required asterisk-right\"><label for='ff_2_email_1738617708864' id='label_ff_2_email_1738617708864' aria-label=\"S\u00e4hk\u00f6posti\">S\u00e4hk\u00f6posti<\/label><\/div><div class='ff-el-input--content'><input type=\"email\" name=\"email_1738617708864\" class=\"ff-el-form-control\" id=\"ff_2_email_1738617708864\" data-name=\"email_1738617708864\"  aria-invalid=\"false\" aria-required=true><\/div><\/div><div class='ff-el-group'><div class=\"ff-el-input--label ff-el-is-required asterisk-right\"><label for='ff_2_input_puhelin' id='label_ff_2_input_puhelin' aria-label=\"Puhelin\">Puhelin<\/label><\/div><div class='ff-el-input--content'><input type=\"text\" name=\"input_puhelin\" class=\"ff-el-form-control\" data-name=\"input_puhelin\" id=\"ff_2_input_puhelin\"  aria-invalid=\"false\" aria-required=true><\/div><\/div><div class='ff-el-group'><div class=\"ff-el-input--label ff-el-is-required asterisk-right\"><label for='ff_2_firstname_1738617714568' id='label_ff_2_firstname_1738617714568' >Etunimi<\/label><\/div><div class='ff-el-input--content'><input type=\"text\" name=\"firstname_1738617714568\" class=\"ff-el-form-control\" id=\"ff_2_firstname_1738617714568\" data-name=\"firstname_1738617714568\"  aria-invalid=\"false\" aria-required=true><\/div><\/div><div class='ff-el-group'><div class=\"ff-el-input--label ff-el-is-required asterisk-right\"><label for='ff_2_lastname_1738617715029' id='label_ff_2_lastname_1738617715029' >Sukunimi<\/label><\/div><div class='ff-el-input--content'><input type=\"text\" name=\"lastname_1738617715029\" class=\"ff-el-form-control\" id=\"ff_2_lastname_1738617715029\" data-name=\"lastname_1738617715029\"  aria-invalid=\"false\" aria-required=true><\/div><\/div><div class='ff-el-group'><div class=\"ff-el-input--label ff-el-is-required asterisk-right\"><label for='ff_2_syntymaaika_1738617775645' id='label_ff_2_syntymaaika_1738617775645' aria-label=\"Syntym\u00e4aika\">Syntym\u00e4aika<\/label><div class=\"ff-el-tooltip\" data-content=\"&lt;p&gt;&amp;nbsp;(ei henkil\u00f6tunnusta)&lt;br&gt;&lt;\/p&gt;\"><svg width=\"16\" height=\"16\" viewBox=\"0 0 25 25\"><path d=\"m329 393l0-46c0-2-1-4-2-6-2-2-4-3-7-3l-27 0 0-146c0-3-1-5-3-7-2-1-4-2-7-2l-91 0c-3 0-5 1-7 2-1 2-2 4-2 7l0 46c0 2 1 5 2 6 2 2 4 3 7 3l27 0 0 91-27 0c-3 0-5 1-7 3-1 2-2 4-2 6l0 46c0 3 1 5 2 7 2 1 4 2 7 2l128 0c3 0 5-1 7-2 1-2 2-4 2-7z m-36-256l0-46c0-2-1-4-3-6-2-2-4-3-7-3l-54 0c-3 0-5 1-7 3-2 2-3 4-3 6l0 46c0 3 1 5 3 7 2 1 4 2 7 2l54 0c3 0 5-1 7-2 2-2 3-4 3-7z m182 119c0 40-9 77-29 110-20 34-46 60-80 80-33 20-70 29-110 29-40 0-77-9-110-29-34-20-60-46-80-80-20-33-29-70-29-110 0-40 9-77 29-110 20-34 46-60 80-80 33-20 70-29 110-29 40 0 77 9 110 29 34 20 60 46 80 80 20 33 29 70 29 110z\" transform=\"scale(0.046875 0.046875)\"><\/path><\/svg><\/div><\/div><div class='ff-el-input--content'><input  aria-label='Syntym\u00e4aika Use arrow keys to navigate dates. Press enter to select a date.'  aria-haspopup='dialog' data-type-datepicker data-format='DD.MM.YYYY' name=\"syntymaaika_1738617775645\" type=\"text\" class=\"ff-el-form-control ff-el-datepicker\" id=\"ff_2_syntymaaika_1738617775645\" data-name=\"syntymaaika_1738617775645\"  aria-invalid='false' aria-required=true><\/div><\/div><div class='ff-el-group'><div class=\"ff-el-input--label ff-el-is-required asterisk-right\"><label for='ff_2_address_1738617865045' id='label_ff_2_address_1738617865045' aria-label=\"Osoite\">Osoite<\/label><\/div><div class='ff-el-input--content'><input type=\"text\" name=\"address_1738617865045\" class=\"ff-el-form-control\" id=\"ff_2_address_1738617865045\" data-name=\"address_1738617865045\"  aria-invalid=\"false\" aria-required=true><\/div><\/div><div class='ff-el-group'><div class=\"ff-el-input--label ff-el-is-required asterisk-right\"><label for='ff_2_zip_1738617834998' id='label_ff_2_zip_1738617834998' aria-label=\"Postinro\">Postinro<\/label><\/div><div class='ff-el-input--content'><input type=\"text\" name=\"zip_1738617834998\" class=\"ff-el-form-control\" id=\"ff_2_zip_1738617834998\" data-name=\"zip_1738617834998\"  aria-invalid=\"false\" aria-required=true><\/div><\/div><div class='ff-el-group'><div class=\"ff-el-input--label ff-el-is-required asterisk-right\"><label for='ff_2_city_1738617838753' id='label_ff_2_city_1738617838753' aria-label=\"Kaupunki\/postitoimipaikka\">Kaupunki\/postitoimipaikka<\/label><\/div><div class='ff-el-input--content'><input type=\"text\" name=\"city_1738617838753\" class=\"ff-el-form-control\" id=\"ff_2_city_1738617838753\" data-name=\"city_1738617838753\"  aria-invalid=\"false\" aria-required=true><\/div><\/div><div class='ff-el-group'><div class=\"ff-el-input--label asterisk-right\"><label for='ff_2_suosittelija_1738617889053' id='label_ff_2_suosittelija_1738617889053' aria-label=\"Suosittelija\">Suosittelija<\/label><\/div><div class='ff-el-input--content'><input type=\"text\" name=\"suosittelija_1738617889053\" class=\"ff-el-form-control\" id=\"ff_2_suosittelija_1738617889053\" data-name=\"suosittelija_1738617889053\"  aria-invalid=\"false\" aria-required=false><\/div><\/div><div class='ff-el-group'><div class=\"ff-el-input--label asterisk-right\"><label for='ff_2_rauhanyhdistys_jonka_jasenena_olen_aikaisemmin_ollut_1738617901819' id='label_ff_2_rauhanyhdistys_jonka_jasenena_olen_aikaisemmin_ollut_1738617901819' aria-label=\"Rauhanyhdistys, jonka j\u00e4senen\u00e4 olen aikaisemmin ollut\">Rauhanyhdistys, jonka j\u00e4senen\u00e4 olen aikaisemmin ollut<\/label><\/div><div class='ff-el-input--content'><input type=\"text\" name=\"rauhanyhdistys_jonka_jasenena_olen_aikaisemmin_ollut_1738617901819\" class=\"ff-el-form-control\" id=\"ff_2_rauhanyhdistys_jonka_jasenena_olen_aikaisemmin_ollut_1738617901819\" data-name=\"rauhanyhdistys_jonka_jasenena_olen_aikaisemmin_ollut_1738617901819\"  aria-invalid=\"false\" aria-required=false><\/div><\/div><div class='ff-el-group ff-text-left ff_submit_btn_wrapper'><button type=\"submit\" class=\"ff-btn ff-btn-submit ff-btn-md ff_btn_style wpf_has_custom_css\"  aria-label=\"L\u00e4het\u00e4\">L\u00e4het\u00e4<\/button><\/div><\/fieldset><\/form><div id='fluentform_2_errors' class='ff-errors-in-stack ff_form_instance_2_1 ff-form-loading_errors ff_form_instance_2_1_errors'><\/div><\/div>            <script type=\"text\/javascript\">\n                window.fluent_form_ff_form_instance_2_1 = {\"id\":\"2\",\"settings\":{\"layout\":{\"labelPlacement\":\"top\",\"asteriskPlacement\":\"asterisk-right\",\"helpMessagePlacement\":\"with_label\",\"errorMessagePlacement\":\"inline\",\"cssClassName\":\"\"},\"restrictions\":{\"denyEmptySubmission\":{\"enabled\":false}}},\"form_instance\":\"ff_form_instance_2_1\",\"form_id_selector\":\"fluentform_2\",\"rules\":{\"email_1738617708864\":{\"required\":{\"value\":true,\"message\":\"This field is required\",\"global\":false,\"global_message\":\"This field is required\"},\"email\":{\"value\":1,\"message\":\"This field must contain a valid email\",\"global\":false,\"global_message\":\"This field must contain a valid email\"}},\"input_puhelin\":{\"required\":{\"value\":true,\"message\":\"This field is required\",\"global_message\":\"This field is required\",\"global\":true}},\"firstname_1738617714568\":{\"required\":{\"value\":true,\"message\":\"This field is required\",\"global\":false,\"global_message\":\"This field is required\"}},\"lastname_1738617715029\":{\"required\":{\"value\":true,\"message\":\"This field is required\",\"global\":false,\"global_message\":\"This field is required\"}},\"syntymaaika_1738617775645\":{\"required\":{\"value\":true,\"message\":\"This field is required\",\"global\":false,\"global_message\":\"This field is required\"}},\"address_1738617865045\":{\"required\":{\"value\":true,\"message\":\"This field is required\",\"global\":false,\"global_message\":\"This field is required\"}},\"zip_1738617834998\":{\"required\":{\"value\":true,\"message\":\"This field is required\",\"global\":false,\"global_message\":\"This field is required\"}},\"city_1738617838753\":{\"required\":{\"value\":true,\"message\":\"This field is required\",\"global\":false,\"global_message\":\"This field is required\"}},\"suosittelija_1738617889053\":{\"required\":{\"value\":false,\"message\":\"This field is required\",\"global\":false,\"global_message\":\"This field is required\"}},\"rauhanyhdistys_jonka_jasenena_olen_aikaisemmin_ollut_1738617901819\":{\"required\":{\"value\":false,\"message\":\"This field is required\",\"global\":false,\"global_message\":\"This field is required\"}}},\"debounce_time\":300};\n                            <\/script>\n            \n<\/div><div class=\"fusion-clearfix\"><\/div><\/div><\/div><div class=\"fusion-layout-column fusion_builder_column fusion-builder-column-3 fusion_builder_column_1_2 1_2 fusion-one-half fusion-column-last\" style=\"--awb-bg-size:cover;width:50%;width:calc(50% - ( ( 4% ) * 0.5 ) );\"><div class=\"fusion-column-wrapper fusion-flex-column-wrapper-legacy\"><div class=\"fusion-title title fusion-title-6 fusion-sep-none fusion-title-text fusion-title-size-one\"><h1 class=\"fusion-title-heading title-heading-left fusion-responsive-typography-calculated\" style=\"margin:0;--fontSize:36;line-height:var(--awb-typography1-line-height);\">Ota yhteytt\u00e4<\/h1><\/div><div class=\"fusion-text fusion-text-7\"><div class='fluentform ff-default fluentform_wrapper_1 ffs_default_wrap'><form data-form_id=\"1\" id=\"fluentform_1\" class=\"frm-fluent-form fluent_form_1 ff-el-form-top ff_form_instance_1_2 ff-form-loading ffs_default\" data-form_instance=\"ff_form_instance_1_2\" method=\"POST\" ><fieldset  style=\"border: none!important;margin: 0!important;padding: 0!important;background-color: transparent!important;box-shadow: none!important;outline: none!important; min-inline-size: 100%;\">\n                    <legend class=\"ff_screen_reader_title\" style=\"display: block; margin: 0!important;padding: 0!important;height: 0!important;text-indent: -999999px;width: 0!important;overflow:hidden;\">Ota yhteytt\u00e4<\/legend><input type='hidden' name='__fluent_form_embded_post_id' value='9' \/><input type=\"hidden\" id=\"_fluentform_1_fluentformnonce\" name=\"_fluentform_1_fluentformnonce\" value=\"14b5513081\" \/><input type=\"hidden\" name=\"_wp_http_referer\" value=\"\/vaasa\/wp-json\/wp\/v2\/pages\/9\" \/><div class='ff-el-group'><div class=\"ff-el-input--label ff-el-is-required asterisk-right\"><label for='ff_1_2_input_nimi' id='label_ff_1_2_input_nimi' aria-label=\"Nimi\">Nimi<\/label><\/div><div class='ff-el-input--content'><input type=\"text\" name=\"input_nimi\" class=\"ff-el-form-control\" id=\"ff_1_2_input_nimi\" data-name=\"input_nimi\"  aria-invalid=\"false\" aria-required=true><\/div><\/div><div class='ff-el-group'><div class=\"ff-el-input--label ff-el-is-required asterisk-right\"><label for='ff_1_2_input_sahkoposti' id='label_ff_1_2_input_sahkoposti' aria-label=\"S\u00e4hk\u00f6posti\">S\u00e4hk\u00f6posti<\/label><\/div><div class='ff-el-input--content'><input type=\"email\" name=\"input_sahkoposti\" class=\"ff-el-form-control\" id=\"ff_1_2_input_sahkoposti\" data-name=\"input_sahkoposti\"  aria-invalid=\"false\" aria-required=true><\/div><\/div><div class='ff-el-group'><div class=\"ff-el-input--label asterisk-right\"><label for='ff_1_2_input_puhelin' id='label_ff_1_2_input_puhelin' aria-label=\"Puhelin\">Puhelin<\/label><\/div><div class='ff-el-input--content'><input type=\"text\" name=\"input_puhelin\" class=\"ff-el-form-control\" data-name=\"input_puhelin\" id=\"ff_1_2_input_puhelin\"  aria-invalid=\"false\" aria-required=false><\/div><\/div><div class='ff-el-group'><div class=\"ff-el-input--label asterisk-right\"><label for='ff_1_2_input_aihe' id='label_ff_1_2_input_aihe' aria-label=\"Aihe\">Aihe<\/label><\/div><div class='ff-el-input--content'><input type=\"text\" name=\"input_aihe\" class=\"ff-el-form-control\" id=\"ff_1_2_input_aihe\" data-name=\"input_aihe\"  aria-invalid=\"false\" aria-required=false><\/div><\/div><div class='ff-el-group'><div class=\"ff-el-input--label asterisk-right\"><label for='ff_1_2_input_viesti' id='label_ff_1_2_input_viesti' aria-label=\"Viesti\">Viesti<\/label><\/div><div class='ff-el-input--content'><textarea aria-required=\"false\" aria-labelledby=\"label_ff_1_2_input_viesti\" name=\"input_viesti\" class=\"ff-el-form-control\" id=\"ff_1_2_input_viesti\" cols=\"2\" data-name=\"input_viesti\" ><\/textarea><\/div><\/div><div class='ff-el-group ff-text-left ff_submit_btn_wrapper'><button type=\"submit\" class=\"ff-btn ff-btn-submit ff-btn-md ff_btn_style wpf_has_custom_css\"  aria-label=\"L\u00e4het\u00e4\">L\u00e4het\u00e4<\/button><\/div><\/fieldset><\/form><div id='fluentform_1_errors' class='ff-errors-in-stack ff_form_instance_1_2 ff-form-loading_errors ff_form_instance_1_2_errors'><\/div><\/div>            <script type=\"text\/javascript\">\n                window.fluent_form_ff_form_instance_1_2 = {\"id\":\"1\",\"settings\":{\"layout\":{\"labelPlacement\":\"top\",\"asteriskPlacement\":\"asterisk-right\",\"helpMessagePlacement\":\"with_label\",\"errorMessagePlacement\":\"inline\",\"cssClassName\":\"\"},\"restrictions\":{\"denyEmptySubmission\":{\"enabled\":false}}},\"form_instance\":\"ff_form_instance_1_2\",\"form_id_selector\":\"fluentform_1\",\"rules\":{\"input_nimi\":{\"required\":{\"value\":true,\"message\":\"This field is required\",\"global\":false,\"global_message\":\"This field is required\"}},\"input_sahkoposti\":{\"required\":{\"value\":true,\"message\":\"This field is required\",\"global\":false,\"global_message\":\"This field is required\"},\"email\":{\"value\":1,\"message\":\"This field must contain a valid email\",\"global\":false,\"global_message\":\"This field must contain a valid email\"}},\"input_puhelin\":{\"required\":{\"value\":false,\"message\":\"This field is required\",\"global_message\":\"This field is required\",\"global\":true}},\"input_aihe\":{\"required\":{\"value\":false,\"message\":\"This field is required\",\"global\":false,\"global_message\":\"This field is required\"}},\"input_viesti\":{\"required\":{\"value\":false,\"message\":\"This field is required\",\"global\":false,\"global_message\":\"This field is required\"}}},\"debounce_time\":300};\n                            <\/script>\n            \n<\/div><div class=\"fusion-clearfix\"><\/div><\/div><\/div><\/div><\/div><\/p>\n","protected":false},"excerpt":{"rendered":"","protected":false},"author":1,"featured_media":0,"parent":0,"menu_order":0,"comment_status":"closed","ping_status":"closed","template":"","meta":{"footnotes":""},"class_list":["post-9","page","type-page","status-publish","hentry"],"_links":{"self":[{"href":"https:\/\/paivitys.rauhanyhdistys.fi\/vaasa\/wp-json\/wp\/v2\/pages\/9","targetHints":{"allow":["GET"]}}],"collection":[{"href":"https:\/\/paivitys.rauhanyhdistys.fi\/vaasa\/wp-json\/wp\/v2\/pages"}],"about":[{"href":"https:\/\/paivitys.rauhanyhdistys.fi\/vaasa\/wp-json\/wp\/v2\/types\/page"}],"author":[{"embeddable":true,"href":"https:\/\/paivitys.rauhanyhdistys.fi\/vaasa\/wp-json\/wp\/v2\/users\/1"}],"replies":[{"embeddable":true,"href":"https:\/\/paivitys.rauhanyhdistys.fi\/vaasa\/wp-json\/wp\/v2\/comments?post=9"}],"version-history":[{"count":35,"href":"https:\/\/paivitys.rauhanyhdistys.fi\/vaasa\/wp-json\/wp\/v2\/pages\/9\/revisions"}],"predecessor-version":[{"id":797,"href":"https:\/\/paivitys.rauhanyhdistys.fi\/vaasa\/wp-json\/wp\/v2\/pages\/9\/revisions\/797"}],"wp:attachment":[{"href":"https:\/\/paivitys.rauhanyhdistys.fi\/vaasa\/wp-json\/wp\/v2\/media?parent=9"}],"curies":[{"name":"wp","href":"https:\/\/api.w.org\/{rel}","templated":true}]}}