{"id":306,"date":"2021-03-15T06:00:22","date_gmt":"2021-03-15T04:00:22","guid":{"rendered":"https:\/\/paivitys.rauhanyhdistys.fi\/vaasa\/?page_id=306"},"modified":"2021-03-28T14:35:43","modified_gmt":"2021-03-28T11:35:43","slug":"kolehti","status":"publish","type":"page","link":"https:\/\/paivitys.rauhanyhdistys.fi\/vaasa\/kolehti\/","title":{"rendered":"Kolehti"},"content":{"rendered":"<h2><strong>Voit osallistua kolehtiin Mobile Pay -sovelluksella tai tilisiirrolla<\/strong><\/h2>\n<p><img decoding=\"async\" class=\"alignnone size-full wp-image-51\" src=\"https:\/\/paivitys.rauhanyhdistys.fi\/vaasa\/wp-content\/uploads\/sites\/82\/2017\/12\/icon-lahjoita.png\" alt=\"\" width=\"128\" height=\"128\" srcset=\"https:\/\/paivitys.rauhanyhdistys.fi\/vaasa\/wp-content\/uploads\/sites\/82\/2017\/12\/icon-lahjoita-66x66.png 66w, https:\/\/paivitys.rauhanyhdistys.fi\/vaasa\/wp-content\/uploads\/sites\/82\/2017\/12\/icon-lahjoita.png 128w\" sizes=\"(max-width: 128px) 100vw, 128px\" \/><\/p>\n<p>Tiedot rahanker\u00e4ysluvasta: <a href=\"https:\/\/paivitys.rauhanyhdistys.fi\/vaasa\/rahankerayslupa\/\" target=\"_blank\" rel=\"noopener\">https:\/\/paivitys.rauhanyhdistys.fi\/vaasa\/rahankerayslupa\/<\/a><\/p>\n<h2><strong>Mobile Pay -numero: <a href=\"https:\/\/www.mobilepay.fi\/Yrityksille\/Maksulinkki\/maksulinkki-vastaus?phone=60525\" target=\"_blank\" rel=\"noopener\">60525<\/a><\/strong><\/h2>\n<h2><strong>Tilisiirron tiedot:<\/strong><\/h2>\n<ul>\n<li>Tilinumero: FI37 5670 0820 2369 49<\/li>\n<li>Saaja: Vaasan seudun Rauhanyhdistys ry<\/li>\n<li>Viitenumero: 9991<\/li>\n<\/ul>\n<p>Jos haluat aloittaa Mobile Pay -sovelluksen k\u00e4yt\u00f6n, l\u00f6yd\u00e4t ohjeita <a href=\"https:\/\/www.mobilepay.fi\/asiakastuki\/mobilepay-kayttajille\/aloittaminen\/kayttoonotto\/miten-paasen-alkuun-mobilepayn-kanssa\" target=\"_blank\" rel=\"noopener\">t\u00e4m\u00e4n linkin<\/a> takaa.<\/p>\n<p><img decoding=\"async\" class=\"alignnone wp-image-311 size-medium\" src=\"https:\/\/paivitys.rauhanyhdistys.fi\/vaasa\/wp-content\/uploads\/sites\/82\/2021\/03\/mobile_pay-161x300.png\" alt=\"\" width=\"161\" height=\"300\" srcset=\"https:\/\/paivitys.rauhanyhdistys.fi\/vaasa\/wp-content\/uploads\/sites\/82\/2021\/03\/mobile_pay-161x300.png 161w, https:\/\/paivitys.rauhanyhdistys.fi\/vaasa\/wp-content\/uploads\/sites\/82\/2021\/03\/mobile_pay-200x372.png 200w, https:\/\/paivitys.rauhanyhdistys.fi\/vaasa\/wp-content\/uploads\/sites\/82\/2021\/03\/mobile_pay.png 376w\" sizes=\"(max-width: 161px) 100vw, 161px\" \/><\/p>\n","protected":false},"excerpt":{"rendered":"<p>Voit osallistua kolehtiin Mobile Pay -sovelluksella tai tilisiirrolla Tiedot rahanker\u00e4ysluvasta:  [&#8230;]<\/p>\n","protected":false},"author":160,"featured_media":0,"parent":0,"menu_order":0,"comment_status":"closed","ping_status":"closed","template":"","meta":{"footnotes":""},"class_list":["post-306","page","type-page","status-publish","hentry"],"_links":{"self":[{"href":"https:\/\/paivitys.rauhanyhdistys.fi\/vaasa\/wp-json\/wp\/v2\/pages\/306","targetHints":{"allow":["GET"]}}],"collection":[{"href":"https:\/\/paivitys.rauhanyhdistys.fi\/vaasa\/wp-json\/wp\/v2\/pages"}],"about":[{"href":"https:\/\/paivitys.rauhanyhdistys.fi\/vaasa\/wp-json\/wp\/v2\/types\/page"}],"author":[{"embeddable":true,"href":"https:\/\/paivitys.rauhanyhdistys.fi\/vaasa\/wp-json\/wp\/v2\/users\/160"}],"replies":[{"embeddable":true,"href":"https:\/\/paivitys.rauhanyhdistys.fi\/vaasa\/wp-json\/wp\/v2\/comments?post=306"}],"version-history":[{"count":5,"href":"https:\/\/paivitys.rauhanyhdistys.fi\/vaasa\/wp-json\/wp\/v2\/pages\/306\/revisions"}],"predecessor-version":[{"id":346,"href":"https:\/\/paivitys.rauhanyhdistys.fi\/vaasa\/wp-json\/wp\/v2\/pages\/306\/revisions\/346"}],"wp:attachment":[{"href":"https:\/\/paivitys.rauhanyhdistys.fi\/vaasa\/wp-json\/wp\/v2\/media?parent=306"}],"curies":[{"name":"wp","href":"https:\/\/api.w.org\/{rel}","templated":true}]}}