{"id":298,"date":"2021-03-15T05:59:33","date_gmt":"2021-03-15T03:59:33","guid":{"rendered":"https:\/\/paivitys.rauhanyhdistys.fi\/vaasa\/?page_id=298"},"modified":"2023-06-18T11:13:46","modified_gmt":"2023-06-18T08:13:46","slug":"rahankerayslupa","status":"publish","type":"page","link":"https:\/\/paivitys.rauhanyhdistys.fi\/vaasa\/rahankerayslupa\/","title":{"rendered":"Rahanker\u00e4yslupa"},"content":{"rendered":"<p><strong>Vaasan seudun Rauhanyhdistyksell\u00e4 on valtakunnallinen rahanker\u00e4yslupa RA\/2021\/240.<\/strong><\/p>\n<ul>\n<li>Rahanker\u00e4yksen j\u00e4rjest\u00e4j\u00e4: Vaasan seudun Rauhanyhdistys ry.<\/li>\n<li>J\u00e4rjest\u00e4j\u00e4n yhteystiedot: Vaasan seudun Rauhanyhdistys ry., V\u00e4litie 1, 65320 Vaasa. <a href=\"mailto:info@vaasanseudunrauhanyhdistys.fi\">info@vaasanseudunrauhanyhdistys.fi<\/a><\/li>\n<\/ul>\n<p>Ker\u00e4tyill\u00e4 varoilla tuetaan yhdistyksen hengellist\u00e4 toimintaa kattamalla yhdistyksen toimitalon rakentamisesta ja k\u00e4yt\u00f6st\u00e4 syntyneit\u00e4 kustannuksia. Toimitalossa j\u00e4rjestet\u00e4\u00e4n seuratilaisuuksia sek\u00e4 muita hengellisi\u00e4 tapahtumia, kuten p\u00e4iv\u00e4kerhoja, pyh\u00e4kouluja ja raamattuluokkia, miesten- ja naisten iltoja, seniori-ik\u00e4isten kerhoja sek\u00e4 nuorteniltoja. Varoilla katetaan toimitilan rakentamista varten otetun lainan lyhennyskuluja, lainanhoitokuluja ja kiinteist\u00f6n k\u00e4ytt\u00f6kuluja silt\u00e4 osin, kuin toimitilaa k\u00e4ytet\u00e4\u00e4n edell\u00e4 kuvatun yleishy\u00f6dyllisen toiminnan toteuttamiseen. Kiinteist\u00f6n k\u00e4ytt\u00f6kuluina t\u00e4ss\u00e4 huomioidaan maanvuokrasta, s\u00e4hk\u00f6st\u00e4, l\u00e4mmityksest\u00e4, vedest\u00e4 ja puhtaanapidosta syntyv\u00e4t kulut.<\/p>\n<p><strong>Rahanker\u00e4yslupaa muutettiin 14.6.2023 Poliisihallituksen p\u00e4\u00e4t\u00f6ksell\u00e4 2023\/1679\/Rabita niin, ett\u00e4 kiinteist\u00f6n k\u00e4ytt\u00f6kulut lis\u00e4ttiin mukaan ker\u00e4ysvarojen k\u00e4ytt\u00f6tarkoitukseen.<\/strong><\/p>\n","protected":false},"excerpt":{"rendered":"<p>Vaasan seudun Rauhanyhdistyksell\u00e4 on valtakunnallinen rahanker\u00e4yslupa RA\/2021\/240. Rahanker\u00e4yksen j\u00e4rjest\u00e4j\u00e4: Vaasan  [&#8230;]<\/p>\n","protected":false},"author":160,"featured_media":0,"parent":0,"menu_order":0,"comment_status":"closed","ping_status":"closed","template":"","meta":{"footnotes":""},"class_list":["post-298","page","type-page","status-publish","hentry"],"_links":{"self":[{"href":"https:\/\/paivitys.rauhanyhdistys.fi\/vaasa\/wp-json\/wp\/v2\/pages\/298","targetHints":{"allow":["GET"]}}],"collection":[{"href":"https:\/\/paivitys.rauhanyhdistys.fi\/vaasa\/wp-json\/wp\/v2\/pages"}],"about":[{"href":"https:\/\/paivitys.rauhanyhdistys.fi\/vaasa\/wp-json\/wp\/v2\/types\/page"}],"author":[{"embeddable":true,"href":"https:\/\/paivitys.rauhanyhdistys.fi\/vaasa\/wp-json\/wp\/v2\/users\/160"}],"replies":[{"embeddable":true,"href":"https:\/\/paivitys.rauhanyhdistys.fi\/vaasa\/wp-json\/wp\/v2\/comments?post=298"}],"version-history":[{"count":6,"href":"https:\/\/paivitys.rauhanyhdistys.fi\/vaasa\/wp-json\/wp\/v2\/pages\/298\/revisions"}],"predecessor-version":[{"id":569,"href":"https:\/\/paivitys.rauhanyhdistys.fi\/vaasa\/wp-json\/wp\/v2\/pages\/298\/revisions\/569"}],"wp:attachment":[{"href":"https:\/\/paivitys.rauhanyhdistys.fi\/vaasa\/wp-json\/wp\/v2\/media?parent=298"}],"curies":[{"name":"wp","href":"https:\/\/api.w.org\/{rel}","templated":true}]}}