{"id":173,"date":"2019-11-30T20:52:11","date_gmt":"2019-11-30T18:52:11","guid":{"rendered":"http:\/\/paivitys.rauhanyhdistys.fi\/vaasa\/?page_id=173"},"modified":"2019-11-30T20:54:42","modified_gmt":"2019-11-30T18:54:42","slug":"intranet","status":"publish","type":"page","link":"https:\/\/paivitys.rauhanyhdistys.fi\/vaasa\/toiminta\/intranet\/","title":{"rendered":"Intranet"},"content":{"rendered":"<p>Yhdistyksien sis\u00e4iset asiat l\u00f6ytyy intranetist\u00e4, jonka osoite on <a href=\"https:\/\/intra.srk.fi\/65\/\">https:\/\/intra.srk.fi\/65\/<\/a><\/p>\n<p>Intranetin tietojen tarkastelu vaatii tunnukset. Voit luoda oman tunnuksen, k\u00e4ytt\u00e4\u00e4 olemassa olevaa (esimerkiksi Vaasan suviseuroihin luotu) tai rajoitettua yleistunnusta.<\/p>\n<p>Suoria linkkej\u00e4 intranetin eri paikkoihin:<\/p>\n<p><a href=\"https:\/\/intra.srk.fi\/65\/\">Etusivu<\/a> (tapahtumakalenteri, yms)<\/p>\n<p><a href=\"https:\/\/intra.srk.fi\/65\/documents\/group_45325\/\">Yleinen ty\u00f6tila<\/a> (ohjeita, pyh\u00e4koululistat, yms)<\/p>\n","protected":false},"excerpt":{"rendered":"<p>Yhdistyksien sis\u00e4iset asiat l\u00f6ytyy intranetist\u00e4, jonka osoite on https:\/\/intra.srk.fi\/65\/ Intranetin  [&#8230;]<\/p>\n","protected":false},"author":41,"featured_media":0,"parent":15,"menu_order":0,"comment_status":"closed","ping_status":"closed","template":"","meta":{"footnotes":""},"class_list":["post-173","page","type-page","status-publish","hentry"],"_links":{"self":[{"href":"https:\/\/paivitys.rauhanyhdistys.fi\/vaasa\/wp-json\/wp\/v2\/pages\/173","targetHints":{"allow":["GET"]}}],"collection":[{"href":"https:\/\/paivitys.rauhanyhdistys.fi\/vaasa\/wp-json\/wp\/v2\/pages"}],"about":[{"href":"https:\/\/paivitys.rauhanyhdistys.fi\/vaasa\/wp-json\/wp\/v2\/types\/page"}],"author":[{"embeddable":true,"href":"https:\/\/paivitys.rauhanyhdistys.fi\/vaasa\/wp-json\/wp\/v2\/users\/41"}],"replies":[{"embeddable":true,"href":"https:\/\/paivitys.rauhanyhdistys.fi\/vaasa\/wp-json\/wp\/v2\/comments?post=173"}],"version-history":[{"count":2,"href":"https:\/\/paivitys.rauhanyhdistys.fi\/vaasa\/wp-json\/wp\/v2\/pages\/173\/revisions"}],"predecessor-version":[{"id":177,"href":"https:\/\/paivitys.rauhanyhdistys.fi\/vaasa\/wp-json\/wp\/v2\/pages\/173\/revisions\/177"}],"up":[{"embeddable":true,"href":"https:\/\/paivitys.rauhanyhdistys.fi\/vaasa\/wp-json\/wp\/v2\/pages\/15"}],"wp:attachment":[{"href":"https:\/\/paivitys.rauhanyhdistys.fi\/vaasa\/wp-json\/wp\/v2\/media?parent=173"}],"curies":[{"name":"wp","href":"https:\/\/api.w.org\/{rel}","templated":true}]}}