{"id":169,"date":"2025-05-03T09:00:02","date_gmt":"2025-05-03T06:00:02","guid":{"rendered":"http:\/\/paivitys.rauhanyhdistys.fi\/vaasa\/?page_id=169"},"modified":"2025-09-05T06:27:18","modified_gmt":"2025-09-05T03:27:18","slug":"jasenmaksut","status":"publish","type":"page","link":"https:\/\/paivitys.rauhanyhdistys.fi\/vaasa\/jasenmaksut\/","title":{"rendered":"J\u00e4senmaksut"},"content":{"rendered":"<p><strong>Vaasan seudun Rauhanyhdistyksen j\u00e4senmaksu vuodelle 2025 on 17 euroa.<\/strong><\/p>\n<p>Voit osallistua vapaaehtoisesti my\u00f6s yhdistyksen maksamiin SRK:n j\u00e4senmaksuun (8 euroa\/j\u00e4sen) ja leirikeskustukimaksuun (25 euroa\/j\u00e4sen). Muuta silloin laskun loppusummaksi esim. 50 euroa (17 + 8 + 25), 42 euroa (17 + 25) tai 25 euroa (17 + 8).<\/p>\n<p>Summan voi valita t\u00e4ysin vapaasti 17 eurosta alkaen.<\/p>\n<p>Maksun voi maksaa tilisiirtona tai MobilePaylla. Molemmilla maksutavoilla anna <strong>viestiksi j\u00e4senen\/j\u00e4senten syntym\u00e4aika<\/strong> (ppkkvv). Esimerkkiviesti, jos syntym\u00e4aika on 17.5.1979: <em>170579<\/em>. Jos maksat usean henkil\u00f6n j\u00e4senmaksuja kerralla, erota syntym\u00e4ajat pilkulla.<\/p>\n<p>J\u00e4senmaksun er\u00e4p\u00e4iv\u00e4 on <strong>31.5.2025<\/strong>. Puuttuvista suorituksista muistutetaan 2.6.2025 alkavalla viikolla.<\/p>\n<p><strong>Maksutiedot:<\/strong><\/p>\n<ol>\n<li><strong>MobilePay 83131 (J\u00c4SENMAKSUT Vaasan seudun Rauhanyhdistys ry.)<\/strong><\/li>\n<\/ol>\n<p><strong>TAI<\/strong><\/p>\n<ol start=\"2\">\n<li><strong>Tilisiirto FI61 5670 0820 2368 08 (Vaasan seudun Rauhanyhdistys ry.)<\/strong><\/li>\n<\/ol>\n<p>Lis\u00e4tietoja taloudenhoitajalta (s\u00e4hk\u00f6posti: <a href=\"mailto:taloudenhoitaja@vaasanseudunrauhanyhdistys.fi\">taloudenhoitaja@vaasanseudunrauhanyhdistys.fi<\/a> tai WhatsApp 050\u00a0575 6486).<\/p>\n","protected":false},"excerpt":{"rendered":"<p>Vaasan seudun Rauhanyhdistyksen j\u00e4senmaksu vuodelle 2025 on 17 euroa. Voit  [&#8230;]<\/p>\n","protected":false},"author":41,"featured_media":0,"parent":0,"menu_order":0,"comment_status":"closed","ping_status":"closed","template":"","meta":{"footnotes":""},"class_list":["post-169","page","type-page","status-publish","hentry"],"_links":{"self":[{"href":"https:\/\/paivitys.rauhanyhdistys.fi\/vaasa\/wp-json\/wp\/v2\/pages\/169","targetHints":{"allow":["GET"]}}],"collection":[{"href":"https:\/\/paivitys.rauhanyhdistys.fi\/vaasa\/wp-json\/wp\/v2\/pages"}],"about":[{"href":"https:\/\/paivitys.rauhanyhdistys.fi\/vaasa\/wp-json\/wp\/v2\/types\/page"}],"author":[{"embeddable":true,"href":"https:\/\/paivitys.rauhanyhdistys.fi\/vaasa\/wp-json\/wp\/v2\/users\/41"}],"replies":[{"embeddable":true,"href":"https:\/\/paivitys.rauhanyhdistys.fi\/vaasa\/wp-json\/wp\/v2\/comments?post=169"}],"version-history":[{"count":11,"href":"https:\/\/paivitys.rauhanyhdistys.fi\/vaasa\/wp-json\/wp\/v2\/pages\/169\/revisions"}],"predecessor-version":[{"id":777,"href":"https:\/\/paivitys.rauhanyhdistys.fi\/vaasa\/wp-json\/wp\/v2\/pages\/169\/revisions\/777"}],"wp:attachment":[{"href":"https:\/\/paivitys.rauhanyhdistys.fi\/vaasa\/wp-json\/wp\/v2\/media?parent=169"}],"curies":[{"name":"wp","href":"https:\/\/api.w.org\/{rel}","templated":true}]}}