{"id":15,"date":"2017-12-13T14:06:19","date_gmt":"2017-12-13T12:06:19","guid":{"rendered":"http:\/\/34.242.2.69\/seinajoki\/?page_id=15"},"modified":"2020-02-11T22:34:44","modified_gmt":"2020-02-11T20:34:44","slug":"toiminta","status":"publish","type":"page","link":"https:\/\/paivitys.rauhanyhdistys.fi\/vaasa\/toiminta\/","title":{"rendered":"Toiminta"},"content":{"rendered":"<p><div class=\"fusion-fullwidth fullwidth-box fusion-builder-row-1 nonhundred-percent-fullwidth non-hundred-percent-height-scrolling\" style=\"--awb-border-radius-top-left:0px;--awb-border-radius-top-right:0px;--awb-border-radius-bottom-right:0px;--awb-border-radius-bottom-left:0px;--awb-flex-wrap:wrap;\" ><div class=\"fusion-builder-row fusion-row\"><div class=\"fusion-layout-column fusion_builder_column fusion-builder-column-0 fusion_builder_column_1_1 1_1 fusion-one-full fusion-column-first fusion-column-last\" style=\"--awb-bg-size:cover;\"><div class=\"fusion-column-wrapper fusion-flex-column-wrapper-legacy\"><div class=\"fusion-text fusion-text-1\"><p style=\"text-align: left\">Vaasan seudun Rauhanyhdistyksen toimialueeseen kuuluvat Vaasan kaupungin lis\u00e4ksi Mustasaari, Maalahti, Laihia ja Isokyr\u00f6. Yhdistys kuuluu Suomen Rauhanyhdistysten keskusyhdistykseen. Keskeisimpi\u00e4 toimintamuotoja ovat seurat ja lapsi- ja nuorisoty\u00f6.<\/p>\n<p style=\"text-align: left\">Seuroihin kokoonnutaan seuraohjelman mukaan yleens\u00e4 keskiviikkoisin, lauantaisin ja sunnuntaisin. Seuroihin niin kuin muuhunkin toimintaan &#8211; on aina vapaa p\u00e4\u00e4sy ja kaikki ovat l\u00e4mpim\u00e4sti tervetulleita. Yleens\u00e4 seuroissa on kaksi seurapuhetta ja puheiden v\u00e4liss\u00e4 kahvitauko. Keskiviikkoisin ja joskus my\u00f6s lauantaisin on yksi puhe. Seuroja j\u00e4rjestet\u00e4\u00e4n p\u00e4\u00e4s\u00e4\u00e4nt\u00f6isesti Rauhanyhdistyksen toimitalolla Vaasan Kiilapalstalla, osoitteessa V\u00e4litie 1. Toisinaan seuroja j\u00e4rjestet\u00e4\u00e4n my\u00f6s yhdistyksen toimialueeseen kuuluvissa kirkoissa sek\u00e4 kodeissa.<\/p>\n<p style=\"text-align: left\">Pyh\u00e4koulut kokoontuvat kodeissa Gerbyn-Vestervikin-Koskisuon, Huutoniemen-Keskustan ja Kyr\u00f6nmaan alueilla. P\u00e4iv\u00e4kerhot j\u00e4rjestet\u00e4\u00e4n rauhanyhdistyksell\u00e4 keskiviikkoisin. Raamattuluokka on perjantaisin 10-15 vuotiaille kodeissa. L\u00e4hes satap\u00e4iselle nuorten ja opiskelijoiden joukolle j\u00e4rjestet\u00e4\u00e4n my\u00f6s nuorten keskusteluiltoja. El\u00e4kel\u00e4iset kokoontuvat kuukausittain omaan el\u00e4kel\u00e4iskerhoonsa.<\/p>\n<p style=\"text-align: left\">Lapsiperheiden ja vanhusten auttamiseksi toimii diakoniatoimikunta. Toimitalon ja varsinaisen toiminnan kuluihin ker\u00e4t\u00e4\u00e4n varoja j\u00e4rjest\u00e4m\u00e4ll\u00e4 mm. myyj\u00e4isi\u00e4. Yhdistys osallistuu Etel\u00e4-Pohjanmaalla j\u00e4rjestett\u00e4v\u00e4\u00e4n alueelliseen toimintaan ja leirity\u00f6h\u00f6n Hankasalmen leirikeskuksessa.<\/p>\n<p style=\"text-align: left\">Valtakunnalliset suviseurat ovat vuosittain juhannuksen j\u00e4lkeisen\u00e4 viikonloppuna. Suviseurat olivat Vaasassa vuonna 2015.<\/p>\n<p style=\"text-align: left\">Oheisesta toimintakalenterista l\u00f6yd\u00e4t Vaasan seudun rauhanyhdistyksen ajankohtaista ohjelmaa.<\/p>\n<\/div><div class=\"fusion-clearfix\"><\/div><\/div><\/div><\/div><\/div><div class=\"fusion-fullwidth fullwidth-box fusion-builder-row-2 nonhundred-percent-fullwidth non-hundred-percent-height-scrolling\" style=\"--awb-border-radius-top-left:0px;--awb-border-radius-top-right:0px;--awb-border-radius-bottom-right:0px;--awb-border-radius-bottom-left:0px;--awb-flex-wrap:wrap;\" ><div class=\"fusion-builder-row fusion-row\"><div class=\"fusion-layout-column fusion_builder_column fusion-builder-column-1 fusion_builder_column_1_2 1_2 fusion-one-half fusion-column-first\" style=\"--awb-bg-size:cover;width:50%;width:calc(50% - ( ( 4% ) * 0.5 ) );margin-right: 4%;\"><div class=\"fusion-column-wrapper fusion-flex-column-wrapper-legacy\"><div class=\"fusion-title title fusion-title-1 fusion-sep-none fusion-title-text fusion-title-size-one\"><h1 class=\"fusion-title-heading title-heading-left fusion-responsive-typography-calculated\" style=\"margin:0;--fontSize:36;line-height:var(--awb-typography1-line-height);\"><h1 class=\"content-box-heading\">Seurat<\/h1><\/h1><\/div><div class=\"fusion-text fusion-text-2\"><div class=\"heading icon-left\">\n<p class=\"content-box-heading\"><span style=\"font-size: 16px\">Seuroihin kokoonnutaan yleens\u00e4 sunnuntaisin. Seuroihin niin kuin muuhunkin toimintaan \u2013 on vapaa p\u00e4\u00e4sy ja kaikki ovat l\u00e4mpim\u00e4sti tervetulleita. Yleens\u00e4 seuroissa on kaksi seurapuhetta. Puheiden v\u00e4liss\u00e4 on v\u00e4liaika, jolloin on mahdollisuus k\u00e4ytt\u00e4\u00e4 seuraravintolan palveluja. Puheen pit\u00e4\u00e4 pappi tai maallikkosaarnaaja. Seuroja j\u00e4rjestet\u00e4\u00e4n oman toimitalon lis\u00e4ksi toimialueen kirkoissa ja seurakuntataloissa, vanhusten hoitokodeissa sek\u00e4 kodeissa.<\/span><\/p>\n<\/div>\n<\/div><div class=\"fusion-clearfix\"><\/div><\/div><\/div><div class=\"fusion-layout-column fusion_builder_column fusion-builder-column-2 fusion_builder_column_1_2 1_2 fusion-one-half fusion-column-last\" style=\"--awb-bg-size:cover;width:50%;width:calc(50% - ( ( 4% ) * 0.5 ) );\"><div class=\"fusion-column-wrapper fusion-flex-column-wrapper-legacy\"><div class=\"fusion-title title fusion-title-2 fusion-sep-none fusion-title-text fusion-title-size-one\"><h1 class=\"fusion-title-heading title-heading-left fusion-responsive-typography-calculated\" style=\"margin:0;--fontSize:36;line-height:var(--awb-typography1-line-height);\"><h1 class=\"content-box-heading\">Raamattuluokka<\/h1><\/h1><\/div><div class=\"fusion-text fusion-text-3\"><div class=\"heading icon-left\">\n<p class=\"content-box-heading\">Alle rippikouluik\u00e4iset, 5-8-luokkalaiset\u00a0lapset ja nuoret, k\u00e4yv\u00e4t raamattuluokissa, ja niiden tarkoituksena on syvent\u00e4\u00e4 varhaisnuorten Raamatun tuntemusta, hoitaa uskoa sek\u00e4 tukea kotien kristillist\u00e4 kasvatusta. Raamattuluokat kokoontuvat perjantaisin Rauhanyhdistyksen toimitalolla kouluvuoden aikana.<\/p>\n<\/div>\n<\/div><div class=\"fusion-clearfix\"><\/div><\/div><\/div><div class=\"fusion-layout-column fusion_builder_column fusion-builder-column-3 fusion_builder_column_1_2 1_2 fusion-one-half fusion-column-first\" style=\"--awb-bg-size:cover;width:50%;width:calc(50% - ( ( 4% ) * 0.5 ) );margin-right: 4%;\"><div class=\"fusion-column-wrapper fusion-flex-column-wrapper-legacy\"><div class=\"fusion-title title fusion-title-3 fusion-sep-none fusion-title-text fusion-title-size-one\"><h1 class=\"fusion-title-heading title-heading-left fusion-responsive-typography-calculated\" style=\"margin:0;--fontSize:36;line-height:var(--awb-typography1-line-height);\">P\u00e4iv\u00e4kerho ja pyh\u00e4koulu<\/h1><\/div><div class=\"fusion-text fusion-text-4\"><p>Lapsille j\u00e4rjestet\u00e4\u00e4n pyh\u00e4kouluja ja p\u00e4iv\u00e4kerhoja. P\u00e4iv\u00e4kerhot j\u00e4rjestet\u00e4\u00e4n Rauhanyhdistyksen toimitalossa keskiviikkoisin. Pyh\u00e4kouluihin kokoonnutaan sunnuntaisin kodeissa.<\/p>\n<p>Perusajatuksena sek\u00e4 pyh\u00e4koulussa ett\u00e4 p\u00e4iv\u00e4kerhossa on Jeesuksen antaman opetusk\u00e4skyn toteuttaminen. Opettajina toimivat teht\u00e4v\u00e4\u00e4n kutsutut henkil\u00f6t, jotka uskovat samalla tavalla lasten ja heid\u00e4n perheidens\u00e4 kanssa.<\/p>\n<\/div><div class=\"fusion-clearfix\"><\/div><\/div><\/div><div class=\"fusion-layout-column fusion_builder_column fusion-builder-column-4 fusion_builder_column_1_2 1_2 fusion-one-half fusion-column-last\" style=\"--awb-bg-size:cover;width:50%;width:calc(50% - ( ( 4% ) * 0.5 ) );\"><div class=\"fusion-column-wrapper fusion-flex-column-wrapper-legacy\"><div class=\"fusion-title title fusion-title-4 fusion-sep-none fusion-title-text fusion-title-size-one\"><h1 class=\"fusion-title-heading title-heading-left fusion-responsive-typography-calculated\" style=\"margin:0;--fontSize:36;line-height:var(--awb-typography1-line-height);\">Perhe- ja diakoniaty\u00f6<\/h1><\/div><div class=\"fusion-text fusion-text-5\"><p>Diakoniaty\u00f6ss\u00e4 keskeist\u00e4 on auttaa ja tukea l\u00e4himm\u00e4isi\u00e4 erilaisissa el\u00e4m\u00e4ntilanteissa. Perhe- ja diakoniatoimikunta\u00a0tukee perheit\u00e4 organisoimalla lastenhoito- ja muuta apua. Toimikunta\u00a0j\u00e4rjest\u00e4\u00e4 k\u00e4yntej\u00e4 ja vierailuja vanhusten koteihin. Mahdollisia avuntarvitsijoita ohjataan hakemaan ja k\u00e4ytt\u00e4m\u00e4\u00e4n yhteiskunnan ja seurakunnan avustuspalveluja.<\/p>\n<\/div><div class=\"fusion-clearfix\"><\/div><\/div><\/div><div class=\"fusion-layout-column fusion_builder_column fusion-builder-column-5 fusion_builder_column_1_2 1_2 fusion-one-half fusion-column-first\" style=\"--awb-bg-size:cover;width:50%;width:calc(50% - ( ( 4% ) * 0.5 ) );margin-right: 4%;\"><div class=\"fusion-column-wrapper fusion-flex-column-wrapper-legacy\"><div class=\"fusion-title title fusion-title-5 fusion-sep-none fusion-title-text fusion-title-size-one\"><h1 class=\"fusion-title-heading title-heading-left fusion-responsive-typography-calculated\" style=\"margin:0;--fontSize:36;line-height:var(--awb-typography1-line-height);\">Nuorten perjantai<\/h1><\/div><div class=\"fusion-text fusion-text-6\"><p>Nuorten perjantai on rippikoulun k\u00e4yneille nuorille suunnattu toimintamuoto, joka lis\u00e4\u00e4 nuorten yhteenkuuluvuutta yhteisen tekemisen, pelien ja leikkien\u00a0kautta.<\/p>\n<p>Iltaan sis\u00e4ltyy keskusteleva uskontotuokio, jonka aiheet nousevat nuorten\u00a0el\u00e4m\u00e4npiirist\u00e4<\/p>\n<\/div><div class=\"fusion-clearfix\"><\/div><\/div><\/div><div class=\"fusion-layout-column fusion_builder_column fusion-builder-column-6 fusion_builder_column_1_2 1_2 fusion-one-half fusion-column-last\" style=\"--awb-bg-size:cover;width:50%;width:calc(50% - ( ( 4% ) * 0.5 ) );\"><div class=\"fusion-column-wrapper fusion-flex-column-wrapper-legacy\"><div class=\"fusion-clearfix\"><\/div><\/div><\/div><\/div><\/div><div class=\"fusion-fullwidth fullwidth-box fusion-builder-row-3 nonhundred-percent-fullwidth non-hundred-percent-height-scrolling\" style=\"--awb-border-radius-top-left:0px;--awb-border-radius-top-right:0px;--awb-border-radius-bottom-right:0px;--awb-border-radius-bottom-left:0px;--awb-flex-wrap:wrap;\" ><div class=\"fusion-builder-row fusion-row\"><div class=\"fusion-layout-column fusion_builder_column fusion-builder-column-7 fusion_builder_column_1_1 1_1 fusion-one-full fusion-column-first fusion-column-last\" style=\"--awb-bg-size:cover;\"><div class=\"fusion-column-wrapper fusion-flex-column-wrapper-legacy\"><div class=\"fusion-text fusion-text-7\"><h1>Vaasan Seudun Rauhanyhdistyksen historia<\/h1>\n<p>Lestadiolainen her\u00e4tys saapui Etel\u00e4-Pohjanmaalle 1870-luvulla. Vaasaan ensimm\u00e4inen yhdistys perustettiin 1890. Nykyinen yhdistys on perustettu 1943. Alkuaan yhdistyksen toiminta oli kaksikielist\u00e4. Nykyisess\u00e4 yhdistyksess\u00e4 p\u00e4\u00e4osa toiminnasta on suomenkielist\u00e4, mutta my\u00f6s ruotsinkielisi\u00e4 seuroja j\u00e4rjestet\u00e4\u00e4n s\u00e4\u00e4nn\u00f6llisesti Pohjanmaan alueella. Yhdistyksen ensimm\u00e4inen oma toimitalo valmistui Huutoniemelle v. 1983 ja uuden toimitalon rakentaminen aloitettiin vuonna 2010 Kiilapalstalle. J\u00e4senm\u00e4\u00e4r\u00e4 on noin 290 henke\u00e4. J\u00e4senten lis\u00e4ksi toimintaan osallistuu runsas lasten ja nuorten joukko.<\/p>\n<p>Tarkempaa tietoa yhdistyksen historiasta l\u00f6ytyy juhlakirjasta Valona ja suolana, joka on julkaistu v. 1993 yhdistyksen t\u00e4ytt\u00e4ess\u00e4 50 v.<\/p>\n<\/div><div class=\"fusion-clearfix\"><\/div><\/div><\/div><\/div><\/div><\/p>\n","protected":false},"excerpt":{"rendered":"","protected":false},"author":1,"featured_media":0,"parent":0,"menu_order":0,"comment_status":"closed","ping_status":"closed","template":"","meta":{"footnotes":""},"class_list":["post-15","page","type-page","status-publish","hentry"],"_links":{"self":[{"href":"https:\/\/paivitys.rauhanyhdistys.fi\/vaasa\/wp-json\/wp\/v2\/pages\/15","targetHints":{"allow":["GET"]}}],"collection":[{"href":"https:\/\/paivitys.rauhanyhdistys.fi\/vaasa\/wp-json\/wp\/v2\/pages"}],"about":[{"href":"https:\/\/paivitys.rauhanyhdistys.fi\/vaasa\/wp-json\/wp\/v2\/types\/page"}],"author":[{"embeddable":true,"href":"https:\/\/paivitys.rauhanyhdistys.fi\/vaasa\/wp-json\/wp\/v2\/users\/1"}],"replies":[{"embeddable":true,"href":"https:\/\/paivitys.rauhanyhdistys.fi\/vaasa\/wp-json\/wp\/v2\/comments?post=15"}],"version-history":[{"count":9,"href":"https:\/\/paivitys.rauhanyhdistys.fi\/vaasa\/wp-json\/wp\/v2\/pages\/15\/revisions"}],"predecessor-version":[{"id":182,"href":"https:\/\/paivitys.rauhanyhdistys.fi\/vaasa\/wp-json\/wp\/v2\/pages\/15\/revisions\/182"}],"wp:attachment":[{"href":"https:\/\/paivitys.rauhanyhdistys.fi\/vaasa\/wp-json\/wp\/v2\/media?parent=15"}],"curies":[{"name":"wp","href":"https:\/\/api.w.org\/{rel}","templated":true}]}}