{"id":131,"date":"2018-09-03T20:44:04","date_gmt":"2018-09-03T17:44:04","guid":{"rendered":"http:\/\/paivitys.rauhanyhdistys.fi\/vaasa\/?page_id=131"},"modified":"2024-09-17T20:03:13","modified_gmt":"2024-09-17T17:03:13","slug":"nettiradio","status":"publish","type":"page","link":"https:\/\/paivitys.rauhanyhdistys.fi\/vaasa\/nettiradio\/","title":{"rendered":"Nettiradio"},"content":{"rendered":"<div class=\"fusion-fullwidth fullwidth-box fusion-builder-row-1 nonhundred-percent-fullwidth non-hundred-percent-height-scrolling\" style=\"--awb-border-radius-top-left:0px;--awb-border-radius-top-right:0px;--awb-border-radius-bottom-right:0px;--awb-border-radius-bottom-left:0px;--awb-flex-wrap:wrap;\" ><div class=\"fusion-builder-row fusion-row\"><div class=\"fusion-layout-column fusion_builder_column fusion-builder-column-0 fusion_builder_column_1_1 1_1 fusion-one-full fusion-column-first fusion-column-last\" style=\"--awb-bg-size:cover;--awb-margin-bottom:0px;\"><div class=\"fusion-column-wrapper fusion-flex-column-wrapper-legacy\"><div class=\"fusion-text fusion-text-1\"><div class=\"content\">\n<p>Vaasan seudun rauhanyhdistyksen j\u00e4rjest\u00e4mi\u00e4 seuroja voi kuunnella Internet-radiol\u00e4hetysten kautta. Seuroja l\u00e4hetet\u00e4\u00e4n seuraohjelman mukaisesti; p\u00e4\u00e4s\u00e4\u00e4nt\u00f6isesti keskiviikkoisin ja sunnuntaisin. Keskiviikkoisin seural\u00e4hetys alkaa klo 19.00.<\/p>\n<\/div>\n<\/div><div class=\"fusion-text fusion-text-2\"><figure><audio src=\"https:\/\/nettiradio.srk.fi:8443\/vaasa.mp3\" controls=\"controls\"><br \/>\nYour browser does not support the<br \/>\n<code>audio<\/code> element.<br \/>\n<\/audio><\/figure>\n<\/div><div class=\"fusion-text fusion-text-3\"><div class=\"content\">\n<p>Jos yll\u00e4 oleva soitin ei toimi, voit <a href=\"https:\/\/nettiradio.srk.fi:8443\/vaasa.mp3\">kuunnella t\u00e4st\u00e4 linkist\u00e4<\/a>.<\/p>\n<\/div>\n<\/div><div class=\"fusion-button-wrapper\"><a class=\"fusion-button button-flat fusion-button-default-size button-default fusion-button-default button-1 fusion-button-default-span fusion-button-default-type\" target=\"_blank\" rel=\"noopener noreferrer\" href=\"https:\/\/paivitys.rauhanyhdistys.fi\/vaasa\/kolehti\/\"><span class=\"fusion-button-text awb-button__text awb-button__text--default\">Osallistu kolehtiin<\/span><\/a><\/div><div class=\"fusion-sep-clear\"><\/div><div class=\"fusion-separator fusion-full-width-sep\" style=\"margin-left: auto;margin-right: auto;margin-top:10px;margin-bottom:30px;width:100%;\"><\/div><div class=\"fusion-sep-clear\"><\/div><div class=\"fusion-clearfix\"><\/div><\/div><\/div><\/div><\/div>\n","protected":false},"excerpt":{"rendered":"","protected":false},"author":41,"featured_media":0,"parent":0,"menu_order":0,"comment_status":"closed","ping_status":"closed","template":"","meta":{"footnotes":""},"class_list":["post-131","page","type-page","status-publish","hentry"],"_links":{"self":[{"href":"https:\/\/paivitys.rauhanyhdistys.fi\/vaasa\/wp-json\/wp\/v2\/pages\/131","targetHints":{"allow":["GET"]}}],"collection":[{"href":"https:\/\/paivitys.rauhanyhdistys.fi\/vaasa\/wp-json\/wp\/v2\/pages"}],"about":[{"href":"https:\/\/paivitys.rauhanyhdistys.fi\/vaasa\/wp-json\/wp\/v2\/types\/page"}],"author":[{"embeddable":true,"href":"https:\/\/paivitys.rauhanyhdistys.fi\/vaasa\/wp-json\/wp\/v2\/users\/41"}],"replies":[{"embeddable":true,"href":"https:\/\/paivitys.rauhanyhdistys.fi\/vaasa\/wp-json\/wp\/v2\/comments?post=131"}],"version-history":[{"count":22,"href":"https:\/\/paivitys.rauhanyhdistys.fi\/vaasa\/wp-json\/wp\/v2\/pages\/131\/revisions"}],"predecessor-version":[{"id":737,"href":"https:\/\/paivitys.rauhanyhdistys.fi\/vaasa\/wp-json\/wp\/v2\/pages\/131\/revisions\/737"}],"wp:attachment":[{"href":"https:\/\/paivitys.rauhanyhdistys.fi\/vaasa\/wp-json\/wp\/v2\/media?parent=131"}],"curies":[{"name":"wp","href":"https:\/\/api.w.org\/{rel}","templated":true}]}}