{"id":110,"date":"2018-02-15T12:48:29","date_gmt":"2018-02-15T10:48:29","guid":{"rendered":"http:\/\/34.242.2.69\/uurainen\/?page_id=110"},"modified":"2023-03-29T10:20:43","modified_gmt":"2023-03-29T07:20:43","slug":"nain-me-uskomme","status":"publish","type":"page","link":"https:\/\/paivitys.rauhanyhdistys.fi\/uurainen\/nain-me-uskomme\/","title":{"rendered":"N\u00e4in me uskomme"},"content":{"rendered":"<div class=\"fusion-fullwidth fullwidth-box fusion-builder-row-1 nonhundred-percent-fullwidth non-hundred-percent-height-scrolling\" style=\"--awb-border-radius-top-left:0px;--awb-border-radius-top-right:0px;--awb-border-radius-bottom-right:0px;--awb-border-radius-bottom-left:0px;--awb-flex-wrap:wrap;\" ><div class=\"fusion-builder-row fusion-row\"><div class=\"fusion-layout-column fusion_builder_column fusion-builder-column-0 fusion_builder_column_1_1 1_1 fusion-one-full fusion-column-first fusion-column-last\" style=\"--awb-bg-size:cover;\"><div class=\"fusion-column-wrapper fusion-flex-column-wrapper-legacy\"><div class=\"fusion-title title fusion-title-1 fusion-sep-none fusion-title-text fusion-title-size-one\"><h1 class=\"fusion-title-heading title-heading-left fusion-responsive-typography-calculated\" style=\"margin:0;--fontSize:34;line-height:1.4;\"><h1>N\u00e4in me uskomme<\/h1><\/h1><\/div><div class=\"fusion-text fusion-text-1\"><p>Vanhoillislestadiolaisuuden opillisena perustana ovat Raamattu ja luterilainen tunnustus. Keskeist\u00e4 siin\u00e4 on saarna Jeesuksen k\u00e4rsimisest\u00e4, kuolemasta ja yl\u00f6snousemisesta. Kristuksen ty\u00f6 jatkuu maailmassa Pyh\u00e4n Hengen ty\u00f6n\u00e4 h\u00e4nen seurakunnassaan.<\/p>\n<p>Vanhoillislestadiolaisuudessa opetetaan, ett\u00e4 Pyh\u00e4 Henki toimittaa vanhurskauttamisty\u00f6n evankeliumin v\u00e4lityksell\u00e4. Jumala vanhurskauttaa syntisen seurakunnassaan. Seurakunnalle ja sen j\u00e4senille on Jeesus antanut sovituksen viran. Evankeliumin julistamisen virka on Pyh\u00e4n Hengen virka. H\u00e4nen omansa k\u00e4ytt\u00e4v\u00e4t t\u00e4t\u00e4 valtuutusta. Julistaessaan evankeliumia kaikille luoduille he julistavat my\u00f6s synninp\u00e4\u00e4st\u00f6n sanaa, joka on evankeliumin ydint\u00e4. Siin\u00e4 syntiselle julistetaan Jeesuksen nimess\u00e4 ja veress\u00e4 syntien anteeksiantamus. Usko tulee kuulemisesta ja kuuleminen Kristuksen sanan kautta.<\/p>\n<p>Opetuksen sis\u00e4ll\u00f6ss\u00e4 t\u00e4rkein\u00e4 pidet\u00e4\u00e4n uskonpuhdistuksen periaatteita. Niiden mukaan Raamattu on korkein auktoriteetti uskoa ja el\u00e4m\u00e4\u00e4 koskevissa kysymyksiss\u00e4 ja ett\u00e4 ihminen tulee vanhurskaaksi yksin uskosta, yksin armosta, yksin Kristuksen t\u00e4hden.<\/p>\n<p><strong>Usko<\/strong> on Jumalan lahja. Jumala on antanut jokaiselle t\u00e4h\u00e4n maailmaan syntyv\u00e4lle lapselle uskon lahjan.<\/p>\n<p><strong>Kaste<\/strong> on hyv\u00e4n omantunnon liitto Jumalan kanssa ja siin\u00e4 Jumala vahvistaa lapsen uskon ja nostaa h\u00e4net seurakunnan hoitoon. Kasteen armosta langennut ihminen voi saada uskon lahjan takaisin parannuksen kautta.<\/p>\n<p><strong>Parannus<\/strong> on mielenmuutos. Siihen kuuluvat Lutherin mukaan katumus ja vaiva synnin t\u00e4hden, mutta samalla uskominen evankeliumiin eli synninp\u00e4\u00e4st\u00f6\u00f6n. Evankeliumin ydin on syntien anteeksiantamus.<\/p>\n<p><strong>Ehtoollinen<\/strong> on Jeesuksen asettama muistoateria. Se on tarkoitettu uskovaisille uskon vahvistukseksi.<\/p>\n<p><strong>Jumalan valtakunta<\/strong> on Jeesuksen opetuksen mukaan l\u00f6ydett\u00e4viss\u00e4 maan p\u00e4\u00e4lt\u00e4. Maan p\u00e4\u00e4ll\u00e4 se on armon valtakuntana ja taivaassa kunnian valtakuntana. Jumalan seurakunta on yksimielinen uskossa, opissa ja rakkaudessa.<\/p>\n<\/div><div class=\"fusion-clearfix\"><\/div><\/div><\/div><\/div><\/div>\n","protected":false},"excerpt":{"rendered":"","protected":false},"author":1,"featured_media":0,"parent":0,"menu_order":0,"comment_status":"closed","ping_status":"closed","template":"","meta":{"footnotes":""},"class_list":["post-110","page","type-page","status-publish","hentry"],"_links":{"self":[{"href":"https:\/\/paivitys.rauhanyhdistys.fi\/uurainen\/wp-json\/wp\/v2\/pages\/110","targetHints":{"allow":["GET"]}}],"collection":[{"href":"https:\/\/paivitys.rauhanyhdistys.fi\/uurainen\/wp-json\/wp\/v2\/pages"}],"about":[{"href":"https:\/\/paivitys.rauhanyhdistys.fi\/uurainen\/wp-json\/wp\/v2\/types\/page"}],"author":[{"embeddable":true,"href":"https:\/\/paivitys.rauhanyhdistys.fi\/uurainen\/wp-json\/wp\/v2\/users\/1"}],"replies":[{"embeddable":true,"href":"https:\/\/paivitys.rauhanyhdistys.fi\/uurainen\/wp-json\/wp\/v2\/comments?post=110"}],"version-history":[{"count":5,"href":"https:\/\/paivitys.rauhanyhdistys.fi\/uurainen\/wp-json\/wp\/v2\/pages\/110\/revisions"}],"predecessor-version":[{"id":286,"href":"https:\/\/paivitys.rauhanyhdistys.fi\/uurainen\/wp-json\/wp\/v2\/pages\/110\/revisions\/286"}],"wp:attachment":[{"href":"https:\/\/paivitys.rauhanyhdistys.fi\/uurainen\/wp-json\/wp\/v2\/media?parent=110"}],"curies":[{"name":"wp","href":"https:\/\/api.w.org\/{rel}","templated":true}]}}