{"id":13,"date":"2017-12-13T14:06:09","date_gmt":"2017-12-13T12:06:09","guid":{"rendered":"http:\/\/34.242.2.69\/esimerkkiry\/?page_id=13"},"modified":"2026-03-03T18:46:10","modified_gmt":"2026-03-03T16:46:10","slug":"etusivu","status":"publish","type":"page","link":"https:\/\/paivitys.rauhanyhdistys.fi\/ullava-kalvia\/","title":{"rendered":"Etusivu"},"content":{"rendered":"<p><div class=\"fusion-fullwidth fullwidth-box fusion-builder-row-1 nonhundred-percent-fullwidth non-hundred-percent-height-scrolling\" style=\"--awb-border-radius-top-left:0px;--awb-border-radius-top-right:0px;--awb-border-radius-bottom-right:0px;--awb-border-radius-bottom-left:0px;--awb-flex-wrap:wrap;\" ><div class=\"fusion-builder-row fusion-row\"><div class=\"fusion-layout-column fusion_builder_column fusion-builder-column-0 fusion_builder_column_1_1 1_1 fusion-one-full fusion-column-first fusion-column-last\" style=\"--awb-bg-size:cover;\"><div class=\"fusion-column-wrapper fusion-flex-column-wrapper-legacy\"><div class=\"fusion-title title fusion-title-1 fusion-sep-none fusion-title-text fusion-title-size-one\"><h1 class=\"fusion-title-heading title-heading-left fusion-responsive-typography-calculated\" style=\"margin:0;--fontSize:34;line-height:1.4;\">Tervetuloa Ullavan ja K\u00e4lvi\u00e4n rauhanyhdistyksen sivuille<\/h1><\/div><div class=\"fusion-text fusion-text-1\"><p>Rauhanyhdistyksen keskeisint\u00e4 toimintaa on seurojen j\u00e4rjest\u00e4minen. Seurat pidet\u00e4\u00e4n sunnuntaisin seurakuntataloilla. S\u00e4\u00e4nn\u00f6llisesti kokoonnutaan my\u00f6s kotiseuroihin.<\/p>\n<p>Seurojen ohjella toimintakalenterista l\u00f6ytyv\u00e4t tiedot lasten ja nuorten pyh\u00e4kouluista, p\u00e4iv\u00e4kerhoista, raamattuluokista ja nuortenilloista. Aikuiset saavat tiedon aviopari-illoista ja aikuistenkerhoista. Kaikkia kutsutaan seuroihin, myyj\u00e4isiin ym. tilaisuuksiin.<\/p>\n<\/div><div class=\"fusion-clearfix\"><\/div><\/div><\/div><\/div><\/div><div class=\"fusion-fullwidth fullwidth-box fusion-builder-row-2 nonhundred-percent-fullwidth non-hundred-percent-height-scrolling\" style=\"--awb-border-radius-top-left:0px;--awb-border-radius-top-right:0px;--awb-border-radius-bottom-right:0px;--awb-border-radius-bottom-left:0px;--awb-padding-top:30px;--awb-background-color:#eeeeee;--awb-flex-wrap:wrap;\" ><div class=\"fusion-builder-row fusion-row\"><div class=\"fusion-layout-column fusion_builder_column fusion-builder-column-1 fusion_builder_column_1_2 1_2 fusion-one-half fusion-column-first\" style=\"--awb-bg-size:cover;width:50%;width:calc(50% - ( ( 4% ) * 0.5 ) );margin-right: 4%;\"><div class=\"fusion-column-wrapper fusion-flex-column-wrapper-legacy\"><div class=\"fusion-title title fusion-title-2 fusion-sep-none fusion-title-text fusion-title-size-one\"><h1 class=\"fusion-title-heading title-heading-left fusion-responsive-typography-calculated\" style=\"margin:0;--fontSize:34;line-height:1.4;\">Tulevat tapahtumat<\/h1><\/div>\n<table class=\"intra\" data-id=\"143\" data-amount=\"10\" data-features=\"audio,video\" data-key=\u201d\u201d><\/table>\n<div class=\"fusion-text fusion-text-2\"><p><a href=\"http:\/\/paivitys.rauhanyhdistys.fi\/ullava-kalvia\/toimintakalenteri\/\">katso lis\u00e4\u00e4 toimintakalenterista<\/a><\/p>\n<\/div><div class=\"fusion-title title fusion-title-3 fusion-sep-none fusion-title-text fusion-title-size-one\"><h1 class=\"fusion-title-heading title-heading-left fusion-responsive-typography-calculated\" style=\"margin:0;--fontSize:34;line-height:1.4;\">Linkkej\u00e4<\/h1><\/div><div class=\"fusion-content-boxes content-boxes columns row fusion-columns-1 fusion-columns-total-3 fusion-content-boxes-1 content-boxes-icon-with-title content-left\" style=\"--awb-hover-accent-color:#a0ce4e;--awb-circle-hover-accent-color:#a0ce4e;--awb-item-margin-bottom:40px;\" data-animationOffset=\"top-into-view\"><div style=\"--awb-backgroundcolor:Kingdom of peace;\" class=\"fusion-column content-box-column content-box-column content-box-column-1 col-lg-12 col-md-12 col-sm-12 fusion-content-box-hover content-box-column-last-in-row\"><div class=\"col content-box-wrapper content-wrapper-background link-area-link-icon link-type-text icon-hover-animation-fade\" data-animationOffset=\"top-into-view\"><div class=\"heading heading-with-icon icon-left\"><a class=\"heading-link\" style=\"float:left;\" href=\"https:\/\/kingdomofpeace.net\/\" target=\"_self\"><div aria-hidden=\"true\" class=\"image\"><img decoding=\"async\" src=\"https:\/\/paivitys.rauhanyhdistys.fi\/ullava-kalvia\/wp-content\/uploads\/sites\/91\/2026\/03\/kingdomofpeace.png\" width=\"50\" height=\"73\" alt=\"\" \/><\/div><h2 class=\"content-box-heading fusion-responsive-typography-calculated\" style=\"--h2_typography-font-size:18px;--fontSize:18;line-height:1.5;\">Kingdom of peace<\/h2><\/a><\/div><div class=\"fusion-clearfix\"><\/div><a class=\" fusion-read-more\" style=\"float:left;\" href=\"https:\/\/kingdomofpeace.net\/\" target=\"_self\">Read More<\/a><div class=\"fusion-clearfix\"><\/div><\/div><\/div><div style=\"--awb-backgroundcolor:rgba(255,255,255,0);\" class=\"fusion-column content-box-column content-box-column content-box-column-2 col-lg-12 col-md-12 col-sm-12 fusion-content-box-hover content-box-column-last-in-row\"><div class=\"col content-box-wrapper content-wrapper link-area-link-icon link-type-text icon-hover-animation-fade\" data-animationOffset=\"top-into-view\"><div class=\"heading heading-with-icon icon-left\"><a class=\"heading-link\" style=\"float:left;\" href=\"https:\/\/kesaseuraradio.fi\/\" target=\"_self\"><div aria-hidden=\"true\" class=\"image\"><img decoding=\"async\" src=\"https:\/\/paivitys.rauhanyhdistys.fi\/ullava-kalvia\/wp-content\/uploads\/sites\/91\/2026\/03\/Kesa\u0308seuraradio_logo-4-300x144.png\" width=\"300\" height=\"144\" alt=\"\" \/><\/div><\/a><\/div><\/div><\/div><div style=\"--awb-backgroundcolor:rgba(255,255,255,0);\" class=\"fusion-column content-box-column content-box-column content-box-column-3 col-lg-12 col-md-12 col-sm-12 fusion-content-box-hover content-box-column-last content-box-column-last-in-row\"><div class=\"col content-box-wrapper content-wrapper link-area-link-icon link-type-text icon-hover-animation-fade\" data-animationOffset=\"top-into-view\"><div class=\"heading heading-with-icon icon-left\"><a class=\"heading-link\" style=\"float:left;\" href=\"https:\/\/www.julkaisumyymala.fi\/\" target=\"_self\"><div aria-hidden=\"true\" class=\"image\"><img decoding=\"async\" src=\"https:\/\/paivitys.rauhanyhdistys.fi\/ullava-kalvia\/wp-content\/uploads\/sites\/91\/2026\/03\/srk_logo-1-300x300.jpg\" width=\"50\" height=\"50\" alt=\"\" \/><\/div><\/a><\/div><div class=\"fusion-clearfix\"><\/div><a class=\" fusion-read-more\" style=\"float:left;\" href=\"https:\/\/www.julkaisumyymala.fi\/\" target=\"_self\">Julkaisumyym\u00e4l\u00e4<\/a><div class=\"fusion-clearfix\"><\/div><\/div><\/div><div class=\"fusion-clearfix\"><\/div><\/div><div class=\"fusion-clearfix\"><\/div><\/div><\/div><div class=\"fusion-layout-column fusion_builder_column fusion-builder-column-2 fusion_builder_column_1_2 1_2 fusion-one-half fusion-column-last\" style=\"--awb-bg-size:cover;width:50%;width:calc(50% - ( ( 4% ) * 0.5 ) );\"><div class=\"fusion-column-wrapper fusion-flex-column-wrapper-legacy\"><div class=\"fusion-title title fusion-title-4 fusion-sep-none fusion-title-text fusion-title-size-one\"><h1 class=\"fusion-title-heading title-heading-left fusion-responsive-typography-calculated\" style=\"margin:0;--fontSize:34;line-height:1.4;\">Reisj\u00e4rven opiston kurssit<\/h1><\/div>\n<table class=\"kurle\" data-id=\"2\" data-amount=\"10\"><\/table>\n<div class=\"fusion-text fusion-text-3\"><p><a href=\"https:\/\/www.lyhytkurssille.fi\/kurssi\/reisjarvi\/\">Lis\u00e4\u00e4 kursseja<\/a><\/p>\n<\/div><div class=\"fusion-title title fusion-title-5 fusion-sep-none fusion-title-text fusion-title-size-one\"><h1 class=\"fusion-title-heading title-heading-left fusion-responsive-typography-calculated\" style=\"margin:0;--fontSize:34;line-height:1.4;\">Leirit Kalliossa<\/h1><\/div>\n<table class=\"kurle\" data-id=\"6\" data-amount=\"10\"><\/table>\n<div class=\"fusion-text fusion-text-4\"><p><a href=\"https:\/\/www.leirille.fi\/leiri\/kallio\/\">Lis\u00e4\u00e4 leirej\u00e4<\/a><\/p>\n<\/div><div class=\"fusion-clearfix\"><\/div><\/div><\/div><\/div><\/div><\/p>\n","protected":false},"excerpt":{"rendered":"","protected":false},"author":1,"featured_media":422,"parent":0,"menu_order":0,"comment_status":"closed","ping_status":"closed","template":"100-width.php","meta":{"footnotes":""},"class_list":["post-13","page","type-page","status-publish","has-post-thumbnail","hentry"],"_links":{"self":[{"href":"https:\/\/paivitys.rauhanyhdistys.fi\/ullava-kalvia\/wp-json\/wp\/v2\/pages\/13","targetHints":{"allow":["GET"]}}],"collection":[{"href":"https:\/\/paivitys.rauhanyhdistys.fi\/ullava-kalvia\/wp-json\/wp\/v2\/pages"}],"about":[{"href":"https:\/\/paivitys.rauhanyhdistys.fi\/ullava-kalvia\/wp-json\/wp\/v2\/types\/page"}],"author":[{"embeddable":true,"href":"https:\/\/paivitys.rauhanyhdistys.fi\/ullava-kalvia\/wp-json\/wp\/v2\/users\/1"}],"replies":[{"embeddable":true,"href":"https:\/\/paivitys.rauhanyhdistys.fi\/ullava-kalvia\/wp-json\/wp\/v2\/comments?post=13"}],"version-history":[{"count":63,"href":"https:\/\/paivitys.rauhanyhdistys.fi\/ullava-kalvia\/wp-json\/wp\/v2\/pages\/13\/revisions"}],"predecessor-version":[{"id":479,"href":"https:\/\/paivitys.rauhanyhdistys.fi\/ullava-kalvia\/wp-json\/wp\/v2\/pages\/13\/revisions\/479"}],"wp:featuredmedia":[{"embeddable":true,"href":"https:\/\/paivitys.rauhanyhdistys.fi\/ullava-kalvia\/wp-json\/wp\/v2\/media\/422"}],"wp:attachment":[{"href":"https:\/\/paivitys.rauhanyhdistys.fi\/ullava-kalvia\/wp-json\/wp\/v2\/media?parent=13"}],"curies":[{"name":"wp","href":"https:\/\/api.w.org\/{rel}","templated":true}]}}