{"id":523,"date":"2021-03-11T13:29:24","date_gmt":"2021-03-11T11:29:24","guid":{"rendered":"https:\/\/paivitys.rauhanyhdistys.fi\/tornio\/?page_id=523"},"modified":"2022-12-04T14:57:40","modified_gmt":"2022-12-04T12:57:40","slug":"historia","status":"publish","type":"page","link":"https:\/\/paivitys.rauhanyhdistys.fi\/tornio\/historia\/","title":{"rendered":"Historia"},"content":{"rendered":"<div class=\"fusion-fullwidth fullwidth-box fusion-builder-row-1 fusion-flex-container nonhundred-percent-fullwidth non-hundred-percent-height-scrolling\" style=\"--awb-border-radius-top-left:0px;--awb-border-radius-top-right:0px;--awb-border-radius-bottom-right:0px;--awb-border-radius-bottom-left:0px;--awb-flex-wrap:wrap;\" ><div class=\"fusion-builder-row fusion-row fusion-flex-align-items-flex-start fusion-flex-content-wrap\" style=\"max-width:1144px;margin-left: calc(-4% \/ 2 );margin-right: calc(-4% \/ 2 );\"><div class=\"fusion-layout-column fusion_builder_column fusion-builder-column-0 fusion_builder_column_1_1 1_1 fusion-flex-column\" style=\"--awb-bg-size:cover;--awb-width-large:100%;--awb-margin-top-large:0px;--awb-spacing-right-large:1.92%;--awb-margin-bottom-large:20px;--awb-spacing-left-large:1.92%;--awb-width-medium:100%;--awb-order-medium:0;--awb-spacing-right-medium:1.92%;--awb-spacing-left-medium:1.92%;--awb-width-small:100%;--awb-order-small:0;--awb-spacing-right-small:1.92%;--awb-spacing-left-small:1.92%;\"><div class=\"fusion-column-wrapper fusion-column-has-shadow fusion-flex-justify-content-flex-start fusion-content-layout-column\"><div class=\"fusion-title title fusion-title-1 fusion-sep-none fusion-title-text fusion-title-size-one\"><h1 class=\"fusion-title-heading title-heading-left fusion-responsive-typography-calculated\" style=\"margin:0;--fontSize:34;line-height:1.4;\">Historiaa<\/h1><\/div><\/div><\/div><div class=\"fusion-layout-column fusion_builder_column fusion-builder-column-1 fusion_builder_column_1_2 1_2 fusion-flex-column\" style=\"--awb-bg-size:cover;--awb-width-large:50%;--awb-margin-top-large:0px;--awb-spacing-right-large:3.84%;--awb-margin-bottom-large:20px;--awb-spacing-left-large:3.84%;--awb-width-medium:100%;--awb-order-medium:0;--awb-spacing-right-medium:1.92%;--awb-spacing-left-medium:1.92%;--awb-width-small:100%;--awb-order-small:0;--awb-spacing-right-small:1.92%;--awb-spacing-left-small:1.92%;\"><div class=\"fusion-column-wrapper fusion-column-has-shadow fusion-flex-justify-content-flex-start fusion-content-layout-column\"><div class=\"fusion-text fusion-text-1\"><p>Lestadiolaistoimintaa alkoi esiinty\u00e4 Tornio-Haaparanta -alueella 1850-luvulla. 1860-luvulla se vakiintui moniin jokivarren ja rannikon kyliin. Keskeisi\u00e4 paikkoja olivat Karunki, Vojakkala ja Raumon kyl\u00e4t sek\u00e4 Tornion kaupunki.<\/p>\n<p>Tornion Rauhanyhdistyksen perustava kokous pidettiin 31.1.1887 puusepp\u00e4 Heikki H\u00e4llin talossa. Oulun l\u00e4\u00e4nin kuvern\u00f6\u00f6rin p\u00e4\u00e4t\u00f6ksell\u00e4 31.12.1888 hyv\u00e4ksyttiin yhdistyksen s\u00e4\u00e4nn\u00f6t. Samana p\u00e4iv\u00e4n\u00e4 yhdistys my\u00f6s rekister\u00f6itiin virallisesti.<\/p>\n<\/div><div class=\"fusion-text fusion-text-2\"><p>Tornion Rauhanyhdistys kuuluu Suomen vanhimpiin rauhanyhdistyksiin. Yhdistyksen historiasta ja vanhoillislestadiolaisen kristillisyyden vaiheista Tornion seudulla voi lukea vuonna 1987 julkaistusta kirjasta Silta virran yli sek\u00e4\u00a0120-vuotisjuhlahistoriikista.<\/p>\n<\/div><div class=\"fusion-text fusion-text-3\"><p><a href=\"https:\/\/paivitys.rauhanyhdistys.fi\/tornio\/historia\/sanan-siemen-itaa-ja-kasvaa\/\" target=\"_blank\" rel=\"noopener\">120-vuotisjuhlahistoriikki<\/a><\/p>\n<\/div><\/div><\/div><div class=\"fusion-layout-column fusion_builder_column fusion-builder-column-2 fusion_builder_column_1_2 1_2 fusion-flex-column\" style=\"--awb-bg-size:cover;--awb-width-large:50%;--awb-margin-top-large:0px;--awb-spacing-right-large:3.84%;--awb-margin-bottom-large:20px;--awb-spacing-left-large:3.84%;--awb-width-medium:100%;--awb-order-medium:0;--awb-spacing-right-medium:1.92%;--awb-spacing-left-medium:1.92%;--awb-width-small:100%;--awb-order-small:0;--awb-spacing-right-small:1.92%;--awb-spacing-left-small:1.92%;\"><div class=\"fusion-column-wrapper fusion-column-has-shadow fusion-flex-justify-content-flex-start fusion-content-layout-column\"><div class=\"fusion-image-element \" style=\"text-align:center;--awb-caption-title-font-family:var(--h2_typography-font-family);--awb-caption-title-font-weight:var(--h2_typography-font-weight);--awb-caption-title-font-style:var(--h2_typography-font-style);--awb-caption-title-size:var(--h2_typography-font-size);--awb-caption-title-transform:var(--h2_typography-text-transform);--awb-caption-title-line-height:var(--h2_typography-line-height);--awb-caption-title-letter-spacing:var(--h2_typography-letter-spacing);\"><span class=\" fusion-imageframe imageframe-none imageframe-1 hover-type-none\"><img decoding=\"async\" width=\"800\" height=\"548\" title=\"tornion-vanha-rauhanyhdistys\" src=\"https:\/\/paivitys.rauhanyhdistys.fi\/tornio\/wp-content\/uploads\/sites\/109\/2022\/12\/tornion-vanha-rauhanyhdistys.jpg\" alt class=\"img-responsive wp-image-576\" srcset=\"https:\/\/paivitys.rauhanyhdistys.fi\/tornio\/wp-content\/uploads\/sites\/109\/2022\/12\/tornion-vanha-rauhanyhdistys-200x137.jpg 200w, https:\/\/paivitys.rauhanyhdistys.fi\/tornio\/wp-content\/uploads\/sites\/109\/2022\/12\/tornion-vanha-rauhanyhdistys-400x274.jpg 400w, https:\/\/paivitys.rauhanyhdistys.fi\/tornio\/wp-content\/uploads\/sites\/109\/2022\/12\/tornion-vanha-rauhanyhdistys-600x411.jpg 600w, https:\/\/paivitys.rauhanyhdistys.fi\/tornio\/wp-content\/uploads\/sites\/109\/2022\/12\/tornion-vanha-rauhanyhdistys.jpg 800w\" sizes=\"(max-width: 1024px) 100vw, (max-width: 640px) 100vw, 600px\" \/><\/span><\/div><div class=\"fusion-text fusion-text-4\"><p>Kuvassa toimitalo, jossa pidettiin seuroja 1800-luvun lopusta nykyisen toimitalon valmistumiseen, vuoteen 1979 asti.<\/p>\n<\/div><\/div><\/div><\/div><\/div>\n","protected":false},"excerpt":{"rendered":"","protected":false},"author":5,"featured_media":0,"parent":0,"menu_order":0,"comment_status":"closed","ping_status":"closed","template":"","meta":{"footnotes":""},"class_list":["post-523","page","type-page","status-publish","hentry"],"_links":{"self":[{"href":"https:\/\/paivitys.rauhanyhdistys.fi\/tornio\/wp-json\/wp\/v2\/pages\/523","targetHints":{"allow":["GET"]}}],"collection":[{"href":"https:\/\/paivitys.rauhanyhdistys.fi\/tornio\/wp-json\/wp\/v2\/pages"}],"about":[{"href":"https:\/\/paivitys.rauhanyhdistys.fi\/tornio\/wp-json\/wp\/v2\/types\/page"}],"author":[{"embeddable":true,"href":"https:\/\/paivitys.rauhanyhdistys.fi\/tornio\/wp-json\/wp\/v2\/users\/5"}],"replies":[{"embeddable":true,"href":"https:\/\/paivitys.rauhanyhdistys.fi\/tornio\/wp-json\/wp\/v2\/comments?post=523"}],"version-history":[{"count":7,"href":"https:\/\/paivitys.rauhanyhdistys.fi\/tornio\/wp-json\/wp\/v2\/pages\/523\/revisions"}],"predecessor-version":[{"id":583,"href":"https:\/\/paivitys.rauhanyhdistys.fi\/tornio\/wp-json\/wp\/v2\/pages\/523\/revisions\/583"}],"wp:attachment":[{"href":"https:\/\/paivitys.rauhanyhdistys.fi\/tornio\/wp-json\/wp\/v2\/media?parent=523"}],"curies":[{"name":"wp","href":"https:\/\/api.w.org\/{rel}","templated":true}]}}