{"id":318,"date":"2018-10-18T14:51:44","date_gmt":"2018-10-18T11:51:44","guid":{"rendered":"http:\/\/paivitys.rauhanyhdistys.fi\/esimerkkiry\/?page_id=318"},"modified":"2025-08-26T13:05:02","modified_gmt":"2025-08-26T10:05:02","slug":"nettiseurat","status":"publish","type":"page","link":"https:\/\/paivitys.rauhanyhdistys.fi\/tornio\/toimintamuodot\/nettiseurat\/","title":{"rendered":"Nettiseurat"},"content":{"rendered":"<div class=\"fusion-fullwidth fullwidth-box fusion-builder-row-1 nonhundred-percent-fullwidth non-hundred-percent-height-scrolling\" style=\"--awb-border-radius-top-left:0px;--awb-border-radius-top-right:0px;--awb-border-radius-bottom-right:0px;--awb-border-radius-bottom-left:0px;--awb-flex-wrap:wrap;\" ><div class=\"fusion-builder-row fusion-row\"><div class=\"fusion-layout-column fusion_builder_column fusion-builder-column-0 fusion_builder_column_1_2 1_2 fusion-one-half fusion-column-first\" style=\"--awb-bg-size:cover;width:50%;width:calc(50% - ( ( 4% ) * 0.5 ) );margin-right: 4%;\"><div class=\"fusion-column-wrapper fusion-column-has-shadow fusion-flex-column-wrapper-legacy\"><div class=\"fusion-text fusion-text-1\"><h1>Kuuntele seuroja<\/h1>\n<p>Kuuntele Tornion rauhanyhdistyksen nettiseuroja alla olevalla soittimella. Seuroja l\u00e4hetet\u00e4\u00e4n p\u00e4\u00e4s\u00e4\u00e4nt\u00f6isesti sunnuntaisin klo 16.<\/p>\n<\/div><div class=\"fusion-audio fusion-audio-1\" style=\"--awb-progress-color:#ffffff;--awb-border-color:var(--awb-color1);--awb-background-color:var(--awb-color2);--awb-max-width:100%;--awb-border-size:0;--awb-border-top-left-radius:0px;--awb-border-top-right-radius:0px;--awb-border-bottom-right-radius:0px;--awb-border-bottom-left-radius:0px;\"><!--[if lt IE 9]><script>document.createElement('audio');<\/script><![endif]-->\n<audio class=\"wp-audio-shortcode\" id=\"audio-318-1\" preload=\"none\" style=\"width: 100%;\" controls=\"controls\"><source type=\"audio\/mpeg\" src=\"https:\/\/nettiradio.srk.fi:8443\/tornionry.mp3?_=1\" \/><a href=\"https:\/\/nettiradio.srk.fi:8443\/tornionry.mp3\">https:\/\/nettiradio.srk.fi:8443\/tornionry.mp3<\/a><\/audio><\/div><div class=\"fusion-text fusion-text-2\"><p>Jos yll\u00e4 oleva soitin ei toimi, voit kuunnella l\u00e4hetyst\u00e4 my\u00f6s suoralla linkill\u00e4 alla olevasta painikkeesta.<\/p>\n<\/div><div class=\"fusion-aligncenter\"><a class=\"fusion-button button-flat fusion-button-default-size button-default fusion-button-default button-1 fusion-button-default-span fusion-button-default-type\" target=\"_self\" href=\"https:\/\/nettiradio.srk.fi:8443\/tornionry.mp3\"><span class=\"fusion-button-text awb-button__text awb-button__text--default\">Nettiradio<\/span><\/a><\/div><div class=\"fusion-clearfix\"><\/div><\/div><\/div><div class=\"fusion-layout-column fusion_builder_column fusion-builder-column-1 fusion_builder_column_1_2 1_2 fusion-one-half fusion-column-last\" style=\"--awb-bg-size:cover;width:50%;width:calc(50% - ( ( 4% ) * 0.5 ) );\"><div class=\"fusion-column-wrapper fusion-column-has-shadow fusion-flex-column-wrapper-legacy\"><div class=\"fusion-text fusion-text-3\"><h1>Mobiilikolehti<\/h1>\n<p>Voit tukea rauhanyhdistyksen ty\u00f6t\u00e4 osallistumalla mobiilikolehtiin:<\/p>\n<p>MobilePay: 82784<\/p>\n<p>Voit my\u00f6s osallistua kolehtiin tilisiirrolla Tornion rauhanyhdistyksen tilille:<\/p>\n<p>FI72 54750 0400 31903, kolehdin viitenumero 20255<\/p>\n<\/div><div class=\"fusion-clearfix\"><\/div><\/div><\/div><div class=\"fusion-layout-column fusion_builder_column fusion-builder-column-2 fusion_builder_column_1_1 1_1 fusion-one-full fusion-column-first fusion-column-last\" style=\"--awb-bg-size:cover;\"><div class=\"fusion-column-wrapper fusion-column-has-shadow fusion-flex-column-wrapper-legacy\"><div class=\"fusion-text fusion-text-4\"><p>Voit kuunnella muiden rauhanyhdistysten nettiseuroja: <a href=\"https:\/\/www.nettiseurat.info\/fi\">https:\/\/www.nettiseurat.info\/fi<\/a><\/p>\n<\/div><div class=\"fusion-title title fusion-title-1 fusion-sep-none fusion-title-text fusion-title-size-one\"><h1 class=\"fusion-title-heading title-heading-left fusion-responsive-typography-calculated\" style=\"margin:0;--fontSize:34;line-height:1.4;\">Tulevia nettiseuroja<\/h1><\/div><table class=\"intra\" data-id=\"23\" data-amount=\"7\" data-key=\"web_stream_available:true\" data-features=\"noinfo\"><\/table>\n<div class=\"fusion-clearfix\"><\/div><\/div><\/div><\/div><\/div>\n","protected":false},"excerpt":{"rendered":"","protected":false},"author":5,"featured_media":0,"parent":15,"menu_order":1,"comment_status":"closed","ping_status":"closed","template":"","meta":{"footnotes":""},"class_list":["post-318","page","type-page","status-publish","hentry"],"_links":{"self":[{"href":"https:\/\/paivitys.rauhanyhdistys.fi\/tornio\/wp-json\/wp\/v2\/pages\/318","targetHints":{"allow":["GET"]}}],"collection":[{"href":"https:\/\/paivitys.rauhanyhdistys.fi\/tornio\/wp-json\/wp\/v2\/pages"}],"about":[{"href":"https:\/\/paivitys.rauhanyhdistys.fi\/tornio\/wp-json\/wp\/v2\/types\/page"}],"author":[{"embeddable":true,"href":"https:\/\/paivitys.rauhanyhdistys.fi\/tornio\/wp-json\/wp\/v2\/users\/5"}],"replies":[{"embeddable":true,"href":"https:\/\/paivitys.rauhanyhdistys.fi\/tornio\/wp-json\/wp\/v2\/comments?post=318"}],"version-history":[{"count":80,"href":"https:\/\/paivitys.rauhanyhdistys.fi\/tornio\/wp-json\/wp\/v2\/pages\/318\/revisions"}],"predecessor-version":[{"id":909,"href":"https:\/\/paivitys.rauhanyhdistys.fi\/tornio\/wp-json\/wp\/v2\/pages\/318\/revisions\/909"}],"up":[{"embeddable":true,"href":"https:\/\/paivitys.rauhanyhdistys.fi\/tornio\/wp-json\/wp\/v2\/pages\/15"}],"wp:attachment":[{"href":"https:\/\/paivitys.rauhanyhdistys.fi\/tornio\/wp-json\/wp\/v2\/media?parent=318"}],"curies":[{"name":"wp","href":"https:\/\/api.w.org\/{rel}","templated":true}]}}