{"id":284,"date":"2018-10-08T15:02:10","date_gmt":"2018-10-08T12:02:10","guid":{"rendered":"http:\/\/paivitys.rauhanyhdistys.fi\/esimerkkiry\/?page_id=284"},"modified":"2026-02-26T18:45:10","modified_gmt":"2026-02-26T16:45:10","slug":"toimintakalenteri","status":"publish","type":"page","link":"https:\/\/paivitys.rauhanyhdistys.fi\/tornio\/toimintakalenteri\/","title":{"rendered":"Toimintakalenteri"},"content":{"rendered":"<div class=\"fusion-fullwidth fullwidth-box fusion-builder-row-1 nonhundred-percent-fullwidth non-hundred-percent-height-scrolling\" style=\"--awb-border-radius-top-left:0px;--awb-border-radius-top-right:0px;--awb-border-radius-bottom-right:0px;--awb-border-radius-bottom-left:0px;--awb-flex-wrap:wrap;\" ><div class=\"fusion-builder-row fusion-row\"><div class=\"fusion-layout-column fusion_builder_column fusion-builder-column-0 fusion_builder_column_1_1 1_1 fusion-one-full fusion-column-first fusion-column-last\" style=\"--awb-bg-size:cover;\"><div class=\"fusion-column-wrapper fusion-flex-column-wrapper-legacy\"><div class=\"fusion-text fusion-text-1\"><h1>Tornion rauhanyhdistyksen toimintakalenteri.<\/h1>\n<p>Seurat ovat kuunneltavissa my\u00f6s n\u00e4iden nettisivujen <a href=\"https:\/\/paivitys.rauhanyhdistys.fi\/tornio\/toimintamuodot\/nettiseurat\/\">nettiradiosta<\/a>\u00a0sunnuntaisin alkaen klo 16. (ei kes\u00e4seuraradion aikaan)<\/p>\n<p><a href=\"https:\/\/intra.srk.fi\/info-screen\/9cb91e0c-0d33-428d-be02-5c69b0060ed5\/\">INFOTAULU<\/a><\/p>\n<\/div><div class=\"fusion-text fusion-text-2\"><p><strong>Huomioithan, ett\u00e4 toimintakalenteri p\u00e4ivitt\u00e4\u00e4 kellonajan automaattisesti maan aikavy\u00f6hykkeeseen<\/strong> eli kalenterissa kellonajat n\u00e4kyv\u00e4t suomalaisessa verkossa Suomen aikavy\u00f6hykkeen mukaisesti ja ruotsalaisessa verkossa Ruotsin aikavy\u00f6hykkeen mukaisesti.<\/p>\n<\/div>\n<table class=\"intra\" data-id=\"23\" data-amount=\"30\" data-features=\"table,vko\"><\/table>\n<div class=\"fusion-clearfix\"><\/div><\/div><\/div><\/div><\/div>\n","protected":false},"excerpt":{"rendered":"","protected":false},"author":5,"featured_media":0,"parent":0,"menu_order":1,"comment_status":"closed","ping_status":"closed","template":"","meta":{"footnotes":""},"class_list":["post-284","page","type-page","status-publish","hentry"],"_links":{"self":[{"href":"https:\/\/paivitys.rauhanyhdistys.fi\/tornio\/wp-json\/wp\/v2\/pages\/284","targetHints":{"allow":["GET"]}}],"collection":[{"href":"https:\/\/paivitys.rauhanyhdistys.fi\/tornio\/wp-json\/wp\/v2\/pages"}],"about":[{"href":"https:\/\/paivitys.rauhanyhdistys.fi\/tornio\/wp-json\/wp\/v2\/types\/page"}],"author":[{"embeddable":true,"href":"https:\/\/paivitys.rauhanyhdistys.fi\/tornio\/wp-json\/wp\/v2\/users\/5"}],"replies":[{"embeddable":true,"href":"https:\/\/paivitys.rauhanyhdistys.fi\/tornio\/wp-json\/wp\/v2\/comments?post=284"}],"version-history":[{"count":60,"href":"https:\/\/paivitys.rauhanyhdistys.fi\/tornio\/wp-json\/wp\/v2\/pages\/284\/revisions"}],"predecessor-version":[{"id":946,"href":"https:\/\/paivitys.rauhanyhdistys.fi\/tornio\/wp-json\/wp\/v2\/pages\/284\/revisions\/946"}],"wp:attachment":[{"href":"https:\/\/paivitys.rauhanyhdistys.fi\/tornio\/wp-json\/wp\/v2\/media?parent=284"}],"curies":[{"name":"wp","href":"https:\/\/api.w.org\/{rel}","templated":true}]}}