{"id":13,"date":"2017-12-13T14:06:09","date_gmt":"2017-12-13T12:06:09","guid":{"rendered":"http:\/\/34.242.2.69\/esimerkkiry\/?page_id=13"},"modified":"2026-01-28T09:54:42","modified_gmt":"2026-01-28T07:54:42","slug":"etusivu","status":"publish","type":"page","link":"https:\/\/paivitys.rauhanyhdistys.fi\/tornio\/","title":{"rendered":"Etusivu"},"content":{"rendered":"<p><div class=\"fusion-fullwidth fullwidth-box fusion-builder-row-1 nonhundred-percent-fullwidth non-hundred-percent-height-scrolling\" style=\"--awb-border-radius-top-left:0px;--awb-border-radius-top-right:0px;--awb-border-radius-bottom-right:0px;--awb-border-radius-bottom-left:0px;--awb-flex-wrap:wrap;\" ><div class=\"fusion-builder-row fusion-row\"><div class=\"fusion-layout-column fusion_builder_column fusion-builder-column-0 fusion_builder_column_1_1 1_1 fusion-one-full fusion-column-first fusion-column-last\" style=\"--awb-bg-size:cover;\"><div class=\"fusion-column-wrapper fusion-flex-column-wrapper-legacy\"><div class=\"fusion-title title fusion-title-1 fusion-sep-none fusion-title-text fusion-title-size-one\"><h1 class=\"fusion-title-heading title-heading-left fusion-responsive-typography-calculated\" style=\"margin:0;--fontSize:34;line-height:1.4;\">Tervetuloa Tornion rauhanyhdistykselle<\/h1><\/div><div class=\"fusion-text fusion-text-1\"><p>Tornion Rauhanyhdistys ry on aivan Ruotsin rajalla sijaitseva vuonna 1887 perustettu yhdistys. Se edustaa vanhoillislestadiolaista kristillist\u00e4 liikett\u00e4 Tornion ja Haaparannan alueella ja on samalla yksi Suomen vanhimpia rauhanyhdistyksi\u00e4.<\/p>\n<p>Yhdistyksen tarkoituksena on her\u00e4tt\u00e4\u00e4 ja elvytt\u00e4\u00e4 kristillist\u00e4 uskonel\u00e4m\u00e4\u00e4. T\u00e4rke\u00e4 teht\u00e4v\u00e4 on my\u00f6s tukea kotien kristillist\u00e4 kasvatusty\u00f6t\u00e4. Rauhanyhdistyksen toiminnan pohjana ovat Pyh\u00e4 Raamattu ja evankelis-luterilaisen kirkon tunnustus.<\/p>\n<p><a href=\"https:\/\/paivitys.rauhanyhdistys.fi\/tornio\/toimintamuodot\/\">Lue lis\u00e4\u00e4 toiminnastamme<\/a><\/p>\n<\/div><div class=\"fusion-image-element fusion-image-align-center fusion-no-small-visibility in-legacy-container\" style=\"text-align:center;--awb-mask-url: url(https:\/\/paivitys.rauhanyhdistys.fi\/tornio\/wp-content\/plugins\/fusion-builder\/\/assets\/images\/masks\/mask-1.svg);--awb-mask-size: cover;--awb-caption-title-font-family:var(--h2_typography-font-family);--awb-caption-title-font-weight:var(--h2_typography-font-weight);--awb-caption-title-font-style:var(--h2_typography-font-style);--awb-caption-title-size:var(--h2_typography-font-size);--awb-caption-title-transform:var(--h2_typography-text-transform);--awb-caption-title-line-height:var(--h2_typography-line-height);--awb-caption-title-letter-spacing:var(--h2_typography-letter-spacing);\"><div class=\"imageframe-align-center\"><span class=\" fusion-imageframe imageframe-none imageframe-1 hover-type-none has-mask\"><a href=\"https:\/\/paivitys.rauhanyhdistys.fi\/tornio\/wp-content\/uploads\/sites\/109\/2023\/01\/ikkuna_etusivu.jpg\" class=\"fusion-lightbox\" data-rel=\"iLightbox[b4889b2b1514e6515ce]\" data-title=\"ikkuna_etusivu\" title=\"ikkuna_etusivu\"><img decoding=\"async\" width=\"416\" height=\"400\" src=\"https:\/\/paivitys.rauhanyhdistys.fi\/tornio\/wp-content\/uploads\/sites\/109\/2023\/01\/ikkuna_etusivu.jpg\" alt class=\"img-responsive wp-image-743\" srcset=\"https:\/\/paivitys.rauhanyhdistys.fi\/tornio\/wp-content\/uploads\/sites\/109\/2023\/01\/ikkuna_etusivu-200x192.jpg 200w, https:\/\/paivitys.rauhanyhdistys.fi\/tornio\/wp-content\/uploads\/sites\/109\/2023\/01\/ikkuna_etusivu-400x385.jpg 400w, https:\/\/paivitys.rauhanyhdistys.fi\/tornio\/wp-content\/uploads\/sites\/109\/2023\/01\/ikkuna_etusivu.jpg 416w\" sizes=\"(max-width: 800px) 100vw, 416px\" \/><\/a><\/span><\/div><\/div><div class=\"fusion-clearfix\"><\/div><\/div><\/div><\/div><\/div><div class=\"fusion-fullwidth fullwidth-box fusion-builder-row-2 nonhundred-percent-fullwidth non-hundred-percent-height-scrolling\" style=\"--awb-border-radius-top-left:0px;--awb-border-radius-top-right:0px;--awb-border-radius-bottom-right:0px;--awb-border-radius-bottom-left:0px;--awb-flex-wrap:wrap;\" ><div class=\"fusion-builder-row fusion-row\"><div class=\"fusion-layout-column fusion_builder_column fusion-builder-column-1 fusion_builder_column_1_1 1_1 fusion-one-full fusion-column-first fusion-column-last\" style=\"--awb-bg-size:cover;\"><div class=\"fusion-column-wrapper fusion-flex-column-wrapper-legacy\"><div class=\"fusion-content-boxes content-boxes columns row fusion-columns-4 fusion-columns-total-4 fusion-content-boxes-1 content-boxes-icon-on-top content-left\" style=\"--awb-body-color:#516f57;--awb-title-color:#516f57;--awb-margin-bottom:30px;--awb-hover-accent-color:#7496c3;--awb-circle-hover-accent-color:#7496c3;\" data-animationOffset=\"top-into-view\"><div style=\"--awb-backgroundcolor:rgba(255,255,255,0);\" class=\"fusion-column content-box-column content-box-column content-box-column-1 col-lg-3 col-md-3 col-sm-3 fusion-content-box-hover content-box-column-first-in-row\"><div class=\"col content-box-wrapper content-wrapper link-area-link-icon link-type-text icon-hover-animation-fade fusion-animated\" data-animationType=\"flash\" data-animationDuration=\"0.3\" data-animationOffset=\"top-into-view\"><div class=\"heading heading-with-icon icon-left\"><a class=\"heading-link\" href=\"https:\/\/paivitys.rauhanyhdistys.fi\/tornio\/toimintakalenteri\/nuorten-tapahtumat\/\" target=\"_self\"><div aria-hidden=\"true\" class=\"image\"><img decoding=\"async\" src=\"https:\/\/paivitys.rauhanyhdistys.fi\/tornio\/wp-content\/uploads\/sites\/109\/2017\/12\/icon-lpt.png\" width=\"70\" height=\"70\" alt=\"\" \/><\/div><h2 class=\"content-box-heading fusion-responsive-typography-calculated\" style=\"--h2_typography-font-size:18px;--fontSize:18;line-height:1.5;\">Nuorten tapahtumia<\/h2><\/a><\/div><\/div><\/div><div style=\"--awb-backgroundcolor:rgba(255,255,255,0);\" class=\"fusion-column content-box-column content-box-column content-box-column-2 col-lg-3 col-md-3 col-sm-3 fusion-content-box-hover \"><div class=\"col content-box-wrapper content-wrapper link-area-link-icon link-type-text icon-hover-animation-fade\" data-animationOffset=\"top-into-view\"><div class=\"heading heading-with-icon icon-left\"><a class=\"heading-link\" href=\"https:\/\/paivitys.rauhanyhdistys.fi\/tornio\/toimintamuodot\/nettiseurat\/\" target=\"_self\"><div aria-hidden=\"true\" class=\"image\"><img decoding=\"async\" src=\"https:\/\/paivitys.rauhanyhdistys.fi\/tornio\/wp-content\/uploads\/sites\/109\/2019\/05\/kesaseuraradio.png\" width=\"70\" height=\"69.73\" alt=\"\" \/><\/div><h2 class=\"content-box-heading fusion-responsive-typography-calculated\" style=\"--h2_typography-font-size:18px;--fontSize:18;line-height:1.5;\">Kuuntele seuroja<\/h2><\/a><\/div><\/div><\/div><div style=\"--awb-backgroundcolor:rgba(255,255,255,0);\" class=\"fusion-column content-box-column content-box-column content-box-column-3 col-lg-3 col-md-3 col-sm-3 fusion-content-box-hover \"><div class=\"col content-box-wrapper content-wrapper link-area-link-icon link-type-text icon-hover-animation-fade fusion-animated\" data-animationType=\"flash\" data-animationDuration=\"0.3\" data-animationOffset=\"top-into-view\"><div class=\"heading heading-with-icon icon-left\"><a class=\"heading-link\" href=\"https:\/\/paivitys.rauhanyhdistys.fi\/tornio\/toimintakalenteri\/toimintakalenteri-mobiili\/\" target=\"_self\"><div aria-hidden=\"true\" class=\"image\"><img decoding=\"async\" src=\"https:\/\/paivitys.rauhanyhdistys.fi\/tornio\/wp-content\/uploads\/sites\/109\/2019\/06\/opisto-kopio.png\" width=\"70\" height=\"70\" alt=\"\" \/><\/div><h2 class=\"content-box-heading fusion-responsive-typography-calculated\" style=\"--h2_typography-font-size:18px;--fontSize:18;line-height:1.5;\">Seuraohjelma<\/h2><\/a><\/div><\/div><\/div><div style=\"--awb-backgroundcolor:rgba(255,255,255,0);\" class=\"fusion-column content-box-column content-box-column content-box-column-4 col-lg-3 col-md-3 col-sm-3 fusion-content-box-hover content-box-column-last content-box-column-last-in-row\"><div class=\"col content-box-wrapper content-wrapper link-area-link-icon link-type-text icon-hover-animation-fade\" data-animationOffset=\"top-into-view\"><div class=\"heading heading-with-icon icon-left\"><a class=\"heading-link\" href=\"https:\/\/paivamies.fi\" target=\"_self\"><div aria-hidden=\"true\" class=\"image\"><img decoding=\"async\" src=\"https:\/\/paivitys.rauhanyhdistys.fi\/tornio\/wp-content\/uploads\/sites\/109\/2019\/05\/paivamies.png\" width=\"70\" height=\"69.72\" alt=\"\" \/><\/div><h2 class=\"content-box-heading fusion-responsive-typography-calculated\" style=\"--h2_typography-font-size:18px;--fontSize:18;line-height:1.5;\">P\u00e4iv\u00e4mies<\/h2><\/a><\/div><\/div><\/div><div class=\"fusion-clearfix\"><\/div><\/div><div class=\"fusion-title title fusion-title-2 fusion-sep-none fusion-title-text fusion-title-size-one\"><h1 class=\"fusion-title-heading title-heading-left fusion-responsive-typography-calculated\" style=\"margin:0;--fontSize:34;line-height:1.4;\">Varainkeruu<\/h1><\/div><div class=\"fusion-text fusion-text-2\"><p>Voit tukea yhdistyksen toimintaa lahjoittamalla varoja joko yksitt\u00e4isin\u00e4 lahjoituksina tai s\u00e4\u00e4nn\u00f6llisen\u00e4 kuukausilahjoituksena. Jokainen voi osallistua t\u00e4h\u00e4nkin varainhankintamuotoon itselleen sopivalla tavalla, pienikin lahjoitus on t\u00e4rke\u00e4 ja auttaa yhdistyst\u00e4. Jos s\u00e4\u00e4nn\u00f6llisi\u00e4 lahjoituksia kertyy riitt\u00e4v\u00e4sti, pysyy ty\u00f6m\u00e4\u00e4r\u00e4 muissa varainhankinnan ty\u00f6muodoissa kohtuullisena.<\/p>\n<p>Lahjoituksia voi tehd\u00e4 Lapin poliisilaitoksen alueella suoraan yhdistyksen tilille verkkopankin kautta.<\/p>\n<p><strong>Verkkomaksun tiedot:<\/strong><br \/>\n<strong>Saaja: Tornion rauhanyhdistys ry<\/strong><br \/>\n<strong>Tilinumero: FI72 5475 0040 0319 03<\/strong><br \/>\n<strong>Viitenumero: 20200<\/strong><br \/>\n<strong>Summa: merkitse haluamasi lahjoitussumma<\/strong><br \/>\n<strong>Er\u00e4p\u00e4iv\u00e4: merkitse haluamasi er\u00e4p\u00e4iv\u00e4<\/strong><br \/>\nMaksaessasi verkkopankissa voit merkit\u00e4 maksun automaattiseksi kuukausiveloitukseksi. N\u00e4in helpotat omaa urakkaasi erilaisten asioiden muistamisessa.<\/p>\n<p><strong>Rahanker\u00e4ysluvan tiedot:<\/strong><br \/>\n<strong>Luvan saaja: Tornion rauhanyhdistys ry<\/strong><br \/>\n<strong>Luvan my\u00f6nt\u00e4j\u00e4: Lapin poliisilaitos<\/strong><br \/>\n<strong>Ker\u00e4yksen toimeenpanoalue: Lapin poliisilaitoksen alue<\/strong><br \/>\n<strong>Ker\u00e4ysluvan voimassaolo: toistaiseksi<\/strong><\/p>\n<p>Ker\u00e4tt\u00e4vien varojen k\u00e4ytt\u00f6tarkoitus: yhdistyksen toiminnan tukeminen, toimitalon k\u00e4ytt\u00f6- ja yll\u00e4pitokustannukset<\/p>\n<\/div><div class=\"fusion-clearfix\"><\/div><\/div><\/div><\/div><\/div><div class=\"fusion-fullwidth fullwidth-box fusion-builder-row-3 nonhundred-percent-fullwidth non-hundred-percent-height-scrolling\" style=\"--awb-border-radius-top-left:0px;--awb-border-radius-top-right:0px;--awb-border-radius-bottom-right:0px;--awb-border-radius-bottom-left:0px;--awb-padding-top:30px;--awb-background-color:rgba(81,111,87,0.4);--awb-flex-wrap:wrap;\" ><div class=\"fusion-builder-row fusion-row\"><div class=\"fusion-layout-column fusion_builder_column fusion-builder-column-2 fusion_builder_column_1_2 1_2 fusion-one-half fusion-column-first\" style=\"--awb-bg-size:cover;--awb-border-color:rgba(81,111,87,0.51);--awb-border-top:0;--awb-border-right:0;--awb-border-bottom:0;--awb-border-left:0;--awb-border-style:solid;width:50%;width:calc(50% - ( ( 4% ) * 0.5 ) );margin-right: 4%;\"><div class=\"fusion-column-wrapper fusion-column-has-shadow fusion-flex-column-wrapper-legacy\"><div class=\"fusion-title title fusion-title-3 fusion-sep-none fusion-title-text fusion-title-size-one\"><h1 class=\"fusion-title-heading title-heading-left fusion-responsive-typography-calculated\" style=\"margin:0;--fontSize:34;line-height:1.4;\">Tulevat tapahtumat<\/h1><\/div><div class=\"fusion-text fusion-text-3\"><table class=\"intra\" data-id=\"23\" data-amount=\"10\" data-features=\"video\"><\/table>\n\n<p><a href=\"https:\/\/paivitys.rauhanyhdistys.fi\/tornio\/toimintakalenteri\/toimintakalenteri-mobiili\/\">katso lis\u00e4\u00e4 toimintakalenterista<\/a><\/p>\n<\/div><div class=\"fusion-clearfix\"><\/div><\/div><\/div><div class=\"fusion-layout-column fusion_builder_column fusion-builder-column-3 fusion_builder_column_1_2 1_2 fusion-one-half fusion-column-last\" style=\"--awb-bg-size:cover;width:50%;width:calc(50% - ( ( 4% ) * 0.5 ) );\"><div class=\"fusion-column-wrapper fusion-flex-column-wrapper-legacy\"><div class=\"fusion-title title fusion-title-4 fusion-sep-none fusion-title-text fusion-title-size-one\"><h1 class=\"fusion-title-heading title-heading-left fusion-responsive-typography-calculated\" style=\"margin:0;--fontSize:34;line-height:1.4;\">Ranuan opiston kurssit<\/h1><\/div><div class=\"fusion-text fusion-text-4\"><table class=\"kurle\" data-id=\"3\" data-amount=\"5\"><\/table>\n<\/div><div class=\"fusion-text fusion-text-5\"><p><a href=\"https:\/\/leirille.fi\/kurssi\/ranua\/\">Lis\u00e4\u00e4 kursseja<\/a><\/p>\n<\/div><div class=\"fusion-clearfix\"><\/div><\/div><\/div><\/div><\/div><\/p>\n","protected":false},"excerpt":{"rendered":"","protected":false},"author":1,"featured_media":0,"parent":0,"menu_order":0,"comment_status":"closed","ping_status":"closed","template":"100-width.php","meta":{"footnotes":""},"class_list":["post-13","page","type-page","status-publish","hentry"],"_links":{"self":[{"href":"https:\/\/paivitys.rauhanyhdistys.fi\/tornio\/wp-json\/wp\/v2\/pages\/13","targetHints":{"allow":["GET"]}}],"collection":[{"href":"https:\/\/paivitys.rauhanyhdistys.fi\/tornio\/wp-json\/wp\/v2\/pages"}],"about":[{"href":"https:\/\/paivitys.rauhanyhdistys.fi\/tornio\/wp-json\/wp\/v2\/types\/page"}],"author":[{"embeddable":true,"href":"https:\/\/paivitys.rauhanyhdistys.fi\/tornio\/wp-json\/wp\/v2\/users\/1"}],"replies":[{"embeddable":true,"href":"https:\/\/paivitys.rauhanyhdistys.fi\/tornio\/wp-json\/wp\/v2\/comments?post=13"}],"version-history":[{"count":140,"href":"https:\/\/paivitys.rauhanyhdistys.fi\/tornio\/wp-json\/wp\/v2\/pages\/13\/revisions"}],"predecessor-version":[{"id":966,"href":"https:\/\/paivitys.rauhanyhdistys.fi\/tornio\/wp-json\/wp\/v2\/pages\/13\/revisions\/966"}],"wp:attachment":[{"href":"https:\/\/paivitys.rauhanyhdistys.fi\/tornio\/wp-json\/wp\/v2\/media?parent=13"}],"curies":[{"name":"wp","href":"https:\/\/api.w.org\/{rel}","templated":true}]}}