{"id":11,"date":"2017-12-13T14:06:03","date_gmt":"2017-12-13T12:06:03","guid":{"rendered":"http:\/\/34.242.2.69\/esimerkkiry\/?page_id=11"},"modified":"2026-01-28T09:41:45","modified_gmt":"2026-01-28T07:41:45","slug":"toimintakalenteri-mobiili","status":"publish","type":"page","link":"https:\/\/paivitys.rauhanyhdistys.fi\/tornio\/toimintakalenteri-mobiili\/","title":{"rendered":"Toimintakalenteri mobiili"},"content":{"rendered":"<div class=\"fusion-fullwidth fullwidth-box fusion-builder-row-1 nonhundred-percent-fullwidth non-hundred-percent-height-scrolling\" style=\"--awb-border-radius-top-left:0px;--awb-border-radius-top-right:0px;--awb-border-radius-bottom-right:0px;--awb-border-radius-bottom-left:0px;--awb-flex-wrap:wrap;\" ><div class=\"fusion-builder-row fusion-row\"><div class=\"fusion-layout-column fusion_builder_column fusion-builder-column-0 fusion_builder_column_1_1 1_1 fusion-one-full fusion-column-first fusion-column-last\" style=\"--awb-bg-size:cover;\"><div class=\"fusion-column-wrapper fusion-flex-column-wrapper-legacy\"><div class=\"fusion-title title fusion-title-1 fusion-sep-none fusion-title-text fusion-title-size-one\"><h1 class=\"fusion-title-heading title-heading-left fusion-responsive-typography-calculated\" style=\"margin:0;--fontSize:34;line-height:1.4;\">Tulevat tapahtumat<\/h1><\/div><div class=\"fusion-text fusion-text-1\"><p>Tornion rauhanyhdistyksen toimintakalenteri.<\/p>\n<p>Seurat ovat kuunneltavissa my\u00f6s n\u00e4iden nettisivujen nettiradiosta sunnuntaisin alkaen klo 16. (ei kes\u00e4seuraradion aikaan)<\/p>\n<p><span style=\"color: #000000;\">Huomioithan, ett\u00e4 toimintakalenteri p\u00e4ivitt\u00e4\u00e4 kellonajan automaattisesti maan aikavy\u00f6hykkeeseen eli kalenterissa kellonajat n\u00e4kyv\u00e4t suomalaisessa verkossa Suomen aikavy\u00f6hykkeen mukaisesti ja ruotsalaisessa verkossa Ruotsin aikavy\u00f6hykkeen mukaisesti.<\/span><\/p>\n<\/div><div class=\"fusion-text fusion-text-2\"><table class=\"intra\" data-id=\"23\" data-amount=\"100\" data-features=\"video\"><\/table>\n\n<\/div><div class=\"fusion-clearfix\"><\/div><\/div><\/div><\/div><\/div>\n","protected":false},"excerpt":{"rendered":"","protected":false},"author":1,"featured_media":0,"parent":0,"menu_order":0,"comment_status":"closed","ping_status":"closed","template":"","meta":{"footnotes":""},"class_list":["post-11","page","type-page","status-publish","hentry"],"_links":{"self":[{"href":"https:\/\/paivitys.rauhanyhdistys.fi\/tornio\/wp-json\/wp\/v2\/pages\/11","targetHints":{"allow":["GET"]}}],"collection":[{"href":"https:\/\/paivitys.rauhanyhdistys.fi\/tornio\/wp-json\/wp\/v2\/pages"}],"about":[{"href":"https:\/\/paivitys.rauhanyhdistys.fi\/tornio\/wp-json\/wp\/v2\/types\/page"}],"author":[{"embeddable":true,"href":"https:\/\/paivitys.rauhanyhdistys.fi\/tornio\/wp-json\/wp\/v2\/users\/1"}],"replies":[{"embeddable":true,"href":"https:\/\/paivitys.rauhanyhdistys.fi\/tornio\/wp-json\/wp\/v2\/comments?post=11"}],"version-history":[{"count":54,"href":"https:\/\/paivitys.rauhanyhdistys.fi\/tornio\/wp-json\/wp\/v2\/pages\/11\/revisions"}],"predecessor-version":[{"id":961,"href":"https:\/\/paivitys.rauhanyhdistys.fi\/tornio\/wp-json\/wp\/v2\/pages\/11\/revisions\/961"}],"wp:attachment":[{"href":"https:\/\/paivitys.rauhanyhdistys.fi\/tornio\/wp-json\/wp\/v2\/media?parent=11"}],"curies":[{"name":"wp","href":"https:\/\/api.w.org\/{rel}","templated":true}]}}