{"id":11,"date":"2017-12-13T14:06:03","date_gmt":"2017-12-13T12:06:03","guid":{"rendered":"http:\/\/34.242.2.69\/toholampi\/?page_id=11"},"modified":"2025-08-26T12:24:59","modified_gmt":"2025-08-26T09:24:59","slug":"toimintakalenteri","status":"publish","type":"page","link":"https:\/\/paivitys.rauhanyhdistys.fi\/toholampi\/toimintakalenteri\/","title":{"rendered":"Toimintakalenteri"},"content":{"rendered":"<p><div class=\"fusion-fullwidth fullwidth-box fusion-builder-row-1 nonhundred-percent-fullwidth non-hundred-percent-height-scrolling fusion-no-small-visibility\" style=\"--awb-border-radius-top-left:0px;--awb-border-radius-top-right:0px;--awb-border-radius-bottom-right:0px;--awb-border-radius-bottom-left:0px;--awb-flex-wrap:wrap;\" ><div class=\"fusion-builder-row fusion-row\"><div class=\"fusion-layout-column fusion_builder_column fusion-builder-column-0 fusion_builder_column_1_1 1_1 fusion-one-full fusion-column-first fusion-column-last\" style=\"--awb-bg-size:cover;\"><div class=\"fusion-column-wrapper fusion-flex-column-wrapper-legacy\"><div class=\"fusion-button-wrapper\"><a class=\"fusion-button button-flat fusion-button-default-size button-default fusion-button-default button-1 fusion-button-default-span fusion-button-default-type\" target=\"_blank\" rel=\"noopener noreferrer\" href=\"https:\/\/intra.srk.fi\/54\/user\/list\/\"><span class=\"fusion-button-text awb-button__text awb-button__text--default\">Ty\u00f6vuorohaku<\/span><\/a><\/div><div class=\"fusion-button-wrapper\"><a class=\"fusion-button button-flat fusion-button-default-size button-default fusion-button-default button-2 fusion-button-default-span fusion-button-default-type\" target=\"_blank\" rel=\"noopener noreferrer\" href=\"https:\/\/intra.srk.fi\/54\/documents\/group_56556\/\"><span class=\"fusion-button-text awb-button__text awb-button__text--default\">Ty\u00f6vuorolistat<\/span><\/a><\/div><table class=\"intra\" data-id=\"54\" data-amount=\"100\" data-features=\"puhuja,table,audio,video\"><\/table>\n<div class=\"fusion-modal modal fade modal-1 Test\" tabindex=\"-1\" role=\"dialog\" aria-labelledby=\"modal-heading-1\" aria-hidden=\"true\" style=\"--awb-border-color:#ebebeb;--awb-background:#f6f6f6;\"><div class=\"modal-dialog modal-sm\" role=\"document\"><div class=\"modal-content fusion-modal-content\"><div class=\"modal-header\"><button class=\"close\" type=\"button\" data-dismiss=\"modal\" aria-hidden=\"true\" aria-label=\"Close\">&times;<\/button><h3 class=\"modal-title\" id=\"modal-heading-1\" data-dismiss=\"modal\" aria-hidden=\"true\">Your Content Goes Here<\/h3><\/div><div class=\"modal-body fusion-clearfix\">\n<p><a href=\"http:\/\/paivitys.rauhanyhdistys.fi\/toholampi\/wp-content\/uploads\/sites\/65\/2019\/09\/is\u00e4nn\u00e4t-s\u00e4est\u00e4j\u00e4t.pdf\">is\u00e4nn\u00e4t-s\u00e4est\u00e4j\u00e4t<\/a><\/p>\n<\/div><div class=\"modal-footer\"><button class=\"fusion-button button-default button-medium button default medium\" type=\"button\" data-dismiss=\"modal\">Close<\/button><\/div><\/div><\/div><\/div><div class=\"fusion-clearfix\"><\/div><\/div><\/div><\/div><\/div><div class=\"fusion-fullwidth fullwidth-box fusion-builder-row-2 nonhundred-percent-fullwidth non-hundred-percent-height-scrolling fusion-no-medium-visibility fusion-no-large-visibility\" style=\"--awb-border-radius-top-left:0px;--awb-border-radius-top-right:0px;--awb-border-radius-bottom-right:0px;--awb-border-radius-bottom-left:0px;--awb-flex-wrap:wrap;\" ><div class=\"fusion-builder-row fusion-row\"><div class=\"fusion-layout-column fusion_builder_column fusion-builder-column-1 fusion_builder_column_1_1 1_1 fusion-one-full fusion-column-first fusion-column-last\" style=\"--awb-bg-size:cover;\"><div class=\"fusion-column-wrapper fusion-flex-column-wrapper-legacy\"><div class=\"fusion-button-wrapper\"><a class=\"fusion-button button-flat fusion-button-default-size button-default fusion-button-default button-3 fusion-button-default-span fusion-button-default-type\" target=\"_blank\" rel=\"noopener noreferrer\" href=\"https:\/\/intra.srk.fi\/54\/user\/list\/\"><span class=\"fusion-button-text awb-button__text awb-button__text--default\">Ty\u00f6vuorohaku<\/span><\/a><\/div><div class=\"fusion-button-wrapper\"><a class=\"fusion-button button-flat fusion-button-default-size button-default fusion-button-default button-4 fusion-button-default-span fusion-button-default-type\" target=\"_blank\" rel=\"noopener noreferrer\" href=\"https:\/\/intra.srk.fi\/54\/documents\/group_56556\/\"><span class=\"fusion-button-text awb-button__text awb-button__text--default\">Ty\u00f6vuorolistat<\/span><\/a><\/div><table class=\"intra\" data-id=\"54\" data-amount=\"100\" data-features=\"audio,video\"><\/table>\n<div class=\"fusion-clearfix\"><\/div><\/div><\/div><\/div><\/div><\/p>\n","protected":false},"excerpt":{"rendered":"","protected":false},"author":1,"featured_media":0,"parent":0,"menu_order":0,"comment_status":"closed","ping_status":"closed","template":"","meta":{"footnotes":""},"class_list":["post-11","page","type-page","status-publish","hentry"],"_links":{"self":[{"href":"https:\/\/paivitys.rauhanyhdistys.fi\/toholampi\/wp-json\/wp\/v2\/pages\/11","targetHints":{"allow":["GET"]}}],"collection":[{"href":"https:\/\/paivitys.rauhanyhdistys.fi\/toholampi\/wp-json\/wp\/v2\/pages"}],"about":[{"href":"https:\/\/paivitys.rauhanyhdistys.fi\/toholampi\/wp-json\/wp\/v2\/types\/page"}],"author":[{"embeddable":true,"href":"https:\/\/paivitys.rauhanyhdistys.fi\/toholampi\/wp-json\/wp\/v2\/users\/1"}],"replies":[{"embeddable":true,"href":"https:\/\/paivitys.rauhanyhdistys.fi\/toholampi\/wp-json\/wp\/v2\/comments?post=11"}],"version-history":[{"count":142,"href":"https:\/\/paivitys.rauhanyhdistys.fi\/toholampi\/wp-json\/wp\/v2\/pages\/11\/revisions"}],"predecessor-version":[{"id":366,"href":"https:\/\/paivitys.rauhanyhdistys.fi\/toholampi\/wp-json\/wp\/v2\/pages\/11\/revisions\/366"}],"wp:attachment":[{"href":"https:\/\/paivitys.rauhanyhdistys.fi\/toholampi\/wp-json\/wp\/v2\/media?parent=11"}],"curies":[{"name":"wp","href":"https:\/\/api.w.org\/{rel}","templated":true}]}}