{"id":219,"date":"2025-01-01T13:13:20","date_gmt":"2025-01-01T11:13:20","guid":{"rendered":"https:\/\/paivitys.rauhanyhdistys.fi\/taivalkoski\/?page_id=219"},"modified":"2025-01-03T07:36:14","modified_gmt":"2025-01-03T05:36:14","slug":"lahjoita","status":"publish","type":"page","link":"https:\/\/paivitys.rauhanyhdistys.fi\/taivalkoski\/lahjoita\/","title":{"rendered":"Lahjoita"},"content":{"rendered":"<div class=\"fusion-fullwidth fullwidth-box fusion-builder-row-1 fusion-flex-container nonhundred-percent-fullwidth non-hundred-percent-height-scrolling\" style=\"--awb-border-radius-top-left:0px;--awb-border-radius-top-right:0px;--awb-border-radius-bottom-right:0px;--awb-border-radius-bottom-left:0px;--awb-flex-wrap:wrap;\" ><div class=\"fusion-builder-row fusion-row fusion-flex-align-items-flex-start fusion-flex-content-wrap\" style=\"max-width:1144px;margin-left: calc(-4% \/ 2 );margin-right: calc(-4% \/ 2 );\"><div class=\"fusion-layout-column fusion_builder_column fusion-builder-column-0 fusion_builder_column_1_1 1_1 fusion-flex-column\" style=\"--awb-bg-blend:overlay;--awb-bg-size:cover;--awb-width-large:100%;--awb-margin-top-large:0px;--awb-spacing-right-large:1.92%;--awb-margin-bottom-large:0px;--awb-spacing-left-large:1.92%;--awb-width-medium:100%;--awb-spacing-right-medium:1.92%;--awb-spacing-left-medium:1.92%;--awb-width-small:100%;--awb-spacing-right-small:1.92%;--awb-spacing-left-small:1.92%;\"><div class=\"fusion-column-wrapper fusion-flex-justify-content-flex-start fusion-content-layout-column\"><div class=\"fusion-title title fusion-title-1 fusion-sep-none fusion-title-text fusion-title-size-one\"><h1 class=\"fusion-title-heading title-heading-left fusion-responsive-typography-calculated\" style=\"margin:0;--fontSize:34;line-height:1.4;\">Lahjoita<\/h1><\/div><div class=\"fusion-text fusion-text-1\"><h3 data-fontsize=\"16\" style=\"--fontSize: 16;line-height: 1.5;--minFontSize: 16\" data-lineheight=\"24px\" class=\"fusion-responsive-typography-calculated\"><\/h3>\n<p><span style=\"color: var(--awb-text-color);font-family: var(--awb-text-font-family);font-size: var(--awb-font-size);font-style: var(--awb-text-font-style);font-weight: var(--awb-text-font-weight);letter-spacing: var(--awb-letter-spacing);text-align: var(--awb-content-alignment);text-transform: var(--awb-text-transform);background-color: var(--awb-bg-color-hover)\">Voit tukea Taivalkosken Rauhanyhdistys Ry:n toimintaa lahjoituksella.<\/span><\/p>\n<p>Rahanker\u00e4ystili FI5454550720077121<\/p>\n<p>MobilePay-numero 10928<\/p>\n<p>Poliisihallitus on my\u00f6nt\u00e4nyt Taivalkosken Rauhanyhdistys Ry:lle rahanker\u00e4ysluvan numero RA\/2024\/1797.<\/p>\n<p>Rahanker\u00e4yksen k\u00e4ytt\u00f6tarkoitus:<\/p>\n<p>\u201dKer\u00e4tyt varat k\u00e4ytet\u00e4\u00e4n yhdistyksen kiinteist\u00f6n yll\u00e4pidosta johtuvien kiinteiden kulujen kattamiseen, kiinteist\u00f6n rakennusten kunnossapitoon, korjauksiin ja huoltoon sek\u00e4 koneiden ja kaluston korjauksiin ja huoltoon. Kiinteist\u00f6n yll\u00e4pidosta johtuvia kiinteit\u00e4 kustannuksia ovat esim. s\u00e4hk\u00f6, j\u00e4tehuolto, vesi- ja j\u00e4tevesi, ulkoalueiden hoito- ja lumity\u00f6t sek\u00e4 kiinteist\u00f6n ja kaluston t\u00e4ysarvovakuutukset. Ker\u00e4ttyj\u00e4 varoja voidaan k\u00e4ytt\u00e4\u00e4 edell\u00e4 mainittuihin kuluihin silt\u00e4 osin kuin kulut kohdistuvat rauhanyhdistyksen yksinomaan yleishy\u00f6dyllisen toiminnan toteuttamiseen.\u201d (Poliisin lupap\u00e4\u00e4t\u00f6s RA\/2024\/1797)<\/p>\n<\/div><\/div><\/div><\/div><\/div>\n","protected":false},"excerpt":{"rendered":"","protected":false},"author":195,"featured_media":0,"parent":0,"menu_order":0,"comment_status":"closed","ping_status":"closed","template":"","meta":{"footnotes":""},"class_list":["post-219","page","type-page","status-publish","hentry"],"_links":{"self":[{"href":"https:\/\/paivitys.rauhanyhdistys.fi\/taivalkoski\/wp-json\/wp\/v2\/pages\/219","targetHints":{"allow":["GET"]}}],"collection":[{"href":"https:\/\/paivitys.rauhanyhdistys.fi\/taivalkoski\/wp-json\/wp\/v2\/pages"}],"about":[{"href":"https:\/\/paivitys.rauhanyhdistys.fi\/taivalkoski\/wp-json\/wp\/v2\/types\/page"}],"author":[{"embeddable":true,"href":"https:\/\/paivitys.rauhanyhdistys.fi\/taivalkoski\/wp-json\/wp\/v2\/users\/195"}],"replies":[{"embeddable":true,"href":"https:\/\/paivitys.rauhanyhdistys.fi\/taivalkoski\/wp-json\/wp\/v2\/comments?post=219"}],"version-history":[{"count":5,"href":"https:\/\/paivitys.rauhanyhdistys.fi\/taivalkoski\/wp-json\/wp\/v2\/pages\/219\/revisions"}],"predecessor-version":[{"id":232,"href":"https:\/\/paivitys.rauhanyhdistys.fi\/taivalkoski\/wp-json\/wp\/v2\/pages\/219\/revisions\/232"}],"wp:attachment":[{"href":"https:\/\/paivitys.rauhanyhdistys.fi\/taivalkoski\/wp-json\/wp\/v2\/media?parent=219"}],"curies":[{"name":"wp","href":"https:\/\/api.w.org\/{rel}","templated":true}]}}