{"id":151,"date":"2021-12-10T14:48:11","date_gmt":"2021-12-10T12:48:11","guid":{"rendered":"https:\/\/paivitys.rauhanyhdistys.fi\/taivalkoski\/?page_id=151"},"modified":"2025-01-03T07:38:37","modified_gmt":"2025-01-03T05:38:37","slug":"nettiradio","status":"publish","type":"page","link":"https:\/\/paivitys.rauhanyhdistys.fi\/taivalkoski\/nettiradio\/","title":{"rendered":"Nettiradio"},"content":{"rendered":"<div class=\"fusion-fullwidth fullwidth-box fusion-builder-row-1 fusion-flex-container nonhundred-percent-fullwidth non-hundred-percent-height-scrolling\" style=\"--awb-border-radius-top-left:0px;--awb-border-radius-top-right:0px;--awb-border-radius-bottom-right:0px;--awb-border-radius-bottom-left:0px;--awb-flex-wrap:wrap;\" ><div class=\"fusion-builder-row fusion-row fusion-flex-align-items-flex-start fusion-flex-content-wrap\" style=\"max-width:1144px;margin-left: calc(-4% \/ 2 );margin-right: calc(-4% \/ 2 );\"><div class=\"fusion-layout-column fusion_builder_column fusion-builder-column-0 fusion_builder_column_1_1 1_1 fusion-flex-column\" style=\"--awb-bg-size:cover;--awb-width-large:100%;--awb-margin-top-large:0px;--awb-spacing-right-large:1.92%;--awb-margin-bottom-large:20px;--awb-spacing-left-large:1.92%;--awb-width-medium:100%;--awb-order-medium:0;--awb-spacing-right-medium:1.92%;--awb-spacing-left-medium:1.92%;--awb-width-small:100%;--awb-order-small:0;--awb-spacing-right-small:1.92%;--awb-spacing-left-small:1.92%;\"><div class=\"fusion-column-wrapper fusion-column-has-shadow fusion-flex-justify-content-flex-start fusion-content-layout-column\"><div class=\"fusion-text fusion-text-1\"><h1>Nettiradio<\/h1>\n<p>Kuuntele Taivalkosken rauhanyhdistyksen tilaisuuksia alla olevalla soittimella, <a href=\"https:\/\/nettiradio.srk.fi:8443\/taivalkoski.mp3\">t\u00e4st\u00e4<\/a>, tai sy\u00f6t\u00e4 osoite http:\/\/nettiradio.srk.fi:8000\/taivalkoski.mp3 haluamaasi soittimeen (esimerkiksi <a href=\"https:\/\/videolan.org\">VLC<\/a>).<\/p>\n<\/div>\n<figure><audio src=\"https:\/\/nettiradio.srk.fi:8443\/taivalkoski.mp3\" controls=\"controls\"><br \/>\nYour browser does not support the<br \/>\n<code>audio<\/code> element.<br \/>\n<\/audio><\/figure>\n<div class=\"fusion-text fusion-text-2\"><p>Huomaathan, ett\u00e4 toistaminen on mahdollista vain silloin kun nettiradiol\u00e4hetys on k\u00e4ynniss\u00e4!<\/p>\n<p><b>Nettikolehti<\/b> (<a href=\"https:\/\/paivitys.rauhanyhdistys.fi\/taivalkoski\/lahjoita\/\">rahanker\u00e4yslupa RA\/2024\/1797<\/a>)<\/p>\n<ul>\n<li>MobilePay: 10928<\/li>\n<li>Tilisiirto: FI5454550720077121<\/li>\n<\/ul>\n<\/div><\/div><\/div><\/div><\/div>\n","protected":false},"excerpt":{"rendered":"","protected":false},"author":170,"featured_media":0,"parent":0,"menu_order":0,"comment_status":"closed","ping_status":"closed","template":"","meta":{"footnotes":""},"class_list":["post-151","page","type-page","status-publish","hentry"],"_links":{"self":[{"href":"https:\/\/paivitys.rauhanyhdistys.fi\/taivalkoski\/wp-json\/wp\/v2\/pages\/151","targetHints":{"allow":["GET"]}}],"collection":[{"href":"https:\/\/paivitys.rauhanyhdistys.fi\/taivalkoski\/wp-json\/wp\/v2\/pages"}],"about":[{"href":"https:\/\/paivitys.rauhanyhdistys.fi\/taivalkoski\/wp-json\/wp\/v2\/types\/page"}],"author":[{"embeddable":true,"href":"https:\/\/paivitys.rauhanyhdistys.fi\/taivalkoski\/wp-json\/wp\/v2\/users\/170"}],"replies":[{"embeddable":true,"href":"https:\/\/paivitys.rauhanyhdistys.fi\/taivalkoski\/wp-json\/wp\/v2\/comments?post=151"}],"version-history":[{"count":28,"href":"https:\/\/paivitys.rauhanyhdistys.fi\/taivalkoski\/wp-json\/wp\/v2\/pages\/151\/revisions"}],"predecessor-version":[{"id":233,"href":"https:\/\/paivitys.rauhanyhdistys.fi\/taivalkoski\/wp-json\/wp\/v2\/pages\/151\/revisions\/233"}],"wp:attachment":[{"href":"https:\/\/paivitys.rauhanyhdistys.fi\/taivalkoski\/wp-json\/wp\/v2\/media?parent=151"}],"curies":[{"name":"wp","href":"https:\/\/api.w.org\/{rel}","templated":true}]}}