{"id":131,"date":"2019-02-03T12:32:48","date_gmt":"2019-02-03T10:32:48","guid":{"rendered":"http:\/\/paivitys.rauhanyhdistys.fi\/seinajoki\/?page_id=131"},"modified":"2023-10-04T20:42:34","modified_gmt":"2023-10-04T17:42:34","slug":"lahjoita","status":"publish","type":"page","link":"https:\/\/paivitys.rauhanyhdistys.fi\/seinajoki\/lahjoita\/","title":{"rendered":"Lahjoita"},"content":{"rendered":"<div class=\"fusion-fullwidth fullwidth-box fusion-builder-row-1 nonhundred-percent-fullwidth non-hundred-percent-height-scrolling\" style=\"--awb-border-radius-top-left:0px;--awb-border-radius-top-right:0px;--awb-border-radius-bottom-right:0px;--awb-border-radius-bottom-left:0px;--awb-flex-wrap:wrap;\" ><div class=\"fusion-builder-row fusion-row\"><div class=\"fusion-layout-column fusion_builder_column fusion-builder-column-0 fusion_builder_column_1_1 1_1 fusion-one-full fusion-column-first fusion-column-last\" style=\"--awb-bg-size:cover;\"><div class=\"fusion-column-wrapper fusion-flex-column-wrapper-legacy\"><div class=\"fusion-text fusion-text-1\"><p>Voit tukea Sein\u00e4joen Rauhanyhdistys ry:n toimintaa rahalahjoituksella. Rahan lahjoittaminen on mahdollista tilisiirrolla tai <a href=\"https:\/\/mobilepay.fi\/Yrityksille\/Maksulinkki\/maksulinkki-vastaus?phone=76261\" target=\"_blank\" rel=\"noopener noreferrer\">MobilePay<\/a>-palvelun kautta.<\/p>\n<p>Rahanker\u00e4ysluvan RA\/2023\/375 tarkemmat tiedot l\u00f6ytyv\u00e4t sivun alareunasta.<\/p>\n<\/div><div class=\"fusion-clearfix\"><\/div><\/div><\/div><div class=\"fusion-layout-column fusion_builder_column fusion-builder-column-1 fusion_builder_column_1_2 1_2 fusion-one-half fusion-column-first\" style=\"--awb-bg-size:cover;width:50%;width:calc(50% - ( ( 4% ) * 0.5 ) );margin-right: 4%;\"><div class=\"fusion-column-wrapper fusion-flex-column-wrapper-legacy\"><div class=\"fusion-title title fusion-title-1 fusion-sep-none fusion-title-text fusion-title-size-one\"><h1 class=\"fusion-title-heading title-heading-left fusion-responsive-typography-calculated\" style=\"margin:0;--fontSize:34;line-height:1.4;\">Tilisiirto<\/h1><\/div><div class=\"fusion-text fusion-text-2\"><p>Sein\u00e4joen Rauhanyhdistyksen varainhoidon ker\u00e4ystilille:<\/p>\n<p>FI09 5071 0020 0786 90<\/p>\n<p>Viitenumero: 1009<\/p>\n<p>Halutessasi voit tehd\u00e4 t\u00e4st\u00e4 kuukausittain toistuvan maksun.<\/p>\n<\/div><div class=\"fusion-clearfix\"><\/div><\/div><\/div><div class=\"fusion-layout-column fusion_builder_column fusion-builder-column-2 fusion_builder_column_1_2 1_2 fusion-one-half fusion-column-last\" style=\"--awb-bg-size:cover;width:50%;width:calc(50% - ( ( 4% ) * 0.5 ) );\"><div class=\"fusion-column-wrapper fusion-flex-column-wrapper-legacy\"><div class=\"fusion-title title fusion-title-2 fusion-sep-none fusion-title-text fusion-title-size-one\"><h1 class=\"fusion-title-heading title-heading-left fusion-responsive-typography-calculated\" style=\"margin:0;--fontSize:34;line-height:1.4;\">MobilePay<\/h1><\/div><div class=\"fusion-text fusion-text-3\"><p>MobilePay-lyhytnumero <a href=\"https:\/\/mobilepay.fi\/fi-fi\/pages\/pay.aspx?phone=0035876261\" target=\"_blank\" rel=\"noopener noreferrer\">76261<\/a><\/p>\n<p><img decoding=\"async\" class=\"alignnone size-medium wp-image-135\" src=\"https:\/\/paivitys.rauhanyhdistys.fi\/seinajoki\/wp-content\/uploads\/sites\/61\/2019\/02\/Lahjoitukset-300x300.png\" alt=\"\" width=\"300\" height=\"300\" srcset=\"https:\/\/paivitys.rauhanyhdistys.fi\/seinajoki\/wp-content\/uploads\/sites\/61\/2019\/02\/Lahjoitukset-66x66.png 66w, https:\/\/paivitys.rauhanyhdistys.fi\/seinajoki\/wp-content\/uploads\/sites\/61\/2019\/02\/Lahjoitukset-150x150.png 150w, https:\/\/paivitys.rauhanyhdistys.fi\/seinajoki\/wp-content\/uploads\/sites\/61\/2019\/02\/Lahjoitukset-200x200.png 200w, https:\/\/paivitys.rauhanyhdistys.fi\/seinajoki\/wp-content\/uploads\/sites\/61\/2019\/02\/Lahjoitukset-300x300.png 300w, https:\/\/paivitys.rauhanyhdistys.fi\/seinajoki\/wp-content\/uploads\/sites\/61\/2019\/02\/Lahjoitukset-400x400.png 400w, https:\/\/paivitys.rauhanyhdistys.fi\/seinajoki\/wp-content\/uploads\/sites\/61\/2019\/02\/Lahjoitukset-600x600.png 600w, https:\/\/paivitys.rauhanyhdistys.fi\/seinajoki\/wp-content\/uploads\/sites\/61\/2019\/02\/Lahjoitukset.png 686w\" sizes=\"(max-width: 300px) 100vw, 300px\" \/><\/p>\n<p>MobilePay-sovelluksen voit asentaa k\u00e4nnykk\u00e4\u00e4si\u00a0<a href=\"https:\/\/play.google.com\/store\/apps\/details?id=fi.danskebank.mobilepay&amp;hl=fi\" target=\"_blank\" rel=\"noopener noreferrer\">Play Kaupasta<\/a>\u00a0tai<br \/>\n<a href=\"https:\/\/itunes.apple.com\/fi\/app\/mobilepay-fi\/id768172577?l=fi&amp;mt=8\" target=\"_blank\" rel=\"noopener noreferrer\">App Storesta<\/a>. Sovellus sis\u00e4lt\u00e4\u00e4 yksityiskohtaisen k\u00e4yt\u00f6n opastuksen.<\/p>\n<\/div><div class=\"fusion-clearfix\"><\/div><\/div><\/div><div class=\"fusion-layout-column fusion_builder_column fusion-builder-column-3 fusion_builder_column_1_1 1_1 fusion-one-full fusion-column-first fusion-column-last\" style=\"--awb-bg-size:cover;\"><div class=\"fusion-column-wrapper fusion-flex-column-wrapper-legacy\"><div class=\"fusion-title title fusion-title-3 fusion-sep-none fusion-title-text fusion-title-size-one\"><h1 class=\"fusion-title-heading title-heading-left fusion-responsive-typography-calculated\" style=\"margin:0;--fontSize:34;line-height:1.4;\">Rahanker\u00e4ysluvan tiedot<\/h1><\/div><div class=\"fusion-text fusion-text-4\"><p>1) Rahanker\u00e4ysluvan saaja: Sein\u00e4joen Rauhanyhdistys ry (0276525-0), Simunantie 9, 60200 Sein\u00e4joki<\/p>\n<p>2) Rahanker\u00e4ysluvan my\u00f6nt\u00e4j\u00e4: Poliisihallitus<\/p>\n<p>3) Luvan numero ja my\u00f6nt\u00e4misajankohta: RA\/2023\/375, my\u00f6nnetty 24.3.2023<\/p>\n<p>4) Ker\u00e4yksen toimeenpanoaika: 24.3.2023 alkaen toistaiseksi<\/p>\n<p>5) Ker\u00e4yksen toimeenpanoalue: Koko maa<\/p>\n<p>6) Ker\u00e4tt\u00e4vien varojen k\u00e4ytt\u00f6tarkoitus:<\/p>\n<p style=\"padding-left: 40px\">Varoja tullaan k\u00e4ytt\u00e4m\u00e4\u00e4n yhdistyksen perustoiminnasta aiheutuvien kulujen kattamiseen ja rakennushankkeesta aiheutuneiden lainanhoitokulujen kattamiseen yksinomaan yleishy\u00f6dyllisen toiminnan osalta.<\/p>\n<\/div><div class=\"fusion-clearfix\"><\/div><\/div><\/div><\/div><\/div>\n","protected":false},"excerpt":{"rendered":"","protected":false},"author":124,"featured_media":0,"parent":0,"menu_order":0,"comment_status":"closed","ping_status":"closed","template":"","meta":{"footnotes":""},"class_list":["post-131","page","type-page","status-publish","hentry"],"_links":{"self":[{"href":"https:\/\/paivitys.rauhanyhdistys.fi\/seinajoki\/wp-json\/wp\/v2\/pages\/131","targetHints":{"allow":["GET"]}}],"collection":[{"href":"https:\/\/paivitys.rauhanyhdistys.fi\/seinajoki\/wp-json\/wp\/v2\/pages"}],"about":[{"href":"https:\/\/paivitys.rauhanyhdistys.fi\/seinajoki\/wp-json\/wp\/v2\/types\/page"}],"author":[{"embeddable":true,"href":"https:\/\/paivitys.rauhanyhdistys.fi\/seinajoki\/wp-json\/wp\/v2\/users\/124"}],"replies":[{"embeddable":true,"href":"https:\/\/paivitys.rauhanyhdistys.fi\/seinajoki\/wp-json\/wp\/v2\/comments?post=131"}],"version-history":[{"count":27,"href":"https:\/\/paivitys.rauhanyhdistys.fi\/seinajoki\/wp-json\/wp\/v2\/pages\/131\/revisions"}],"predecessor-version":[{"id":221,"href":"https:\/\/paivitys.rauhanyhdistys.fi\/seinajoki\/wp-json\/wp\/v2\/pages\/131\/revisions\/221"}],"wp:attachment":[{"href":"https:\/\/paivitys.rauhanyhdistys.fi\/seinajoki\/wp-json\/wp\/v2\/media?parent=131"}],"curies":[{"name":"wp","href":"https:\/\/api.w.org\/{rel}","templated":true}]}}