{"id":11,"date":"2017-12-13T14:06:03","date_gmt":"2017-12-13T12:06:03","guid":{"rendered":"http:\/\/34.242.2.69\/seinajoki\/?page_id=11"},"modified":"2026-04-13T11:38:36","modified_gmt":"2026-04-13T08:38:36","slug":"toimintakalenteri","status":"publish","type":"page","link":"https:\/\/paivitys.rauhanyhdistys.fi\/seinajoki\/toimintakalenteri\/","title":{"rendered":"Toimintakalenteri"},"content":{"rendered":"<div class=\"fusion-fullwidth fullwidth-box fusion-builder-row-1 nonhundred-percent-fullwidth non-hundred-percent-height-scrolling\" style=\"--awb-border-radius-top-left:0px;--awb-border-radius-top-right:0px;--awb-border-radius-bottom-right:0px;--awb-border-radius-bottom-left:0px;--awb-flex-wrap:wrap;\" ><div class=\"fusion-builder-row fusion-row\"><div class=\"fusion-layout-column fusion_builder_column fusion-builder-column-0 fusion_builder_column_1_1 1_1 fusion-one-full fusion-column-first fusion-column-last\" style=\"--awb-bg-size:cover;\"><div class=\"fusion-column-wrapper fusion-flex-column-wrapper-legacy\"><div class=\"fusion-title title fusion-title-1 fusion-sep-none fusion-title-text fusion-title-size-one\"><h1 class=\"fusion-title-heading title-heading-left fusion-responsive-typography-calculated\" style=\"margin:0;--fontSize:34;line-height:1.4;\">Toimintakalenteri<\/h1><\/div><div class=\"fusion-text fusion-text-1\"><p>Painetusta toimintakalenterista n\u00e4et tarkemmin eri tapahtumat seuroista, pyh\u00e4kouluista, raamattuluokista, p\u00e4iv\u00e4kerhoista, nuorten toiminnasta, maakunnallisista tapahtumista jne. Toimintakalenteria on saatavilla seurojen aikana kirjamyynnist\u00e4.<\/p>\n<p>Alla olevassa listauksessa \u201dTulevat tapahtumat\u201d on n\u00e4kyvill\u00e4 ja seurattavissa YouTube l\u00e4hetyksin\u00e4 l\u00e4hinn\u00e4 seurat Sein\u00e4joen Rauhanyhdistyksen tiloista l\u00e4hetettyn\u00e4.<\/p>\n<p>Seuroja on kuunneltavissa my\u00f6s muiden rauhanyhdistysten kotisivuilta tai SRK:n saarna-arkistoista, osoitteesta: <a href=\"https:\/\/www.srk.fi\/fi\/\">https:\/\/www.srk.fi\/fi\/<\/a>.<\/p>\n<p>Voit ottaa my\u00f6s KUULE! sovelluksen k\u00e4ytt\u00f6\u00f6n, lis\u00e4tietoja sovelluksesta <a href=\"https:\/\/www.srk.fi\/fi\/viestinta-ja-julkaisut\/julkaisut\/kuule-sovellus\/\">Kuule-sovellus<\/a>.<\/p>\n<\/div><div class=\"fusion-title title fusion-title-2 fusion-sep-none fusion-title-text fusion-title-size-one\"><h1 class=\"fusion-title-heading title-heading-left fusion-responsive-typography-calculated\" style=\"margin:0;--fontSize:34;line-height:1.4;\">Tulevat tapahtumat<\/h1><\/div><div class=\"fusion-text fusion-text-2\"><table class=\"intra\" data-id=\"111\" data-amount=\"100\" data-features=\"video\"><\/table>\n\n<\/div><div class=\"fusion-clearfix\"><\/div><\/div><\/div><\/div><\/div>\n","protected":false},"excerpt":{"rendered":"","protected":false},"author":1,"featured_media":0,"parent":0,"menu_order":0,"comment_status":"closed","ping_status":"closed","template":"","meta":{"footnotes":""},"class_list":["post-11","page","type-page","status-publish","hentry"],"_links":{"self":[{"href":"https:\/\/paivitys.rauhanyhdistys.fi\/seinajoki\/wp-json\/wp\/v2\/pages\/11","targetHints":{"allow":["GET"]}}],"collection":[{"href":"https:\/\/paivitys.rauhanyhdistys.fi\/seinajoki\/wp-json\/wp\/v2\/pages"}],"about":[{"href":"https:\/\/paivitys.rauhanyhdistys.fi\/seinajoki\/wp-json\/wp\/v2\/types\/page"}],"author":[{"embeddable":true,"href":"https:\/\/paivitys.rauhanyhdistys.fi\/seinajoki\/wp-json\/wp\/v2\/users\/1"}],"replies":[{"embeddable":true,"href":"https:\/\/paivitys.rauhanyhdistys.fi\/seinajoki\/wp-json\/wp\/v2\/comments?post=11"}],"version-history":[{"count":27,"href":"https:\/\/paivitys.rauhanyhdistys.fi\/seinajoki\/wp-json\/wp\/v2\/pages\/11\/revisions"}],"predecessor-version":[{"id":310,"href":"https:\/\/paivitys.rauhanyhdistys.fi\/seinajoki\/wp-json\/wp\/v2\/pages\/11\/revisions\/310"}],"wp:attachment":[{"href":"https:\/\/paivitys.rauhanyhdistys.fi\/seinajoki\/wp-json\/wp\/v2\/media?parent=11"}],"curies":[{"name":"wp","href":"https:\/\/api.w.org\/{rel}","templated":true}]}}