{"id":440,"date":"2023-03-23T21:02:53","date_gmt":"2023-03-23T19:02:53","guid":{"rendered":"https:\/\/paivitys.rauhanyhdistys.fi\/rovaniemi\/?page_id=440"},"modified":"2023-05-26T11:55:37","modified_gmt":"2023-05-26T08:55:37","slug":"toiminta-ja-jasenyys","status":"publish","type":"page","link":"https:\/\/paivitys.rauhanyhdistys.fi\/rovaniemi\/toiminta-ja-jasenyys\/","title":{"rendered":"Toiminta ja j\u00e4senyys"},"content":{"rendered":"<div class=\"fusion-fullwidth fullwidth-box fusion-builder-row-1 fusion-flex-container has-pattern-background has-mask-background nonhundred-percent-fullwidth non-hundred-percent-height-scrolling\" style=\"--awb-border-radius-top-left:0px;--awb-border-radius-top-right:0px;--awb-border-radius-bottom-right:0px;--awb-border-radius-bottom-left:0px;--awb-flex-wrap:wrap;\" ><div class=\"fusion-builder-row fusion-row fusion-flex-align-items-flex-start fusion-flex-content-wrap\" style=\"max-width:1144px;margin-left: calc(-4% \/ 2 );margin-right: calc(-4% \/ 2 );\"><div class=\"fusion-layout-column fusion_builder_column fusion-builder-column-0 fusion_builder_column_1_2 1_2 fusion-flex-column\" style=\"--awb-bg-blend:overlay;--awb-bg-size:cover;--awb-width-large:50%;--awb-margin-top-large:0px;--awb-spacing-right-large:3.84%;--awb-margin-bottom-large:20px;--awb-spacing-left-large:3.84%;--awb-width-medium:50%;--awb-spacing-right-medium:3.84%;--awb-spacing-left-medium:3.84%;--awb-width-small:100%;--awb-spacing-right-small:1.92%;--awb-spacing-left-small:1.92%;\"><div class=\"fusion-column-wrapper fusion-flex-justify-content-flex-start fusion-content-layout-column\"><div class=\"fusion-title title fusion-title-1 fusion-sep-none fusion-title-text fusion-title-size-one\"><h1 class=\"fusion-title-heading title-heading-left fusion-responsive-typography-calculated\" style=\"margin:0;--fontSize:34;line-height:1.4;\"><h1 class=\"content-box-heading\">Seurat<\/h1><\/h1><\/div><div class=\"fusion-text fusion-text-1\"><ul>\n<li>Sunnuntaisin Rauhanyhdistyksell\u00e4 klo. 16.00, toinen puhe alkaa aikaisintaan klo 17:30.\n<ul>\n<li>kes\u00e4- ja hein\u00e4kuu klo. 18.00<\/li>\n<\/ul>\n<\/li>\n<li>K<span style=\"line-height: 24px\" data-fusion-font=\"true\">eskiviikkoisin klo. 19.00<\/span><\/li>\n<li><span style=\"line-height: 24px\" data-fusion-font=\"true\">Isot seurat<\/span><\/li>\n<li>Talviseurat tammikuun puolessa v\u00e4liss\u00e4<\/li>\n<li>Marianseurat marianp\u00e4iv\u00e4n\u00e4<\/li>\n<li>Nuoriso- ja seurakuntap\u00e4iv\u00e4t p\u00e4\u00e4si\u00e4isen\u00e4<\/li>\n<li>Seurakuntap\u00e4iv\u00e4t elokuun lopussa<\/li>\n<li>Syysseurat lokakuun lopussa<\/li>\n<li>Kotiseurat kodeissa kuukauden 4. perjantaina klo. 18.30.<\/li>\n<li>Kirkkoseurat kuukauden 2. tai 3. tiistaina klo. 19.00 p\u00e4\u00e4kirkossa (my\u00f6s kes\u00e4aikana)<\/li>\n<li>M\u00f6kkiseurat, kes\u00e4n m\u00f6kkiseuroja voi varata seuratoimikunnalta<\/li>\n<li>Seuroja my\u00f6s eri palvelutaloissa, ks. toimintakalenteri<\/li>\n<\/ul>\n<\/div><div class=\"fusion-title title fusion-title-2 fusion-sep-none fusion-title-text fusion-title-size-one\"><h1 class=\"fusion-title-heading title-heading-left fusion-responsive-typography-calculated\" style=\"margin:0;--fontSize:34;line-height:1.4;\">Lasten ja perheiden toimintaa<\/h1><\/div><div class=\"fusion-text fusion-text-2\"><ul>\n<li>Pyh\u00e4kouluseurat joka kuukausi yhten\u00e4 sunnuntaina klo. 13 (seuroissa mahdollisuus ruokailuun)<\/li>\n<li>Perhekerho joka toinen tiistai toimitalolla klo. 10<\/li>\n<li>Pyh\u00e4koulu kodeissa sunnuntaisin klo. 12 viidell\u00e4 toiminta-alueella:\n<ul>\n<li>Saarenkyl\u00e4-Koskenkyl\u00e4<\/li>\n<li>P\u00f6ykk\u00f6l\u00e4-Ounasrinne<\/li>\n<li>P\u00f6ykk\u00f6l\u00e4-Paavalniemi<\/li>\n<li>Vennivaara-Ylikyl\u00e4-Nivankyl\u00e4-Sinett\u00e4<\/li>\n<li>Keskusta-Alakorkalo-Niskanper\u00e4-Korkalovaara<\/li>\n<\/ul>\n<\/li>\n<\/ul>\n<\/div><\/div><\/div><div class=\"fusion-layout-column fusion_builder_column fusion-builder-column-1 fusion_builder_column_1_2 1_2 fusion-flex-column\" style=\"--awb-bg-size:cover;--awb-width-large:50%;--awb-margin-top-large:0px;--awb-spacing-right-large:3.84%;--awb-margin-bottom-large:20px;--awb-spacing-left-large:3.84%;--awb-width-medium:50%;--awb-order-medium:0;--awb-spacing-right-medium:3.84%;--awb-spacing-left-medium:3.84%;--awb-width-small:100%;--awb-order-small:0;--awb-spacing-right-small:1.92%;--awb-spacing-left-small:1.92%;\"><div class=\"fusion-column-wrapper fusion-column-has-shadow fusion-flex-justify-content-flex-start fusion-content-layout-column\"><div class=\"fusion-title title fusion-title-3 fusion-sep-none fusion-title-text fusion-title-size-one\"><h1 class=\"fusion-title-heading title-heading-left fusion-responsive-typography-calculated\" style=\"margin:0;--fontSize:34;line-height:1.4;\"><h1 class=\"content-box-heading\">Nuorten toimintaa<\/h1><\/h1><\/div><div class=\"fusion-text fusion-text-3\"><div class=\"heading icon-left\">\n<ul>\n<li>Raamattuluokka perjantaisin toimitalolla:\n<ul>\n<li>3-6 -luokkalaiset klo. 18.00-19.30 rauhanyhdistyksell\u00e4<\/li>\n<li>yl\u00e4kouluik\u00e4isille ja sit\u00e4 vanhemmille klo 18.15-&gt; kodeissa<\/li>\n<\/ul>\n<\/li>\n<li>Nuorten lauantai (NuLa)\n<ul>\n<li>Joka kuukausi kalenteriin merkittyn\u00e4 ajankohtana rauhanyhdistyksell\u00e4 alakerran nuortentilassa, poislukien kes\u00e4kuukaudet.<\/li>\n<\/ul>\n<\/li>\n<\/ul>\n<\/div>\n<\/div><div class=\"fusion-title title fusion-title-4 fusion-sep-none fusion-title-text fusion-title-size-one\"><h1 class=\"fusion-title-heading title-heading-left fusion-responsive-typography-calculated\" style=\"margin:0;--fontSize:34;line-height:1.4;\">Muu toiminta<\/h1><\/div><div class=\"fusion-text fusion-text-4\"><ul>\n<li>Myyj\u00e4iset<\/li>\n<li>Naisten- ja miestenillat<\/li>\n<li>Talkoot<\/li>\n<\/ul>\n<\/div><div class=\"fusion-title title fusion-title-5 fusion-sep-none fusion-title-text fusion-title-size-one\"><h1 class=\"fusion-title-heading title-heading-left fusion-responsive-typography-calculated\" style=\"margin:0;--fontSize:34;line-height:1.4;\">J\u00e4senasiat<\/h1><\/div><div class=\"fusion-text fusion-text-5\"><div>\n<p>Yhdistyksen j\u00e4seneksi voidaan hyv\u00e4ksy\u00e4 uskovainen, 15 vuotta t\u00e4ytt\u00e4nyt henkil\u00f6, joka t\u00e4ytt\u00e4\u00e4 yhdistyksen s\u00e4\u00e4nt\u00f6ihin kirjatut edellytykset. S\u00e4\u00e4nn\u00f6t n\u00e4kee t\u00e4st\u00e4: <a href=\"https:\/\/paivitys.rauhanyhdistys.fi\/rovaniemi\/wp-content\/uploads\/sites\/83\/2023\/03\/rovaniemen-rauhanyhdistys-ry-saannot.pdf\" target=\"_blank\" rel=\"noopener noreferrer\">Yhdistyksen s\u00e4\u00e4nn\u00f6t<\/a>.<\/p>\n<p>J\u00e4senhakemuksen tai muutosilmoituksen voi tehd\u00e4 joko lomakkeella tai netiss\u00e4. Lomakkeen saa toimitalon ilmoitustaululta. Lomake palautetaan julkaisumyyntiin. Netiss\u00e4 j\u00e4senhakemuksen tai muutosilmoituksen voi tehd\u00e4 <a href=\"https:\/\/docs.google.com\/forms\/d\/e\/1FAIpQLScYV_1CubQlBntiZGycFetv2c52Zn_N_Uo0YrwE8_DZY4SJ4g\/viewform?vc=0&amp;c=0&amp;w=1&amp;flr=0\" target=\"_blank\" rel=\"noopener noreferrer\">t\u00e4st\u00e4<\/a>.<\/p>\n<p>J\u00e4senhakemus k\u00e4sitell\u00e4\u00e4n yhdistyksen johtokunnassa. P\u00e4\u00e4t\u00f6s l\u00e4hetet\u00e4\u00e4n hakijalle s\u00e4hk\u00f6postitse tai postitse.<\/p>\n<\/div>\n<\/div><a class=\"fusion-modal-text-link\" data-toggle=\"modal\" data-target=\".fusion-modal.Rekisteri- ja tietosuojaseloste\" href=\"#\"><a href=\"https:\/\/paivitys.rauhanyhdistys.fi\/rovaniemi\/wp-content\/uploads\/sites\/83\/2023\/03\/rekisteri-ja-tietosuojaseloste.pdf\">Rekisteri- ja tietosuojaseloste<\/a><\/a><\/div><\/div><\/div><\/div>\n","protected":false},"excerpt":{"rendered":"","protected":false},"author":74,"featured_media":0,"parent":0,"menu_order":0,"comment_status":"closed","ping_status":"closed","template":"","meta":{"footnotes":""},"class_list":["post-440","page","type-page","status-publish","hentry"],"_links":{"self":[{"href":"https:\/\/paivitys.rauhanyhdistys.fi\/rovaniemi\/wp-json\/wp\/v2\/pages\/440","targetHints":{"allow":["GET"]}}],"collection":[{"href":"https:\/\/paivitys.rauhanyhdistys.fi\/rovaniemi\/wp-json\/wp\/v2\/pages"}],"about":[{"href":"https:\/\/paivitys.rauhanyhdistys.fi\/rovaniemi\/wp-json\/wp\/v2\/types\/page"}],"author":[{"embeddable":true,"href":"https:\/\/paivitys.rauhanyhdistys.fi\/rovaniemi\/wp-json\/wp\/v2\/users\/74"}],"replies":[{"embeddable":true,"href":"https:\/\/paivitys.rauhanyhdistys.fi\/rovaniemi\/wp-json\/wp\/v2\/comments?post=440"}],"version-history":[{"count":15,"href":"https:\/\/paivitys.rauhanyhdistys.fi\/rovaniemi\/wp-json\/wp\/v2\/pages\/440\/revisions"}],"predecessor-version":[{"id":467,"href":"https:\/\/paivitys.rauhanyhdistys.fi\/rovaniemi\/wp-json\/wp\/v2\/pages\/440\/revisions\/467"}],"wp:attachment":[{"href":"https:\/\/paivitys.rauhanyhdistys.fi\/rovaniemi\/wp-json\/wp\/v2\/media?parent=440"}],"curies":[{"name":"wp","href":"https:\/\/api.w.org\/{rel}","templated":true}]}}