{"id":244,"date":"2021-02-07T17:33:32","date_gmt":"2021-02-07T15:33:32","guid":{"rendered":"https:\/\/paivitys.rauhanyhdistys.fi\/rovaniemi\/?page_id=244"},"modified":"2021-02-07T21:44:31","modified_gmt":"2021-02-07T19:44:31","slug":"mobiilikolehti","status":"publish","type":"page","link":"https:\/\/paivitys.rauhanyhdistys.fi\/rovaniemi\/mobiilikolehti\/","title":{"rendered":"Mobiilikolehti"},"content":{"rendered":"<div class=\"fusion-fullwidth fullwidth-box fusion-builder-row-1 fusion-flex-container nonhundred-percent-fullwidth non-hundred-percent-height-scrolling\" style=\"--awb-border-radius-top-left:0px;--awb-border-radius-top-right:0px;--awb-border-radius-bottom-right:0px;--awb-border-radius-bottom-left:0px;--awb-flex-wrap:wrap;\" ><div class=\"fusion-builder-row fusion-row fusion-flex-align-items-flex-start fusion-flex-content-wrap\" style=\"max-width:1144px;margin-left: calc(-4% \/ 2 );margin-right: calc(-4% \/ 2 );\"><div class=\"fusion-layout-column fusion_builder_column fusion-builder-column-0 fusion_builder_column_1_1 1_1 fusion-flex-column\" style=\"--awb-bg-size:cover;--awb-width-large:100%;--awb-margin-top-large:0px;--awb-spacing-right-large:1.92%;--awb-margin-bottom-large:20px;--awb-spacing-left-large:1.92%;--awb-width-medium:100%;--awb-order-medium:0;--awb-spacing-right-medium:1.92%;--awb-spacing-left-medium:1.92%;--awb-width-small:100%;--awb-order-small:0;--awb-spacing-right-small:1.92%;--awb-spacing-left-small:1.92%;\"><div class=\"fusion-column-wrapper fusion-column-has-shadow fusion-flex-justify-content-flex-start fusion-content-layout-column\"><div class=\"fusion-text fusion-text-1\"><p data-fusion-font=\"true\" style=\"font-size: 20px\"><b>MobilePay<\/b><\/p>\n<p><span data-fusion-font=\"true\" style=\"font-size: 17px\">Voit osallistua kolehtiin MobilePay -sovelluksella l\u00e4hett\u00e4m\u00e4ll\u00e4 haluamasi summan <\/span><span style=\"font-size: 17px\" data-fusion-font=\"true\">numeroon <\/span><b style=\"font-size: 17px\" data-fusion-font=\"true\">14888<\/b><\/p>\n<p><b style=\"font-size: 20px\">Kuukausi- ja tililahjoitukset:<\/b><\/p>\n<p data-fusion-font=\"true\" style=\"font-size: 17px\">Saaja: Rovaniemen Rauhanyhdistys Ry<\/p>\n<p><span data-fusion-font=\"true\" style=\"font-size: 17px\">Tilinumero <\/span><b data-fusion-font=\"true\" style=\"font-size: 17px\">FI68 5645 0020 0212 75<\/b><\/p>\n<p><span data-fusion-font=\"true\" style=\"font-size: 17px\">Viite <\/span><b data-fusion-font=\"true\" style=\"font-size: 17px\">2228<\/b><\/p>\n<p>Rahanker\u00e4yksen j\u00e4rjestest\u00e4j\u00e4: Rovaniemen Rauhanyhdistys Ry<\/p>\n<\/p>\n<p><span>Varat k\u00e4ytet\u00e4\u00e4n Rovaniemen Rauhanyhdistyksen yleishy\u00f6dylliseen toimintaan, kuten lapsi-, nuoriso- ja perhety\u00f6h\u00f6n. Lis\u00e4ksi varoja k\u00e4ytet\u00e4\u00e4n toimitalon yll\u00e4pitokustannuksiin silt\u00e4 osin kuin toimitaloa k\u00e4ytet\u00e4\u00e4n yleishy\u00f6dylliseen toimintaan. <\/span><\/p>\n<p>Rahanker\u00e4yslupa: RA\/2021\/87, my\u00f6nnetty 28.1.2021<span><br \/><\/span><\/p>\n<p data-fusion-font=\"true\" style=\"font-size: 20px\">Kiitos lahjoituksestasi!<\/p>\n<\/div><\/div><\/div><\/div><\/div>\n","protected":false},"excerpt":{"rendered":"","protected":false},"author":74,"featured_media":0,"parent":0,"menu_order":0,"comment_status":"closed","ping_status":"closed","template":"","meta":{"footnotes":""},"class_list":["post-244","page","type-page","status-publish","hentry"],"_links":{"self":[{"href":"https:\/\/paivitys.rauhanyhdistys.fi\/rovaniemi\/wp-json\/wp\/v2\/pages\/244","targetHints":{"allow":["GET"]}}],"collection":[{"href":"https:\/\/paivitys.rauhanyhdistys.fi\/rovaniemi\/wp-json\/wp\/v2\/pages"}],"about":[{"href":"https:\/\/paivitys.rauhanyhdistys.fi\/rovaniemi\/wp-json\/wp\/v2\/types\/page"}],"author":[{"embeddable":true,"href":"https:\/\/paivitys.rauhanyhdistys.fi\/rovaniemi\/wp-json\/wp\/v2\/users\/74"}],"replies":[{"embeddable":true,"href":"https:\/\/paivitys.rauhanyhdistys.fi\/rovaniemi\/wp-json\/wp\/v2\/comments?post=244"}],"version-history":[{"count":15,"href":"https:\/\/paivitys.rauhanyhdistys.fi\/rovaniemi\/wp-json\/wp\/v2\/pages\/244\/revisions"}],"predecessor-version":[{"id":261,"href":"https:\/\/paivitys.rauhanyhdistys.fi\/rovaniemi\/wp-json\/wp\/v2\/pages\/244\/revisions\/261"}],"wp:attachment":[{"href":"https:\/\/paivitys.rauhanyhdistys.fi\/rovaniemi\/wp-json\/wp\/v2\/media?parent=244"}],"curies":[{"name":"wp","href":"https:\/\/api.w.org\/{rel}","templated":true}]}}