{"id":762,"date":"2025-06-13T16:33:50","date_gmt":"2025-06-13T13:33:50","guid":{"rendered":"https:\/\/paivitys.rauhanyhdistys.fi\/ranua\/?page_id=762"},"modified":"2025-10-06T14:47:28","modified_gmt":"2025-10-06T11:47:28","slug":"toimitilan-varauslomake","status":"publish","type":"page","link":"https:\/\/paivitys.rauhanyhdistys.fi\/ranua\/toimitilan-varauslomake\/","title":{"rendered":"Toimitilan varauslomake"},"content":{"rendered":"<div class=\"fusion-fullwidth fullwidth-box fusion-builder-row-1 fusion-flex-container has-pattern-background has-mask-background nonhundred-percent-fullwidth non-hundred-percent-height-scrolling\" style=\"--awb-border-radius-top-left:0px;--awb-border-radius-top-right:0px;--awb-border-radius-bottom-right:0px;--awb-border-radius-bottom-left:0px;--awb-flex-wrap:wrap;\" ><div class=\"fusion-builder-row fusion-row fusion-flex-align-items-flex-start fusion-flex-content-wrap\" style=\"max-width:1144px;margin-left: calc(-4% \/ 2 );margin-right: calc(-4% \/ 2 );\"><div class=\"fusion-layout-column fusion_builder_column fusion-builder-column-0 fusion_builder_column_1_1 1_1 fusion-flex-column\" style=\"--awb-bg-size:cover;--awb-width-large:100%;--awb-margin-top-large:0px;--awb-spacing-right-large:1.92%;--awb-margin-bottom-large:20px;--awb-spacing-left-large:1.92%;--awb-width-medium:100%;--awb-order-medium:0;--awb-spacing-right-medium:1.92%;--awb-spacing-left-medium:1.92%;--awb-width-small:100%;--awb-order-small:0;--awb-spacing-right-small:1.92%;--awb-spacing-left-small:1.92%;\"><div class=\"fusion-column-wrapper fusion-column-has-shadow fusion-flex-justify-content-flex-start fusion-content-layout-column\"><div class=\"fusion-text fusion-text-1\"><div class='fluentform ff-default fluentform_wrapper_4 ffs_default_wrap'><form data-form_id=\"4\" id=\"fluentform_4\" class=\"frm-fluent-form fluent_form_4 ff-el-form-top ff_form_instance_4_1 ff-form-loading ffs_default\" data-form_instance=\"ff_form_instance_4_1\" method=\"POST\" ><fieldset  style=\"border: none!important;margin: 0!important;padding: 0!important;background-color: transparent!important;box-shadow: none!important;outline: none!important; min-inline-size: 100%;\">\n                    <legend class=\"ff_screen_reader_title\" style=\"display: block; margin: 0!important;padding: 0!important;height: 0!important;text-indent: -999999px;width: 0!important;overflow:hidden;\">Varauslomake<\/legend><input type='hidden' name='__fluent_form_embded_post_id' value='762' \/><input type=\"hidden\" id=\"_fluentform_4_fluentformnonce\" name=\"_fluentform_4_fluentformnonce\" value=\"55b07fbc3d\" \/><input type=\"hidden\" name=\"_wp_http_referer\" value=\"\/ranua\/wp-json\/wp\/v2\/pages\/762\" \/><div class='ff-el-group'><div class=\"ff-el-input--label ff-el-is-required asterisk-right\"><label for='ff_4_input_text' id='label_ff_4_input_text' aria-label=\"Nimi\">Nimi<\/label><\/div><div class='ff-el-input--content'><input type=\"text\" name=\"input_text\" class=\"ff-el-form-control\" data-name=\"input_text\" id=\"ff_4_input_text\"  aria-invalid=\"false\" aria-required=true><\/div><\/div><div class='ff-el-group'><div class=\"ff-el-input--label ff-el-is-required asterisk-right\"><label for='ff_4_input_text_1' id='label_ff_4_input_text_1' aria-label=\"Puhelin\">Puhelin<\/label><\/div><div class='ff-el-input--content'><input type=\"text\" name=\"input_text_1\" class=\"ff-el-form-control\" data-name=\"input_text_1\" id=\"ff_4_input_text_1\"  aria-invalid=\"false\" aria-required=true><\/div><\/div><div class='ff-el-group'><div class=\"ff-el-input--label ff-el-is-required asterisk-right\"><label for='ff_4_email' id='label_ff_4_email' aria-label=\"S\u00e4hk\u00f6posti\">S\u00e4hk\u00f6posti<\/label><\/div><div class='ff-el-input--content'><input type=\"email\" name=\"email\" id=\"ff_4_email\" class=\"ff-el-form-control\" data-name=\"email\"  aria-invalid=\"false\" aria-required=true><\/div><\/div><div class='ff-el-group  ff_list_inline'><div class=\"ff-el-input--label ff-el-is-required asterisk-right\"><label   aria-label=\"Oletko jonkin Ranualla toimivan rauhanyhdistyksen j\u00e4sen?\">Oletko jonkin Ranualla toimivan rauhanyhdistyksen j\u00e4sen?<\/label><\/div><div class='ff-el-input--content'><div class='ff-el-form-check ff-el-form-check-'><label class='ff-el-form-check-label'><input  type=\"radio\" name=\"input_radio\" data-name=\"input_radio\" class=\"ff-el-form-check-input ff-el-form-check-radio\" value=\"Kyll\u00e4\"  id='input_radio_fc672c134b6b645fb5458ac9d83939c2' aria-label='Kyll\u00e4' aria-invalid='false' aria-required=true> <span>Kyll\u00e4<\/span><\/label><\/div><div class='ff-el-form-check ff-el-form-check-'><label class='ff-el-form-check-label'><input  type=\"radio\" name=\"input_radio\" data-name=\"input_radio\" class=\"ff-el-form-check-input ff-el-form-check-radio\" value=\"En\"  id='input_radio_899afd2491f91a475a675f48677bc23b' aria-label='En' aria-invalid='false' aria-required=true> <span>En<\/span><\/label><\/div><\/div><\/div><div class='ff-el-group  ff_list_inline'><div class=\"ff-el-input--label asterisk-right\"><label   aria-label=\"Perhejuhlan j\u00e4rjest\u00e4j\u00e4: Onko huoltajasi tai vanhempasi Ranualla toimivan rauhanyhdistyksen j\u00e4sen?\">Perhejuhlan j\u00e4rjest\u00e4j\u00e4: Onko huoltajasi tai vanhempasi Ranualla toimivan rauhanyhdistyksen j\u00e4sen?<\/label><\/div><div class='ff-el-input--content'><div class='ff-el-form-check ff-el-form-check-'><label class='ff-el-form-check-label'><input  type=\"radio\" name=\"input_radio_1\" data-name=\"input_radio_1\" class=\"ff-el-form-check-input ff-el-form-check-radio\" value=\"Kyll\u00e4\"  id='input_radio_1_97090ca28b798ac9ee70917c2bb8c5da' aria-label='Kyll\u00e4' aria-invalid='false' aria-required=false> <span>Kyll\u00e4<\/span><\/label><\/div><div class='ff-el-form-check ff-el-form-check-'><label class='ff-el-form-check-label'><input  type=\"radio\" name=\"input_radio_1\" data-name=\"input_radio_1\" class=\"ff-el-form-check-input ff-el-form-check-radio\" value=\"Ei\"  id='input_radio_1_6e22ac1a161645e9ba611eb889e2d4ad' aria-label='Ei' aria-invalid='false' aria-required=false> <span>Ei<\/span><\/label><\/div><\/div><\/div><div class='ff-el-group'><div class=\"ff-el-input--label ff-el-is-required asterisk-right\"><label for='ff_4_datetime' id='label_ff_4_datetime' aria-label=\"Vuokrauksen alkamisp\u00e4iv\u00e4\">Vuokrauksen alkamisp\u00e4iv\u00e4<\/label><\/div><div class='ff-el-input--content'><input  aria-label='Vuokrauksen alkamisp\u00e4iv\u00e4 Use arrow keys to navigate dates. Press enter to select a date.'  aria-haspopup='dialog' data-type-datepicker data-format='d.m.Y' type=\"text\" name=\"datetime\" value=\"13.05.2026\" id=\"ff_4_datetime\" class=\"ff-el-form-control ff-el-datepicker\" data-name=\"datetime\"  aria-invalid='false' aria-required=true><\/div><\/div><div class='ff-el-group'><div class=\"ff-el-input--label ff-el-is-required asterisk-right\"><label for='ff_4_datetime_1' id='label_ff_4_datetime_1' aria-label=\"Vuokrauksen p\u00e4\u00e4ttymisp\u00e4iv\u00e4\">Vuokrauksen p\u00e4\u00e4ttymisp\u00e4iv\u00e4<\/label><\/div><div class='ff-el-input--content'><input  aria-label='Vuokrauksen p\u00e4\u00e4ttymisp\u00e4iv\u00e4 Use arrow keys to navigate dates. Press enter to select a date.'  aria-haspopup='dialog' data-type-datepicker data-format='d.m.Y' type=\"text\" name=\"datetime_1\" id=\"ff_4_datetime_1\" class=\"ff-el-form-control ff-el-datepicker\" data-name=\"datetime_1\"  aria-invalid='false' aria-required=true><\/div><\/div><div class='ff-el-group'><div class=\"ff-el-input--label asterisk-right\"><label for='ff_4_description' id='label_ff_4_description' aria-label=\"Lis\u00e4tietoja\">Lis\u00e4tietoja<\/label><\/div><div class='ff-el-input--content'><textarea aria-required=\"false\" aria-labelledby=\"label_ff_4_description\" name=\"description\" id=\"ff_4_description\" class=\"ff-el-form-control\" rows=\"5\" cols=\"2\" data-name=\"description\" ><\/textarea><\/div><\/div><div class='ff-el-group ff-text-left ff_submit_btn_wrapper'><button type=\"submit\" class=\"ff-btn ff-btn-submit ff-btn-md ff_btn_style\"  aria-label=\"L\u00e4het\u00e4\">L\u00e4het\u00e4<\/button><\/div><\/fieldset><\/form><div id='fluentform_4_errors' class='ff-errors-in-stack ff_form_instance_4_1 ff-form-loading_errors ff_form_instance_4_1_errors'><\/div><\/div>            <script type=\"text\/javascript\">\n                window.fluent_form_ff_form_instance_4_1 = {\"id\":\"4\",\"settings\":{\"layout\":{\"labelPlacement\":\"top\",\"asteriskPlacement\":\"asterisk-right\",\"helpMessagePlacement\":\"with_label\",\"errorMessagePlacement\":\"inline\",\"cssClassName\":\"\"},\"restrictions\":{\"denyEmptySubmission\":{\"enabled\":false}}},\"form_instance\":\"ff_form_instance_4_1\",\"form_id_selector\":\"fluentform_4\",\"rules\":{\"input_text\":{\"required\":{\"value\":true,\"message\":\"This field is required\",\"global_message\":\"This field is required\",\"global\":true}},\"input_text_1\":{\"required\":{\"value\":true,\"message\":\"This field is required\",\"global_message\":\"This field is required\",\"global\":true}},\"email\":{\"required\":{\"value\":true,\"message\":\"This field is required\",\"global_message\":\"This field is required\",\"global\":true},\"email\":{\"value\":true,\"message\":\"This field must contain a valid email\",\"global_message\":\"This field must contain a valid email\",\"global\":true}},\"input_radio\":{\"required\":{\"value\":true,\"message\":\"This field is required\",\"global_message\":\"This field is required\",\"global\":true}},\"input_radio_1\":{\"required\":{\"value\":false,\"message\":\"This field is required\",\"global_message\":\"This field is required\",\"global\":true}},\"datetime\":{\"required\":{\"value\":true,\"message\":\"This field is required\",\"global_message\":\"This field is required\",\"global\":true}},\"datetime_1\":{\"required\":{\"value\":true,\"message\":\"This field is required\",\"global_message\":\"This field is required\",\"global\":true}},\"description\":{\"required\":{\"value\":false,\"message\":\"This field is required\",\"global_message\":\"This field is required\",\"global\":true}}},\"debounce_time\":300};\n                            <\/script>\n            \n<\/div><\/div><\/div><\/div><\/div>\n","protected":false},"excerpt":{"rendered":"","protected":false},"author":142,"featured_media":0,"parent":0,"menu_order":0,"comment_status":"closed","ping_status":"closed","template":"","meta":{"footnotes":""},"class_list":["post-762","page","type-page","status-publish","hentry"],"_links":{"self":[{"href":"https:\/\/paivitys.rauhanyhdistys.fi\/ranua\/wp-json\/wp\/v2\/pages\/762","targetHints":{"allow":["GET"]}}],"collection":[{"href":"https:\/\/paivitys.rauhanyhdistys.fi\/ranua\/wp-json\/wp\/v2\/pages"}],"about":[{"href":"https:\/\/paivitys.rauhanyhdistys.fi\/ranua\/wp-json\/wp\/v2\/types\/page"}],"author":[{"embeddable":true,"href":"https:\/\/paivitys.rauhanyhdistys.fi\/ranua\/wp-json\/wp\/v2\/users\/142"}],"replies":[{"embeddable":true,"href":"https:\/\/paivitys.rauhanyhdistys.fi\/ranua\/wp-json\/wp\/v2\/comments?post=762"}],"version-history":[{"count":4,"href":"https:\/\/paivitys.rauhanyhdistys.fi\/ranua\/wp-json\/wp\/v2\/pages\/762\/revisions"}],"predecessor-version":[{"id":803,"href":"https:\/\/paivitys.rauhanyhdistys.fi\/ranua\/wp-json\/wp\/v2\/pages\/762\/revisions\/803"}],"wp:attachment":[{"href":"https:\/\/paivitys.rauhanyhdistys.fi\/ranua\/wp-json\/wp\/v2\/media?parent=762"}],"curies":[{"name":"wp","href":"https:\/\/api.w.org\/{rel}","templated":true}]}}