{"id":670,"date":"2025-06-13T16:23:57","date_gmt":"2025-06-13T13:23:57","guid":{"rendered":"https:\/\/paivitys.rauhanyhdistys.fi\/ranua\/?page_id=670"},"modified":"2025-11-19T20:14:02","modified_gmt":"2025-11-19T18:14:02","slug":"toimitalon-vuokraus","status":"publish","type":"page","link":"https:\/\/paivitys.rauhanyhdistys.fi\/ranua\/toimitalon-vuokraus\/","title":{"rendered":"Toimitalon vuokraus"},"content":{"rendered":"<div class=\"fusion-fullwidth fullwidth-box fusion-builder-row-1 nonhundred-percent-fullwidth non-hundred-percent-height-scrolling\" style=\"--awb-border-radius-top-left:0px;--awb-border-radius-top-right:0px;--awb-border-radius-bottom-right:0px;--awb-border-radius-bottom-left:0px;--awb-flex-wrap:wrap;\" ><div class=\"fusion-builder-row fusion-row\"><div class=\"fusion-layout-column fusion_builder_column fusion-builder-column-0 fusion_builder_column_1_1 1_1 fusion-one-full fusion-column-first fusion-column-last\" style=\"--awb-bg-size:cover;\" data-scroll-devices=\"small-visibility,medium-visibility,large-visibility\"><div class=\"fusion-column-wrapper fusion-column-has-shadow fusion-flex-column-wrapper-legacy\"><div class=\"fusion-column-content-centered\"><div class=\"fusion-column-content\"><div class=\"fusion-title title fusion-title-1 fusion-sep-none fusion-title-text fusion-title-size-one\" style=\"--awb-margin-right:25%;--awb-margin-left:25%;\"><h1 class=\"fusion-title-heading title-heading-left fusion-responsive-typography-calculated\" style=\"margin:0;--fontSize:34;line-height:1.4;\"><h1 class=\"content-box-heading\" style=\"text-align: center;\"><b>Etsitk\u00f6 tunnelmallista juhlatilaa?<\/b><\/h1><\/h1><\/div><div class=\"fusion-text fusion-text-1\" style=\"--awb-content-alignment:center;--awb-margin-right:10%;--awb-margin-left:10%;\"><div class=\"heading icon-left\" style=\"text-align: left;\">\n<p style=\"text-align: center;\">Ranuan rauhanyhdistyksen toimitalo tarjoaa viihtyis\u00e4t ja siistit puitteet erilaisiin yksityistilaisuuksiin. Vuonna 2023 peruskorjattu rakennus sijaitsee keskeisell\u00e4 paikalla Ranualla, ja se on erinomainen valinta esimerkiksi syntym\u00e4p\u00e4iv\u00e4juhliin, h\u00e4ihin tai hautajaisiin.<\/p>\n<p style=\"text-align: center;\">Tiloissa on istumapaikkoja p\u00f6ytien \u00e4\u00e4rell\u00e4 noin 150 hengelle. K\u00e4yt\u00f6ss\u00e4si on hyvin varusteltu keitti\u00f6, astiastot 150 hengelle sek\u00e4 p\u00f6yt\u00e4liinat erikseen vuokrattavaksi. Tiloissa on \u00e4\u00e4nentoisto, videotykki, urut sek\u00e4 piano.<\/p>\n<p style=\"text-align: center;\">Toimitalo on p\u00e4ihteet\u00f6n ja tarkoitettu tilaisuuksiin, jotka ovat rauhanyhdistyksen arvopohjan mukaisia. Yksityistilaisuudet j\u00e4rjestet\u00e4\u00e4n siten, etteiv\u00e4t ne h\u00e4iritse yhdistyksen omaa toimintaa, kuten seuroja.<\/p>\n<\/div>\n<\/div><div class=\"fusion-sep-clear\"><\/div><div class=\"fusion-separator fusion-full-width-sep\" style=\"margin-left: auto;margin-right: auto;width:100%;\"><div class=\"fusion-separator-border sep-double\" style=\"--awb-height:20px;--awb-amount:20px;border-color:#e0dede;border-top-width:1px;border-bottom-width:1px;\"><\/div><\/div><div class=\"fusion-sep-clear\"><\/div><div class=\"fusion-title title fusion-title-2 fusion-sep-none fusion-title-text fusion-title-size-one\" style=\"--awb-margin-right:25%;--awb-margin-left:25%;\"><h1 class=\"fusion-title-heading title-heading-left fusion-responsive-typography-calculated\" style=\"margin:0;--fontSize:34;line-height:1.4;\"><h1 class=\"content-box-heading\" style=\"text-align: center;\"><b>Toimitalon vuokraushinnat:<\/b><\/h1><\/h1><\/div>\n<div class=\"table-1\">\n<table>\n<thead>\n<tr>\n<th align=\"left\"><strong>Vuokra-aika<\/strong><\/th>\n<th align=\"left\"><strong>Hinta j\u00e4senille<\/strong><\/th>\n<th align=\"left\"><strong>Hinta muille<\/strong><\/th>\n<\/tr>\n<\/thead>\n<tbody>\n<tr>\n<td align=\"left\" data-label=\"Vuokra-aika\"><span class=\"main-text\"><strong>Vuorokausi<\/strong><\/span><br \/>\n<span class=\"sub-text\">(esim. pe klo 8 \u2013 la klo 20)<\/span><\/td>\n<td align=\"left\" data-label=\"Hinta j\u00e4senille\">200 \u20ac<\/td>\n<td align=\"left\" data-label=\"Hinta muille\">300 \u20ac<\/td>\n<\/tr>\n<tr>\n<td align=\"left\" data-label=\"Vuokra-aika\"><strong>P\u00e4iv\u00e4 <\/strong>(klo 6 \u2013 22)<\/td>\n<td align=\"left\" data-label=\"Hinta j\u00e4senille\">100 \u20ac<\/td>\n<td align=\"left\" data-label=\"Hinta muille\">150 \u20ac<\/td>\n<\/tr>\n<\/tbody>\n<\/table>\n<\/div>\n<div class=\"fusion-text fusion-text-2\" style=\"--awb-margin-top:2%;--awb-margin-right:10%;--awb-margin-left:10%;\"><div class=\"heading icon-left\">\n<p style=\"text-align: center;\"><b>J\u00e4senyyden m\u00e4\u00e4rittely ja perhetilaisuuksien erityisehdot:<\/b><b><br \/>\n<\/b>Varaus katsotaan j\u00e4senvaraukseksi, jos varauksen tekij\u00e4 on mink\u00e4 tahansa Ranuan alueen rauhanyhdistyksen j\u00e4sen.<\/p>\n<p style=\"text-align: center;\">Perhetilaisuuksissa (esim. h\u00e4\u00e4t, rippijuhlat, syntym\u00e4p\u00e4iv\u00e4t, muistotilaisuudet) riitt\u00e4\u00e4, ett\u00e4 varauksen tekij\u00e4n huoltaja tai vanhempi on Ranualla toimivan rauhanyhdistyksen j\u00e4sen.<\/p>\n<\/div>\n<\/div><div class=\"fusion-sep-clear\"><\/div><div class=\"fusion-separator fusion-full-width-sep\" style=\"margin-left: auto;margin-right: auto;width:100%;\"><div class=\"fusion-separator-border sep-double\" style=\"--awb-height:20px;--awb-amount:20px;border-color:#e0dede;border-top-width:1px;border-bottom-width:1px;\"><\/div><\/div><div class=\"fusion-sep-clear\"><\/div><div class=\"fusion-title title fusion-title-3 fusion-sep-none fusion-title-text fusion-title-size-one\"><h1 class=\"fusion-title-heading title-heading-left fusion-responsive-typography-calculated\" style=\"margin:0;--fontSize:34;line-height:1.4;\"><h1 class=\"content-box-heading\" style=\"text-align: center;\"><b>Ohje toimitalon vuokraajalle<\/b><\/h1><\/h1><\/div><div class=\"fusion-text fusion-text-3\" style=\"--awb-margin-right:10%;--awb-margin-left:10%;\"><div class=\"heading icon-left\" style=\"text-align: center;\">\n<p style=\"text-align: center;\">Ennen varaamista luethan voimassa olevan <a href=\"https:\/\/drive.google.com\/file\/d\/1r69RmFh8oC-X01L9On7EY5yxq0xrigoy\/view\"><b>vuokrausohjeen<\/b><\/a> ja tarkistat rauhanyhdistyksen <a href=\"http:\/\/paivitys.rauhanyhdistys.fi\/ranua\/toimintakalenteri\/\"><strong>ajantasaisesta toimintakalenterista<\/strong><\/a>, onko suunnittelemasi ajankohta vapaana. Varaus voidaan tehd\u00e4 enint\u00e4\u00e4n vuoden p\u00e4\u00e4h\u00e4n varausp\u00e4iv\u00e4st\u00e4.<\/p>\n<p style=\"text-align: center;\">Mik\u00e4li toimintakalenteria ei ole p\u00e4ivitetty, voit tehd\u00e4 alustavan varauksen, joka vahvistetaan, kun uusi toimintakausi k\u00e4ynnistyy.<\/p>\n<p style=\"text-align: center;\">Jos ajankohta on vapaa, varaa tila <b>varauslomakkeella.<\/b> Saat varausvahvistuksen s\u00e4hk\u00f6postiisi mahdollisimman pian.<\/p>\n<p style=\"text-align: center;\">Vuokrasta maksetaan varauksen yhteydess\u00e4 varausmaksu 50 \u20ac, ja loppumaksu maksetaan viikkoa ennen tilaisuutta. Varausmaksua ei palauteta, mik\u00e4li varaus perutaan.<\/p>\n<p>Viimeinen peruutusp\u00e4iv\u00e4, ilman loppuvuokran maksua, on 30 vuorokautta ennen tilaisuutta. Peruminen tehd\u00e4\u00e4n osoitteeseen: <a href=\"mailto:vuokraus@ranuanrauhanyhdistys.fi\"><b>vuokraus@ranuanrauhanyhdistys.fi<\/b><\/a><\/p>\n<\/div>\n<\/div><div class=\"fusion-aligncenter\"><a class=\"fusion-button button-flat button-xlarge button-default fusion-button-default button-1 fusion-button-default-span fusion-button-default-type\" target=\"_self\" href=\"https:\/\/paivitys.rauhanyhdistys.fi\/ranua\/toimitilan-varauslomake\/\"><i class=\"fa-calendar-day fas awb-button__icon awb-button__icon--default button-icon-left\" aria-hidden=\"true\"><\/i><span class=\"fusion-button-text awb-button__text awb-button__text--default\">Varauslomake<\/span><\/a><\/div><\/div><\/div><div class=\"fusion-clearfix\"><\/div><\/div><\/div><div class=\"fusion-layout-column fusion_builder_column fusion-builder-column-1 fusion_builder_column_3_4 3_4 fusion-three-fourth fusion-column-first\" style=\"--awb-bg-size:cover;width:75%;width:calc(75% - ( ( 4% ) * 0.75 ) );margin-right: 4%;\"><div class=\"fusion-column-wrapper fusion-column-has-shadow fusion-flex-column-wrapper-legacy\"><div class=\"fusion-clearfix\"><\/div><\/div><\/div><\/div><\/div>\n","protected":false},"excerpt":{"rendered":"","protected":false},"author":142,"featured_media":0,"parent":0,"menu_order":2,"comment_status":"closed","ping_status":"closed","template":"","meta":{"footnotes":""},"class_list":["post-670","page","type-page","status-publish","hentry"],"_links":{"self":[{"href":"https:\/\/paivitys.rauhanyhdistys.fi\/ranua\/wp-json\/wp\/v2\/pages\/670","targetHints":{"allow":["GET"]}}],"collection":[{"href":"https:\/\/paivitys.rauhanyhdistys.fi\/ranua\/wp-json\/wp\/v2\/pages"}],"about":[{"href":"https:\/\/paivitys.rauhanyhdistys.fi\/ranua\/wp-json\/wp\/v2\/types\/page"}],"author":[{"embeddable":true,"href":"https:\/\/paivitys.rauhanyhdistys.fi\/ranua\/wp-json\/wp\/v2\/users\/142"}],"replies":[{"embeddable":true,"href":"https:\/\/paivitys.rauhanyhdistys.fi\/ranua\/wp-json\/wp\/v2\/comments?post=670"}],"version-history":[{"count":101,"href":"https:\/\/paivitys.rauhanyhdistys.fi\/ranua\/wp-json\/wp\/v2\/pages\/670\/revisions"}],"predecessor-version":[{"id":773,"href":"https:\/\/paivitys.rauhanyhdistys.fi\/ranua\/wp-json\/wp\/v2\/pages\/670\/revisions\/773"}],"wp:attachment":[{"href":"https:\/\/paivitys.rauhanyhdistys.fi\/ranua\/wp-json\/wp\/v2\/media?parent=670"}],"curies":[{"name":"wp","href":"https:\/\/api.w.org\/{rel}","templated":true}]}}