{"id":543,"date":"2023-03-09T17:28:09","date_gmt":"2023-03-09T15:28:09","guid":{"rendered":"https:\/\/paivitys.rauhanyhdistys.fi\/ranua\/?page_id=543"},"modified":"2025-08-28T20:11:55","modified_gmt":"2025-08-28T17:11:55","slug":"muutoslomake","status":"publish","type":"page","link":"https:\/\/paivitys.rauhanyhdistys.fi\/ranua\/muutoslomake\/","title":{"rendered":"J\u00e4sentietojen muutoslomake"},"content":{"rendered":"<div class=\"fusion-fullwidth fullwidth-box fusion-builder-row-1 fusion-flex-container has-pattern-background has-mask-background nonhundred-percent-fullwidth non-hundred-percent-height-scrolling\" style=\"--awb-border-radius-top-left:0px;--awb-border-radius-top-right:0px;--awb-border-radius-bottom-right:0px;--awb-border-radius-bottom-left:0px;--awb-flex-wrap:wrap;\" ><div class=\"fusion-builder-row fusion-row fusion-flex-align-items-flex-start fusion-flex-content-wrap\" style=\"max-width:1144px;margin-left: calc(-4% \/ 2 );margin-right: calc(-4% \/ 2 );\"><div class=\"fusion-layout-column fusion_builder_column fusion-builder-column-0 fusion_builder_column_1_1 1_1 fusion-flex-column\" style=\"--awb-bg-size:cover;--awb-width-large:100%;--awb-margin-top-large:0px;--awb-spacing-right-large:1.92%;--awb-margin-bottom-large:20px;--awb-spacing-left-large:1.92%;--awb-width-medium:100%;--awb-order-medium:0;--awb-spacing-right-medium:1.92%;--awb-spacing-left-medium:1.92%;--awb-width-small:100%;--awb-order-small:0;--awb-spacing-right-small:1.92%;--awb-spacing-left-small:1.92%;\"><div class=\"fusion-column-wrapper fusion-column-has-shadow fusion-flex-justify-content-flex-start fusion-content-layout-column\"><div class=\"fusion-text fusion-text-1\"><p>Jos olet Ranuan rauhanyhdistyksen j\u00e4sen, voit p\u00e4ivitt\u00e4\u00e4 tietosi alla olevan lomakkeen avulla.<\/p>\n<\/div><div class=\"fusion-text fusion-text-2\"><div class='fluentform ff-default fluentform_wrapper_3 ffs_default_wrap'><form data-form_id=\"3\" id=\"fluentform_3\" class=\"frm-fluent-form fluent_form_3 ff-el-form-top ff_form_instance_3_1 ff-form-loading ffs_default\" data-form_instance=\"ff_form_instance_3_1\" method=\"POST\" ><fieldset  style=\"border: none!important;margin: 0!important;padding: 0!important;background-color: transparent!important;box-shadow: none!important;outline: none!important; min-inline-size: 100%;\">\n                    <legend class=\"ff_screen_reader_title\" style=\"display: block; margin: 0!important;padding: 0!important;height: 0!important;text-indent: -999999px;width: 0!important;overflow:hidden;\">J\u00e4sentietojen muutoslomake<\/legend><input type='hidden' name='__fluent_form_embded_post_id' value='543' \/><input type=\"hidden\" id=\"_fluentform_3_fluentformnonce\" name=\"_fluentform_3_fluentformnonce\" value=\"55b07fbc3d\" \/><input type=\"hidden\" name=\"_wp_http_referer\" value=\"\/ranua\/wp-json\/wp\/v2\/pages\/543\" \/><div class='ff-el-group'><div class=\"ff-el-input--label ff-el-is-required asterisk-right\"><label for='ff_3_firstname_1738179191528' id='label_ff_3_firstname_1738179191528' >Etunimi<\/label><\/div><div class='ff-el-input--content'><input type=\"text\" name=\"firstname_1738179191528\" class=\"ff-el-form-control\" id=\"ff_3_firstname_1738179191528\" data-name=\"firstname_1738179191528\"  aria-invalid=\"false\" aria-required=true><\/div><\/div><div class='ff-el-group'><div class=\"ff-el-input--label ff-el-is-required asterisk-right\"><label for='ff_3_lastname_1738179192966' id='label_ff_3_lastname_1738179192966' >Sukunimi<\/label><\/div><div class='ff-el-input--content'><input type=\"text\" name=\"lastname_1738179192966\" class=\"ff-el-form-control\" id=\"ff_3_lastname_1738179192966\" data-name=\"lastname_1738179192966\"  aria-invalid=\"false\" aria-required=true><\/div><\/div><div class='ff-el-group'><div class=\"ff-el-input--label asterisk-right\"><label for='ff_3_email_1738179219093' id='label_ff_3_email_1738179219093' aria-label=\"S\u00e4hk\u00f6posti\">S\u00e4hk\u00f6posti<\/label><\/div><div class='ff-el-input--content'><input type=\"email\" name=\"email_1738179219093\" class=\"ff-el-form-control\" id=\"ff_3_email_1738179219093\" data-name=\"email_1738179219093\"  aria-invalid=\"false\" aria-required=false><\/div><\/div><div class='ff-el-group'><div class=\"ff-el-input--label asterisk-right\"><label for='ff_3_input_text_puhelin' id='label_ff_3_input_text_puhelin' aria-label=\"Puhelin\">Puhelin<\/label><\/div><div class='ff-el-input--content'><input type=\"text\" name=\"input_text_puhelin\" class=\"ff-el-form-control\" data-name=\"input_text_puhelin\" id=\"ff_3_input_text_puhelin\"  aria-invalid=\"false\" aria-required=false><\/div><\/div><div class='ff-el-group'><div class=\"ff-el-input--label asterisk-right\"><label for='ff_3_address_1738179235302' id='label_ff_3_address_1738179235302' aria-label=\"Osoite\">Osoite<\/label><\/div><div class='ff-el-input--content'><input type=\"text\" name=\"address_1738179235302\" class=\"ff-el-form-control\" id=\"ff_3_address_1738179235302\" data-name=\"address_1738179235302\"  aria-invalid=\"false\" aria-required=false><\/div><\/div><div class='ff-el-group'><div class=\"ff-el-input--label asterisk-right\"><label for='ff_3_postinumero_1742475480511' id='label_ff_3_postinumero_1742475480511' aria-label=\"Postinumero\">Postinumero<\/label><\/div><div class='ff-el-input--content'><input type=\"text\" name=\"postinumero_1742475480511\" class=\"ff-el-form-control\" id=\"ff_3_postinumero_1742475480511\" data-name=\"postinumero_1742475480511\"  aria-invalid=\"false\" aria-required=false><\/div><\/div><div class='ff-el-group'><div class=\"ff-el-input--label asterisk-right\"><label for='ff_3_paikkakunta_1742475829818' id='label_ff_3_paikkakunta_1742475829818' aria-label=\"Paikkakunta\">Paikkakunta<\/label><\/div><div class='ff-el-input--content'><input type=\"text\" name=\"paikkakunta_1742475829818\" class=\"ff-el-form-control\" id=\"ff_3_paikkakunta_1742475829818\" data-name=\"paikkakunta_1742475829818\"  aria-invalid=\"false\" aria-required=false><\/div><\/div><div class='ff-el-group'><div class=\"ff-el-input--label asterisk-right\"><label for='ff_3_lisatietoja_1738180158869' id='label_ff_3_lisatietoja_1738180158869' aria-label=\"Lis\u00e4tietoja\">Lis\u00e4tietoja<\/label><\/div><div class='ff-el-input--content'><textarea aria-required=\"false\" aria-labelledby=\"label_ff_3_lisatietoja_1738180158869\" name=\"lisatietoja_1738180158869\" class=\"ff-el-form-control\" id=\"ff_3_lisatietoja_1738180158869\" rows=\"5\" cols=\"2\" data-name=\"lisatietoja_1738180158869\" ><\/textarea><\/div><\/div><div class='ff-el-group ff-el-form-hide_label'><div class=\"ff-el-input--label ff-el-is-required asterisk-right\"><label for='' id='label_' aria-label=\"Hyv\u00e4ksyn, ett\u00e4 tietojani voidaan k\u00e4sitell\u00e4 tietosuoja- ja rekisteriselosteen kuvaamalla tavalla.\">Hyv\u00e4ksyn, ett\u00e4 tietojani voidaan k\u00e4sitell\u00e4 tietosuoja- ja rekisteriselosteen kuvaamalla tavalla.<\/label><\/div><div class='ff-el-input--content'><div class='ff-el-form-check'><label class='ff-el-form-check-label'><input  name=\"hyvaksyn_etta_tietojani_voidaan_kasitella_tietosuoja-_ja_rekisteriselosteen_kuvaamalla_tavalla_1738179299718[]\" class=\"ff-el-form-check-input ff-el-form-check-checkbox\" type=\"checkbox\" data-name=\"hyvaksyn_etta_tietojani_voidaan_kasitella_tietosuoja-_ja_rekisteriselosteen_kuvaamalla_tavalla_1738179299718\" value=\"Hyv\u00e4ksyn, ett\u00e4 tietojani voidaan k\u00e4sitell\u00e4 tietosuoja- ja rekisteriselosteen kuvaamalla tavalla.\"  id='hyvaksyn_etta_tietojani_voidaan_kasitella_tietosuoja-_ja_rekisteriselosteen_kuvaamalla_tavalla_1738179299718_c0730f6f54d58bff9136a9364fb97ef5' aria-label='Hyv\u00e4ksyn, ett\u00e4 tietojani voidaan k\u00e4sitell\u00e4 tietosuoja- ja rekisteriselosteen kuvaamalla tavalla.' aria-invalid='false' aria-required=true> <span>Hyv\u00e4ksyn, ett\u00e4 tietojani voidaan k\u00e4sitell\u00e4 tietosuoja- ja rekisteriselosteen kuvaamalla tavalla.<\/span><\/label><\/div><\/div><\/div><div class='ff-el-group  ff-custom_html' tabindex='-1' data-name=\"custom_html-3_1\" ><p><a href=\"https:\/\/paivitys.rauhanyhdistys.fi\/ranua\/wp-content\/uploads\/sites\/100\/2025\/04\/Tietosuoja-ja-rekisteriseloste.pdf\">Tietosuoja- ja rekisteriseloste<\/a><\/p><\/div><div class='ff-el-group ff-el-form-hide_label'><div class=\"ff-el-input--label asterisk-right\"><label for='' id='label_' aria-label=\"Vakuutan, ett\u00e4 t\u00e4yt\u00e4n yhdistyksen j\u00e4senyyden edellytykset s\u00e4\u00e4nt\u00f6kohdan 4 \u00a7 mukaan.\">Vakuutan, ett\u00e4 t\u00e4yt\u00e4n yhdistyksen j\u00e4senyyden edellytykset s\u00e4\u00e4nt\u00f6kohdan 4 \u00a7 mukaan.<\/label><\/div><div class='ff-el-input--content'><div class='ff-el-form-check'><label class='ff-el-form-check-label'><input  name=\"vakuutan_etta_taytan_yhdistyksen_jasenyyden_edellytykset_saantokohdan_4_mukaan_1738179321169[]\" class=\"ff-el-form-check-input ff-el-form-check-checkbox\" type=\"checkbox\" data-name=\"vakuutan_etta_taytan_yhdistyksen_jasenyyden_edellytykset_saantokohdan_4_mukaan_1738179321169\" value=\"Vakuutan, ett\u00e4 t\u00e4yt\u00e4n yhdistyksen j\u00e4senyyden edellytykset s\u00e4\u00e4nt\u00f6kohdan 4 \u00a7 mukaan.\"  id='vakuutan_etta_taytan_yhdistyksen_jasenyyden_edellytykset_saantokohdan_4_mukaan_1738179321169_49ffc41fd5f9dbb1139781645309162b' aria-label='Vakuutan, ett\u00e4 t\u00e4yt\u00e4n yhdistyksen j\u00e4senyyden edellytykset s\u00e4\u00e4nt\u00f6kohdan 4 \u00a7 mukaan.' aria-invalid='false' aria-required=false> <span>Vakuutan, ett\u00e4 t\u00e4yt\u00e4n yhdistyksen j\u00e4senyyden edellytykset s\u00e4\u00e4nt\u00f6kohdan 4 \u00a7 mukaan.<\/span><\/label><\/div><\/div><\/div><div class='ff-el-group  ff-custom_html' tabindex='-1' data-name=\"custom_html-3_2\" ><p><a href=\"https:\/\/paivitys.rauhanyhdistys.fi\/ranua\/wp-content\/uploads\/sites\/100\/2023\/03\/Yhdistyksen-saannot_Ranuan-Rauhanyhdistys-ry-1.pdf\">Ranuan Rauhanyhdistyksen s\u00e4\u00e4nn\u00f6t<\/a><\/p><\/div><div class='ff-el-group ff-el-form-hide_label'><div class=\"ff-el-input--label ff-el-is-required asterisk-right\"><label for='' id='label_' aria-label=\"Vakuutan tietoni oikeiksi.\">Vakuutan tietoni oikeiksi.<\/label><\/div><div class='ff-el-input--content'><div class='ff-el-form-check'><label class='ff-el-form-check-label'><input  name=\"vakuutan_tietoni_oikeiksi_1738179339154[]\" class=\"ff-el-form-check-input ff-el-form-check-checkbox\" type=\"checkbox\" data-name=\"vakuutan_tietoni_oikeiksi_1738179339154\" value=\"Vakuutan tietoni oikeiksi.\"  id='vakuutan_tietoni_oikeiksi_1738179339154_54b3b9790d1ab44394f3ecd56d364128' aria-label='Vakuutan tietoni oikeiksi.' aria-invalid='false' aria-required=true> <span>Vakuutan tietoni oikeiksi.<\/span><\/label><\/div><\/div><\/div><div class='ff-el-group ff-text-left ff_submit_btn_wrapper'><button type=\"submit\" class=\"ff-btn ff-btn-submit ff-btn-md ff_btn_style\"  aria-label=\"L\u00e4het\u00e4\">L\u00e4het\u00e4<\/button><\/div><\/fieldset><\/form><div id='fluentform_3_errors' class='ff-errors-in-stack ff_form_instance_3_1 ff-form-loading_errors ff_form_instance_3_1_errors'><\/div><\/div>            <script type=\"text\/javascript\">\n                window.fluent_form_ff_form_instance_3_1 = {\"id\":\"3\",\"settings\":{\"layout\":{\"labelPlacement\":\"top\",\"asteriskPlacement\":\"asterisk-right\",\"helpMessagePlacement\":\"with_label\",\"errorMessagePlacement\":\"inline\",\"cssClassName\":\"\"},\"restrictions\":{\"denyEmptySubmission\":{\"enabled\":false}}},\"form_instance\":\"ff_form_instance_3_1\",\"form_id_selector\":\"fluentform_3\",\"rules\":{\"firstname_1738179191528\":{\"required\":{\"value\":true,\"message\":\"This field is required\",\"global\":false,\"global_message\":\"This field is required\"}},\"lastname_1738179192966\":{\"required\":{\"value\":true,\"message\":\"This field is required\",\"global\":false,\"global_message\":\"This field is required\"}},\"email_1738179219093\":{\"required\":{\"value\":false,\"message\":\"This field is required\",\"global\":false,\"global_message\":\"This field is required\"},\"email\":{\"value\":1,\"message\":\"This field must contain a valid email\",\"global\":false,\"global_message\":\"This field must contain a valid email\"}},\"input_text_puhelin\":{\"required\":{\"value\":false,\"message\":\"This field is required\",\"global_message\":\"This field is required\",\"global\":true}},\"address_1738179235302\":{\"required\":{\"value\":false,\"message\":\"This field is required\",\"global\":false,\"global_message\":\"This field is required\"}},\"postinumero_1742475480511\":{\"required\":{\"value\":false,\"message\":\"This field is required\",\"global\":false,\"global_message\":\"This field is required\"}},\"paikkakunta_1742475829818\":{\"required\":{\"value\":false,\"message\":\"This field is required\",\"global\":false,\"global_message\":\"This field is required\"}},\"lisatietoja_1738180158869\":{\"required\":{\"value\":false,\"message\":\"This field is required\",\"global\":false,\"global_message\":\"This field is required\"}},\"hyvaksyn_etta_tietojani_voidaan_kasitella_tietosuoja-_ja_rekisteriselosteen_kuvaamalla_tavalla_1738179299718\":{\"required\":{\"value\":true,\"message\":\"This field is required\",\"global\":false,\"global_message\":\"This field is required\"}},\"vakuutan_etta_taytan_yhdistyksen_jasenyyden_edellytykset_saantokohdan_4_mukaan_1738179321169\":{\"required\":{\"value\":false,\"message\":\"This field is required\",\"global\":false,\"global_message\":\"This field is required\"}},\"vakuutan_tietoni_oikeiksi_1738179339154\":{\"required\":{\"value\":true,\"message\":\"This field is required\",\"global\":false,\"global_message\":\"This field is required\"}}},\"debounce_time\":300};\n                            <\/script>\n            \n<\/div><\/div><\/div><\/div><\/div>\n","protected":false},"excerpt":{"rendered":"","protected":false},"author":142,"featured_media":0,"parent":0,"menu_order":0,"comment_status":"closed","ping_status":"closed","template":"","meta":{"footnotes":""},"class_list":["post-543","page","type-page","status-publish","hentry"],"_links":{"self":[{"href":"https:\/\/paivitys.rauhanyhdistys.fi\/ranua\/wp-json\/wp\/v2\/pages\/543","targetHints":{"allow":["GET"]}}],"collection":[{"href":"https:\/\/paivitys.rauhanyhdistys.fi\/ranua\/wp-json\/wp\/v2\/pages"}],"about":[{"href":"https:\/\/paivitys.rauhanyhdistys.fi\/ranua\/wp-json\/wp\/v2\/types\/page"}],"author":[{"embeddable":true,"href":"https:\/\/paivitys.rauhanyhdistys.fi\/ranua\/wp-json\/wp\/v2\/users\/142"}],"replies":[{"embeddable":true,"href":"https:\/\/paivitys.rauhanyhdistys.fi\/ranua\/wp-json\/wp\/v2\/comments?post=543"}],"version-history":[{"count":10,"href":"https:\/\/paivitys.rauhanyhdistys.fi\/ranua\/wp-json\/wp\/v2\/pages\/543\/revisions"}],"predecessor-version":[{"id":789,"href":"https:\/\/paivitys.rauhanyhdistys.fi\/ranua\/wp-json\/wp\/v2\/pages\/543\/revisions\/789"}],"wp:attachment":[{"href":"https:\/\/paivitys.rauhanyhdistys.fi\/ranua\/wp-json\/wp\/v2\/media?parent=543"}],"curies":[{"name":"wp","href":"https:\/\/api.w.org\/{rel}","templated":true}]}}