{"id":369,"date":"2021-06-05T07:30:59","date_gmt":"2021-06-05T04:30:59","guid":{"rendered":"https:\/\/paivitys.rauhanyhdistys.fi\/ranua\/?page_id=369"},"modified":"2025-09-03T13:53:12","modified_gmt":"2025-09-03T10:53:12","slug":"varainhankinta","status":"publish","type":"page","link":"https:\/\/paivitys.rauhanyhdistys.fi\/ranua\/varainhankinta\/","title":{"rendered":"Varainhankinta"},"content":{"rendered":"<p><div class=\"fusion-fullwidth fullwidth-box fusion-builder-row-1 fusion-flex-container nonhundred-percent-fullwidth non-hundred-percent-height-scrolling\" style=\"--awb-border-radius-top-left:0px;--awb-border-radius-top-right:0px;--awb-border-radius-bottom-right:0px;--awb-border-radius-bottom-left:0px;--awb-flex-wrap:wrap;\" ><div class=\"fusion-builder-row fusion-row fusion-flex-align-items-flex-start fusion-flex-content-wrap\" style=\"max-width:1144px;margin-left: calc(-4% \/ 2 );margin-right: calc(-4% \/ 2 );\"><div class=\"fusion-layout-column fusion_builder_column fusion-builder-column-0 fusion_builder_column_1_1 1_1 fusion-flex-column\" style=\"--awb-bg-size:cover;--awb-width-large:100%;--awb-margin-top-large:0px;--awb-spacing-right-large:1.92%;--awb-margin-bottom-large:20px;--awb-spacing-left-large:1.92%;--awb-width-medium:100%;--awb-order-medium:0;--awb-spacing-right-medium:1.92%;--awb-spacing-left-medium:1.92%;--awb-width-small:100%;--awb-order-small:0;--awb-spacing-right-small:1.92%;--awb-spacing-left-small:1.92%;\"><div class=\"fusion-column-wrapper fusion-column-has-shadow fusion-flex-justify-content-flex-start fusion-content-layout-column\"><div class=\"fusion-text fusion-text-1\"><p style=\"text-align: center;\">Ranuan rauhanyhdistyksen varainhankinta perustuu vapaaehtoisuuteen. Yhditys saa varoja mm. j\u00e4senmaksuista, kahviotoiminnasta, kolehdeista ja myyj\u00e4isist\u00e4.<\/p>\n<\/div><\/div><\/div><div class=\"fusion-layout-column fusion_builder_column fusion-builder-column-1 fusion_builder_column_1_2 1_2 fusion-flex-column\" style=\"--awb-bg-size:cover;--awb-width-large:50%;--awb-margin-top-large:0px;--awb-spacing-right-large:3.84%;--awb-margin-bottom-large:20px;--awb-spacing-left-large:3.84%;--awb-width-medium:100%;--awb-order-medium:0;--awb-spacing-right-medium:1.92%;--awb-spacing-left-medium:1.92%;--awb-width-small:100%;--awb-order-small:0;--awb-spacing-right-small:1.92%;--awb-spacing-left-small:1.92%;\"><div class=\"fusion-column-wrapper fusion-column-has-shadow fusion-flex-justify-content-flex-start fusion-content-layout-column\"><i class=\"fb-icon-element-1 fb-icon-element fontawesome-icon fa-credit-card fas circle-yes\" style=\"--awb-iconcolor:#474747;--awb-circlecolor:rgba(71,71,71,0);--awb-circlebordersize:1px;--awb-font-size:35.2px;--awb-width:70.4px;--awb-height:70.4px;--awb-line-height:68.4px;--awb-margin-top:0;--awb-margin-right:0;--awb-margin-bottom:0;--awb-margin-left:0;--awb-align-self:center;\"><\/i><div class=\"fusion-title title fusion-title-1 fusion-sep-none fusion-title-center fusion-title-text fusion-title-size-one\"><h1 class=\"fusion-title-heading title-heading-center fusion-responsive-typography-calculated\" style=\"margin:0;--fontSize:34;line-height:1.4;\"><p style=\"text-align: center;\">Yhdistyksen tilinumerot<\/p><\/h1><\/div><div class=\"fusion-text fusion-text-2\"><p style=\"text-align: center;\"><strong>Yhdistyksen tili<\/strong><br \/>\nFI73 5644 6620 0365 49<br \/>\n<strong>Rahanker\u00e4ystili<\/strong><br \/>\nFI21 5640 0220 4591 89<br \/>\n<strong>Julkaisumyynnin tili<\/strong><br \/>\nFI18 5645 0020 0037 45<\/p>\n<\/div><\/div><\/div><div class=\"fusion-layout-column fusion_builder_column fusion-builder-column-2 fusion_builder_column_1_2 1_2 fusion-flex-column\" style=\"--awb-bg-size:cover;--awb-width-large:50%;--awb-margin-top-large:0px;--awb-spacing-right-large:3.84%;--awb-margin-bottom-large:20px;--awb-spacing-left-large:3.84%;--awb-width-medium:100%;--awb-order-medium:0;--awb-spacing-right-medium:1.92%;--awb-spacing-left-medium:1.92%;--awb-width-small:100%;--awb-order-small:0;--awb-spacing-right-small:1.92%;--awb-spacing-left-small:1.92%;\"><div class=\"fusion-column-wrapper fusion-column-has-shadow fusion-flex-justify-content-flex-start fusion-content-layout-column\"><i class=\"fb-icon-element-2 fb-icon-element fontawesome-icon fa-hand-holding-usd fas circle-yes\" style=\"--awb-iconcolor:#474747;--awb-iconcolor-hover:#383838;--awb-circlecolor:rgba(51,51,51,0);--awb-circlecolor-hover:rgba(51,51,51,0);--awb-circlebordersize:1px;--awb-font-size:35.2px;--awb-width:70.4px;--awb-height:70.4px;--awb-line-height:68.4px;--awb-margin-top:0;--awb-margin-right:0;--awb-margin-bottom:0;--awb-margin-left:0;--awb-align-self:center;\"><\/i><div class=\"fusion-title title fusion-title-2 fusion-sep-none fusion-title-center fusion-title-text fusion-title-size-one\"><h1 class=\"fusion-title-heading title-heading-center fusion-responsive-typography-calculated\" style=\"margin:0;--fontSize:34;line-height:1.4;\"><p style=\"text-align: center;\">Tue toimintaamme<\/p><\/h1><\/div><div class=\"fusion-text fusion-text-3\"><p style=\"text-align: center;\">Voit tukea toimintaa lahjoittamalla<br \/>\n<strong>Rahanker\u00e4ystilille<br \/>\n<\/strong>FI21 5640 0220 4591 89<br \/>\n<strong>MobilePay numeroon<br \/>\n<\/strong>98678<\/p>\n<p style=\"text-align: center;\"><strong>Voit ladata <a href=\"http:\/\/paivitys.rauhanyhdistys.fi\/ranua\/wp-content\/uploads\/sites\/100\/2022\/04\/MyShop-opaste-tapahtumiin-FIN.pdf\">Maksuopasteen t\u00e4st\u00e4<\/a><\/strong><\/p>\n<h5 style=\"text-align: center;\"><a href=\"http:\/\/paivitys.rauhanyhdistys.fi\/ranua\/wp-content\/uploads\/sites\/100\/2021\/05\/Ranuan-Rauhanyhdistys-rahankerayslupa.pdf\" target=\"_blank\" rel=\"noopener noreferrer\">rahanker\u00e4yslupa nro RA\/2020\/908<\/a><\/h5>\n<\/div><\/div><\/div><\/div><\/div><div class=\"fusion-fullwidth fullwidth-box fusion-builder-row-2 fusion-flex-container nonhundred-percent-fullwidth non-hundred-percent-height-scrolling\" style=\"--awb-border-radius-top-left:0px;--awb-border-radius-top-right:0px;--awb-border-radius-bottom-right:0px;--awb-border-radius-bottom-left:0px;--awb-flex-wrap:wrap;\" ><div class=\"fusion-builder-row fusion-row fusion-flex-align-items-flex-start fusion-flex-content-wrap\" style=\"max-width:1144px;margin-left: calc(-4% \/ 2 );margin-right: calc(-4% \/ 2 );\"><div class=\"fusion-layout-column fusion_builder_column fusion-builder-column-3 fusion_builder_column_1_2 1_2 fusion-flex-column\" style=\"--awb-bg-size:cover;--awb-width-large:50%;--awb-margin-top-large:0px;--awb-spacing-right-large:3.84%;--awb-margin-bottom-large:20px;--awb-spacing-left-large:3.84%;--awb-width-medium:100%;--awb-order-medium:0;--awb-spacing-right-medium:1.92%;--awb-spacing-left-medium:1.92%;--awb-width-small:100%;--awb-order-small:0;--awb-spacing-right-small:1.92%;--awb-spacing-left-small:1.92%;\"><div class=\"fusion-column-wrapper fusion-column-has-shadow fusion-flex-justify-content-flex-start fusion-content-layout-column\"><div class=\"fusion-title title fusion-title-3 fusion-sep-none fusion-title-center fusion-title-text fusion-title-size-one\"><h1 class=\"fusion-title-heading title-heading-center fusion-responsive-typography-calculated\" style=\"margin:0;--fontSize:34;line-height:1.4;\">MobilePay linkki<\/h1><\/div><div class=\"fusion-text fusion-text-4\"><p style=\"text-align: center;\">Klikkaamalla alla olevaa maksulinkki\u00e4, voit maksaa haluamasi summan Mobilepaylla.<\/p>\n<p style=\"text-align: center;\">Maksulle on lis\u00e4ttyn\u00e4 valmiiksi viesti: Lahjoitus. Halutessasi voit muutta maksun viesti\u00e4.<\/p>\n<\/div><\/div><\/div><div class=\"fusion-layout-column fusion_builder_column fusion-builder-column-4 fusion_builder_column_1_2 1_2 fusion-flex-column\" style=\"--awb-bg-size:cover;--awb-width-large:50%;--awb-margin-top-large:0px;--awb-spacing-right-large:3.84%;--awb-margin-bottom-large:20px;--awb-spacing-left-large:3.84%;--awb-width-medium:100%;--awb-order-medium:0;--awb-spacing-right-medium:1.92%;--awb-spacing-left-medium:1.92%;--awb-width-small:100%;--awb-order-small:0;--awb-spacing-right-small:1.92%;--awb-spacing-left-small:1.92%;\"><div class=\"fusion-column-wrapper fusion-column-has-shadow fusion-flex-justify-content-flex-start fusion-content-layout-column\"><div class=\"fusion-image-element \" style=\"text-align:center;--awb-caption-title-font-family:var(--h2_typography-font-family);--awb-caption-title-font-weight:var(--h2_typography-font-weight);--awb-caption-title-font-style:var(--h2_typography-font-style);--awb-caption-title-size:var(--h2_typography-font-size);--awb-caption-title-transform:var(--h2_typography-text-transform);--awb-caption-title-line-height:var(--h2_typography-line-height);--awb-caption-title-letter-spacing:var(--h2_typography-letter-spacing);\"><span class=\" fusion-imageframe imageframe-none imageframe-1 hover-type-none\"><a class=\"fusion-no-lightbox\" href=\"https:\/\/www.mobilepay.fi\/Yrityksille\/Maksulinkki\/maksulinkki-vastaus?phone=98678&amp;comment=Lahjoitus\" target=\"_self\" aria-label=\"MobilePay lahjoitus\"><img decoding=\"async\" width=\"300\" height=\"300\" src=\"https:\/\/paivitys.rauhanyhdistys.fi\/ranua\/wp-content\/uploads\/sites\/100\/2022\/04\/MobilePay-lahjoitus-300x300.png\" alt class=\"img-responsive wp-image-497\" srcset=\"https:\/\/paivitys.rauhanyhdistys.fi\/ranua\/wp-content\/uploads\/sites\/100\/2022\/04\/MobilePay-lahjoitus-200x200.png 200w, https:\/\/paivitys.rauhanyhdistys.fi\/ranua\/wp-content\/uploads\/sites\/100\/2022\/04\/MobilePay-lahjoitus-400x400.png 400w, https:\/\/paivitys.rauhanyhdistys.fi\/ranua\/wp-content\/uploads\/sites\/100\/2022\/04\/MobilePay-lahjoitus-600x600.png 600w, https:\/\/paivitys.rauhanyhdistys.fi\/ranua\/wp-content\/uploads\/sites\/100\/2022\/04\/MobilePay-lahjoitus.png 686w\" sizes=\"(max-width: 1024px) 100vw, (max-width: 640px) 100vw, 600px\" \/><\/a><\/span><\/div><\/div><\/div><\/div><\/div><\/p>\n","protected":false},"excerpt":{"rendered":"","protected":false},"author":142,"featured_media":0,"parent":0,"menu_order":4,"comment_status":"closed","ping_status":"closed","template":"","meta":{"footnotes":""},"class_list":["post-369","page","type-page","status-publish","hentry"],"_links":{"self":[{"href":"https:\/\/paivitys.rauhanyhdistys.fi\/ranua\/wp-json\/wp\/v2\/pages\/369","targetHints":{"allow":["GET"]}}],"collection":[{"href":"https:\/\/paivitys.rauhanyhdistys.fi\/ranua\/wp-json\/wp\/v2\/pages"}],"about":[{"href":"https:\/\/paivitys.rauhanyhdistys.fi\/ranua\/wp-json\/wp\/v2\/types\/page"}],"author":[{"embeddable":true,"href":"https:\/\/paivitys.rauhanyhdistys.fi\/ranua\/wp-json\/wp\/v2\/users\/142"}],"replies":[{"embeddable":true,"href":"https:\/\/paivitys.rauhanyhdistys.fi\/ranua\/wp-json\/wp\/v2\/comments?post=369"}],"version-history":[{"count":61,"href":"https:\/\/paivitys.rauhanyhdistys.fi\/ranua\/wp-json\/wp\/v2\/pages\/369\/revisions"}],"predecessor-version":[{"id":799,"href":"https:\/\/paivitys.rauhanyhdistys.fi\/ranua\/wp-json\/wp\/v2\/pages\/369\/revisions\/799"}],"wp:attachment":[{"href":"https:\/\/paivitys.rauhanyhdistys.fi\/ranua\/wp-json\/wp\/v2\/media?parent=369"}],"curies":[{"name":"wp","href":"https:\/\/api.w.org\/{rel}","templated":true}]}}