{"id":249,"date":"2024-11-26T09:39:51","date_gmt":"2024-11-26T07:39:51","guid":{"rendered":"https:\/\/paivitys.rauhanyhdistys.fi\/pyhajoki\/?page_id=249"},"modified":"2025-03-20T15:04:16","modified_gmt":"2025-03-20T13:04:16","slug":"ajankohtaista-2","status":"publish","type":"page","link":"https:\/\/paivitys.rauhanyhdistys.fi\/pyhajoki\/ajankohtaista-2\/","title":{"rendered":"Ajankohtaista"},"content":{"rendered":"<div class=\"fusion-fullwidth fullwidth-box fusion-builder-row-1 fusion-flex-container has-pattern-background has-mask-background nonhundred-percent-fullwidth non-hundred-percent-height-scrolling\" style=\"--awb-border-radius-top-left:0px;--awb-border-radius-top-right:0px;--awb-border-radius-bottom-right:0px;--awb-border-radius-bottom-left:0px;--awb-flex-wrap:wrap;\" ><div class=\"fusion-builder-row fusion-row fusion-flex-align-items-flex-start fusion-flex-content-wrap\" style=\"max-width:1144px;margin-left: calc(-4% \/ 2 );margin-right: calc(-4% \/ 2 );\"><div class=\"fusion-layout-column fusion_builder_column fusion-builder-column-0 fusion_builder_column_1_1 1_1 fusion-flex-column\" style=\"--awb-bg-size:cover;--awb-width-large:100%;--awb-margin-top-large:0px;--awb-spacing-right-large:1.92%;--awb-margin-bottom-large:20px;--awb-spacing-left-large:1.92%;--awb-width-medium:100%;--awb-order-medium:0;--awb-spacing-right-medium:1.92%;--awb-spacing-left-medium:1.92%;--awb-width-small:100%;--awb-order-small:0;--awb-spacing-right-small:1.92%;--awb-spacing-left-small:1.92%;\"><div class=\"fusion-column-wrapper fusion-column-has-shadow fusion-flex-justify-content-flex-start fusion-content-layout-column\"><div class=\"fusion-text fusion-text-1\"><h1 data-fontsize=\"34\" style=\"--fontSize: 34;line-height: 1.4\" data-lineheight=\"47.6px\" class=\"fusion-responsive-typography-calculated\">J\u00e4senmaksut 2025 <\/h1>\n<h1 data-fontsize=\"34\" style=\"--fontSize: 34;line-height: 1.4\" data-lineheight=\"47.6px\" class=\"fusion-responsive-typography-calculated\">\n<p data-fusion-font=\"true\" style=\"font-size: 16px\">\ud83d\udddd\ufe0f Ry:n j\u00e4senmaksu on 10 e\/ hl\u00f6 (2009 syntyneilt\u00e4 ja sit\u00e4 vanhemmilta). <\/p>\n<p data-fusion-font=\"true\" style=\"font-size: 16px\">\ud83d\udddd\ufe0f Tukialuemaksu 25 e\/ hl\u00f6. Nuorilta 2005 &#8211; 2009 syntyneilt\u00e4 5 e\/ hl\u00f6.<\/p>\n<p data-fusion-font=\"true\" style=\"font-size: 16px\">\ud83d\udddd\ufe0f Maksu 15.4.25 menness\u00e4 tilille FI60 5381 1740 0082 85 <span style=\"color: var(--h1_typography-color);font-family: var(--h1_typography-font-family);font-style: var(--h1_typography-font-style,normal);font-weight: var(--h1_typography-font-weight);letter-spacing: var(--h1_typography-letter-spacing);text-transform: var(--h1_typography-text-transform);text-align: var(--awb-content-alignment);background-color: var(--awb-bg-color-hover)\">ja viestikohtaan: j\u00e4senmaksu v 2025 ja etunimi.<\/span><\/p>\n<p data-fusion-font=\"true\" style=\"font-size: 16px\">\ud83c\udf3a Kiitos jo etuk\u00e4teen \ud83c\udf3a<\/p>\n<p data-fusion-font=\"true\" style=\"font-size: 16px\">Johtokunta<\/p>\n<p>\ud83c\udf3a \ud83c\udf3a<\/p>\n<\/h1>\n<h1 data-fontsize=\"34\" style=\"--fontSize: 34;line-height: 1.4\" data-lineheight=\"47.6px\" class=\"fusion-responsive-typography-calculated\">Kansainv\u00e4lisen l\u00e4hetysty\u00f6n verkkosivu<\/h1>\n<p>Tutustu: <a href=\"https:\/\/kingdomofpeace.net\/\">https:\/\/kingdomofpeace.net\/<\/a><\/p>\n<h1 data-fontsize=\"34\" style=\"--fontSize: 34;line-height: 1.4\" data-lineheight=\"47.6px\" class=\"fusion-responsive-typography-calculated\">Tutustu LINKIT -sivuun<\/h1>\n<p>Linkit -sivulta l\u00f6yd\u00e4t lukemista, kuunneltavaa, katseltavaa ja tekemist\u00e4 kaikenik\u00e4isille. Voit kuunnella mm. arkistoituja seurapuheita ja ohjelmia tai l\u00f6yt\u00e4\u00e4 puuhaa perheen pienimmille.<\/p>\n<h1 class=\"fusion-responsive-typography-calculated\" data-fontsize=\"34\" data-lineheight=\"47.6px\" style=\"--fontSize: 34;line-height: 1.4\">RAUHANYHDISTYSTEN TOIMINTAA VERKOSSA<\/h1>\n<p><a href=\"https:\/\/www.srk.fi\/fi\/work-areas\/seurat\/kuuntele-seuroja\/\"><b>Seurat<\/b><\/a><br \/>\n\u2013 Keskiviikkoisin <strong>klo 19<\/strong> Helsingist\u00e4, Jyv\u00e4skyl\u00e4st\u00e4, It\u00e4-Suomesta, Tampereelta ja Vaasasta.<br \/>\n\u2013 Lauantaisin <strong>klo 18<\/strong> Helsingist\u00e4. <strong>Klo 19<\/strong> It\u00e4-Suomesta, Oulusta, Tampereelta ja Vaasasta.<br \/>\n\u2013 Sunnuntaisin <strong>klo 15<\/strong> Laukaasta ja It\u00e4-Suomesta. <strong>Klo 16<\/strong> Helsingist\u00e4, H\u00e4meenlinnasta, Jyv\u00e4skyl\u00e4st\u00e4, Lahdesta, Rovaniemelt\u00e4, Tampereelta, Tikkakoskelta, Torniosta ja Vaasasta. <strong>Klo 17 <\/strong>Oulusta. <strong>Klo 17.30 <\/strong>Tampereelta. <strong>Klo 18 <\/strong>Helsingist\u00e4, It\u00e4-Suomesta, Rovaniemelt\u00e4, Tampereelta, Torniosta ja Vaasasta.<br \/>\nLinkit n\u00e4ihin l\u00e4hetyksiin sek\u00e4 ruotsin- ja englanninkielisiin seuroihin l\u00f6ytyv\u00e4t <a href=\"https:\/\/www.srk.fi\/fi\/work-areas\/seurat\/kuuntele-seuroja\/\" target=\"_blank\" rel=\"noopener noreferrer\"><b>SRK:n sivuilta<\/b><\/a>.<\/p>\n<p><em>Voit kuunnella my\u00f6s seuroja Radio Pookin kautta<\/em>. T\u00e4ll\u00e4 hetkell\u00e4 seural\u00e4hetyst\u00e4 Pookin kautta l\u00e4hetet\u00e4\u00e4n 21 rauhanyhdistykselt\u00e4 ja Reisj\u00e4rven Kristilliselt\u00e4 opistolta s\u00e4\u00e4nn\u00f6llisesti joka sunnuntai syyskuusta toukokuun loppuun.<\/p>\n<p><strong>Vieraskieliset nettil\u00e4hetykset<\/strong><\/p>\n<p dir=\"ltr\">Helsingin, Tampereen ja Oulun rauhanyhdistyksilt\u00e4 espanjan, ranskan ja ven\u00e4j\u00e4n kielelle tulkattuja seurapuheita voi kuunnella nettiradiosta, <a href=\"http:\/\/nettiradio.srk.fi\/\">nettiradio.srk.fi<\/a>.<\/p>\n<p dir=\"ltr\">Ruotsinkielisi\u00e4 seuroja voi kuunnella SFC:n ja englanninkielisi\u00e4 seuroja LLC:n kautta.<\/p>\n<p><a href=\"https:\/\/kapsakkijutut.fi\/raamattuluokat\/\"><strong>Raamattuluokat<\/strong><\/a><br \/>\n\u2013 Perjantaisin klo 18. Seuraa Instagramissa nuorten kanavaa @kapsakkijutut. Tulevat nuorten nettitilaisuudet l\u00f6yd\u00e4t <a href=\"https:\/\/kapsakkijutut.fi\/2020\/03\/18\/live-raamattuluokat-ja-nuortenillat-alkavat\/\">t\u00e4\u00e4lt\u00e4.<\/a> <a href=\"https:\/\/kapsakkijutut.fi\/\">Kapsakkijutut.fi<\/a>-sivustolta l\u00f6ytyy nuorille kuuntelemista ja tekemist\u00e4.<\/p>\n<p><strong><a href=\"https:\/\/lastenpolku.fi\/\">P\u00e4iv\u00e4kerhot<\/a><br \/>\n<\/strong>Kotip\u00e4iv\u00e4kerhoihin vinkkej\u00e4 l\u00f6ytyy Lastenpolun <a href=\"https:\/\/lastenpolku.fi\/puuhia\/\">puuhasivuilta.<\/a> <a href=\"https:\/\/lastenpolku.fi\/\">Lastenpolku.fi<\/a>-sivustolta l\u00f6ytyy paljon muutakin tekemist\u00e4 perheen pienimmille. Tervetuloa mukaan!<\/p>\n<div class=\"fusion-text fusion-text-5\">\n<h1 data-fontsize=\"34\" data-lineheight=\"47.6px\" style=\"--fontSize: 34;line-height: 1.4\" class=\"fusion-responsive-typography-calculated\"><strong>RESURSSIPANKKI <\/strong><a href=\"https:\/\/resurssipankki.fi\/\"><strong style=\"font-size: 16px\">https:\/\/resurssipankki.fi\/<\/strong><\/a><\/h1>\n<\/div>\n<div class=\"fusion-text fusion-text-6\">\n<p><strong>Tarvitsetko kotiin lastenhoitajaa tai muuta apua? Resurssipankki auttaa!<\/strong><\/p>\n<p>Resurssipankki kokoaa SRK:n ja rauhanyhdistysten vapaaehtoisty\u00f6h\u00f6n k\u00e4ytett\u00e4viss\u00e4 olevia henkil\u00f6it\u00e4. N\u00e4it\u00e4 tietoja k\u00e4ytet\u00e4\u00e4n paikallisissa rauhanyhdistyksiss\u00e4 erilaisten teht\u00e4vien tarjoamiseen. Teht\u00e4vi\u00e4 voivat olla mm. lyhytaikainen lastenhoito, vanhusten luona vierailut sek\u00e4 oman rauhanyhdistyksen ty\u00f6vuorot. Lis\u00e4ksi voit ilmaista kiinnostuksesi SRK:n rippikouluisostoimintaan.<\/p>\n<p>Ty\u00f6teht\u00e4v\u00e4t ovat luonteeltaan vapaaehtoisty\u00f6t\u00e4. Joistakin teht\u00e4vist\u00e4 (lastenhoito, rippikoululeirien isostoiminta) maksetaan palkkio.<\/p>\n<p>Pyh\u00e4joen ry:n resurssipankin yhteyshenkil\u00f6 Hilla p. 0400 977952<\/p>\n<p><strong>Vapaaehtoiseksi ilmoittautuminen<\/strong><\/p>\n<p>Voit ilmoittautua resurssipankkiin vapaaehtoiseksi <a href=\"https:\/\/resurssipankki.fi\/resurssipankki\/\">t\u00e4\u00e4lt\u00e4.<\/a> Resurssipankkiin sy\u00f6tet\u00e4\u00e4n yhteystietojen lis\u00e4ksi itse\u00e4 kiinnostavat ty\u00f6teht\u00e4v\u00e4t sek\u00e4 mahdollinen kokemus. Ilmoittautujan on hyv\u00e4ksytt\u00e4v\u00e4 k\u00e4ytt\u00e4j\u00e4ehdot omien yhteystietojen jakamisesta rauhanyhdistysten vastuuhenkil\u00f6iden k\u00e4ytt\u00f6\u00f6n. Vapaaehtoisen tulee olla rippikoulun k\u00e4ynyt. Yl\u00e4ik\u00e4rajaa ilmoittautumiselle ei ole.<\/p>\n<p>Jos tarvitset tilap\u00e4ist\u00e4 apua arjessa, ota yhteytt\u00e4 Pyh\u00e4joen ry:n perhe- ja diakoniatoimikunnan vet\u00e4j\u00e4\u00e4n: p. 040 9131298<\/p>\n<\/div>\n<\/div><\/div><\/div><\/div><\/div>\n","protected":false},"excerpt":{"rendered":"","protected":false},"author":5,"featured_media":0,"parent":0,"menu_order":0,"comment_status":"closed","ping_status":"closed","template":"","meta":{"footnotes":""},"class_list":["post-249","page","type-page","status-publish","hentry"],"_links":{"self":[{"href":"https:\/\/paivitys.rauhanyhdistys.fi\/pyhajoki\/wp-json\/wp\/v2\/pages\/249","targetHints":{"allow":["GET"]}}],"collection":[{"href":"https:\/\/paivitys.rauhanyhdistys.fi\/pyhajoki\/wp-json\/wp\/v2\/pages"}],"about":[{"href":"https:\/\/paivitys.rauhanyhdistys.fi\/pyhajoki\/wp-json\/wp\/v2\/types\/page"}],"author":[{"embeddable":true,"href":"https:\/\/paivitys.rauhanyhdistys.fi\/pyhajoki\/wp-json\/wp\/v2\/users\/5"}],"replies":[{"embeddable":true,"href":"https:\/\/paivitys.rauhanyhdistys.fi\/pyhajoki\/wp-json\/wp\/v2\/comments?post=249"}],"version-history":[{"count":5,"href":"https:\/\/paivitys.rauhanyhdistys.fi\/pyhajoki\/wp-json\/wp\/v2\/pages\/249\/revisions"}],"predecessor-version":[{"id":280,"href":"https:\/\/paivitys.rauhanyhdistys.fi\/pyhajoki\/wp-json\/wp\/v2\/pages\/249\/revisions\/280"}],"wp:attachment":[{"href":"https:\/\/paivitys.rauhanyhdistys.fi\/pyhajoki\/wp-json\/wp\/v2\/media?parent=249"}],"curies":[{"name":"wp","href":"https:\/\/api.w.org\/{rel}","templated":true}]}}