{"id":165,"date":"2022-09-01T21:42:28","date_gmt":"2022-09-01T18:42:28","guid":{"rendered":"https:\/\/paivitys.rauhanyhdistys.fi\/pyhajoki\/?page_id=165"},"modified":"2024-03-07T17:28:55","modified_gmt":"2024-03-07T15:28:55","slug":"linkit","status":"publish","type":"page","link":"https:\/\/paivitys.rauhanyhdistys.fi\/pyhajoki\/linkit\/","title":{"rendered":"Linkit"},"content":{"rendered":"<h2 class=\"fusion-responsive-typography-calculated\" data-fontsize=\"18\" data-lineheight=\"27px\">Nettilinkkej\u00e4; lue, kuuntele, katsele, osallistu<\/h2>\n<p>Suomen Rauhanyhdistyksen Keskusyhdistyksen j\u00e4senyhdistyksien\u00a0<a href=\"https:\/\/www.srk.fi\/fi\/work-areas\/seurat\/kuuntele-seuroja\/\" target=\"_blank\" rel=\"noopener noreferrer\">seurat netiss\u00e4 ja radiossa<\/a>.<\/p>\n<p>Voit kuunnella my\u00f6s arkistoituja seurapuheita ja ohjelmia\u00a0<a href=\"https:\/\/www.kesaseuraradio.fi\/paivaohjelma\/sunnuntai-4-7-2021\/\">kes\u00e4seuraradion arkistosta<\/a>.<\/p>\n<ul>\n<li>N\u00e4in me uskomme\u00a0<a href=\"https:\/\/srk.fi\/fi\/nain-me-uskomme\/\">http:\/\/srk.fi\/fi\/nain-me-uskomme\/<\/a><\/li>\n<li>P\u00e4iv\u00e4mies ja blogeja uskovaisten el\u00e4m\u00e4st\u00e4 <a href=\"https:\/\/www.paivamies.fi\/\">https:\/\/www.paivamies.fi\/<\/a><\/li>\n<li>Kuuntele seuroja\u00a0<a href=\"https:\/\/www.srk.fi\/fi\/work-areas\/seurat\/kuuntele-seuroja\/\">https:\/\/srk.fi\/fi\/seurat\/kuuntele-seuroja\/<\/a><\/li>\n<li>SRK\u00a0<a href=\"https:\/\/srk.fi\/\">https:\/\/srk.fi\/<\/a><\/li>\n<li>Kansainv\u00e4lisen l\u00e4hetysty\u00f6n verkkosivusto\u00a0<a href=\"https:\/\/kingdomofpeace.net\/\">https:\/\/kingdomofpeace.net\/<\/a><\/li>\n<li>Kuule -sovellus <a href=\"https:\/\/kuule.srk.fi\/\">https:\/\/kuule.srk.fi\/<\/a><\/li>\n<li><a href=\"https:\/\/kapsakkijutut.fi\/\">Kapsakkijutut.fi<\/a><\/li>\n<li><a href=\"https:\/\/lastenpolku.fi\/\">Lastenpolku.fi<\/a><\/li>\n<li>Leirikeskukset ja Opistot\u00a0<a href=\"https:\/\/www.leirille.fi\/\">https:\/\/www.leirille.fi\/<\/a><\/li>\n<li>Resurssipankki <a href=\"https:\/\/resurssipankki.fi\/\">https:\/\/resurssipankki.fi\/<\/a><\/li>\n<li>Kes\u00e4n suuret seurat\u00a0<a href=\"https:\/\/www.suviseurat.fi\/\">https:\/\/srk.fi\/fi\/seurat\/suviseurat\/<\/a><\/li>\n<li><a href=\"https:\/\/www.nettiseurat.info\/\">Kuuntele seuroja ja jumalanpalveluksia &#8211; Nettiseurat.info<\/a><\/li>\n<li>Evankelisluterilainen kirkko\u00a0<a href=\"https:\/\/evl.fi\/etusivu\">https:\/\/evl.fi\/etusivu<\/a><\/li>\n<li>Pyh\u00e4joen seurakunta <a href=\"https:\/\/www.pyhajoenseurakunta.fi\/\">https:\/\/www.pyhajoenseurakunta.fi\/<\/a><\/li>\n<li>SFC\u00a0\u00a0<a href=\"https:\/\/fridsforening.se\/\">https:\/\/fridsforening.se\/<\/a><\/li>\n<li>LLC\u00a0 <a href=\"https:\/\/www.llchurch.org\/\">https:\/\/www.llchurch.org\/<\/a>\u00a0\u00a0<a href=\"https:\/\/www.seuroihin.fi\/llc\">https:\/\/www.seuroihin.fi\/llc<\/a><\/li>\n<\/ul>\n<p>&nbsp;<\/p>\n","protected":false},"excerpt":{"rendered":"<p>Nettilinkkej\u00e4; lue, kuuntele, katsele, osallistu Suomen Rauhanyhdistyksen Keskusyhdistyksen j\u00e4senyhdistyksien\u00a0seurat netiss\u00e4  [&#8230;]<\/p>\n","protected":false},"author":38,"featured_media":172,"parent":0,"menu_order":0,"comment_status":"closed","ping_status":"closed","template":"","meta":{"footnotes":""},"class_list":["post-165","page","type-page","status-publish","has-post-thumbnail","hentry"],"_links":{"self":[{"href":"https:\/\/paivitys.rauhanyhdistys.fi\/pyhajoki\/wp-json\/wp\/v2\/pages\/165","targetHints":{"allow":["GET"]}}],"collection":[{"href":"https:\/\/paivitys.rauhanyhdistys.fi\/pyhajoki\/wp-json\/wp\/v2\/pages"}],"about":[{"href":"https:\/\/paivitys.rauhanyhdistys.fi\/pyhajoki\/wp-json\/wp\/v2\/types\/page"}],"author":[{"embeddable":true,"href":"https:\/\/paivitys.rauhanyhdistys.fi\/pyhajoki\/wp-json\/wp\/v2\/users\/38"}],"replies":[{"embeddable":true,"href":"https:\/\/paivitys.rauhanyhdistys.fi\/pyhajoki\/wp-json\/wp\/v2\/comments?post=165"}],"version-history":[{"count":7,"href":"https:\/\/paivitys.rauhanyhdistys.fi\/pyhajoki\/wp-json\/wp\/v2\/pages\/165\/revisions"}],"predecessor-version":[{"id":221,"href":"https:\/\/paivitys.rauhanyhdistys.fi\/pyhajoki\/wp-json\/wp\/v2\/pages\/165\/revisions\/221"}],"wp:featuredmedia":[{"embeddable":true,"href":"https:\/\/paivitys.rauhanyhdistys.fi\/pyhajoki\/wp-json\/wp\/v2\/media\/172"}],"wp:attachment":[{"href":"https:\/\/paivitys.rauhanyhdistys.fi\/pyhajoki\/wp-json\/wp\/v2\/media?parent=165"}],"curies":[{"name":"wp","href":"https:\/\/api.w.org\/{rel}","templated":true}]}}