{"id":15,"date":"2017-12-13T14:06:19","date_gmt":"2017-12-13T12:06:19","guid":{"rendered":"http:\/\/34.242.2.69\/kalajoki\/?page_id=15"},"modified":"2025-02-18T19:01:51","modified_gmt":"2025-02-18T17:01:51","slug":"toimintamuodot","status":"publish","type":"page","link":"https:\/\/paivitys.rauhanyhdistys.fi\/pyhajoki\/toimintamuodot\/","title":{"rendered":"Toimintamuodot"},"content":{"rendered":"<div class=\"fusion-fullwidth fullwidth-box fusion-builder-row-1 nonhundred-percent-fullwidth non-hundred-percent-height-scrolling\" style=\"--awb-border-radius-top-left:0px;--awb-border-radius-top-right:0px;--awb-border-radius-bottom-right:0px;--awb-border-radius-bottom-left:0px;--awb-flex-wrap:wrap;\" ><div class=\"fusion-builder-row fusion-row\"><div class=\"fusion-layout-column fusion_builder_column fusion-builder-column-0 fusion_builder_column_1_2 1_2 fusion-one-half fusion-column-first\" style=\"--awb-bg-size:cover;width:50%;width:calc(50% - ( ( 4% ) * 0.5 ) );margin-right: 4%;\"><div class=\"fusion-column-wrapper fusion-flex-column-wrapper-legacy\"><div class=\"fusion-title title fusion-title-1 fusion-sep-none fusion-title-text fusion-title-size-one\"><h1 class=\"fusion-title-heading title-heading-left fusion-responsive-typography-calculated\" style=\"margin:0;--fontSize:34;line-height:1.4;\"><h1 class=\"content-box-heading\" data-inline-fontsize=\"true\" data-inline-lineheight=\"true\" data-fontsize=\"24\" data-lineheight=\"29\">Seurat<\/h1><\/h1><\/div><div class=\"fusion-text fusion-text-1\"><div class=\"heading icon-left\">\n<p class=\"content-box-heading\" data-inline-fontsize=\"true\" data-inline-lineheight=\"true\" data-fontsize=\"24\" data-lineheight=\"29\"><span style=\"font-size: 16px\">Seuroihin kokoonnutaan yleens\u00e4 sunnuntaisin. Seuroihin, niin kuin kaikkeen muuhunkin toimintaan,\u00a0 on vapaa p\u00e4\u00e4sy ja kaikki ovat l\u00e4mpim\u00e4sti tervetulleita. Yleens\u00e4 seuroissa on kaksi seurapuhetta. Puheiden v\u00e4liss\u00e4 on v\u00e4liaika, jolloin on mahdollisuus k\u00e4ytt\u00e4\u00e4 seuraravintolan palveluja. Puheen pit\u00e4\u00e4 pappi tai maallikkosaarnaaja. Seuroja j\u00e4rjestet\u00e4\u00e4n oman toimitalon lis\u00e4ksi toimialueen kirkoissa ja seurakuntataloissa, vanhusten hoitokodeissa sek\u00e4 kodeissa. P\u00e4iv\u00e4seroissa ensimm\u00e4inen puhe alkaa klo 13 ja toinen puhe klo 14.30, iltaseuroissa puheet klo 16 ja 17.30.\u00a0<\/span><\/p>\n<\/div>\n<\/div><div class=\"fusion-clearfix\"><\/div><\/div><\/div><div class=\"fusion-layout-column fusion_builder_column fusion-builder-column-1 fusion_builder_column_1_2 1_2 fusion-one-half fusion-column-last\" style=\"--awb-bg-size:cover;width:50%;width:calc(50% - ( ( 4% ) * 0.5 ) );\"><div class=\"fusion-column-wrapper fusion-flex-column-wrapper-legacy\"><div class=\"fusion-title title fusion-title-2 fusion-sep-none fusion-title-text fusion-title-size-one\"><h1 class=\"fusion-title-heading title-heading-left fusion-responsive-typography-calculated\" style=\"margin:0;--fontSize:34;line-height:1.4;\"><h1 class=\"content-box-heading\" data-inline-fontsize=\"true\" data-inline-lineheight=\"true\" data-fontsize=\"24\" data-lineheight=\"29\">Raamattuluokka<\/h1><\/h1><\/div><div class=\"fusion-text fusion-text-2\"><div class=\"heading icon-left\">\n<p class=\"content-box-heading\" data-inline-fontsize=\"true\" data-inline-lineheight=\"true\" data-fontsize=\"24\" data-lineheight=\"29\">Alle rippikouluik\u00e4iset, 5-8-luokkalaiset lapset ja nuoret, k\u00e4yv\u00e4t raamattuluokissa, ja niiden tarkoituksena on syvent\u00e4\u00e4 varhaisnuorten Raamatun tuntemusta, hoitaa uskoa sek\u00e4 tukea kotien kristillist\u00e4 kasvatusta. Raamattuluokat kokoontuvat perjantaisin Rauhanyhdistyksen tiloissa tai kodeissa kouluvuoden aikana.<\/p>\n<p><a href=\"https:\/\/kapsakkijutut.fi\/raamattuluokat\/\"><strong>Raamattuluokat netiss\u00e4<\/strong><\/a><br \/>\n\u2013 Perjantaisin klo 18. Seuraa Instagramissa nuorten kanavaa @kapsakkijutut. Tulevat nuorten nettitilaisuudet l\u00f6yd\u00e4t\u00a0<a href=\"https:\/\/kapsakkijutut.fi\/2020\/03\/18\/live-raamattuluokat-ja-nuortenillat-alkavat\/\">t\u00e4\u00e4lt\u00e4.<\/a>\u00a0<a href=\"https:\/\/kapsakkijutut.fi\/\">Kapsakkijutut.fi<\/a>-sivustolta l\u00f6ytyy nuorille kuuntelemista ja tekemist\u00e4.<\/p>\n<\/div>\n<\/div><div class=\"fusion-clearfix\"><\/div><\/div><\/div><div class=\"fusion-layout-column fusion_builder_column fusion-builder-column-2 fusion_builder_column_1_2 1_2 fusion-one-half fusion-column-first\" style=\"--awb-bg-size:cover;width:50%;width:calc(50% - ( ( 4% ) * 0.5 ) );margin-right: 4%;\"><div class=\"fusion-column-wrapper fusion-flex-column-wrapper-legacy\"><div class=\"fusion-title title fusion-title-3 fusion-sep-none fusion-title-text fusion-title-size-one\"><h1 class=\"fusion-title-heading title-heading-left fusion-responsive-typography-calculated\" style=\"margin:0;--fontSize:34;line-height:1.4;\">P\u00e4iv\u00e4kerho ja pyh\u00e4koulu<\/h1><\/div><div class=\"fusion-text fusion-text-3\"><p>Lapsille j\u00e4rjestet\u00e4\u00e4n pyh\u00e4kouluja ja p\u00e4iv\u00e4kerhoja. P\u00e4iv\u00e4kerhot j\u00e4rjestet\u00e4\u00e4n Rauhanyhdistyksen toimitalossa p\u00e4\u00e4s\u00e4\u00e4nt\u00f6isesti joka toinen lauantai. Pyh\u00e4kouluihin kokoonnutaan sunnuntaisin kodeissa tai toimitalolle.<\/p>\n<p>Perusajatuksena sek\u00e4 pyh\u00e4koulussa ett\u00e4 p\u00e4iv\u00e4kerhossa on Jeesuksen antaman opetusk\u00e4skyn toteuttaminen. Opettajina toimivat teht\u00e4v\u00e4\u00e4n kutsutut henkil\u00f6t, jotka uskovat samalla tavalla lasten ja heid\u00e4n perheidens\u00e4 kanssa.<\/p>\n<p><strong><a href=\"https:\/\/lastenpolku.fi\/\">P\u00e4iv\u00e4kerhot<\/a><\/strong><strong><br \/>\n<\/strong>Kotip\u00e4iv\u00e4kerhoihin vinkkej\u00e4 l\u00f6ytyy Lastenpolun\u00a0<a href=\"https:\/\/lastenpolku.fi\/puuhia\/\">puuhasivuilta.<\/a>\u00a0<a href=\"https:\/\/lastenpolku.fi\/\">Lastenpolku.fi<\/a>-sivustolta l\u00f6ytyy paljon muutakin tekemist\u00e4 perheen pienimmille. Tervetuloa mukaan!<\/p>\n<\/div><div class=\"fusion-text fusion-text-4\"><h1>Ompeluseurat ja myyj\u00e4iset<\/h1>\n<\/div><div class=\"fusion-text fusion-text-5\"><p class=\"Standard\" style=\"text-align: justify\">Ompeluseuroja j\u00e4rjestet\u00e4\u00e4n oman yhdistyksen hyv\u00e4ksi noin kahden viikon v\u00e4lein p\u00e4\u00e4s\u00e4\u00e4nt\u00f6isesti torstaisin. Omia myyj\u00e4isi\u00e4 j\u00e4rjestet\u00e4\u00e4n joulun alla sek\u00e4 vapun aikaan, lis\u00e4ksi loppukes\u00e4st\u00e4 j\u00e4rjestet\u00e4\u00e4n yhdet ompeluseuramyyj\u00e4iset. Opisto-ompeluseurat j\u00e4rjestet\u00e4\u00e4n 2 kertaa vuodessa sek\u00e4 muiden rauhayhdistysten myyj\u00e4isi\u00e4 sopimusten mukaan.<\/p>\n<p>Ompeluseuroissa on puhe ja myyj\u00e4isiss\u00e4 alkuhartaus. Tilaisuudet antavat mahdollisuuden tavata yst\u00e4vi\u00e4 ja vaihtaa kuulumisia. Myyj\u00e4iset ja ompeluseurat ovat t\u00e4rke\u00e4 osa yhdistyksemme varainhankintaa, jolla katetaan toimitalon yll\u00e4pitokustannuksia, kuten siivousta, l\u00e4mmityst\u00e4, sek\u00e4 s\u00e4hk\u00f6- ja vesikustannuksia. Niit\u00e4 j\u00e4rjestet\u00e4\u00e4n my\u00f6s mm. Reisj\u00e4rven kristillisen kansanopiston ja SRK:n resurssipankin hyv\u00e4ksi. Tarkista myyj\u00e4isten ja ompeluseurojen ajankohdat <a href=\"https:\/\/paivitys.rauhanyhdistys.fi\/pyhajoki\/toimintakalenteri\/\">https:\/\/paivitys.rauhanyhdistys.fi\/pyhajoki\/toimintakalenteri\/<\/a><\/p>\n<\/div><div class=\"fusion-text fusion-text-6\"><h1>Julkaisumyynti<\/h1>\n<\/div><div class=\"fusion-text fusion-text-7\"><p>Rauhanyhdistyksen kirjamyyntipisteess\u00e4 on tarjolla SRK:n kustantamia kaikenik\u00e4isill\u00e4 suunnattuja sek\u00e4 kohdennettuja hengellisi\u00e4 kirjoja ja \u00e4\u00e4nitteit\u00e4 sek\u00e4 adresseja. Julkaisuista saa iloa ja lohtua el\u00e4m\u00e4\u00e4n. Ne ovat my\u00f6s eritt\u00e4in hyvi\u00e4 lahjoja ja muistamisia moneen el\u00e4m\u00e4ntilanteeseen. Valikoimaan voit tutustua my\u00f6s <a href=\"https:\/\/kauppa.srk.fi\/\">SRK:n verkkokaupassa<\/a>. Tervetuloa ostoksille!<\/p>\n<\/div><div class=\"fusion-clearfix\"><\/div><\/div><\/div><div class=\"fusion-layout-column fusion_builder_column fusion-builder-column-3 fusion_builder_column_1_2 1_2 fusion-one-half fusion-column-last\" style=\"--awb-bg-size:cover;width:50%;width:calc(50% - ( ( 4% ) * 0.5 ) );\"><div class=\"fusion-column-wrapper fusion-flex-column-wrapper-legacy\"><div class=\"fusion-title title fusion-title-4 fusion-sep-none fusion-title-text fusion-title-size-one\"><h1 class=\"fusion-title-heading title-heading-left fusion-responsive-typography-calculated\" style=\"margin:0;--fontSize:34;line-height:1.4;\">Perhe- ja diakoniaty\u00f6<\/h1><\/div><div class=\"fusion-text fusion-text-8\"><p>Diakoniaty\u00f6ss\u00e4 keskeist\u00e4 on auttaa ja tukea l\u00e4himm\u00e4isi\u00e4 erilaisissa el\u00e4m\u00e4ntilanteissa. Perhe- ja diakoniatoimikunta tukee perheit\u00e4 organisoimalla lastenhoito- ja muuta apua sek\u00e4 j\u00e4rjest\u00e4m\u00e4ll\u00e4 my\u00f6s perhekerhotoimintaa. Toimikunta j\u00e4rjest\u00e4\u00e4 k\u00e4yntej\u00e4 ja vierailuja vanhusten koteihin. Diakoniatoimikunta muistaa my\u00f6s 85, 90 ja yli 90 vuotta t\u00e4ytt\u00e4vi\u00e4 tervehdysk\u00e4ynnill\u00e4 ja jakaa Siionin Joulu-lehti\u00e4 paikkakunnan laitoksiin ja vanhuksille.\u00a0 Mahdollisia avuntarvitsijoita ohjataan hakemaan ja k\u00e4ytt\u00e4m\u00e4\u00e4n yhteiskunnan ja seurakunnan avustuspalveluja.<\/p>\n<\/div><div class=\"fusion-text fusion-text-9\"><h1>Nuorten perjantai eli Nupe<\/h1>\n<\/div><div class=\"fusion-text fusion-text-10\"><p>Nuorten perjantai on rippikoulun k\u00e4yneille nuorille suunnattu toimintamuoto, joka lis\u00e4\u00e4 nuorten yhteenkuuluvuutta yhteisen tekemisen, pelien ja leikkien kautta. Iltaan sis\u00e4ltyy keskusteleva uskontotuokio, jonka aiheet nousevat nuorten el\u00e4m\u00e4npiirist\u00e4. Nupe j\u00e4rjestet\u00e4\u00e4n noin kerran kuukaudessa.<\/p>\n<\/div><div class=\"fusion-text fusion-text-11\"><h1>Naistenilta<\/h1>\n<\/div><div class=\"fusion-text fusion-text-12\"><p>Kaiken ik\u00e4isille naisille tarkoitettu ilta, joka kokoontuu yleens\u00e4 kerran kuukaudessa, torstai iltana klo 18.30 rauhanyhdistyksell\u00e4, kodissa tai m\u00f6kill\u00e4. Illan sis\u00e4lt\u00f6n\u00e4 hartaushetken\/laulujen ja kahvittelun\/ruokailun sek\u00e4 arvonnan lis\u00e4ksi ovat erilaiset el\u00e4m\u00e4\u00e4 voimaannuttavat aiheet, kuten erilaiset alustukset tai asiantuntijaluennot, stressin hallinta, ulkoilu, m\u00f6kkeily, jouluruokailu tai vierailu l\u00e4hipaikkakuntien naisteniltoihin\/sisarkerhoihin.<\/p>\n<\/div><div class=\"fusion-text fusion-text-13\"><h1>Miestenillat<\/h1>\n<\/div><div class=\"fusion-text fusion-text-14\"><p>Kaiken ik\u00e4isille miehille tarkoitettua toimintaa, joka kokoontuu aika ajoin yhteen viett\u00e4m\u00e4\u00e4n m\u00f6kki- ja\/tai saunailtaa, retkeilem\u00e4\u00e4n ja er\u00e4ilem\u00e4\u00e4n sek\u00e4 viett\u00e4m\u00e4\u00e4n my\u00f6s is\u00e4-pojat iltaa.<\/p>\n<\/div><div class=\"fusion-text fusion-text-15\"><h1>Ruskakerho<\/h1>\n<\/div><div class=\"fusion-text fusion-text-16\"><p><span style=\"font-size: 16px\">Ruskakerhossa varttuneet kokoontuvat yhteen Jumalan sanan \u00e4\u00e4rellle, laulamaan, kahvittelemaan ja keskustelemaan ajankohtaisista aiheista. Kerhon v\u00e4ki osallistuu mm. Jokikartanossa pidett\u00e4viin rauhanyhdistyksen hartaustilaisuuksiin ja Siikat\u00f6rm\u00e4n leirikeskuksessa pidett\u00e4viin varttuneiden leirip\u00e4iviin.<\/span><\/p>\n<\/div><div class=\"fusion-clearfix\"><\/div><\/div><\/div><\/div><\/div>\n","protected":false},"excerpt":{"rendered":"","protected":false},"author":1,"featured_media":0,"parent":0,"menu_order":0,"comment_status":"closed","ping_status":"closed","template":"","meta":{"footnotes":""},"class_list":["post-15","page","type-page","status-publish","hentry"],"_links":{"self":[{"href":"https:\/\/paivitys.rauhanyhdistys.fi\/pyhajoki\/wp-json\/wp\/v2\/pages\/15","targetHints":{"allow":["GET"]}}],"collection":[{"href":"https:\/\/paivitys.rauhanyhdistys.fi\/pyhajoki\/wp-json\/wp\/v2\/pages"}],"about":[{"href":"https:\/\/paivitys.rauhanyhdistys.fi\/pyhajoki\/wp-json\/wp\/v2\/types\/page"}],"author":[{"embeddable":true,"href":"https:\/\/paivitys.rauhanyhdistys.fi\/pyhajoki\/wp-json\/wp\/v2\/users\/1"}],"replies":[{"embeddable":true,"href":"https:\/\/paivitys.rauhanyhdistys.fi\/pyhajoki\/wp-json\/wp\/v2\/comments?post=15"}],"version-history":[{"count":15,"href":"https:\/\/paivitys.rauhanyhdistys.fi\/pyhajoki\/wp-json\/wp\/v2\/pages\/15\/revisions"}],"predecessor-version":[{"id":260,"href":"https:\/\/paivitys.rauhanyhdistys.fi\/pyhajoki\/wp-json\/wp\/v2\/pages\/15\/revisions\/260"}],"wp:attachment":[{"href":"https:\/\/paivitys.rauhanyhdistys.fi\/pyhajoki\/wp-json\/wp\/v2\/media?parent=15"}],"curies":[{"name":"wp","href":"https:\/\/api.w.org\/{rel}","templated":true}]}}