{"id":15,"date":"2017-12-13T14:06:19","date_gmt":"2017-12-13T12:06:19","guid":{"rendered":"http:\/\/34.242.2.69\/puolanka\/?page_id=15"},"modified":"2025-12-23T19:00:26","modified_gmt":"2025-12-23T17:00:26","slug":"toimintamuodot","status":"publish","type":"page","link":"https:\/\/paivitys.rauhanyhdistys.fi\/puolanka\/toimintamuodot\/","title":{"rendered":"Toimintamuodot"},"content":{"rendered":"<div class=\"fusion-fullwidth fullwidth-box fusion-builder-row-1 nonhundred-percent-fullwidth non-hundred-percent-height-scrolling\" style=\"--awb-border-radius-top-left:0px;--awb-border-radius-top-right:0px;--awb-border-radius-bottom-right:0px;--awb-border-radius-bottom-left:0px;--awb-flex-wrap:wrap;\" ><div class=\"fusion-builder-row fusion-row\"><div class=\"fusion-layout-column fusion_builder_column fusion-builder-column-0 fusion_builder_column_1_2 1_2 fusion-one-half fusion-column-first\" style=\"--awb-bg-size:cover;width:50%;width:calc(50% - ( ( 4% ) * 0.5 ) );margin-right: 4%;\"><div class=\"fusion-column-wrapper fusion-flex-column-wrapper-legacy\"><div class=\"fusion-title title fusion-title-1 fusion-sep-none fusion-title-text fusion-title-size-one\"><h1 class=\"fusion-title-heading title-heading-left fusion-responsive-typography-calculated\" style=\"margin:0;--fontSize:34;line-height:1.4;\"><h1 class=\"content-box-heading\">Seurat<\/h1><\/h1><\/div><div class=\"fusion-text fusion-text-1\"><div class=\"heading icon-left\">\n<p class=\"content-box-heading\"><span style=\"font-size: 16px;\">Seuroihin kokoonnutaan yleens\u00e4 sunnuntaisin. Seuroihin niin kuin muuhunkin toimintaan \u2013 on vapaa p\u00e4\u00e4sy ja kaikki ovat l\u00e4mpim\u00e4sti tervetulleita. Yleens\u00e4 seuroissa on kaksi seurapuhetta. Puheiden v\u00e4liss\u00e4 on v\u00e4liaika, jolloin on mahdollisuus k\u00e4ytt\u00e4\u00e4 seuraravintolan palveluja. Puheen pit\u00e4\u00e4 pappi tai maallikkosaarnaaja. Seuroja j\u00e4rjestet\u00e4\u00e4n oman toimitalon lis\u00e4ksi mahdollisesti toimialueen kirkoissa ja seurakuntataloissa, vanhusten palvelutaloissa sek\u00e4 kodeissa.<\/span><\/p>\n<\/div>\n<\/div><div class=\"fusion-clearfix\"><\/div><\/div><\/div><div class=\"fusion-layout-column fusion_builder_column fusion-builder-column-1 fusion_builder_column_1_2 1_2 fusion-one-half fusion-column-last\" style=\"--awb-bg-size:cover;width:50%;width:calc(50% - ( ( 4% ) * 0.5 ) );\"><div class=\"fusion-column-wrapper fusion-flex-column-wrapper-legacy\"><div class=\"fusion-title title fusion-title-2 fusion-sep-none fusion-title-text fusion-title-size-one\"><h1 class=\"fusion-title-heading title-heading-left fusion-responsive-typography-calculated\" style=\"margin:0;--fontSize:34;line-height:1.4;\"><h1 class=\"content-box-heading\">Lauluseurat<\/h1><\/h1><\/div><div class=\"fusion-text fusion-text-2\"><p>Lauluseuroihin kokoonnumme koteihin l\u00e4hes joka viikko perjantaisin syys-, talvi- ja kev\u00e4tkautena. Niitten tarkoitus on varainhankinta. Osallistujat tuovat tullessaan arvottavaa, joka sitten myyd\u00e4\u00e4n narunvedolla. Illan aikana lauletaan Siionin lauluja ja virsi\u00e4. Vieraille j\u00e4rjestet\u00e4\u00e4n kahvitarjoilu, jonka vastineeksi vapaaehtoinen kahvikassa.<\/p>\n<\/div><div class=\"fusion-clearfix\"><\/div><\/div><\/div><div class=\"fusion-layout-column fusion_builder_column fusion-builder-column-2 fusion_builder_column_1_2 1_2 fusion-one-half fusion-column-first\" style=\"--awb-bg-size:cover;width:50%;width:calc(50% - ( ( 4% ) * 0.5 ) );margin-right: 4%;\"><div class=\"fusion-column-wrapper fusion-flex-column-wrapper-legacy\"><div class=\"fusion-title title fusion-title-3 fusion-sep-none fusion-title-text fusion-title-size-one\"><h1 class=\"fusion-title-heading title-heading-left fusion-responsive-typography-calculated\" style=\"margin:0;--fontSize:34;line-height:1.4;\">P\u00e4iv\u00e4kerho-, pyh\u00e4koulu- ja raamattuluokkaty\u00f6t\u00e4 meill\u00e4 ei ole<\/h1><\/div><div class=\"fusion-text fusion-text-3\"><p>T\u00e4ll\u00e4 hetkell\u00e4 Puolangan rauhanyhdistys ei j\u00e4rjest\u00e4 lapsi- ja nuorisoty\u00f6t\u00e4.<\/p>\n<\/div><div class=\"fusion-clearfix\"><\/div><\/div><\/div><div class=\"fusion-layout-column fusion_builder_column fusion-builder-column-3 fusion_builder_column_1_2 1_2 fusion-one-half fusion-column-last\" style=\"--awb-bg-size:cover;width:50%;width:calc(50% - ( ( 4% ) * 0.5 ) );\"><div class=\"fusion-column-wrapper fusion-flex-column-wrapper-legacy\"><div class=\"fusion-title title fusion-title-4 fusion-sep-none fusion-title-text fusion-title-size-one\"><h1 class=\"fusion-title-heading title-heading-left fusion-responsive-typography-calculated\" style=\"margin:0;--fontSize:34;line-height:1.4;\">Perhe- ja diakoniaty\u00f6<\/h1><\/div><div class=\"fusion-text fusion-text-4\"><p>Diakoniaty\u00f6ss\u00e4 keskeist\u00e4 on auttaa ja tukea l\u00e4himm\u00e4isi\u00e4 erilaisissa el\u00e4m\u00e4ntilanteissa.<\/p>\n<\/div><div class=\"fusion-clearfix\"><\/div><\/div><\/div><div class=\"fusion-layout-column fusion_builder_column fusion-builder-column-4 fusion_builder_column_1_2 1_2 fusion-one-half fusion-column-first\" style=\"--awb-bg-size:cover;width:50%;width:calc(50% - ( ( 4% ) * 0.5 ) );margin-right: 4%;\"><div class=\"fusion-column-wrapper fusion-flex-column-wrapper-legacy\"><div class=\"fusion-clearfix\"><\/div><\/div><\/div><div class=\"fusion-layout-column fusion_builder_column fusion-builder-column-5 fusion_builder_column_1_2 1_2 fusion-one-half fusion-column-last\" style=\"--awb-bg-size:cover;width:50%;width:calc(50% - ( ( 4% ) * 0.5 ) );\"><div class=\"fusion-column-wrapper fusion-flex-column-wrapper-legacy\"><div class=\"fusion-clearfix\"><\/div><\/div><\/div><\/div><\/div>\n","protected":false},"excerpt":{"rendered":"","protected":false},"author":1,"featured_media":207,"parent":0,"menu_order":0,"comment_status":"closed","ping_status":"closed","template":"","meta":{"footnotes":""},"class_list":["post-15","page","type-page","status-publish","has-post-thumbnail","hentry"],"_links":{"self":[{"href":"https:\/\/paivitys.rauhanyhdistys.fi\/puolanka\/wp-json\/wp\/v2\/pages\/15","targetHints":{"allow":["GET"]}}],"collection":[{"href":"https:\/\/paivitys.rauhanyhdistys.fi\/puolanka\/wp-json\/wp\/v2\/pages"}],"about":[{"href":"https:\/\/paivitys.rauhanyhdistys.fi\/puolanka\/wp-json\/wp\/v2\/types\/page"}],"author":[{"embeddable":true,"href":"https:\/\/paivitys.rauhanyhdistys.fi\/puolanka\/wp-json\/wp\/v2\/users\/1"}],"replies":[{"embeddable":true,"href":"https:\/\/paivitys.rauhanyhdistys.fi\/puolanka\/wp-json\/wp\/v2\/comments?post=15"}],"version-history":[{"count":12,"href":"https:\/\/paivitys.rauhanyhdistys.fi\/puolanka\/wp-json\/wp\/v2\/pages\/15\/revisions"}],"predecessor-version":[{"id":298,"href":"https:\/\/paivitys.rauhanyhdistys.fi\/puolanka\/wp-json\/wp\/v2\/pages\/15\/revisions\/298"}],"wp:featuredmedia":[{"embeddable":true,"href":"https:\/\/paivitys.rauhanyhdistys.fi\/puolanka\/wp-json\/wp\/v2\/media\/207"}],"wp:attachment":[{"href":"https:\/\/paivitys.rauhanyhdistys.fi\/puolanka\/wp-json\/wp\/v2\/media?parent=15"}],"curies":[{"name":"wp","href":"https:\/\/api.w.org\/{rel}","templated":true}]}}