{"id":13,"date":"2017-12-13T14:06:09","date_gmt":"2017-12-13T12:06:09","guid":{"rendered":"http:\/\/34.242.2.69\/puolanka\/?page_id=13"},"modified":"2025-08-25T15:23:14","modified_gmt":"2025-08-25T12:23:14","slug":"etusivu","status":"publish","type":"page","link":"https:\/\/paivitys.rauhanyhdistys.fi\/puolanka\/","title":{"rendered":"Etusivu"},"content":{"rendered":"<p><div class=\"fusion-fullwidth fullwidth-box fusion-builder-row-1 nonhundred-percent-fullwidth non-hundred-percent-height-scrolling\" style=\"--awb-border-radius-top-left:0px;--awb-border-radius-top-right:0px;--awb-border-radius-bottom-right:0px;--awb-border-radius-bottom-left:0px;--awb-flex-wrap:wrap;\" ><div class=\"fusion-builder-row fusion-row\"><div class=\"fusion-layout-column fusion_builder_column fusion-builder-column-0 fusion_builder_column_1_1 1_1 fusion-one-full fusion-column-first fusion-column-last\" style=\"--awb-bg-size:cover;\"><div class=\"fusion-column-wrapper fusion-flex-column-wrapper-legacy\"><div class=\"fusion-image-element fusion-image-align-center in-legacy-container\" style=\"text-align:center;--awb-caption-title-font-family:var(--h2_typography-font-family);--awb-caption-title-font-weight:var(--h2_typography-font-weight);--awb-caption-title-font-style:var(--h2_typography-font-style);--awb-caption-title-size:var(--h2_typography-font-size);--awb-caption-title-transform:var(--h2_typography-text-transform);--awb-caption-title-line-height:var(--h2_typography-line-height);--awb-caption-title-letter-spacing:var(--h2_typography-letter-spacing);\"><div class=\"imageframe-align-center\"><span class=\" fusion-imageframe imageframe-glow imageframe-1 hover-type-none\" style=\"border:6px solid #f6f6f6;-webkit-box-shadow: 0 0 3px rgba(0,0,0,0.3);box-shadow: 0 0 3px rgba(0,0,0,0.3);\"><img decoding=\"async\" width=\"1023\" height=\"500\" title=\"toimitalo_07\" src=\"https:\/\/paivitys.rauhanyhdistys.fi\/puolanka\/wp-content\/uploads\/sites\/53\/2018\/06\/toimitalo_07.jpg\" alt class=\"img-responsive wp-image-150\" srcset=\"https:\/\/paivitys.rauhanyhdistys.fi\/puolanka\/wp-content\/uploads\/sites\/53\/2018\/06\/toimitalo_07-200x98.jpg 200w, https:\/\/paivitys.rauhanyhdistys.fi\/puolanka\/wp-content\/uploads\/sites\/53\/2018\/06\/toimitalo_07-400x196.jpg 400w, https:\/\/paivitys.rauhanyhdistys.fi\/puolanka\/wp-content\/uploads\/sites\/53\/2018\/06\/toimitalo_07-600x293.jpg 600w, https:\/\/paivitys.rauhanyhdistys.fi\/puolanka\/wp-content\/uploads\/sites\/53\/2018\/06\/toimitalo_07-800x391.jpg 800w, https:\/\/paivitys.rauhanyhdistys.fi\/puolanka\/wp-content\/uploads\/sites\/53\/2018\/06\/toimitalo_07.jpg 1023w\" sizes=\"(max-width: 800px) 100vw, 1023px\" \/><\/span><\/div><\/div><div class=\"fusion-image-element fusion-image-align-center in-legacy-container\" style=\"text-align:center;--awb-caption-title-font-family:var(--h2_typography-font-family);--awb-caption-title-font-weight:var(--h2_typography-font-weight);--awb-caption-title-font-style:var(--h2_typography-font-style);--awb-caption-title-size:var(--h2_typography-font-size);--awb-caption-title-transform:var(--h2_typography-text-transform);--awb-caption-title-line-height:var(--h2_typography-line-height);--awb-caption-title-letter-spacing:var(--h2_typography-letter-spacing);\"><div class=\"imageframe-align-center\"><span class=\" fusion-imageframe imageframe-glow imageframe-2 hover-type-none\" style=\"border:6px solid #f6f6f6;-webkit-box-shadow: 0 0 3px rgba(0,0,0,0.3);box-shadow: 0 0 3px rgba(0,0,0,0.3);\"><img decoding=\"async\" width=\"2560\" height=\"1083\" title=\"etuosa2\" src=\"https:\/\/paivitys.rauhanyhdistys.fi\/puolanka\/wp-content\/uploads\/sites\/53\/2020\/07\/etuosa1-1-scaled.jpg\" alt class=\"img-responsive wp-image-234\" srcset=\"https:\/\/paivitys.rauhanyhdistys.fi\/puolanka\/wp-content\/uploads\/sites\/53\/2020\/07\/etuosa1-1-200x85.jpg 200w, https:\/\/paivitys.rauhanyhdistys.fi\/puolanka\/wp-content\/uploads\/sites\/53\/2020\/07\/etuosa1-1-400x169.jpg 400w, https:\/\/paivitys.rauhanyhdistys.fi\/puolanka\/wp-content\/uploads\/sites\/53\/2020\/07\/etuosa1-1-600x254.jpg 600w, https:\/\/paivitys.rauhanyhdistys.fi\/puolanka\/wp-content\/uploads\/sites\/53\/2020\/07\/etuosa1-1-800x339.jpg 800w, https:\/\/paivitys.rauhanyhdistys.fi\/puolanka\/wp-content\/uploads\/sites\/53\/2020\/07\/etuosa1-1-1200x508.jpg 1200w, https:\/\/paivitys.rauhanyhdistys.fi\/puolanka\/wp-content\/uploads\/sites\/53\/2020\/07\/etuosa1-1-scaled.jpg 2560w\" sizes=\"(max-width: 800px) 100vw, 2560px\" \/><\/span><\/div><\/div><div class=\"fusion-text fusion-text-1\"><p>Rauhanyhdistyksen keskeisint\u00e4 toimintaa on seurojen j\u00e4rjest\u00e4minen. Seurat pidet\u00e4\u00e4n yleens\u00e4 kolmen viikon v\u00e4lein sunnuntaisin toimitalolla klo 13. Toiminnasta ilmoitetaan netiss\u00e4 toimintakalenterissa, paikallislehdess\u00e4 seurakuntauutisissa ja kuukausittain P\u00e4iv\u00e4mies-lehdess\u00e4.<\/p>\n<h1 style=\"text-align: center;\">Tervetuloa!<\/h1>\n<\/div><div class=\"fusion-clearfix\"><\/div><\/div><\/div><div class=\"fusion-layout-column fusion_builder_column fusion-builder-column-1 fusion_builder_column_1_1 1_1 fusion-one-full fusion-column-first fusion-column-last fusion-no-small-visibility\" style=\"--awb-bg-size:cover;\"><div class=\"fusion-column-wrapper fusion-flex-column-wrapper-legacy\"><div class=\"fusion-clearfix\"><\/div><\/div><\/div><\/div><\/div><div class=\"fusion-fullwidth fullwidth-box fusion-builder-row-2 nonhundred-percent-fullwidth non-hundred-percent-height-scrolling\" style=\"--awb-border-radius-top-left:0px;--awb-border-radius-top-right:0px;--awb-border-radius-bottom-right:0px;--awb-border-radius-bottom-left:0px;--awb-padding-top:30px;--awb-background-color:#eeeeee;--awb-flex-wrap:wrap;\" ><div class=\"fusion-builder-row fusion-row\"><div class=\"fusion-layout-column fusion_builder_column fusion-builder-column-2 fusion_builder_column_1_2 1_2 fusion-one-half fusion-column-first\" style=\"--awb-bg-size:cover;width:50%;width:calc(50% - ( ( 4% ) * 0.5 ) );margin-right: 4%;\"><div class=\"fusion-column-wrapper fusion-flex-column-wrapper-legacy\"><div class=\"fusion-title title fusion-title-1 fusion-sep-none fusion-title-text fusion-title-size-one\"><h1 class=\"fusion-title-heading title-heading-left fusion-responsive-typography-calculated\" style=\"margin:0;--fontSize:34;line-height:1.4;\">Tulevat tapahtumat<\/h1><\/div><table class=\"intra\" data-id=\"115\" data-amount=\"10\" data-features=\"audio,video\"><\/table>\n<div class=\"fusion-text fusion-text-2\"><p><a href=\"https:\/\/paivitys.rauhanyhdistys.fi\/puolanka\/toimintakalenteri\/\">katso lis\u00e4\u00e4 toimintakalenterista<\/a><\/p>\n<\/div><div class=\"fusion-clearfix\"><\/div><\/div><\/div><div class=\"fusion-layout-column fusion_builder_column fusion-builder-column-3 fusion_builder_column_1_2 1_2 fusion-one-half fusion-column-last\" style=\"--awb-bg-size:cover;width:50%;width:calc(50% - ( ( 4% ) * 0.5 ) );\"><div class=\"fusion-column-wrapper fusion-flex-column-wrapper-legacy\"><div class=\"fusion-title title fusion-title-2 fusion-sep-none fusion-title-text fusion-title-size-one\"><h1 class=\"fusion-title-heading title-heading-left fusion-responsive-typography-calculated\" style=\"margin:0;--fontSize:34;line-height:1.4;\">Ranuan opiston kurssit<\/h1><\/div><table class=\"kurle\" data-id=\"3\" data-amount=\"5\"><\/table>\n<div class=\"fusion-text fusion-text-3\"><p><a href=\"https:\/\/www.lyhytkurssille.fi\/kurssi\/ranua\/\">Lis\u00e4\u00e4 kursseja<\/a><\/p>\n<\/div><div class=\"fusion-title title fusion-title-3 fusion-sep-none fusion-title-text fusion-title-size-one\"><h1 class=\"fusion-title-heading title-heading-left fusion-responsive-typography-calculated\" style=\"margin:0;--fontSize:34;line-height:1.4;\">Leirit Siikat\u00f6rm\u00e4ll\u00e4<\/h1><\/div><table class=\"kurle\" data-id=\"7\" data-amount=\"5\"><\/table>\n<div class=\"fusion-text fusion-text-4\"><p><a href=\"https:\/\/www.leirille.fi\/leiri\/siikatorma\/\">Lis\u00e4\u00e4 leirej\u00e4<\/a><\/p>\n<\/div><div class=\"fusion-clearfix\"><\/div><\/div><\/div><\/div><\/div><\/p>\n","protected":false},"excerpt":{"rendered":"","protected":false},"author":1,"featured_media":115,"parent":0,"menu_order":0,"comment_status":"closed","ping_status":"closed","template":"100-width.php","meta":{"footnotes":""},"class_list":["post-13","page","type-page","status-publish","has-post-thumbnail","hentry"],"_links":{"self":[{"href":"https:\/\/paivitys.rauhanyhdistys.fi\/puolanka\/wp-json\/wp\/v2\/pages\/13","targetHints":{"allow":["GET"]}}],"collection":[{"href":"https:\/\/paivitys.rauhanyhdistys.fi\/puolanka\/wp-json\/wp\/v2\/pages"}],"about":[{"href":"https:\/\/paivitys.rauhanyhdistys.fi\/puolanka\/wp-json\/wp\/v2\/types\/page"}],"author":[{"embeddable":true,"href":"https:\/\/paivitys.rauhanyhdistys.fi\/puolanka\/wp-json\/wp\/v2\/users\/1"}],"replies":[{"embeddable":true,"href":"https:\/\/paivitys.rauhanyhdistys.fi\/puolanka\/wp-json\/wp\/v2\/comments?post=13"}],"version-history":[{"count":64,"href":"https:\/\/paivitys.rauhanyhdistys.fi\/puolanka\/wp-json\/wp\/v2\/pages\/13\/revisions"}],"predecessor-version":[{"id":280,"href":"https:\/\/paivitys.rauhanyhdistys.fi\/puolanka\/wp-json\/wp\/v2\/pages\/13\/revisions\/280"}],"wp:featuredmedia":[{"embeddable":true,"href":"https:\/\/paivitys.rauhanyhdistys.fi\/puolanka\/wp-json\/wp\/v2\/media\/115"}],"wp:attachment":[{"href":"https:\/\/paivitys.rauhanyhdistys.fi\/puolanka\/wp-json\/wp\/v2\/media?parent=13"}],"curies":[{"name":"wp","href":"https:\/\/api.w.org\/{rel}","templated":true}]}}