{"id":716,"date":"2025-05-31T19:59:59","date_gmt":"2025-05-31T16:59:59","guid":{"rendered":"https:\/\/paivitys.rauhanyhdistys.fi\/porvoo\/?page_id=716"},"modified":"2025-05-31T19:59:59","modified_gmt":"2025-05-31T16:59:59","slug":"tietosuojaseloste","status":"publish","type":"page","link":"https:\/\/paivitys.rauhanyhdistys.fi\/porvoo\/tietosuojaseloste\/","title":{"rendered":"Tietosuojaseloste"},"content":{"rendered":"<div class=\"fusion-fullwidth fullwidth-box fusion-builder-row-1 fusion-flex-container has-pattern-background has-mask-background nonhundred-percent-fullwidth non-hundred-percent-height-scrolling\" style=\"--awb-border-radius-top-left:0px;--awb-border-radius-top-right:0px;--awb-border-radius-bottom-right:0px;--awb-border-radius-bottom-left:0px;--awb-flex-wrap:wrap;\" ><div class=\"fusion-builder-row fusion-row fusion-flex-align-items-flex-start fusion-flex-content-wrap\" style=\"max-width:1144px;margin-left: calc(-4% \/ 2 );margin-right: calc(-4% \/ 2 );\"><div class=\"fusion-layout-column fusion_builder_column fusion-builder-column-0 fusion_builder_column_1_1 1_1 fusion-flex-column\" style=\"--awb-bg-size:cover;--awb-width-large:100%;--awb-margin-top-large:0px;--awb-spacing-right-large:1.92%;--awb-margin-bottom-large:20px;--awb-spacing-left-large:1.92%;--awb-width-medium:100%;--awb-order-medium:0;--awb-spacing-right-medium:1.92%;--awb-spacing-left-medium:1.92%;--awb-width-small:100%;--awb-order-small:0;--awb-spacing-right-small:1.92%;--awb-spacing-left-small:1.92%;\"><div class=\"fusion-column-wrapper fusion-column-has-shadow fusion-flex-justify-content-flex-start fusion-content-layout-column\">\n<table style=\"border-collapse: collapse; width: 100%;\" border=\"1\" cellspacing=\"0\" cellpadding=\"8\"><!-- Title row (optional) --><\/p>\n<tbody>\n<tr>\n<td style=\"text-align: center; font-weight: bold; font-size: 1.1em;\" colspan=\"2\">TIETOSUOJA-ASETUKSEN 30 ARTIKLAN MUKAINEN TIETOSUOJASELOSTE<\/td>\n<\/tr>\n<p><!-- Section 1 --><\/p>\n<tr>\n<td style=\"vertical-align: top; width: 25%; font-weight: bold;\">1. Rekisterinpit\u00e4j\u00e4n yhteystiedot<\/td>\n<td style=\"vertical-align: top;\">Porvoon Rauhanyhdistys ry<\/p>\n<p>Y-tunnus: 0426491-9<\/p>\n<p>Osoite: Hambontie 12<br \/>\n06500 Porvoo<\/td>\n<\/tr>\n<p><!-- Section 2 --><\/p>\n<tr>\n<td style=\"vertical-align: top; font-weight: bold;\">2. Yhteyshenkil\u00f6 rekisteri\u00e4 koskevissa asioissa<\/td>\n<td style=\"vertical-align: top;\">Mik\u00e4li rekister\u00f6idyll\u00e4 on kysytt\u00e4v\u00e4\u00e4 henkil\u00f6tietojen k\u00e4sittelyst\u00e4 tai h\u00e4n haluaa k\u00e4ytt\u00e4\u00e4 oikeuksiaan rekister\u00f6ityn\u00e4, voi ottaa yhteytt\u00e4 johtokunnan sihteeriin:<\/p>\n<p><a href=\"mailto:sihteeri.porvoonry@gmail.com\">sihteeri.porvoonry@gmail.com<\/a><\/td>\n<\/tr>\n<p><!-- Section 3 --><\/p>\n<tr>\n<td style=\"vertical-align: top; font-weight: bold;\">3. Henkil\u00f6tietojen k\u00e4sittelyn tarkoitus<\/td>\n<td style=\"vertical-align: top;\">Rekisterinpit\u00e4j\u00e4 k\u00e4sittelee henkil\u00f6tietoja rekister\u00f6idyn suostumuksen perusteella ja sille yhdistyslain mukaan kuuluvan rauhanyhdistyksen j\u00e4senrekisterin yll\u00e4pit\u00e4miseksi. Rekisteri\u00e4 k\u00e4ytet\u00e4\u00e4n j\u00e4senmaksujen perimiseen, yhdistysten kokousten j\u00e4rjest\u00e4miseen, yhdistyksen ty\u00f6vuoroihin ja toimintaan liittyen sek\u00e4 yhteydenpitoon yhdistyksen ja j\u00e4senten v\u00e4lill\u00e4. Henkil\u00f6tietoja voidaan joutua k\u00e4sittelem\u00e4\u00e4n my\u00f6s rauhanyhdistyksen toiminnan kannalta v\u00e4ltt\u00e4m\u00e4tt\u00f6mien asioiden tai tietojen hoitamiseksi (oikeutettu etu).<\/p>\n<p>Rekisteriin ker\u00e4t\u00e4\u00e4n ainoastaan tietoja, jotka ovat tarpeen edell\u00e4 mainittujen tarkoitusten toteuttamisen ja lain edellytt\u00e4mien toimintojen kannalta. Rekisteriin tietoja ker\u00e4tt\u00e4ess\u00e4 noudatetaan tietosuoja-asetuksen 5 artiklan mukaisia henkil\u00f6tietojen k\u00e4sittely\u00e4 koskevia periaatteita.<\/td>\n<\/tr>\n<p><!-- Section 4 --><\/p>\n<tr>\n<td style=\"vertical-align: top; font-weight: bold;\">4. Kuvaus rekister\u00f6ityjen ryhmist\u00e4 ja henkil\u00f6tietoryhmist\u00e4<\/td>\n<td style=\"vertical-align: top;\">Henkil\u00f6tietorekisteriin ker\u00e4tyt henkil\u00f6tiedot ovat rekister\u00f6idyn antamia tietoja tai palveluiden k\u00e4yt\u00f6st\u00e4 muodostettuja tietoja rauhanyhdistyksen j\u00e4seneksi hyv\u00e4ksytyist\u00e4 henkil\u00f6ist\u00e4.<\/p>\n<p>Henkil\u00f6tietorekisteri voi pit\u00e4\u00e4 sis\u00e4ll\u00e4\u00e4n seuraavia henkil\u00f6tietoja:<\/p>\n<ul>\n<li><strong>a)<\/strong> koko nimi; syntym\u00e4aika<\/li>\n<li><strong>b)<\/strong> yhteystiedot (muun muassa s\u00e4hk\u00f6postiosoite, puhelinnumero, katuosoite, postinumero, postitoimipaikka)<\/li>\n<li><strong>c)<\/strong> muut rekister\u00f6idyn itse antamat tiedot<\/li>\n<\/ul>\n<\/td>\n<\/tr>\n<p><!-- Section 5 --><\/p>\n<tr>\n<td style=\"vertical-align: top; font-weight: bold;\">5. Tietojen luovutukset ja siirrot<\/td>\n<td style=\"vertical-align: top;\">Rauhanyhdistys voi siirt\u00e4\u00e4 rekister\u00f6idyn henkil\u00f6tietoja toimeksiannosta k\u00e4sitteleville palveluntarjoajille ja alihankkijoille. Jos n\u00e4in toimitaan, tulee pyrki\u00e4 varmistamaan, ett\u00e4 palveluntoimittaja tai alihankkija (esim. leirikeskukset ja SRK) noudattaa tietosuojak\u00e4yt\u00e4nt\u00f6j\u00e4.<\/p>\n<p>Rekister\u00f6idyn henkil\u00f6tietoja voidaan lain mukaan luovuttaa kolmansille osapuolille my\u00f6s ilman rekister\u00f6idyn suostumusta, kun laki tai viranomaism\u00e4\u00e4r\u00e4ys velvoittaa luovuttamaan tietoja.<\/p>\n<p>Rekister\u00f6idyn henkil\u00f6tietoja ei luovuteta tai siirret\u00e4 Euroopan unionin (EU) tai Euroopan talousalueen (ETA) ulkopuolelle.<\/td>\n<\/tr>\n<p><!-- Section 6 --><\/p>\n<tr>\n<td style=\"vertical-align: top; font-weight: bold;\">6. Henkil\u00f6tietojen s\u00e4ilytysaika<\/td>\n<td style=\"vertical-align: top;\">Rekisteriin kirjattavat henkil\u00f6tiedot poistetaan, kun henkil\u00f6tietojen s\u00e4ilytt\u00e4miselle ei ole en\u00e4\u00e4 laillista perustetta tai kun rekister\u00f6ity ei en\u00e4\u00e4 ole rauhanyhdistyksen j\u00e4sen.<\/td>\n<\/tr>\n<p><!-- Section 7 --><\/p>\n<tr>\n<td style=\"vertical-align: top; font-weight: bold;\">7. Rekisterin suojaus<\/td>\n<td style=\"vertical-align: top;\">Rekisteri\u00e4 voi k\u00e4ytt\u00e4\u00e4 vain rauhanyhdistyksen johtokunnan siihen valtuuttamat henkil\u00f6t. Rekisteri on atk-pohjainen ja sen k\u00e4ytt\u00f6 on suojattu normaalien k\u00e4ytt\u00e4j\u00e4tunnusten ja salasanojen avulla.<\/td>\n<\/tr>\n<\/tbody>\n<\/table>\n<\/div><\/div><\/div><\/div>\n","protected":false},"excerpt":{"rendered":"","protected":false},"author":173,"featured_media":0,"parent":0,"menu_order":0,"comment_status":"closed","ping_status":"closed","template":"","meta":{"footnotes":""},"class_list":["post-716","page","type-page","status-publish","hentry"],"_links":{"self":[{"href":"https:\/\/paivitys.rauhanyhdistys.fi\/porvoo\/wp-json\/wp\/v2\/pages\/716","targetHints":{"allow":["GET"]}}],"collection":[{"href":"https:\/\/paivitys.rauhanyhdistys.fi\/porvoo\/wp-json\/wp\/v2\/pages"}],"about":[{"href":"https:\/\/paivitys.rauhanyhdistys.fi\/porvoo\/wp-json\/wp\/v2\/types\/page"}],"author":[{"embeddable":true,"href":"https:\/\/paivitys.rauhanyhdistys.fi\/porvoo\/wp-json\/wp\/v2\/users\/173"}],"replies":[{"embeddable":true,"href":"https:\/\/paivitys.rauhanyhdistys.fi\/porvoo\/wp-json\/wp\/v2\/comments?post=716"}],"version-history":[{"count":3,"href":"https:\/\/paivitys.rauhanyhdistys.fi\/porvoo\/wp-json\/wp\/v2\/pages\/716\/revisions"}],"predecessor-version":[{"id":722,"href":"https:\/\/paivitys.rauhanyhdistys.fi\/porvoo\/wp-json\/wp\/v2\/pages\/716\/revisions\/722"}],"wp:attachment":[{"href":"https:\/\/paivitys.rauhanyhdistys.fi\/porvoo\/wp-json\/wp\/v2\/media?parent=716"}],"curies":[{"name":"wp","href":"https:\/\/api.w.org\/{rel}","templated":true}]}}