{"id":15,"date":"2017-12-13T14:06:19","date_gmt":"2017-12-13T12:06:19","guid":{"rendered":"http:\/\/34.242.2.69\/esimerkkiry\/?page_id=15"},"modified":"2025-09-16T11:42:56","modified_gmt":"2025-09-16T08:42:56","slug":"toimintamuodot","status":"publish","type":"page","link":"https:\/\/paivitys.rauhanyhdistys.fi\/porvoo\/toimintamuodot\/","title":{"rendered":"Toimintamuodot"},"content":{"rendered":"<div class=\"fusion-fullwidth fullwidth-box fusion-builder-row-1 nonhundred-percent-fullwidth non-hundred-percent-height-scrolling\" style=\"--awb-border-radius-top-left:0px;--awb-border-radius-top-right:0px;--awb-border-radius-bottom-right:0px;--awb-border-radius-bottom-left:0px;--awb-flex-wrap:wrap;\" ><div class=\"fusion-builder-row fusion-row\"><div class=\"fusion-layout-column fusion_builder_column fusion-builder-column-0 fusion_builder_column_1_2 1_2 fusion-one-half fusion-column-first\" style=\"--awb-bg-blend:overlay;--awb-bg-size:cover;width:50%;width:calc(50% - ( ( 4% ) * 0.5 ) );margin-right: 4%;\"><div class=\"fusion-column-wrapper fusion-flex-column-wrapper-legacy\"><div class=\"fusion-title title fusion-title-1 fusion-sep-none fusion-title-text fusion-title-size-one\"><h1 class=\"fusion-title-heading title-heading-left fusion-responsive-typography-calculated\" style=\"margin:0;--fontSize:34;line-height:1.4;\"><h1 class=\"content-box-heading\" data-inline-fontsize=\"true\" data-inline-lineheight=\"true\" data-fontsize=\"24\" data-lineheight=\"29\">Seurat<\/h1><\/h1><\/div><div class=\"fusion-text fusion-text-1\"><div class=\"heading icon-left\">\n<p class=\"content-box-heading\" data-inline-fontsize=\"true\" data-inline-lineheight=\"true\" data-fontsize=\"24\" data-lineheight=\"29\">Seuratoiminta on rauhanyhdistyksen toiminnan keskeisin toimintamuoto. Seurojen ohjelma on aina samankaltainen \u2013 ensin lauletaan virsi tai Siionin laulu, puhuja pit\u00e4\u00e4 rukouksen ja saarnan Raamatun tekstin pohjalta ja loppurukouksen j\u00e4lkeen lauletaan. Uskon k\u00e4sitys on Raamatun ja kirkon tunnustuskirjojen mukainen. Sanoman ydin on saarna syntien anteeksiantamisesta. Jeesus sovitti maailman synnit ristinkuolemallaan. T\u00e4m\u00e4n sovintoty\u00f6n kautta on mahdollista saada synnit anteeksi. Seurat ovat avoimia tilaisuuksia kaikille. Tervetuloa!<\/p>\n<p>Jos haluat kuunnella seurapuheita, se on mahdollista esimerkiksi internetin v\u00e4lityksell\u00e4,\u00a0<a href=\"https:\/\/paivitys.rauhanyhdistys.fi\/fi\/seurat\/seurat-radiossa\/\" target=\"_blank\" rel=\"noopener\">KLIKKAA T\u00c4ST\u00c4<\/a>.<\/p>\n<\/div>\n<\/div><div class=\"fusion-clearfix\"><\/div><\/div><\/div><div class=\"fusion-layout-column fusion_builder_column fusion-builder-column-1 fusion_builder_column_1_2 1_2 fusion-one-half fusion-column-last\" style=\"--awb-bg-blend:overlay;--awb-bg-size:cover;width:50%;width:calc(50% - ( ( 4% ) * 0.5 ) );\"><div class=\"fusion-column-wrapper fusion-flex-column-wrapper-legacy\"><div class=\"fusion-title title fusion-title-2 fusion-sep-none fusion-title-text fusion-title-size-one\"><h1 class=\"fusion-title-heading title-heading-left fusion-responsive-typography-calculated\" style=\"margin:0;--fontSize:34;line-height:1.4;\"><h1 class=\"content-box-heading\" data-inline-fontsize=\"true\" data-inline-lineheight=\"true\" data-fontsize=\"24\" data-lineheight=\"29\">Raamattuluokka<\/h1><\/h1><\/div><div class=\"fusion-text fusion-text-2\"><div class=\"heading icon-left\">\n<p>Raamattuluokkaty\u00f6 on suunnattu varhaisnuorille, jotka eiv\u00e4t ole viel\u00e4 k\u00e4yneet rippikoulua. Raamattuluokkaa pit\u00e4v\u00e4t teht\u00e4v\u00e4\u00e4n kutsutut henkil\u00f6t. Raamaatuluokassa etsit\u00e4\u00e4n Raamatusta aiheeseen liittyvi\u00e4 kohtia ja keskustellaan niiden pohjalta. Raamattuluokkien tarkoituksena on syvent\u00e4\u00e4 nuorten raamatuntuntemusta, hoitaa heid\u00e4n uskonel\u00e4m\u00e4\u00e4ns\u00e4 sek\u00e4 tukea kotien kristillist\u00e4 kasvatusta. Raamattuluokkia j\u00e4rjestet\u00e4\u00e4n perjantai-iltaisin rauhanyhdistyksen tiloissa.<\/p>\n<\/div>\n<\/div><div class=\"fusion-clearfix\"><\/div><\/div><\/div><div class=\"fusion-layout-column fusion_builder_column fusion-builder-column-2 fusion_builder_column_1_2 1_2 fusion-one-half fusion-column-first\" style=\"--awb-bg-blend:overlay;--awb-bg-size:cover;width:50%;width:calc(50% - ( ( 4% ) * 0.5 ) );margin-right: 4%;\"><div class=\"fusion-column-wrapper fusion-flex-column-wrapper-legacy\"><div class=\"fusion-title title fusion-title-3 fusion-sep-none fusion-title-text fusion-title-size-one\"><h1 class=\"fusion-title-heading title-heading-left fusion-responsive-typography-calculated\" style=\"margin:0;--fontSize:34;line-height:1.4;\">Pyh\u00e4koulut<\/h1><\/div><div class=\"fusion-text fusion-text-3\"><p>Pyh\u00e4koulu on lapsille suunnattu toimintamuoto. Osallistumiselle eri toimintamuotoihin ei ole ik\u00e4rajoituksia, mutta yleens\u00e4 pyh\u00e4kouluun osallistuvat lapset ovat ala-asteik\u00e4isi\u00e4 ja nuorempia.<\/p>\n<p>Pyh\u00e4koulussa tutustutaan kirkkovuoden mukaisiin tapahtumiin Raamatussa. Opettaja selitt\u00e4\u00e4 aihetta yksinkertaisesti esimerkiksi kuvien avulla lapsille. Opettaja my\u00f6s kyselee ja keskustelee lasten kanssa pyh\u00e4koulun aiheeseen liittyvist\u00e4 asioista. Pyh\u00e4kolussa lapsille annetaan muistolause, johon on kiteytetty aiheen keskeinen opetus. Lapset saavat pyh\u00e4koulusta lammastarran kiinnitett\u00e4v\u00e4ksi pyh\u00e4koulutauluun.<\/p>\n<\/div><div class=\"fusion-clearfix\"><\/div><\/div><\/div><div class=\"fusion-layout-column fusion_builder_column fusion-builder-column-3 fusion_builder_column_1_2 1_2 fusion-one-half fusion-column-last\" style=\"--awb-bg-blend:overlay;--awb-bg-size:cover;width:50%;width:calc(50% - ( ( 4% ) * 0.5 ) );\"><div class=\"fusion-column-wrapper fusion-flex-column-wrapper-legacy\"><div class=\"fusion-title title fusion-title-4 fusion-sep-none fusion-title-text fusion-title-size-one\"><h1 class=\"fusion-title-heading title-heading-left fusion-responsive-typography-calculated\" style=\"margin:0;--fontSize:34;line-height:1.4;\"><h1>Seurakuntailta<\/h1><\/h1><\/div><div class=\"fusion-text fusion-text-4\"><p>Rauhanyhdistyksell\u00e4 j\u00e4rjestet\u00e4\u00e4n vuosittain muutama seurakuntailta. Seurakuntaillan aiheeksi valitaan ajankohtainen uskoon ja el\u00e4m\u00e4\u00e4n liittyv\u00e4 aihe. Keskustelun pohjaksi on etuk\u00e4teen pyydetty alustajaa valmistelemaan Raamatun pohjalta ja uskonel\u00e4m\u00e4n kannalta aihetta k\u00e4sittelev\u00e4 alustus. Alustuksen pohjalta k\u00e4yd\u00e4\u00e4n yleinen keskustelu, jossa kaikilla on mahdollisuus k\u00e4ytt\u00e4\u00e4 puheenvuoro.<\/p>\n<\/div><div class=\"fusion-clearfix\"><\/div><\/div><\/div><div class=\"fusion-layout-column fusion_builder_column fusion-builder-column-4 fusion_builder_column_1_2 1_2 fusion-one-half fusion-column-first\" style=\"--awb-bg-blend:overlay;--awb-bg-size:cover;width:50%;width:calc(50% - ( ( 4% ) * 0.5 ) );margin-right: 4%;\"><div class=\"fusion-column-wrapper fusion-flex-column-wrapper-legacy\"><div class=\"fusion-title title fusion-title-5 fusion-sep-none fusion-title-text fusion-title-size-one\"><h1 class=\"fusion-title-heading title-heading-left fusion-responsive-typography-calculated\" style=\"margin:0;--fontSize:34;line-height:1.4;\"><h1>Juhlat<\/h1><\/h1><\/div><div class=\"fusion-text fusion-text-5\"><p>Kodin, uskonnon ja is\u00e4nmaan merkitys n\u00e4kyv\u00e4t Rauhanyhdistyksell\u00e4 j\u00e4rjestett\u00e4viss\u00e4 juhlissa. Kaikki juhlat ovat koko perheen juhlia, joissa ohjelma rakentuu paljolti lasten ja nuorten pit\u00e4miin esityksiin. Lauluesitysten lis\u00e4ksi juhlien yhteydess\u00e4 on yleens\u00e4 hartaus- tai seurapuhe. Kev\u00e4\u00e4ll\u00e4 pidet\u00e4\u00e4n \u00e4itienp\u00e4iv\u00e4- ja kev\u00e4tjuhla. Syksyll\u00e4 on is\u00e4inp\u00e4iv\u00e4-, itsen\u00e4isyys- ja joulujuhlat.<\/p>\n<\/div><div class=\"fusion-clearfix\"><\/div><\/div><\/div><div class=\"fusion-layout-column fusion_builder_column fusion-builder-column-5 fusion_builder_column_1_2 1_2 fusion-one-half fusion-column-last\" style=\"--awb-bg-blend:overlay;--awb-bg-size:cover;width:50%;width:calc(50% - ( ( 4% ) * 0.5 ) );\"><div class=\"fusion-column-wrapper fusion-flex-column-wrapper-legacy\"><div class=\"fusion-title title fusion-title-6 fusion-sep-none fusion-title-text fusion-title-size-one\"><h1 class=\"fusion-title-heading title-heading-left fusion-responsive-typography-calculated\" style=\"margin:0;--fontSize:34;line-height:1.4;\"><h1>El\u00e4kel\u00e4iskerho<\/h1><\/h1><\/div><div class=\"fusion-text fusion-text-6\"><p>Runsaan lapsi- ja nuorisoty\u00f6n lis\u00e4ksi Rauhanyhdistyksen toimintamuotoihin kuuluu el\u00e4kel\u00e4isten toimintaa. El\u00e4kel\u00e4iset kokoontuvat usein viikolla jonkun kotiin juomaan kahvia ja keskustelemaan.<\/p>\n<\/div><div class=\"fusion-clearfix\"><\/div><\/div><\/div><div class=\"fusion-layout-column fusion_builder_column fusion-builder-column-6 fusion_builder_column_1_2 1_2 fusion-one-half fusion-column-first\" style=\"--awb-bg-blend:overlay;--awb-bg-size:cover;width:50%;width:calc(50% - ( ( 4% ) * 0.5 ) );margin-right: 4%;\"><div class=\"fusion-column-wrapper fusion-flex-column-wrapper-legacy\"><div class=\"fusion-title title fusion-title-7 fusion-sep-none fusion-title-text fusion-title-size-one\"><h1 class=\"fusion-title-heading title-heading-left fusion-responsive-typography-calculated\" style=\"margin:0;--fontSize:34;line-height:1.4;\"><h1>Myyj\u00e4iset<\/h1><\/h1><\/div><div class=\"fusion-text fusion-text-7\"><p>Yhdistyksen varainhankinta perustuu pitk\u00e4lti myyj\u00e4istoimintaan. Rauhanyhdistyksell\u00e4 pidet\u00e4\u00e4n omia myyj\u00e4isi\u00e4 ja lis\u00e4ksi k\u00e4yd\u00e4\u00e4n pit\u00e4m\u00e4ss\u00e4 myyj\u00e4isi\u00e4 muilla Rauhanyhdistyksill\u00e4. Porvoon Rauhanyhdistys on p\u00e4\u00e4tt\u00e4nyt runsaan muuttoliikkeen seurauksena ahtaaksi k\u00e4yneen toimitalon laajennushankkeeseen. T\u00e4m\u00e4 on edellytt\u00e4nyt aktiivisuutta erityisesti ulkopaikkakunnilla pidett\u00e4vien myyj\u00e4isten j\u00e4rjest\u00e4misess\u00e4. Myyj\u00e4isiss\u00e4 on myyt\u00e4v\u00e4n\u00e4 runsaasti kotitekoisia leivonnaisia, ruokaa, kahvia ja k\u00e4sit\u00f6it\u00e4. Muu ohjelma on mm. ongintaa, arvontaa ja narutusta.<\/p>\n<\/div><div class=\"fusion-clearfix\"><\/div><\/div><\/div><div class=\"fusion-layout-column fusion_builder_column fusion-builder-column-7 fusion_builder_column_1_2 1_2 fusion-one-half fusion-column-last\" style=\"--awb-bg-blend:overlay;--awb-bg-size:cover;width:50%;width:calc(50% - ( ( 4% ) * 0.5 ) );\"><div class=\"fusion-column-wrapper fusion-flex-column-wrapper-legacy\"><div class=\"fusion-title title fusion-title-8 fusion-sep-none fusion-title-text fusion-title-size-one\"><h1 class=\"fusion-title-heading title-heading-left fusion-responsive-typography-calculated\" style=\"margin:0;--fontSize:34;line-height:1.4;\"><h1>Leiritoiminta<\/h1><\/h1><\/div><div class=\"fusion-text fusion-text-8\"><p>Suomen rauhanyhdistysten keskusyhdistyksen omistuksessa on kuusi leirikeskusta. Niiss\u00e4 pidet\u00e4\u00e4n vuosittain 190 leiri\u00e4, joilla k\u00e4y noin 10.000 leiril\u00e4ist\u00e4. Leiril\u00e4isist\u00e4 75 % on alle 20 -vuotiaita. Heille j\u00e4rjestet\u00e4\u00e4n nuoriso-, hiihto-, kieli- ja varttuneiden nuorten leirej\u00e4. Aikuisille j\u00e4rjestet\u00e4\u00e4n \u00e4idit ja is\u00e4t-, el\u00e4kel\u00e4isten-, aikuisten- sek\u00e4 erilaisia luontoleirej\u00e4.<\/p>\n<p>Leirien ohjelmat ovat kristillisyyden muun toiminnan mukaisia. Uskonel\u00e4m\u00e4n hoito ja juurtuminen Jumalan valtakuntaan toteutuvat yhteisiss\u00e4 hartaus-, seura-, alustus-, keskustelu- ja oppituntitilanteissa. Liikunnan ja virkistymisen kannalta on t\u00e4rke\u00e4\u00e4, ett\u00e4 leiril\u00e4isill\u00e4 on mahdollisuus ulkoilla. Porvoon Rauhanyhdistyst\u00e4 l\u00e4hinn\u00e4 ovat Maitoisten leirikeskus ja J\u00e4ms\u00e4n kristillinen kansanopisto. Leireist\u00e4 saat lis\u00e4tietoa ja niille\u00a0voit ilmoittautua osoitteessa\u00a0<a href=\"http:\/\/www.leirille.fi\/\" target=\"_blank\" rel=\"noopener\">http:\/\/www.leirille.fi<\/a>.<\/p>\n<\/div><div class=\"fusion-clearfix\"><\/div><\/div><\/div><\/div><\/div>\n","protected":false},"excerpt":{"rendered":"","protected":false},"author":1,"featured_media":0,"parent":0,"menu_order":0,"comment_status":"closed","ping_status":"closed","template":"","meta":{"footnotes":""},"class_list":["post-15","page","type-page","status-publish","hentry"],"_links":{"self":[{"href":"https:\/\/paivitys.rauhanyhdistys.fi\/porvoo\/wp-json\/wp\/v2\/pages\/15","targetHints":{"allow":["GET"]}}],"collection":[{"href":"https:\/\/paivitys.rauhanyhdistys.fi\/porvoo\/wp-json\/wp\/v2\/pages"}],"about":[{"href":"https:\/\/paivitys.rauhanyhdistys.fi\/porvoo\/wp-json\/wp\/v2\/types\/page"}],"author":[{"embeddable":true,"href":"https:\/\/paivitys.rauhanyhdistys.fi\/porvoo\/wp-json\/wp\/v2\/users\/1"}],"replies":[{"embeddable":true,"href":"https:\/\/paivitys.rauhanyhdistys.fi\/porvoo\/wp-json\/wp\/v2\/comments?post=15"}],"version-history":[{"count":12,"href":"https:\/\/paivitys.rauhanyhdistys.fi\/porvoo\/wp-json\/wp\/v2\/pages\/15\/revisions"}],"predecessor-version":[{"id":737,"href":"https:\/\/paivitys.rauhanyhdistys.fi\/porvoo\/wp-json\/wp\/v2\/pages\/15\/revisions\/737"}],"wp:attachment":[{"href":"https:\/\/paivitys.rauhanyhdistys.fi\/porvoo\/wp-json\/wp\/v2\/media?parent=15"}],"curies":[{"name":"wp","href":"https:\/\/api.w.org\/{rel}","templated":true}]}}