{"id":13,"date":"2017-12-13T14:06:09","date_gmt":"2017-12-13T12:06:09","guid":{"rendered":"http:\/\/34.242.2.69\/esimerkkiry\/?page_id=13"},"modified":"2025-09-19T11:32:47","modified_gmt":"2025-09-19T08:32:47","slug":"etusivu","status":"publish","type":"page","link":"https:\/\/paivitys.rauhanyhdistys.fi\/porvoo\/","title":{"rendered":"Etusivu"},"content":{"rendered":"<p><div class=\"fusion-fullwidth fullwidth-box fusion-builder-row-1 nonhundred-percent-fullwidth non-hundred-percent-height-scrolling\" style=\"--awb-border-radius-top-left:0px;--awb-border-radius-top-right:0px;--awb-border-radius-bottom-right:0px;--awb-border-radius-bottom-left:0px;--awb-flex-wrap:wrap;\" ><div class=\"fusion-builder-row fusion-row\"><div class=\"fusion-layout-column fusion_builder_column fusion-builder-column-0 fusion_builder_column_1_1 1_1 fusion-one-full fusion-column-first fusion-column-last\" style=\"--awb-bg-blend:overlay;--awb-bg-size:cover;\"><div class=\"fusion-column-wrapper fusion-flex-column-wrapper-legacy\"><div class=\"fusion-title title fusion-title-1 fusion-sep-none fusion-title-text fusion-title-size-one\"><h1 class=\"fusion-title-heading title-heading-left fusion-responsive-typography-calculated\" style=\"margin:0;--fontSize:34;line-height:1.4;\">Porvoon Rauhanyhdistys<\/h1><\/div><div class=\"fusion-text fusion-text-1\"><p>Porvoon Rauhanyhdistys ry kuuluu Suomen Evankelisluterilaisen kirkon sis\u00e4ll\u00e4 toimivaan vanhoillislestadiolaiseen her\u00e4tysliikkeeseen.<\/p>\n<p>Yhdistyksen tarkoituksena on sen s\u00e4\u00e4nt\u00f6jen mukaan &#8221;her\u00e4tt\u00e4\u00e4 ja elvytt\u00e4\u00e4 kristillist\u00e4 uskonel\u00e4m\u00e4\u00e4 sek\u00e4 edist\u00e4\u00e4 kristillissiveellisten el\u00e4m\u00e4ntapojen, kansanraittiuden ja is\u00e4nmaallisen mielen vakiinnuttamista kansan keskuudessa&#8221;.<\/p>\n<p>Toiminnan ydin on seuratoiminta. Seurojen ohjelma koostuu lauluista ja Raamatun tekstin pohjalta pidetyst\u00e4 saarnasta. Sanoman ydin on evankeliumi eli ilosanoma syntien anteeksiantamuksesta.<\/p>\n<\/div><div class=\"fusion-title title fusion-title-2 fusion-sep-none fusion-title-text fusion-title-size-one\"><h1 class=\"fusion-title-heading title-heading-left fusion-responsive-typography-calculated\" style=\"margin:0;--fontSize:34;line-height:1.4;\">Seurojen kuuntelu<\/h1><\/div><div class=\"fusion-text fusion-text-2\"><p>Toimintakalenterin mukaisia seuroja voit kuunnella nettil\u00e4hetyksen\u00e4 <a href=\"https:\/\/webstreamer.net:8443\/porvoo.html\" target=\"blank\" rel=\"noopener\">t\u00e4\u00e4ll\u00e4.<\/a><\/p>\n<p>Kes\u00e4seuraradiota voit kuunnella nettil\u00e4hetyksen\u00e4 kes\u00e4seuraradion <a href=\"https:\/\/kesaseuraradio.fi\/\">nettisivun<\/a> kautta. Kes\u00e4seuraradiota voi kuunnella Porvoon alueella my\u00f6s radiosta taajuudella 89,2 Mhz. Muiden alueiden taajuudet l\u00f6ytyv\u00e4t kes\u00e4seuraradion sivuilta.<\/p>\n<p>&nbsp;<\/p>\n<p>READ MORE IN ENGLISH about our faith: https:\/\/kingdomofpeace.net\/<\/p>\n<\/div><div class=\"fusion-title title fusion-title-3 fusion-sep-none fusion-title-text fusion-title-size-one\" style=\"--awb-font-size:25px;\"><h1 class=\"fusion-title-heading title-heading-left fusion-responsive-typography-calculated\" style=\"margin:0;font-size:1em;--fontSize:25;line-height:1.4;\">Tervetuloa seuroihin<\/h1><\/div><div class=\"fusion-clearfix\"><\/div><\/div><\/div><\/div><\/div><div class=\"fusion-fullwidth fullwidth-box fusion-builder-row-2 nonhundred-percent-fullwidth non-hundred-percent-height-scrolling\" style=\"--awb-border-radius-top-left:0px;--awb-border-radius-top-right:0px;--awb-border-radius-bottom-right:0px;--awb-border-radius-bottom-left:0px;--awb-padding-top:30px;--awb-background-color:#eeeeee;--awb-flex-wrap:wrap;\" ><div class=\"fusion-builder-row fusion-row\"><div class=\"fusion-layout-column fusion_builder_column fusion-builder-column-1 fusion_builder_column_1_2 1_2 fusion-one-half fusion-column-first\" style=\"--awb-bg-blend:overlay;--awb-bg-size:cover;width:50%;width:calc(50% - ( ( 4% ) * 0.5 ) );margin-right: 4%;\"><div class=\"fusion-column-wrapper fusion-flex-column-wrapper-legacy\"><div class=\"fusion-title title fusion-title-4 fusion-sep-none fusion-title-text fusion-title-size-one\"><h1 class=\"fusion-title-heading title-heading-left fusion-responsive-typography-calculated\" style=\"margin:0;--fontSize:34;line-height:1.4;\">Tulevat tapahtumat<\/h1><\/div><div class=\"fusion-text fusion-text-3\"><p><a href=\"https:\/\/paivitys.rauhanyhdistys.fi\/porvoo\/toimintakalenteri\/\">katso lis\u00e4\u00e4 toimintakalenterista<\/a><\/p>\n<\/div><table class=\"intra\" data-id=\"157\" data-amount=\"10\" data-features=\"audio,video\"><\/table><div class=\"fusion-clearfix\"><\/div><\/div><\/div><div class=\"fusion-layout-column fusion_builder_column fusion-builder-column-2 fusion_builder_column_1_2 1_2 fusion-one-half fusion-column-last\" style=\"--awb-bg-blend:overlay;--awb-bg-size:cover;width:50%;width:calc(50% - ( ( 4% ) * 0.5 ) );\"><div class=\"fusion-column-wrapper fusion-flex-column-wrapper-legacy\"><div class=\"fusion-title title fusion-title-5 fusion-sep-none fusion-title-text fusion-title-size-one\"><h1 class=\"fusion-title-heading title-heading-left fusion-responsive-typography-calculated\" style=\"margin:0;--fontSize:34;line-height:1.4;\">J\u00e4ms\u00e4n opiston kurssit<\/h1><\/div><table class=\"kurle\" data-id=\"1\" data-amount=\"5\"><\/table><div class=\"fusion-text fusion-text-4\"><p><a href=\"https:\/\/www.lyhytkurssille.fi\/kurssi\/jamsa\/\">Lis\u00e4\u00e4 kursseja<\/a><\/p>\n<\/div><div class=\"fusion-title title fusion-title-6 fusion-sep-none fusion-title-text fusion-title-size-one\"><h1 class=\"fusion-title-heading title-heading-left fusion-responsive-typography-calculated\" style=\"margin:0;--fontSize:34;line-height:1.4;\">Leirit Maitoisissa<\/h1><\/div><table class=\"kurle\" data-id=\"4\" data-amount=\"5\"><\/table>\n<div class=\"fusion-text fusion-text-5\"><p><a href=\"https:\/\/www.leirille.fi\/leiri\/maitoinen\/\">Lis\u00e4\u00e4 leirej\u00e4<\/a><\/p>\n<\/div><div class=\"fusion-clearfix\"><\/div><\/div><\/div><\/div><\/div><\/p>\n","protected":false},"excerpt":{"rendered":"","protected":false},"author":1,"featured_media":0,"parent":0,"menu_order":0,"comment_status":"closed","ping_status":"closed","template":"100-width.php","meta":{"footnotes":""},"class_list":["post-13","page","type-page","status-publish","hentry"],"_links":{"self":[{"href":"https:\/\/paivitys.rauhanyhdistys.fi\/porvoo\/wp-json\/wp\/v2\/pages\/13","targetHints":{"allow":["GET"]}}],"collection":[{"href":"https:\/\/paivitys.rauhanyhdistys.fi\/porvoo\/wp-json\/wp\/v2\/pages"}],"about":[{"href":"https:\/\/paivitys.rauhanyhdistys.fi\/porvoo\/wp-json\/wp\/v2\/types\/page"}],"author":[{"embeddable":true,"href":"https:\/\/paivitys.rauhanyhdistys.fi\/porvoo\/wp-json\/wp\/v2\/users\/1"}],"replies":[{"embeddable":true,"href":"https:\/\/paivitys.rauhanyhdistys.fi\/porvoo\/wp-json\/wp\/v2\/comments?post=13"}],"version-history":[{"count":93,"href":"https:\/\/paivitys.rauhanyhdistys.fi\/porvoo\/wp-json\/wp\/v2\/pages\/13\/revisions"}],"predecessor-version":[{"id":742,"href":"https:\/\/paivitys.rauhanyhdistys.fi\/porvoo\/wp-json\/wp\/v2\/pages\/13\/revisions\/742"}],"wp:attachment":[{"href":"https:\/\/paivitys.rauhanyhdistys.fi\/porvoo\/wp-json\/wp\/v2\/media?parent=13"}],"curies":[{"name":"wp","href":"https:\/\/api.w.org\/{rel}","templated":true}]}}