{"id":177,"date":"2020-03-30T15:39:11","date_gmt":"2020-03-30T12:39:11","guid":{"rendered":"https:\/\/paivitys.rauhanyhdistys.fi\/perho\/?page_id=177"},"modified":"2020-12-01T08:06:17","modified_gmt":"2020-12-01T06:06:17","slug":"kuuntele-seuroja","status":"publish","type":"page","link":"https:\/\/paivitys.rauhanyhdistys.fi\/perho\/kuuntele-seuroja\/","title":{"rendered":"Kuuntele seuroja"},"content":{"rendered":"<hr \/>\n<p><strong>Kuuntele seuroja<\/strong><\/p>\n<p>Seuraavien nettiseurojen ajankohdan l\u00f6yd\u00e4t <a href=\"https:\/\/paivitys.rauhanyhdistys.fi\/perho\/toimintakalenteri\/\">toimintakalenterista<\/a>.<\/p>\n<p>Seuroja p\u00e4\u00e4set kuuntelemaan alla olevasta linkist\u00e4 seurojen ajan.<br \/>\nSuora linkki <a href=\"http:\/\/nettiradio.srk.fi:8000\/perhonry.mp3\">Nettiradioon<\/a><\/p>\n<p><!--[embed linktext=\"Nettiradio\"]http:\/\/nettiradio.srk.fi:8000\/perhonry.mp3[\/embed]\n\n--><\/p>\n","protected":false},"excerpt":{"rendered":"<p>Kuuntele seuroja Seuraavien nettiseurojen ajankohdan l\u00f6yd\u00e4t toimintakalenterista. Seuroja p\u00e4\u00e4set kuuntelemaan  [&#8230;]<\/p>\n","protected":false},"author":40,"featured_media":0,"parent":0,"menu_order":0,"comment_status":"closed","ping_status":"closed","template":"","meta":{"footnotes":""},"class_list":["post-177","page","type-page","status-publish","hentry"],"_links":{"self":[{"href":"https:\/\/paivitys.rauhanyhdistys.fi\/perho\/wp-json\/wp\/v2\/pages\/177","targetHints":{"allow":["GET"]}}],"collection":[{"href":"https:\/\/paivitys.rauhanyhdistys.fi\/perho\/wp-json\/wp\/v2\/pages"}],"about":[{"href":"https:\/\/paivitys.rauhanyhdistys.fi\/perho\/wp-json\/wp\/v2\/types\/page"}],"author":[{"embeddable":true,"href":"https:\/\/paivitys.rauhanyhdistys.fi\/perho\/wp-json\/wp\/v2\/users\/40"}],"replies":[{"embeddable":true,"href":"https:\/\/paivitys.rauhanyhdistys.fi\/perho\/wp-json\/wp\/v2\/comments?post=177"}],"version-history":[{"count":11,"href":"https:\/\/paivitys.rauhanyhdistys.fi\/perho\/wp-json\/wp\/v2\/pages\/177\/revisions"}],"predecessor-version":[{"id":209,"href":"https:\/\/paivitys.rauhanyhdistys.fi\/perho\/wp-json\/wp\/v2\/pages\/177\/revisions\/209"}],"wp:attachment":[{"href":"https:\/\/paivitys.rauhanyhdistys.fi\/perho\/wp-json\/wp\/v2\/media?parent=177"}],"curies":[{"name":"wp","href":"https:\/\/api.w.org\/{rel}","templated":true}]}}