{"id":565,"date":"2025-12-08T22:29:20","date_gmt":"2025-12-08T20:29:20","guid":{"rendered":"https:\/\/paivitys.rauhanyhdistys.fi\/oulunsalo\/?page_id=565"},"modified":"2025-12-10T20:11:33","modified_gmt":"2025-12-10T18:11:33","slug":"kota","status":"publish","type":"page","link":"https:\/\/paivitys.rauhanyhdistys.fi\/oulunsalo\/kota\/","title":{"rendered":"Kota"},"content":{"rendered":"<p><div class=\"fusion-fullwidth fullwidth-box fusion-builder-row-1 fusion-flex-container nonhundred-percent-fullwidth non-hundred-percent-height-scrolling\" style=\"--awb-border-radius-top-left:0px;--awb-border-radius-top-right:0px;--awb-border-radius-bottom-right:0px;--awb-border-radius-bottom-left:0px;--awb-flex-wrap:wrap;\" ><div class=\"fusion-builder-row fusion-row fusion-flex-align-items-flex-start fusion-flex-content-wrap\" style=\"max-width:1144px;margin-left: calc(-4% \/ 2 );margin-right: calc(-4% \/ 2 );\"><div class=\"fusion-layout-column fusion_builder_column fusion-builder-column-0 fusion_builder_column_2_5 2_5 fusion-flex-column\" style=\"--awb-bg-size:cover;--awb-width-large:40%;--awb-margin-top-large:0px;--awb-spacing-right-large:3.2%;--awb-margin-bottom-large:0px;--awb-spacing-left-large:4.8%;--awb-width-medium:100%;--awb-spacing-right-medium:1.92%;--awb-spacing-left-medium:1.92%;--awb-width-small:100%;--awb-spacing-right-small:1.92%;--awb-spacing-left-small:1.92%;\"><div class=\"fusion-column-wrapper fusion-flex-justify-content-flex-start fusion-content-layout-column\"><div class=\"fusion-title title fusion-title-1 fusion-sep-none fusion-title-text fusion-title-size-one\"><h1 class=\"fusion-title-heading title-heading-left fusion-responsive-typography-calculated\" style=\"margin:0;--fontSize:34;line-height:1.4;\">Varausohje<\/h1><\/div><div class=\"fusion-text fusion-text-1\"><p>Kodan osoite: Pappilantie 21, 90460 Oulunsalo<br \/>\nKotavastaavan puhelinnumero: <strong>040 3514935<\/strong><br \/>\nS\u00e4hk\u00f6posti: <a href=\"mailto:kota.oulunsalonrauhanyhdistys@gmail.com\">kota.oulunsalonrauhanyhdistys@gmail.com<\/a><\/p>\n<p>Tiedustelut ja varaukset s\u00e4hk\u00f6postilla tai puhelimella kotavastaavan kautta. <strong>Tilaisuuden j\u00e4rjest\u00e4j\u00e4n tulee olla t\u00e4ysi-ik\u00e4inen.<\/strong> Huomioithan, ett\u00e4 kotavastaavat tekev\u00e4t t\u00e4t\u00e4 vapaaehtoisty\u00f6n\u00e4, ty\u00f6p\u00e4ivin\u00e4 vastauksen saaminen voi kest\u00e4\u00e4. Rauhanyhdistyksen tiloissa ei sallita alkoholitarjoilua eik\u00e4 hengelliselle toiminnalle sopimatonta ohjelmaa. Kodan yleiset k\u00e4ytt\u00f6s\u00e4\u00e4nn\u00f6t p\u00e4tev\u00e4t my\u00f6s yksityisk\u00e4yt\u00f6ss\u00e4. Alueella on kameravalvonta.<\/p>\n<\/div><\/div><\/div><div class=\"fusion-layout-column fusion_builder_column fusion-builder-column-1 fusion_builder_column_3_5 3_5 fusion-flex-column\" style=\"--awb-bg-size:cover;--awb-width-large:60%;--awb-margin-top-large:0px;--awb-spacing-right-large:3.2%;--awb-margin-bottom-large:0px;--awb-spacing-left-large:4.2666666666667%;--awb-width-medium:100%;--awb-spacing-right-medium:1.92%;--awb-spacing-left-medium:1.92%;--awb-width-small:100%;--awb-spacing-right-small:1.92%;--awb-spacing-left-small:1.92%;\"><div class=\"fusion-column-wrapper fusion-flex-justify-content-flex-start fusion-content-layout-column\"><div class=\"fusion-title title fusion-title-2 fusion-sep-none fusion-title-text fusion-title-size-one\"><h1 class=\"fusion-title-heading title-heading-left fusion-responsive-typography-calculated\" style=\"margin:0;--fontSize:34;line-height:1.4;\"><i class=\"fb-icon-element-1 fb-icon-element fontawesome-icon fa-calendar-day fas circle-no fusion-text-flow\" style=\"--awb-iconcolor:#000;--awb-font-size:32px;--awb-margin-bottom:10px;\"><\/i>Kodan varaustilanne<\/p><\/h1><\/div><div class=\"fusion-text fusion-text-2\"><p><iframe style=\"border: solid 1px #777;\" src=\"https:\/\/calendar.google.com\/calendar\/embed?height=600&amp;wkst=2&amp;ctz=Europe%2FHelsinki&amp;title=Varauskalenteri&amp;showCalendars=0&amp;showTz=0&amp;mode=MONTH&amp;showPrint=0&amp;src=a290YS5vdWx1bnNhbG9ucmF1aGFueWhkaXN0eXNAZ21haWwuY29t&amp;color=%237986cb\" width=\"100%\" height=\"400\" frameborder=\"0\" scrolling=\"no\"><\/iframe><\/p>\n<\/div><\/div><\/div><\/div><\/div><div class=\"fusion-fullwidth fullwidth-box fusion-builder-row-2 fusion-flex-container nonhundred-percent-fullwidth non-hundred-percent-height-scrolling\" style=\"--awb-border-radius-top-left:0px;--awb-border-radius-top-right:0px;--awb-border-radius-bottom-right:0px;--awb-border-radius-bottom-left:0px;--awb-flex-wrap:wrap;\" ><div class=\"fusion-builder-row fusion-row fusion-flex-align-items-flex-start fusion-flex-content-wrap\" style=\"max-width:1144px;margin-left: calc(-4% \/ 2 );margin-right: calc(-4% \/ 2 );\"><div class=\"fusion-layout-column fusion_builder_column fusion-builder-column-2 fusion_builder_column_2_5 2_5 fusion-flex-column\" style=\"--awb-bg-size:cover;--awb-width-large:40%;--awb-margin-top-large:0px;--awb-spacing-right-large:3.2%;--awb-margin-bottom-large:0px;--awb-spacing-left-large:4.8%;--awb-width-medium:100%;--awb-spacing-right-medium:1.92%;--awb-spacing-left-medium:1.92%;--awb-width-small:100%;--awb-spacing-right-small:1.92%;--awb-spacing-left-small:1.92%;\"><div class=\"fusion-column-wrapper fusion-flex-justify-content-flex-start fusion-content-layout-column\"><div class=\"fusion-title title fusion-title-3 fusion-sep-none fusion-title-text fusion-title-size-one\"><h1 class=\"fusion-title-heading title-heading-left fusion-responsive-typography-calculated\" style=\"margin:0;--fontSize:34;line-height:1.4;\">Varustus<\/h1><\/div><div class=\"fusion-text fusion-text-3\"><p><strong>Kodan varustus:<\/strong><br \/>\n&#8211; P\u00f6yd\u00e4t ja istumapaikat noin 70:lle henkil\u00f6lle.<br \/>\n&#8211; Tulisija, sammutuspeite, grillausv\u00e4lineet, j\u00e4\u00e4kaappi, kahvinkeitin 2kpl, vedenkeitin, termoskannu, videotykki ja valkokangas, Wifi<\/p>\n<p><strong>Huoltotilojen varustus:<\/strong><br \/>\n&#8211; Vesipiste, WCt, siivous- ja astianpesuv\u00e4lineet, vesikanisterit<\/p>\n<\/div><\/div><\/div><div class=\"fusion-layout-column fusion_builder_column fusion-builder-column-3 fusion_builder_column_3_5 3_5 fusion-flex-column\" style=\"--awb-bg-size:cover;--awb-width-large:60%;--awb-margin-top-large:0px;--awb-spacing-right-large:3.2%;--awb-margin-bottom-large:0px;--awb-spacing-left-large:4.2666666666667%;--awb-width-medium:100%;--awb-spacing-right-medium:1.92%;--awb-spacing-left-medium:1.92%;--awb-width-small:100%;--awb-spacing-right-small:1.92%;--awb-spacing-left-small:1.92%;\"><div class=\"fusion-column-wrapper fusion-flex-justify-content-flex-start fusion-content-layout-column\"><div class=\"fusion-slider-sc\"><div class=\"fusion-flexslider-loading flexslider fusion-aligncenter flexslider-hover-type-none\" data-slideshow_autoplay=\"0\" data-slideshow_smooth_height=\"0\" data-slideshow_speed=\"7000\" style=\"max-width:100%;height:100%;\"><ul class=\"slides\"><li class=\"image\"><span class=\"fusion-image-hover-element hover-type-none\"><img decoding=\"async\" src=\"https:\/\/paivitys.rauhanyhdistys.fi\/oulunsalo\/wp-content\/uploads\/sites\/92\/2025\/12\/IMG_3145.jpg\" alt=\"Kota ulkoa\" width=\"1800\" height=\"1350\" class=\"wp-image-611\" srcset=\"https:\/\/paivitys.rauhanyhdistys.fi\/oulunsalo\/wp-content\/uploads\/sites\/92\/2025\/12\/IMG_3145-200x150.jpg 200w, https:\/\/paivitys.rauhanyhdistys.fi\/oulunsalo\/wp-content\/uploads\/sites\/92\/2025\/12\/IMG_3145-400x300.jpg 400w, https:\/\/paivitys.rauhanyhdistys.fi\/oulunsalo\/wp-content\/uploads\/sites\/92\/2025\/12\/IMG_3145-600x450.jpg 600w, https:\/\/paivitys.rauhanyhdistys.fi\/oulunsalo\/wp-content\/uploads\/sites\/92\/2025\/12\/IMG_3145-800x600.jpg 800w, https:\/\/paivitys.rauhanyhdistys.fi\/oulunsalo\/wp-content\/uploads\/sites\/92\/2025\/12\/IMG_3145-1200x900.jpg 1200w, https:\/\/paivitys.rauhanyhdistys.fi\/oulunsalo\/wp-content\/uploads\/sites\/92\/2025\/12\/IMG_3145.jpg 1800w\" sizes=\"(max-width: 1024px) 100vw, (max-width: 640px) 100vw, 800px\" \/><\/span><\/li><li class=\"image\"><span class=\"fusion-image-hover-element hover-type-none\"><img decoding=\"async\" src=\"https:\/\/paivitys.rauhanyhdistys.fi\/oulunsalo\/wp-content\/uploads\/sites\/92\/2025\/12\/kota_sisakuva-e1765311748104.jpg\" alt=\"Kota sis\u00e4lt\u00e4\" width=\"1200\" height=\"900\" class=\"wp-image-610\" srcset=\"https:\/\/paivitys.rauhanyhdistys.fi\/oulunsalo\/wp-content\/uploads\/sites\/92\/2025\/12\/kota_sisakuva-e1765311748104-200x150.jpg 200w, https:\/\/paivitys.rauhanyhdistys.fi\/oulunsalo\/wp-content\/uploads\/sites\/92\/2025\/12\/kota_sisakuva-e1765311748104-400x300.jpg 400w, https:\/\/paivitys.rauhanyhdistys.fi\/oulunsalo\/wp-content\/uploads\/sites\/92\/2025\/12\/kota_sisakuva-e1765311748104-600x450.jpg 600w, https:\/\/paivitys.rauhanyhdistys.fi\/oulunsalo\/wp-content\/uploads\/sites\/92\/2025\/12\/kota_sisakuva-e1765311748104-800x600.jpg 800w, https:\/\/paivitys.rauhanyhdistys.fi\/oulunsalo\/wp-content\/uploads\/sites\/92\/2025\/12\/kota_sisakuva-e1765311748104.jpg 1200w\" sizes=\"(max-width: 1024px) 100vw, (max-width: 640px) 100vw, 800px\" \/><\/span><\/li><\/ul><\/div><\/div><\/div><\/div><\/div><\/div><div class=\"fusion-fullwidth fullwidth-box fusion-builder-row-3 fusion-flex-container nonhundred-percent-fullwidth non-hundred-percent-height-scrolling\" style=\"--awb-border-radius-top-left:0px;--awb-border-radius-top-right:0px;--awb-border-radius-bottom-right:0px;--awb-border-radius-bottom-left:0px;--awb-flex-wrap:wrap;\" ><div class=\"fusion-builder-row fusion-row fusion-flex-align-items-flex-start fusion-flex-content-wrap\" style=\"max-width:1144px;margin-left: calc(-4% \/ 2 );margin-right: calc(-4% \/ 2 );\"><div class=\"fusion-layout-column fusion_builder_column fusion-builder-column-4 fusion_builder_column_2_5 2_5 fusion-flex-column\" style=\"--awb-padding-right:1.5em;--awb-padding-left:1.5em;--awb-bg-color:#eaeaea;--awb-bg-color-hover:#eaeaea;--awb-bg-size:cover;--awb-width-large:40%;--awb-margin-top-large:0px;--awb-spacing-right-large:3.2%;--awb-margin-bottom-large:1.5em;--awb-spacing-left-large:4.8%;--awb-width-medium:100%;--awb-order-medium:0;--awb-spacing-right-medium:1.92%;--awb-spacing-left-medium:1.92%;--awb-width-small:100%;--awb-order-small:0;--awb-spacing-right-small:1.92%;--awb-spacing-left-small:1.92%;\" data-scroll-devices=\"small-visibility,medium-visibility,large-visibility\"><div class=\"fusion-column-wrapper fusion-column-has-shadow fusion-flex-justify-content-flex-start fusion-content-layout-column\"><div class=\"fusion-title title fusion-title-4 fusion-sep-none fusion-title-text fusion-title-size-one\"><h1 class=\"fusion-title-heading title-heading-left fusion-responsive-typography-calculated\" style=\"margin:0;--fontSize:34;line-height:1.4;\">Maksu<\/h1><\/div><div class=\"fusion-text fusion-text-4\"><p style=\"margin-bottom: 0px;\">Kodan k\u00e4ytt\u00f6maksu per tilaisuus:<\/p>\n<ul style=\"margin-top: 0px;\">\n<li>50\u20ac yhdistyksen j\u00e4senille<\/li>\n<li>100\u20ac ei-j\u00e4senille<\/li>\n<\/ul>\n<p>Maksu suoritetaan ennen tilan k\u00e4ytt\u00f6\u00e4!<\/p>\n<p>K\u00e4ytt\u00f6korvaus sis\u00e4lt\u00e4\u00e4 kodan ja huolto\/wc-tilojen k\u00e4yt\u00f6n sek\u00e4 polttopuut.<br \/>\nPyyd\u00e4mme laskutusta varten varaajalta yhteystiedot. Rikkoutuneesta kiinteist\u00f6st\u00e4 ja v\u00e4lineist\u00e4 laskutetaan j\u00e4lkik\u00e4teen.<\/p>\n<p><strong>Ensisijaisesti maksu Mobilepay-lyhytnumeroon #12384 tai tilille <\/strong><strong>Oulunsalon kirkonkyl\u00e4n rauhanyhdistys ry, tilinro: FI70 5233 0840 0146 31 . <\/strong><strong>Kirjoita viestiksi Kodan vuokraus ja p\u00e4iv\u00e4m\u00e4\u00e4r\u00e4, esim. &#8221;Kodan vuokraus 24.5.2026&#8221;<\/strong><\/p>\n<p>Yrityksille ja yhteis\u00f6ille voimme l\u00e4hett\u00e4\u00e4 verkkolaskun. Verkkolaskutiedot pit\u00e4\u00e4 toimittaa varatessa.<\/p>\n<\/div><\/div><\/div><div class=\"fusion-layout-column fusion_builder_column fusion-builder-column-5 fusion_builder_column_3_5 3_5 fusion-flex-column\" style=\"--awb-bg-color:#ffffff;--awb-bg-color-hover:#ffffff;--awb-bg-size:cover;--awb-width-large:60%;--awb-margin-top-large:0px;--awb-spacing-right-large:3.2%;--awb-margin-bottom-large:0px;--awb-spacing-left-large:4.2666666666667%;--awb-width-medium:100%;--awb-order-medium:0;--awb-spacing-right-medium:1.92%;--awb-spacing-left-medium:1.92%;--awb-width-small:100%;--awb-order-small:0;--awb-spacing-right-small:1.92%;--awb-spacing-left-small:1.92%;\" data-scroll-devices=\"small-visibility,medium-visibility,large-visibility\"><div class=\"fusion-column-wrapper fusion-column-has-shadow fusion-flex-justify-content-flex-start fusion-content-layout-column\"><div class=\"fusion-title title fusion-title-5 fusion-sep-none fusion-title-text fusion-title-size-one\"><h1 class=\"fusion-title-heading title-heading-left fusion-responsive-typography-calculated\" style=\"margin:0;--fontSize:34;line-height:1.4;\">Kota<\/h1><\/div><div class=\"fusion-text fusion-text-5\"><p>Tervetuloa j\u00e4rjest\u00e4m\u00e4\u00e4n tilaisuuttanne rauhanyhdistyksen kotaan! Oulunsalon kirkonkyl\u00e4n rauhanyhdistyksen kota on tila, jossa voi pit\u00e4\u00e4 koulutuksia, kokouksia ja vaikka perhejuhlia. Kota palvelee yhdistyksen tapahtumissa, kuten lapsi- ja nuorisoty\u00f6n sek\u00e4 varttuneen ik\u00e4polven kokoontumisissa. Rakennus on valmistunut vuoden 2025 joulukuussa <a href=\"https:\/\/paivitys.rauhanyhdistys.fi\/oulunsalo\/kotahanke\/\">Euroopan Unionin osarahoittamana.<\/a><\/p>\n<p>Kota on vuokrattavissa k\u00e4ytt\u00f6kuluja vastaan j\u00e4senist\u00f6lle ja yhdistyksen ulkopuolisille yksityishenkil\u00f6ille, yrityksille ja yhdistyksille sek\u00e4 julkisille toimijoille silloin kun se ei ole varattuna omaan k\u00e4ytt\u00f6\u00f6n.<\/p>\n<p>Tilaisuuden valmistelu tapahtuu vain kodassa ja huoltotiloissa. Tilat luovutetaan j\u00e4rjest\u00e4j\u00e4lle valmisteluja varten sopimuksen mukaan. Vuokraaja saa kodan ja huolto\/wc-tilojen ulko-oven koodin kotavastaavalta ennen tilaisuuden alkua. Tilaisuuden j\u00e4rjest\u00e4j\u00e4 vastaa j\u00e4rjestyksenpidosta ja turvallisuudesta tilaisuuden aikana. Tilojen tulee olla vapaat ja siivotut klo 23 menness\u00e4. Kota l\u00e4mpi\u00e4\u00e4 s\u00e4hk\u00f6lattial\u00e4mmityksell\u00e4 ja ilmal\u00e4mp\u00f6pumpulla. Vuorossa oleva kotavastaava opastaa tarvittaessa tilojen k\u00e4yt\u00f6ss\u00e4.<\/p>\n<\/div><\/div><\/div><\/div><\/div><\/p>\n","protected":false},"excerpt":{"rendered":"","protected":false},"author":126,"featured_media":0,"parent":0,"menu_order":0,"comment_status":"closed","ping_status":"closed","template":"","meta":{"footnotes":""},"class_list":["post-565","page","type-page","status-publish","hentry"],"_links":{"self":[{"href":"https:\/\/paivitys.rauhanyhdistys.fi\/oulunsalo\/wp-json\/wp\/v2\/pages\/565","targetHints":{"allow":["GET"]}}],"collection":[{"href":"https:\/\/paivitys.rauhanyhdistys.fi\/oulunsalo\/wp-json\/wp\/v2\/pages"}],"about":[{"href":"https:\/\/paivitys.rauhanyhdistys.fi\/oulunsalo\/wp-json\/wp\/v2\/types\/page"}],"author":[{"embeddable":true,"href":"https:\/\/paivitys.rauhanyhdistys.fi\/oulunsalo\/wp-json\/wp\/v2\/users\/126"}],"replies":[{"embeddable":true,"href":"https:\/\/paivitys.rauhanyhdistys.fi\/oulunsalo\/wp-json\/wp\/v2\/comments?post=565"}],"version-history":[{"count":43,"href":"https:\/\/paivitys.rauhanyhdistys.fi\/oulunsalo\/wp-json\/wp\/v2\/pages\/565\/revisions"}],"predecessor-version":[{"id":614,"href":"https:\/\/paivitys.rauhanyhdistys.fi\/oulunsalo\/wp-json\/wp\/v2\/pages\/565\/revisions\/614"}],"wp:attachment":[{"href":"https:\/\/paivitys.rauhanyhdistys.fi\/oulunsalo\/wp-json\/wp\/v2\/media?parent=565"}],"curies":[{"name":"wp","href":"https:\/\/api.w.org\/{rel}","templated":true}]}}