{"id":304,"date":"2021-05-28T22:41:23","date_gmt":"2021-05-28T19:41:23","guid":{"rendered":"https:\/\/paivitys.rauhanyhdistys.fi\/oulunsalo\/?page_id=304"},"modified":"2021-05-28T22:43:53","modified_gmt":"2021-05-28T19:43:53","slug":"varainhankinta","status":"publish","type":"page","link":"https:\/\/paivitys.rauhanyhdistys.fi\/oulunsalo\/varainhankinta\/","title":{"rendered":"Varainhankinta"},"content":{"rendered":"<div class=\"fusion-fullwidth fullwidth-box fusion-builder-row-1 fusion-flex-container nonhundred-percent-fullwidth non-hundred-percent-height-scrolling\" style=\"--awb-border-radius-top-left:0px;--awb-border-radius-top-right:0px;--awb-border-radius-bottom-right:0px;--awb-border-radius-bottom-left:0px;--awb-flex-wrap:wrap;\" ><div class=\"fusion-builder-row fusion-row fusion-flex-align-items-flex-start fusion-flex-content-wrap\" style=\"max-width:1144px;margin-left: calc(-4% \/ 2 );margin-right: calc(-4% \/ 2 );\"><div class=\"fusion-layout-column fusion_builder_column fusion-builder-column-0 fusion_builder_column_1_3 1_3 fusion-flex-column\" style=\"--awb-bg-size:cover;--awb-width-large:33.333333333333%;--awb-margin-top-large:0px;--awb-spacing-right-large:5.76%;--awb-margin-bottom-large:20px;--awb-spacing-left-large:5.76%;--awb-width-medium:100%;--awb-order-medium:0;--awb-spacing-right-medium:1.92%;--awb-spacing-left-medium:1.92%;--awb-width-small:100%;--awb-order-small:0;--awb-spacing-right-small:1.92%;--awb-spacing-left-small:1.92%;\"><div class=\"fusion-column-wrapper fusion-column-has-shadow fusion-flex-justify-content-flex-start fusion-content-layout-column\"><div class=\"fusion-title title fusion-title-1 fusion-sep-none fusion-title-text fusion-title-size-one\"><h1 class=\"fusion-title-heading title-heading-left fusion-responsive-typography-calculated\" style=\"margin:0;--fontSize:34;line-height:1.4;\"><i class=\"fb-icon-element-1 fb-icon-element fontawesome-icon fa-mobile-alt fas circle-yes fusion-text-flow\" style=\"--awb-circlebordersize:1px;--awb-font-size:28.16px;--awb-width:56.32px;--awb-height:56.32px;--awb-line-height:54.32px;--awb-margin-right:16px;\"><\/i> MobilePay<\/p><\/h1><\/div><div class=\"fusion-text fusion-text-1\"><h2>Kolehdin lyhytnumero: 17015<\/h2>\n<p>Voit osallistua kolehtiin MobilePay-sovelluksella l\u00e4hett\u00e4m\u00e4ll\u00e4 haluamasi summan numeroon 17015. MobilePay on yleinen mobiilimaksusovellus, jonka voit ladata \u00e4lypuhelimeesi sovelluskaupasta.<\/p>\n<\/div><div class=\"fusion-title title fusion-title-2 fusion-sep-none fusion-title-text fusion-title-size-one\"><h1 class=\"fusion-title-heading title-heading-left fusion-responsive-typography-calculated\" style=\"margin:0;--fontSize:34;line-height:1.4;\"><i class=\"fb-icon-element-2 fb-icon-element fontawesome-icon fa-credit-card fas circle-yes fusion-text-flow\" style=\"--awb-circlebordersize:1px;--awb-font-size:28.16px;--awb-width:56.32px;--awb-height:56.32px;--awb-line-height:54.32px;--awb-margin-right:16px;\"><\/i>Tilinumerot<\/p><\/h1><\/div><div class=\"fusion-text fusion-text-2\"><p>Yhdistyksen tilinumerot<\/p>\n<p>POP Pankki<br \/>\nFI62 4730 6520 0011 04<\/p>\n<p>Osuuspankki<br \/>\nFI67 5740 2740 3010 31<\/p>\n<\/div><\/div><\/div><div class=\"fusion-layout-column fusion_builder_column fusion-builder-column-1 fusion_builder_column_2_3 2_3 fusion-flex-column\" style=\"--awb-bg-size:cover;--awb-width-large:66.666666666667%;--awb-margin-top-large:0px;--awb-spacing-right-large:2.88%;--awb-margin-bottom-large:20px;--awb-spacing-left-large:2.88%;--awb-width-medium:100%;--awb-order-medium:0;--awb-spacing-right-medium:1.92%;--awb-spacing-left-medium:1.92%;--awb-width-small:100%;--awb-order-small:0;--awb-spacing-right-small:1.92%;--awb-spacing-left-small:1.92%;\"><div class=\"fusion-column-wrapper fusion-column-has-shadow fusion-flex-justify-content-flex-start fusion-content-layout-column\"><div class=\"fusion-title title fusion-title-3 fusion-sep-none fusion-title-text fusion-title-size-one\"><h1 class=\"fusion-title-heading title-heading-left fusion-responsive-typography-calculated\" style=\"margin:0;--fontSize:34;line-height:1.4;\">Rahanker\u00e4yslupa<\/h1><\/div><div class=\"fusion-text fusion-text-3\"><p>Oulunsalon kirkonkyl\u00e4n rauhanyhdistyksell\u00e4 on voimassa oleva rahanker\u00e4yslupa<\/p>\n<\/p>\n<div class=\"table-1\">\n<table width=\"100%\">\n<thead><\/thead>\n<tbody>\n<tr>\n<td align=\"left\">Ker\u00e4yksen j\u00e4rjest\u00e4j\u00e4<\/td>\n<td align=\"left\">Oulunsalon Kirkonkyl\u00e4n Rauhanyhdistys r.y<\/td>\n<\/tr>\n<tr>\n<td align=\"left\">Luvan my\u00f6nt\u00e4j\u00e4<\/td>\n<td align=\"left\">Poliisihallitus<\/td>\n<\/tr>\n<tr>\n<td align=\"left\">My\u00f6nt\u00e4misajankohta ja numero<\/td>\n<td align=\"left\">31.03.2021, RA\/2021\/417<\/td>\n<\/tr>\n<tr>\n<td align=\"left\" valign=\"top\">Varojen k\u00e4ytt\u00f6tarkoitus<\/td>\n<td align=\"left\">Ker\u00e4tyt varat k\u00e4ytet\u00e4\u00e4n Oulunsalon Kirkonkyl\u00e4n Rauhanyhdistys ry:n seuratoiminnassa k\u00e4ytett\u00e4vien toimitilojen peruskorjauksesta aiheutuneiden kustannusten kattamiseen. Yhdistyksell\u00e4 on lainaa noin 100 000 euroa ja laina on otettu toimitilojen peruskorjausta ja l\u00e4mmitysj\u00e4rjestelm\u00e4n muutosta varten. Ker\u00e4tyt varat k\u00e4ytet\u00e4\u00e4n kuukausittain lainan lyhennykseen, korkokuluihin ja muihin mahdollisiin asiaan liittyviin rahoituskuluihin<\/td>\n<\/tr>\n<\/tbody>\n<\/table>\n<\/div>\n<p>\n<\/div><\/div><\/div><\/div><\/div>\n","protected":false},"excerpt":{"rendered":"","protected":false},"author":126,"featured_media":0,"parent":0,"menu_order":0,"comment_status":"closed","ping_status":"closed","template":"","meta":{"footnotes":""},"class_list":["post-304","page","type-page","status-publish","hentry"],"_links":{"self":[{"href":"https:\/\/paivitys.rauhanyhdistys.fi\/oulunsalo\/wp-json\/wp\/v2\/pages\/304","targetHints":{"allow":["GET"]}}],"collection":[{"href":"https:\/\/paivitys.rauhanyhdistys.fi\/oulunsalo\/wp-json\/wp\/v2\/pages"}],"about":[{"href":"https:\/\/paivitys.rauhanyhdistys.fi\/oulunsalo\/wp-json\/wp\/v2\/types\/page"}],"author":[{"embeddable":true,"href":"https:\/\/paivitys.rauhanyhdistys.fi\/oulunsalo\/wp-json\/wp\/v2\/users\/126"}],"replies":[{"embeddable":true,"href":"https:\/\/paivitys.rauhanyhdistys.fi\/oulunsalo\/wp-json\/wp\/v2\/comments?post=304"}],"version-history":[{"count":17,"href":"https:\/\/paivitys.rauhanyhdistys.fi\/oulunsalo\/wp-json\/wp\/v2\/pages\/304\/revisions"}],"predecessor-version":[{"id":323,"href":"https:\/\/paivitys.rauhanyhdistys.fi\/oulunsalo\/wp-json\/wp\/v2\/pages\/304\/revisions\/323"}],"wp:attachment":[{"href":"https:\/\/paivitys.rauhanyhdistys.fi\/oulunsalo\/wp-json\/wp\/v2\/media?parent=304"}],"curies":[{"name":"wp","href":"https:\/\/api.w.org\/{rel}","templated":true}]}}