{"id":220,"date":"2024-02-25T18:21:31","date_gmt":"2024-02-25T16:21:31","guid":{"rendered":"https:\/\/paivitys.rauhanyhdistys.fi\/oulainen\/?page_id=220"},"modified":"2024-02-25T18:21:31","modified_gmt":"2024-02-25T16:21:31","slug":"jaseneksi","status":"publish","type":"page","link":"https:\/\/paivitys.rauhanyhdistys.fi\/oulainen\/jaseneksi\/","title":{"rendered":"J\u00e4seneksi"},"content":{"rendered":"<div class=\"fusion-fullwidth fullwidth-box fusion-builder-row-1 fusion-flex-container has-pattern-background has-mask-background nonhundred-percent-fullwidth non-hundred-percent-height-scrolling\" style=\"--awb-border-radius-top-left:0px;--awb-border-radius-top-right:0px;--awb-border-radius-bottom-right:0px;--awb-border-radius-bottom-left:0px;--awb-flex-wrap:wrap;\" ><div class=\"fusion-builder-row fusion-row fusion-flex-align-items-flex-start fusion-flex-content-wrap\" style=\"max-width:1144px;margin-left: calc(-4% \/ 2 );margin-right: calc(-4% \/ 2 );\"><div class=\"fusion-layout-column fusion_builder_column fusion-builder-column-0 fusion_builder_column_1_1 1_1 fusion-flex-column\" style=\"--awb-bg-size:cover;--awb-width-large:100%;--awb-margin-top-large:0px;--awb-spacing-right-large:1.92%;--awb-margin-bottom-large:20px;--awb-spacing-left-large:1.92%;--awb-width-medium:100%;--awb-order-medium:0;--awb-spacing-right-medium:1.92%;--awb-spacing-left-medium:1.92%;--awb-width-small:100%;--awb-order-small:0;--awb-spacing-right-small:1.92%;--awb-spacing-left-small:1.92%;\"><div class=\"fusion-column-wrapper fusion-column-has-shadow fusion-flex-justify-content-flex-start fusion-content-layout-column\"><div class=\"fusion-text fusion-text-1\"><p>Alla olevalla napin kautta voit hakea Oulaisten Rauhanyhdistys ry:n j\u00e4seneksi. Lomakkeeseen t\u00e4ytetyt tiedot tulostetaan rauhanyhdistyksen j\u00e4senrekisteriin paperisena. Tietoja ei s\u00e4ilytet\u00e4 s\u00e4hk\u00f6isesti.<\/p>\n<\/div><div ><a class=\"fusion-button button-flat fusion-button-default-size button-default fusion-button-default button-1 fusion-button-default-span fusion-button-default-type\" target=\"_self\" href=\"https:\/\/docs.google.com\/forms\/d\/e\/1FAIpQLSdt3lCsN887CSIiqn56zBVL6RA5o3_6tJ8Dtz2Rl-I4_36MFA\/viewform\"><span class=\"fusion-button-text awb-button__text awb-button__text--default\">Hae j\u00e4seneksi<\/span><\/a><\/div><\/div><\/div><\/div><\/div>\n","protected":false},"excerpt":{"rendered":"","protected":false},"author":56,"featured_media":0,"parent":0,"menu_order":0,"comment_status":"closed","ping_status":"closed","template":"","meta":{"footnotes":""},"class_list":["post-220","page","type-page","status-publish","hentry"],"_links":{"self":[{"href":"https:\/\/paivitys.rauhanyhdistys.fi\/oulainen\/wp-json\/wp\/v2\/pages\/220","targetHints":{"allow":["GET"]}}],"collection":[{"href":"https:\/\/paivitys.rauhanyhdistys.fi\/oulainen\/wp-json\/wp\/v2\/pages"}],"about":[{"href":"https:\/\/paivitys.rauhanyhdistys.fi\/oulainen\/wp-json\/wp\/v2\/types\/page"}],"author":[{"embeddable":true,"href":"https:\/\/paivitys.rauhanyhdistys.fi\/oulainen\/wp-json\/wp\/v2\/users\/56"}],"replies":[{"embeddable":true,"href":"https:\/\/paivitys.rauhanyhdistys.fi\/oulainen\/wp-json\/wp\/v2\/comments?post=220"}],"version-history":[{"count":2,"href":"https:\/\/paivitys.rauhanyhdistys.fi\/oulainen\/wp-json\/wp\/v2\/pages\/220\/revisions"}],"predecessor-version":[{"id":222,"href":"https:\/\/paivitys.rauhanyhdistys.fi\/oulainen\/wp-json\/wp\/v2\/pages\/220\/revisions\/222"}],"wp:attachment":[{"href":"https:\/\/paivitys.rauhanyhdistys.fi\/oulainen\/wp-json\/wp\/v2\/media?parent=220"}],"curies":[{"name":"wp","href":"https:\/\/api.w.org\/{rel}","templated":true}]}}