{"id":208,"date":"2022-11-11T09:09:15","date_gmt":"2022-11-11T07:09:15","guid":{"rendered":"https:\/\/paivitys.rauhanyhdistys.fi\/oulainen\/?page_id=208"},"modified":"2024-09-08T10:04:24","modified_gmt":"2024-09-08T07:04:24","slug":"toimitalon-vuokraus","status":"publish","type":"page","link":"https:\/\/paivitys.rauhanyhdistys.fi\/oulainen\/toimitalon-vuokraus\/","title":{"rendered":"Toimitalon vuokraus"},"content":{"rendered":"<div class=\"fusion-fullwidth fullwidth-box fusion-builder-row-1 fusion-flex-container nonhundred-percent-fullwidth non-hundred-percent-height-scrolling\" style=\"--awb-border-radius-top-left:0px;--awb-border-radius-top-right:0px;--awb-border-radius-bottom-right:0px;--awb-border-radius-bottom-left:0px;--awb-flex-wrap:wrap;\" ><div class=\"fusion-builder-row fusion-row fusion-flex-align-items-flex-start fusion-flex-content-wrap\" style=\"max-width:1144px;margin-left: calc(-4% \/ 2 );margin-right: calc(-4% \/ 2 );\"><div class=\"fusion-layout-column fusion_builder_column fusion-builder-column-0 fusion_builder_column_1_1 1_1 fusion-flex-column\" style=\"--awb-bg-size:cover;--awb-width-large:100%;--awb-margin-top-large:0px;--awb-spacing-right-large:1.92%;--awb-margin-bottom-large:20px;--awb-spacing-left-large:1.92%;--awb-width-medium:100%;--awb-order-medium:0;--awb-spacing-right-medium:1.92%;--awb-spacing-left-medium:1.92%;--awb-width-small:100%;--awb-order-small:0;--awb-spacing-right-small:1.92%;--awb-spacing-left-small:1.92%;\"><div class=\"fusion-column-wrapper fusion-column-has-shadow fusion-flex-justify-content-flex-start fusion-content-layout-column\"><div class=\"fusion-title title fusion-title-1 fusion-sep-none fusion-title-text fusion-title-size-one\"><h1 class=\"fusion-title-heading title-heading-left fusion-responsive-typography-calculated\" style=\"margin:0;--fontSize:34;line-height:1.4;\">Toimitalon vuokraushinnasto<\/h1><\/div><div class=\"fusion-text fusion-text-1\"><p>Vuokraus Ilpo Tikkanen <a href=\"http:\/\/050%20398%207313\">050 398 7313<\/a><\/p>\n<\/div><\/div><\/div><div class=\"fusion-layout-column fusion_builder_column fusion-builder-column-1 fusion_builder_column_1_2 1_2 fusion-flex-column\" style=\"--awb-bg-size:cover;--awb-width-large:50%;--awb-margin-top-large:0px;--awb-spacing-right-large:3.84%;--awb-margin-bottom-large:20px;--awb-spacing-left-large:3.84%;--awb-width-medium:100%;--awb-order-medium:0;--awb-spacing-right-medium:1.92%;--awb-spacing-left-medium:1.92%;--awb-width-small:100%;--awb-order-small:0;--awb-spacing-right-small:1.92%;--awb-spacing-left-small:1.92%;\"><div class=\"fusion-column-wrapper fusion-column-has-shadow fusion-flex-justify-content-flex-start fusion-content-layout-column\"><div class=\"fusion-text fusion-text-2\"><p><strong>ISOMMAT JUHLAT, koko toimitalo k\u00e4yt\u00f6ss\u00e4<\/strong><\/p>\n<ul>\n<li>yhdistyksen j\u00e4sen 210,00 euroa<\/li>\n<li>muu kuin yhdistyksen j\u00e4sen 425,00 euroa<\/li>\n<\/ul>\n<p><strong>KESKISUURET JUHLAT, keitti\u00f6 + kahvio k\u00e4yt\u00f6ss\u00e4 (kahvi- ja ruoka)<\/strong><\/p>\n<ul>\n<li>yhdistyksen j\u00e4sen 200 euroa<\/li>\n<li>muu kuin yhdistyksen j\u00e4sen 375,00 euroa<\/li>\n<\/ul>\n<p><strong>KESKISUURET JUHLAT, keitti\u00f6 + kahvio (kahvi)<\/strong><\/p>\n<ul>\n<li>yhdistyksen j\u00e4sen 150,00 euroa<\/li>\n<li>muu kuin yhdistyksen j\u00e4sen 300,00 euroa<\/li>\n<\/ul>\n<\/div><\/div><\/div><div class=\"fusion-layout-column fusion_builder_column fusion-builder-column-2 fusion_builder_column_1_2 1_2 fusion-flex-column\" style=\"--awb-bg-size:cover;--awb-width-large:50%;--awb-margin-top-large:0px;--awb-spacing-right-large:3.84%;--awb-margin-bottom-large:20px;--awb-spacing-left-large:3.84%;--awb-width-medium:100%;--awb-order-medium:0;--awb-spacing-right-medium:1.92%;--awb-spacing-left-medium:1.92%;--awb-width-small:100%;--awb-order-small:0;--awb-spacing-right-small:1.92%;--awb-spacing-left-small:1.92%;\"><div class=\"fusion-column-wrapper fusion-column-has-shadow fusion-flex-justify-content-flex-start fusion-content-layout-column\"><div class=\"fusion-text fusion-text-3\"><p><strong>PIENET JUHLAT (kahvio tai sali, ei tarjoilla mit\u00e4\u00e4n)<\/strong><\/p>\n<ul>\n<li>yhdistyksen j\u00e4sen 60,00 euroa<\/li>\n<li>muu kuin yhdistyksen j\u00e4sen 125,00 euroa<\/li>\n<\/ul>\n<p><strong>KEITTI\u00d6N P\u00c4IV\u00c4VUOKRA<\/strong><\/p>\n<ul>\n<li>yhdistyksen j\u00e4sen 75,00 euroa<\/li>\n<li>muu kuin yhdistyksen j\u00e4sen 150,00 euroa<\/li>\n<\/ul>\n<p><strong>P\u00d6YT\u00c4LIINOJEN PESU<\/strong>\u00a0\u00a0\u00a0\u00a0\u00a0\u00a0\u00a0\u00a0\u00a0\u00a0\u00a0\u00a0\u00a0\u00a0\u00a0\u00a0\u00a0\u00a0\u00a0\u00a0\u00a0\u00a0 laskutetaan todellisten kustannusten mukaan<\/p>\n<\/div><\/div><\/div><\/div><\/div>\n","protected":false},"excerpt":{"rendered":"","protected":false},"author":56,"featured_media":0,"parent":0,"menu_order":0,"comment_status":"closed","ping_status":"closed","template":"","meta":{"footnotes":""},"class_list":["post-208","page","type-page","status-publish","hentry"],"_links":{"self":[{"href":"https:\/\/paivitys.rauhanyhdistys.fi\/oulainen\/wp-json\/wp\/v2\/pages\/208","targetHints":{"allow":["GET"]}}],"collection":[{"href":"https:\/\/paivitys.rauhanyhdistys.fi\/oulainen\/wp-json\/wp\/v2\/pages"}],"about":[{"href":"https:\/\/paivitys.rauhanyhdistys.fi\/oulainen\/wp-json\/wp\/v2\/types\/page"}],"author":[{"embeddable":true,"href":"https:\/\/paivitys.rauhanyhdistys.fi\/oulainen\/wp-json\/wp\/v2\/users\/56"}],"replies":[{"embeddable":true,"href":"https:\/\/paivitys.rauhanyhdistys.fi\/oulainen\/wp-json\/wp\/v2\/comments?post=208"}],"version-history":[{"count":6,"href":"https:\/\/paivitys.rauhanyhdistys.fi\/oulainen\/wp-json\/wp\/v2\/pages\/208\/revisions"}],"predecessor-version":[{"id":277,"href":"https:\/\/paivitys.rauhanyhdistys.fi\/oulainen\/wp-json\/wp\/v2\/pages\/208\/revisions\/277"}],"wp:attachment":[{"href":"https:\/\/paivitys.rauhanyhdistys.fi\/oulainen\/wp-json\/wp\/v2\/media?parent=208"}],"curies":[{"name":"wp","href":"https:\/\/api.w.org\/{rel}","templated":true}]}}