{"id":502,"date":"2024-08-21T18:20:02","date_gmt":"2024-08-21T15:20:02","guid":{"rendered":"https:\/\/paivitys.rauhanyhdistys.fi\/nivala\/?page_id=502"},"modified":"2024-08-22T19:31:44","modified_gmt":"2024-08-22T16:31:44","slug":"liity-jaseneksi","status":"publish","type":"page","link":"https:\/\/paivitys.rauhanyhdistys.fi\/nivala\/liity-jaseneksi\/","title":{"rendered":"Liity j\u00e4seneksi"},"content":{"rendered":"<div class=\"fusion-fullwidth fullwidth-box fusion-builder-row-1 fusion-flex-container nonhundred-percent-fullwidth non-hundred-percent-height-scrolling\" style=\"--awb-border-radius-top-left:0px;--awb-border-radius-top-right:0px;--awb-border-radius-bottom-right:0px;--awb-border-radius-bottom-left:0px;--awb-flex-wrap:wrap;\" ><div class=\"fusion-builder-row fusion-row fusion-flex-align-items-flex-start fusion-flex-content-wrap\" style=\"max-width:1144px;margin-left: calc(-4% \/ 2 );margin-right: calc(-4% \/ 2 );\"><div class=\"fusion-layout-column fusion_builder_column fusion-builder-column-0 fusion_builder_column_1_1 1_1 fusion-flex-column\" style=\"--awb-bg-blend:overlay;--awb-bg-size:cover;--awb-width-large:100%;--awb-margin-top-large:0px;--awb-spacing-right-large:1.92%;--awb-margin-bottom-large:0px;--awb-spacing-left-large:1.92%;--awb-width-medium:100%;--awb-spacing-right-medium:1.92%;--awb-spacing-left-medium:1.92%;--awb-width-small:100%;--awb-spacing-right-small:1.92%;--awb-spacing-left-small:1.92%;\"><div class=\"fusion-column-wrapper fusion-flex-justify-content-flex-start fusion-content-layout-column\"><div class=\"fusion-text fusion-text-1\"><h1 class=\"fusion-responsive-typography-calculated\" style=\"--fontsize: 34;line-height: 1.4\" data-fontsize=\"34\" data-lineheight=\"47.6px\"><strong>Liity Nivalan rauhanyhdistyksen j\u00e4seneksi<\/strong><\/h1>\n<p>Voit liitty\u00e4 j\u00e4seneksi, muuttaa j\u00e4sentietojasi ja eroaamaan j\u00e4senyydest\u00e4 <a href=\"https:\/\/docs.google.com\/forms\/d\/e\/1FAIpQLSeZpEiQ7amzRfMcchPa1_0-mwCKM8Z3hECWc31YBsSHWwQsOA\/viewform?usp=sf_link\"><strong>t\u00e4ll\u00e4 lomakkeella<\/strong><\/a>.<\/p>\n<\/div><\/div><\/div><\/div><\/div>\n","protected":false},"excerpt":{"rendered":"","protected":false},"author":7,"featured_media":0,"parent":0,"menu_order":0,"comment_status":"closed","ping_status":"closed","template":"","meta":{"footnotes":""},"class_list":["post-502","page","type-page","status-publish","hentry"],"_links":{"self":[{"href":"https:\/\/paivitys.rauhanyhdistys.fi\/nivala\/wp-json\/wp\/v2\/pages\/502","targetHints":{"allow":["GET"]}}],"collection":[{"href":"https:\/\/paivitys.rauhanyhdistys.fi\/nivala\/wp-json\/wp\/v2\/pages"}],"about":[{"href":"https:\/\/paivitys.rauhanyhdistys.fi\/nivala\/wp-json\/wp\/v2\/types\/page"}],"author":[{"embeddable":true,"href":"https:\/\/paivitys.rauhanyhdistys.fi\/nivala\/wp-json\/wp\/v2\/users\/7"}],"replies":[{"embeddable":true,"href":"https:\/\/paivitys.rauhanyhdistys.fi\/nivala\/wp-json\/wp\/v2\/comments?post=502"}],"version-history":[{"count":11,"href":"https:\/\/paivitys.rauhanyhdistys.fi\/nivala\/wp-json\/wp\/v2\/pages\/502\/revisions"}],"predecessor-version":[{"id":515,"href":"https:\/\/paivitys.rauhanyhdistys.fi\/nivala\/wp-json\/wp\/v2\/pages\/502\/revisions\/515"}],"wp:attachment":[{"href":"https:\/\/paivitys.rauhanyhdistys.fi\/nivala\/wp-json\/wp\/v2\/media?parent=502"}],"curies":[{"name":"wp","href":"https:\/\/api.w.org\/{rel}","templated":true}]}}