{"id":181,"date":"2018-05-21T20:43:00","date_gmt":"2018-05-21T17:43:00","guid":{"rendered":"http:\/\/paivitys.rauhanyhdistys.fi\/nivala\/?page_id=181"},"modified":"2024-11-24T11:00:42","modified_gmt":"2024-11-24T09:00:42","slug":"linkit","status":"publish","type":"page","link":"https:\/\/paivitys.rauhanyhdistys.fi\/nivala\/linkit\/","title":{"rendered":"Linkit"},"content":{"rendered":"<div class=\"fusion-fullwidth fullwidth-box fusion-builder-row-1 nonhundred-percent-fullwidth non-hundred-percent-height-scrolling\" style=\"--awb-border-radius-top-left:0px;--awb-border-radius-top-right:0px;--awb-border-radius-bottom-right:0px;--awb-border-radius-bottom-left:0px;--awb-flex-wrap:wrap;\" ><div class=\"fusion-builder-row fusion-row\"><div class=\"fusion-layout-column fusion_builder_column fusion-builder-column-0 fusion_builder_column_1_1 1_1 fusion-one-full fusion-column-first fusion-column-last\" style=\"--awb-bg-blend:overlay;--awb-bg-size:cover;--awb-margin-bottom:0px;\"><div class=\"fusion-column-wrapper fusion-flex-column-wrapper-legacy\"><div class=\"fusion-text fusion-text-1\"><ul>\n<li><span style=\"font-family: Arial, sans-serif\">N\u00e4in me uskomme <a href=\"https:\/\/srk.fi\/fi\/nain-me-uskomme\/\">http:\/\/srk.fi\/fi\/nain-me-uskomme\/<\/a><\/span><\/li>\n<li><span style=\"font-family: Arial, sans-serif\">Lue P\u00e4iv\u00e4miest\u00e4 ja blogeja uskovaisten el\u00e4m\u00e4st\u00e4 <\/span><a style=\"font-family: Arial, sans-serif\" href=\"https:\/\/www.paivamies.fi\/\">https:\/\/www.paivamies.fi\/<\/a><\/li>\n<li><span style=\"font-family: Arial, sans-serif\">Kuuntele seuroja <a href=\"https:\/\/www.srk.fi\/fi\/work-areas\/seurat\/kuuntele-seuroja\/\">https:\/\/www.srk.fi\/fi\/work-areas\/seurat\/kuuntele-seuroja\/<\/a><\/span><\/li>\n<li><span style=\"font-family: Arial, sans-serif\">SRK <a href=\"https:\/\/srk.fi\/\">https:\/\/srk.fi\/<\/a><\/span><\/li>\n<li><span style=\"font-family: Arial, sans-serif\">Leirikeskukset ja Opistot <\/span><a style=\"font-family: Arial, sans-serif\" href=\"https:\/\/www.leirille.fi\/\">https:\/\/www.leirille.fi\/<\/a><\/li>\n<li><span style=\"font-family: Arial, sans-serif\">Kes\u00e4n suuret seurat <a href=\"https:\/\/srk.fi\/fi\/seurat\/suviseurat\/\">https:\/\/srk.fi\/fi\/seurat\/suviseurat\/<\/a><\/span><\/li>\n<li><span style=\"font-family: Arial, sans-serif\">Evankelisluterilainen kirkko <\/span><a style=\"font-family: Arial, sans-serif\" href=\"https:\/\/evl.fi\/etusivu\">https:\/\/evl.fi\/etusivu<\/a><\/li>\n<li><span style=\"font-family: Arial, sans-serif\">Nivalan seurakunta <\/span><a style=\"font-family: Arial, sans-serif\" href=\"https:\/\/nivalanseurakunta.fi\/\">https:\/\/nivalanseurakunta.fi\/<\/a><\/li>\n<\/ul>\n<\/div><div class=\"fusion-clearfix\"><\/div><\/div><\/div><\/div><\/div>\n","protected":false},"excerpt":{"rendered":"","protected":false},"author":7,"featured_media":0,"parent":0,"menu_order":0,"comment_status":"closed","ping_status":"closed","template":"","meta":{"footnotes":""},"class_list":["post-181","page","type-page","status-publish","hentry"],"_links":{"self":[{"href":"https:\/\/paivitys.rauhanyhdistys.fi\/nivala\/wp-json\/wp\/v2\/pages\/181","targetHints":{"allow":["GET"]}}],"collection":[{"href":"https:\/\/paivitys.rauhanyhdistys.fi\/nivala\/wp-json\/wp\/v2\/pages"}],"about":[{"href":"https:\/\/paivitys.rauhanyhdistys.fi\/nivala\/wp-json\/wp\/v2\/types\/page"}],"author":[{"embeddable":true,"href":"https:\/\/paivitys.rauhanyhdistys.fi\/nivala\/wp-json\/wp\/v2\/users\/7"}],"replies":[{"embeddable":true,"href":"https:\/\/paivitys.rauhanyhdistys.fi\/nivala\/wp-json\/wp\/v2\/comments?post=181"}],"version-history":[{"count":10,"href":"https:\/\/paivitys.rauhanyhdistys.fi\/nivala\/wp-json\/wp\/v2\/pages\/181\/revisions"}],"predecessor-version":[{"id":528,"href":"https:\/\/paivitys.rauhanyhdistys.fi\/nivala\/wp-json\/wp\/v2\/pages\/181\/revisions\/528"}],"wp:attachment":[{"href":"https:\/\/paivitys.rauhanyhdistys.fi\/nivala\/wp-json\/wp\/v2\/media?parent=181"}],"curies":[{"name":"wp","href":"https:\/\/api.w.org\/{rel}","templated":true}]}}