{"id":138,"date":"2018-05-21T19:42:08","date_gmt":"2018-05-21T16:42:08","guid":{"rendered":"http:\/\/paivitys.rauhanyhdistys.fi\/nivala\/?page_id=138"},"modified":"2025-09-02T20:55:17","modified_gmt":"2025-09-02T17:55:17","slug":"ajankohtaista","status":"publish","type":"page","link":"https:\/\/paivitys.rauhanyhdistys.fi\/nivala\/ajankohtaista\/","title":{"rendered":"Ajankohtaista"},"content":{"rendered":"<p><div class=\"fusion-fullwidth fullwidth-box fusion-builder-row-1 nonhundred-percent-fullwidth non-hundred-percent-height-scrolling\" style=\"--awb-border-radius-top-left:0px;--awb-border-radius-top-right:0px;--awb-border-radius-bottom-right:0px;--awb-border-radius-bottom-left:0px;--awb-flex-wrap:wrap;\" ><div class=\"fusion-builder-row fusion-row\"><div class=\"fusion-layout-column fusion_builder_column fusion-builder-column-0 fusion_builder_column_1_1 1_1 fusion-one-full fusion-column-first fusion-column-last\" style=\"--awb-bg-blend:overlay;--awb-bg-size:cover;--awb-margin-bottom:0px;\"><div class=\"fusion-column-wrapper fusion-flex-column-wrapper-legacy\"><div class=\"fusion-text fusion-text-1\"><p style=\"line-height: 1.4;\"><strong style=\"line-height: 1.4px; font-size: 33px;\" data-fusion-font=\"true\">LAHJOITUS<\/strong><\/p>\n<div><strong>Rahalahja Nivalan Rauhanyhdistys ry:lle.<\/strong><\/div>\n<div>Voit osallistua kolehtiin lahjoittamalla haluamasi summan Nivalan Rauhanyhdistyksen tilille: FI69 4749 0010 0626 18 viitenumero 1009<\/div>\n<div>tai tekem\u00e4ll\u00e4 lahjoituksen MobilePay-sovelluksella numeroon 78427.<\/div>\n<div><\/div>\n<div>Voit tehd\u00e4 my\u00f6s kuukausilahjoituksen verkkopankissasi ja lahjoittaa haluamasi summan s\u00e4\u00e4nn\u00f6llisesti Nivalan Rauhanyhdistyksen tilille: FI69 4749 00100 626 18 viitenumero 1009.<\/div>\n<div><\/div>\n<div><a href=\"https:\/\/paivitys.rauhanyhdistys.fi\/nivala\/wp-content\/uploads\/sites\/18\/2022\/02\/RA_2020_1445.pdf\">Rahanker\u00e4yslupa RA\/2020\/1445<\/a> on voimassa toistaiseksi, alkaen 9.1.2021.<\/div>\n<\/div><div class=\"fusion-text fusion-text-2\"><h1 class=\"fusion-responsive-typography-calculated\" style=\"line-height: 1.4;\" data-fontsize=\"34\" data-lineheight=\"47.6px\">RAUHANYHDISTYSTEN TOIMINTAA VERKOSSA<\/h1>\n<p><a href=\"https:\/\/srk.fi\/fi\/toimintamuodot\/seurat\/kuuntele-seuroja\/\"><b>Seurat<\/b><\/a><br \/>\n&#8211; Keskiviikkoisin <strong>klo 19<\/strong> Helsingist\u00e4, Jyv\u00e4skyl\u00e4st\u00e4, It\u00e4-Suomesta, Tampereelta ja Vaasasta.<br \/>\n&#8211; Lauantaisin <strong>klo 18<\/strong> Helsingist\u00e4. <strong>Klo 19<\/strong> It\u00e4-Suomesta, Oulusta, Tampereelta ja Vaasasta.<br \/>\n&#8211; Sunnuntaisin <strong>klo 15<\/strong> Laukaasta ja It\u00e4-Suomesta. <strong>Klo 16<\/strong> Helsingist\u00e4, H\u00e4meenlinnasta, Jyv\u00e4skyl\u00e4st\u00e4, Lahdesta, Rovaniemelt\u00e4, TAmpereelta, Tikkakoskelta, Torniosta ja Vaasasta. <strong>Klo 17 <\/strong>Oulusta. <strong>Klo 17.30 <\/strong>Tampereelta. <strong>Klo 18 <\/strong>Helsingist\u00e4, It\u00e4-Suomesta, Rovaniemelt\u00e4, Tampereelta, Torniosta ja Vaasasta.<br \/>\nLinkit n\u00e4ihin l\u00e4hetyksiin sek\u00e4 ruotsin- ja englanninkielisiin seuroihin l\u00f6ytyv\u00e4t <a href=\"https:\/\/www.srk.fi\/fi\/work-areas\/seurat\/kuuntele-seuroja\/\" target=\"_blank\" rel=\"noopener noreferrer\"><b>SRK:n sivuilta<\/b><\/a>.<\/p>\n<p><a href=\"https:\/\/kapsakkijutut.fi\/raamattuluokat\/\"><strong>Raamattuluokat<\/strong><\/a><br \/>\n&#8211; Perjantaisin klo 18. Seuraa Instagramissa nuorten kanavaa @kapsakkijutut. Tulevat nuorten nettitilaisuudet l\u00f6yd\u00e4t <a href=\"https:\/\/kapsakkijutut.fi\/2020\/03\/18\/live-raamattuluokat-ja-nuortenillat-alkavat\/\">t\u00e4\u00e4lt\u00e4.<\/a> <a href=\"https:\/\/kapsakkijutut.fi\/\">Kapsakkijutut.fi<\/a>-sivustolta l\u00f6ytyy nuorille kuuntelemista ja tekemist\u00e4.<\/p>\n<p><strong><a href=\"https:\/\/lastenpolku.fi\/\">P\u00e4iv\u00e4kerhot<\/a><br \/>\n<\/strong>Kotip\u00e4iv\u00e4kerhoihin vinkkej\u00e4 l\u00f6ytyy Lastenpolun <a href=\"https:\/\/lastenpolku.fi\/puuhia\/\">puuhasivuilta.<\/a> <a href=\"https:\/\/lastenpolku.fi\/\">Lastenpolku.fi<\/a>-sivustolta l\u00f6ytyy paljon muutakin tekemist\u00e4 perheen pienimmille. Tervetuloa mukaan!<\/p>\n<\/div><div class=\"fusion-clearfix\"><\/div><\/div><\/div><div class=\"fusion-layout-column fusion_builder_column fusion-builder-column-1 fusion_builder_column_1_1 1_1 fusion-one-full fusion-column-first fusion-column-last\" style=\"--awb-bg-blend:overlay;--awb-bg-size:cover;--awb-margin-bottom:0px;\"><div class=\"fusion-column-wrapper fusion-flex-column-wrapper-legacy\"><div class=\"fusion-text fusion-text-3\"><h1 class=\"fusion-responsive-typography-calculated\" style=\"line-height: 1.4;\" data-fontsize=\"34\" data-lineheight=\"47.6px\"><strong>RESURSSIPANKKI<\/strong><\/h1>\n<\/div><div class=\"fusion-text fusion-text-4\"><p><img decoding=\"async\" class=\"alignnone size-medium wp-image-288\" src=\"https:\/\/paivitys.rauhanyhdistys.fi\/nivala\/wp-content\/uploads\/sites\/18\/2019\/11\/Resurssipankki-3-300x78.jpg\" alt=\"\" width=\"300\" height=\"78\" srcset=\"https:\/\/paivitys.rauhanyhdistys.fi\/nivala\/wp-content\/uploads\/sites\/18\/2019\/11\/Resurssipankki-3-200x52.jpg 200w, https:\/\/paivitys.rauhanyhdistys.fi\/nivala\/wp-content\/uploads\/sites\/18\/2019\/11\/Resurssipankki-3-300x78.jpg 300w, https:\/\/paivitys.rauhanyhdistys.fi\/nivala\/wp-content\/uploads\/sites\/18\/2019\/11\/Resurssipankki-3-400x104.jpg 400w, https:\/\/paivitys.rauhanyhdistys.fi\/nivala\/wp-content\/uploads\/sites\/18\/2019\/11\/Resurssipankki-3-600x156.jpg 600w, https:\/\/paivitys.rauhanyhdistys.fi\/nivala\/wp-content\/uploads\/sites\/18\/2019\/11\/Resurssipankki-3-768x200.jpg 768w, https:\/\/paivitys.rauhanyhdistys.fi\/nivala\/wp-content\/uploads\/sites\/18\/2019\/11\/Resurssipankki-3-800x208.jpg 800w, https:\/\/paivitys.rauhanyhdistys.fi\/nivala\/wp-content\/uploads\/sites\/18\/2019\/11\/Resurssipankki-3-1024x266.jpg 1024w, https:\/\/paivitys.rauhanyhdistys.fi\/nivala\/wp-content\/uploads\/sites\/18\/2019\/11\/Resurssipankki-3-1200x312.jpg 1200w, https:\/\/paivitys.rauhanyhdistys.fi\/nivala\/wp-content\/uploads\/sites\/18\/2019\/11\/Resurssipankki-3.jpg 1891w\" sizes=\"(max-width: 300px) 100vw, 300px\" \/><\/p>\n<p><strong>Tarvitsetko kotiin lastenhoitajaa tai muuta apua? Resurssipankki auttaa!<\/strong><\/p>\n<p>Resurssipankki kokoaa SRK:n ja rauhanyhdistysten vapaaehtoisty\u00f6h\u00f6n k\u00e4ytett\u00e4viss\u00e4 olevia henkil\u00f6it\u00e4. N\u00e4it\u00e4 tietoja k\u00e4ytet\u00e4\u00e4n paikallisissa rauhanyhdistyksiss\u00e4 erilaisten teht\u00e4vien tarjoamiseen. Teht\u00e4vi\u00e4 voivat olla mm. lyhytaikainen lastenhoito, vanhusten luona vierailut sek\u00e4 oman rauhanyhdistyksen ty\u00f6vuorot. Lis\u00e4ksi voit ilmaista kiinnostuksesi SRK:n rippikouluisostoimintaan.<\/p>\n<p>Ty\u00f6teht\u00e4v\u00e4t ovat luonteeltaan vapaaehtoisty\u00f6t\u00e4. Joistakin teht\u00e4vist\u00e4 (lastenhoito, rippikoululeirien isostoiminta) maksetaan palkkio.<\/p>\n<p>Jos tarvitset tilap\u00e4ist\u00e4 apua arjessa, ota yhteytt\u00e4 Nivalan ry:n perhe- ja diakoniatoimikunnan vastuuhenkil\u00f6ihin: Jenni Myllylahti p. 0400-523547 ja Eveliina T\u00f6lli p. 044-5323436<\/p>\n<p><strong>Vapaaehtoiseksi ilmoittautuminen<\/strong><\/p>\n<p>Voit ilmoittautua resurssipankkiin vapaaehtoiseksi <a href=\"https:\/\/resurssipankki.fi\/ilmoittaudu\/\">t\u00e4\u00e4lt\u00e4.<\/a> Resurssipankkiin sy\u00f6tet\u00e4\u00e4n yhteystietojen lis\u00e4ksi itse\u00e4 kiinnostavat ty\u00f6teht\u00e4v\u00e4t sek\u00e4 mahdollinen kokemus. Ilmoittautujan on hyv\u00e4ksytt\u00e4v\u00e4 k\u00e4ytt\u00e4j\u00e4ehdot omien yhteystietojen jakamisesta rauhanyhdistysten vastuuhenkil\u00f6iden k\u00e4ytt\u00f6\u00f6n. Vapaaehtoisen tulee olla rippikoulun k\u00e4ynyt. Yl\u00e4ik\u00e4rajaa ilmoittautumiselle ei ole.<\/p>\n<\/div><div class=\"fusion-clearfix\"><\/div><\/div><\/div><\/div><\/div><div class=\"fusion-fullwidth fullwidth-box fusion-builder-row-2 fusion-flex-container nonhundred-percent-fullwidth non-hundred-percent-height-scrolling\" style=\"--awb-border-radius-top-left:0px;--awb-border-radius-top-right:0px;--awb-border-radius-bottom-right:0px;--awb-border-radius-bottom-left:0px;--awb-flex-wrap:wrap;\" ><div class=\"fusion-builder-row fusion-row fusion-flex-align-items-flex-start fusion-flex-content-wrap\" style=\"max-width:1144px;margin-left: calc(-4% \/ 2 );margin-right: calc(-4% \/ 2 );\"><\/div><\/div><\/p>\n","protected":false},"excerpt":{"rendered":"","protected":false},"author":7,"featured_media":0,"parent":0,"menu_order":0,"comment_status":"closed","ping_status":"closed","template":"","meta":{"footnotes":""},"class_list":["post-138","page","type-page","status-publish","hentry"],"_links":{"self":[{"href":"https:\/\/paivitys.rauhanyhdistys.fi\/nivala\/wp-json\/wp\/v2\/pages\/138","targetHints":{"allow":["GET"]}}],"collection":[{"href":"https:\/\/paivitys.rauhanyhdistys.fi\/nivala\/wp-json\/wp\/v2\/pages"}],"about":[{"href":"https:\/\/paivitys.rauhanyhdistys.fi\/nivala\/wp-json\/wp\/v2\/types\/page"}],"author":[{"embeddable":true,"href":"https:\/\/paivitys.rauhanyhdistys.fi\/nivala\/wp-json\/wp\/v2\/users\/7"}],"replies":[{"embeddable":true,"href":"https:\/\/paivitys.rauhanyhdistys.fi\/nivala\/wp-json\/wp\/v2\/comments?post=138"}],"version-history":[{"count":104,"href":"https:\/\/paivitys.rauhanyhdistys.fi\/nivala\/wp-json\/wp\/v2\/pages\/138\/revisions"}],"predecessor-version":[{"id":576,"href":"https:\/\/paivitys.rauhanyhdistys.fi\/nivala\/wp-json\/wp\/v2\/pages\/138\/revisions\/576"}],"wp:attachment":[{"href":"https:\/\/paivitys.rauhanyhdistys.fi\/nivala\/wp-json\/wp\/v2\/media?parent=138"}],"curies":[{"name":"wp","href":"https:\/\/api.w.org\/{rel}","templated":true}]}}