{"id":9,"date":"2017-12-13T14:05:37","date_gmt":"2017-12-13T12:05:37","guid":{"rendered":"http:\/\/34.242.2.69\/mantsala\/?page_id=9"},"modified":"2022-10-01T13:05:59","modified_gmt":"2022-10-01T10:05:59","slug":"yhteystiedot","status":"publish","type":"page","link":"https:\/\/paivitys.rauhanyhdistys.fi\/mantsala\/yhteystiedot\/","title":{"rendered":"Yhteys"},"content":{"rendered":"<p><div class=\"fusion-fullwidth fullwidth-box fusion-builder-row-1 nonhundred-percent-fullwidth non-hundred-percent-height-scrolling\" style=\"--awb-border-radius-top-left:0px;--awb-border-radius-top-right:0px;--awb-border-radius-bottom-right:0px;--awb-border-radius-bottom-left:0px;--awb-padding-bottom:0px;--awb-margin-bottom:0px;--awb-flex-wrap:wrap;\" ><div class=\"fusion-builder-row fusion-row\"><div class=\"fusion-layout-column fusion_builder_column fusion-builder-column-0 fusion_builder_column_1_2 1_2 fusion-one-half fusion-column-first\" style=\"--awb-bg-size:cover;width:50%;width:calc(50% - ( ( 4% ) * 0.5 ) );margin-right: 4%;\"><div class=\"fusion-column-wrapper fusion-flex-column-wrapper-legacy\"><div class=\"fusion-title title fusion-title-1 fusion-sep-none fusion-title-text fusion-title-size-one\"><h1 class=\"fusion-title-heading title-heading-left fusion-responsive-typography-calculated\" style=\"margin:0;--fontSize:34;line-height:1.4;\">Yhteystiedot<\/h1><\/div><div class=\"fusion-text fusion-text-1\"><p>Osoite:\u00a0Kuokkamaanpolku 5,\u00a004640 M\u00e4nts\u00e4l\u00e4<\/p>\n<p>S\u00e4hk\u00f6posti: mantsalan.rauhanyhdistys@gmail.com<\/p>\n<p>Puhelin: 045 231 1317 (ei viestej\u00e4)<\/p>\n<\/div><div class=\"fusion-clearfix\"><\/div><\/div><\/div><\/div><\/div><div class=\"fusion-fullwidth fullwidth-box fusion-builder-row-2 nonhundred-percent-fullwidth non-hundred-percent-height-scrolling\" style=\"--awb-border-radius-top-left:0px;--awb-border-radius-top-right:0px;--awb-border-radius-bottom-right:0px;--awb-border-radius-bottom-left:0px;--awb-flex-wrap:wrap;\" ><div class=\"fusion-builder-row fusion-row\"><div class=\"fusion-layout-column fusion_builder_column fusion-builder-column-1 fusion_builder_column_1_2 1_2 fusion-one-half fusion-column-first\" style=\"--awb-bg-size:cover;width:50%;width:calc(50% - ( ( 4% ) * 0.5 ) );margin-right: 4%;\"><div class=\"fusion-column-wrapper fusion-flex-column-wrapper-legacy\"><div class=\"fusion-title title fusion-title-2 fusion-sep-none fusion-title-text fusion-title-size-one\"><h1 class=\"fusion-title-heading title-heading-left fusion-responsive-typography-calculated\" style=\"margin:0;--fontSize:34;line-height:1.4;\">Tilitiedot<\/h1><\/div><div class=\"fusion-text fusion-text-2\"><p>Saaja: M\u00e4nts\u00e4l\u00e4n Rauhanyhdistys ry<\/p>\n<p>Tili: FI73 1125 3000 1057 51<\/p>\n<p>MobilePay: 40149<\/p>\n<p>Rahanker\u00e4ysluvan numero: RA\/2021\/482<\/p>\n<\/div><div class=\"fusion-clearfix\"><\/div><\/div><\/div><\/div><\/div><div class=\"fusion-fullwidth fullwidth-box fusion-builder-row-3 nonhundred-percent-fullwidth non-hundred-percent-height-scrolling\" style=\"--awb-border-radius-top-left:0px;--awb-border-radius-top-right:0px;--awb-border-radius-bottom-right:0px;--awb-border-radius-bottom-left:0px;--awb-flex-wrap:wrap;\" ><div class=\"fusion-builder-row fusion-row\"><div class=\"fusion-layout-column fusion_builder_column fusion-builder-column-2 fusion_builder_column_1_1 1_1 fusion-one-full fusion-column-first fusion-column-last\" style=\"--awb-bg-size:cover;\"><div class=\"fusion-column-wrapper fusion-flex-column-wrapper-legacy\">\t\t\t\t\t<script type=\"text\/javascript\">\r\n\t\t\t\t\t\tvar map_fusion_map_69f51c5290996;\r\n\t\t\t\t\t\tvar markers = [];\r\n\t\t\t\t\t\tvar counter = 0;\r\n\t\t\t\t\t\t\t\t\t\t\t\t\t\t\t\t\t\t\t\tvar fusionMapNonce = '0f41e92f4b';\r\n\t\t\t\t\t\t\t\t\t\t\t\tfunction fusion_run_map_fusion_map_69f51c5290996() {\r\n\t\t\t\t\t\t\tjQuery ('#fusion_map_69f51c5290996' ).fusion_maps( {\r\n\t\t\t\t\t\t\t\taddresses: [{\"address\":\"Kuokkamaanpolku 5, 04640 M\\u00e4nts\\u00e4l\\u00e4\",\"infobox_content\":\"Kuokkamaanpolku 5, 04640 M\\u00e4nts\\u00e4l\\u00e4\",\"coordinates\":false,\"cache\":true,\"latitude\":\"60.6219285\",\"longitude\":\"25.350043099999994\"}],\r\n\t\t\t\t\t\t\t\tanimations: false,\r\n\t\t\t\t\t\t\t\tinfobox_background_color: '',\r\n\t\t\t\t\t\t\t\tinfobox_styling: 'default',\r\n\t\t\t\t\t\t\t\tinfobox_text_color: '',\r\n\t\t\t\t\t\t\t\tmap_style: 'default',\r\n\t\t\t\t\t\t\t\tmap_type: 'roadmap',\r\n\t\t\t\t\t\t\t\tmarker_icon: '',\r\n\t\t\t\t\t\t\t\toverlay_color: '',\r\n\t\t\t\t\t\t\t\toverlay_color_hsl: {\"hue\":0,\"sat\":0,\"lum\":100},\r\n\t\t\t\t\t\t\t\tshow_address: true,\r\n\t\t\t\t\t\t\t\tscale_control: true,\r\n\t\t\t\t\t\t\t\tscrollwheel: false,\r\n\t\t\t\t\t\t\t\tzoom: 14,\r\n\t\t\t\t\t\t\t\tzoom_control: true,\r\n\t\t\t\t\t\t\t} );\r\n\t\t\t\t\t\t}\r\n\r\n\t\t\t\t\t\tgoogle.maps.event.addDomListener(window, 'load', fusion_run_map_fusion_map_69f51c5290996);\r\n\t\t\t\t\t<\/script>\r\n\t\t\t\t\t<div class=\"shortcode-map fusion-google-map fusion-maps-js-type\" id=\"fusion_map_69f51c5290996\"><\/div><div class=\"fusion-clearfix\"><\/div><\/div><\/div><\/div><\/div><\/p>\n","protected":false},"excerpt":{"rendered":"","protected":false},"author":1,"featured_media":0,"parent":0,"menu_order":0,"comment_status":"closed","ping_status":"closed","template":"","meta":{"footnotes":""},"class_list":["post-9","page","type-page","status-publish","hentry"],"_links":{"self":[{"href":"https:\/\/paivitys.rauhanyhdistys.fi\/mantsala\/wp-json\/wp\/v2\/pages\/9","targetHints":{"allow":["GET"]}}],"collection":[{"href":"https:\/\/paivitys.rauhanyhdistys.fi\/mantsala\/wp-json\/wp\/v2\/pages"}],"about":[{"href":"https:\/\/paivitys.rauhanyhdistys.fi\/mantsala\/wp-json\/wp\/v2\/types\/page"}],"author":[{"embeddable":true,"href":"https:\/\/paivitys.rauhanyhdistys.fi\/mantsala\/wp-json\/wp\/v2\/users\/1"}],"replies":[{"embeddable":true,"href":"https:\/\/paivitys.rauhanyhdistys.fi\/mantsala\/wp-json\/wp\/v2\/comments?post=9"}],"version-history":[{"count":18,"href":"https:\/\/paivitys.rauhanyhdistys.fi\/mantsala\/wp-json\/wp\/v2\/pages\/9\/revisions"}],"predecessor-version":[{"id":330,"href":"https:\/\/paivitys.rauhanyhdistys.fi\/mantsala\/wp-json\/wp\/v2\/pages\/9\/revisions\/330"}],"wp:attachment":[{"href":"https:\/\/paivitys.rauhanyhdistys.fi\/mantsala\/wp-json\/wp\/v2\/media?parent=9"}],"curies":[{"name":"wp","href":"https:\/\/api.w.org\/{rel}","templated":true}]}}