{"id":155,"date":"2020-03-28T17:45:44","date_gmt":"2020-03-28T15:45:44","guid":{"rendered":"https:\/\/paivitys.rauhanyhdistys.fi\/mantsala\/?page_id=155"},"modified":"2025-06-15T13:03:13","modified_gmt":"2025-06-15T10:03:13","slug":"kuuntele","status":"publish","type":"page","link":"https:\/\/paivitys.rauhanyhdistys.fi\/mantsala\/kuuntele\/","title":{"rendered":"Kuuntele seuroja netiss\u00e4"},"content":{"rendered":"<p><div class=\"fusion-fullwidth fullwidth-box fusion-builder-row-1 nonhundred-percent-fullwidth non-hundred-percent-height-scrolling\" style=\"--awb-border-radius-top-left:0px;--awb-border-radius-top-right:0px;--awb-border-radius-bottom-right:0px;--awb-border-radius-bottom-left:0px;--awb-flex-wrap:wrap;\" ><div class=\"fusion-builder-row fusion-row\"><div class=\"fusion-layout-column fusion_builder_column fusion-builder-column-0 fusion_builder_column_1_1 1_1 fusion-one-full fusion-column-first fusion-column-last\" style=\"--awb-bg-size:cover;--awb-margin-bottom:30px;\"><div class=\"fusion-column-wrapper fusion-flex-column-wrapper-legacy\"><div class=\"fusion-text fusion-text-1\"><p>Voit kuunnella seuroja t\u00e4ll\u00e4 sivulla. L\u00e4hetys on k\u00e4ynniss\u00e4 <a href=\"\/mantsala\/toimintakalenteri\/\">toimintakalenteriin<\/a> merkittyjen nettiseurojen aikana.<\/p>\n<\/div><script type=\"text\/javascript\" src=\"https:\/\/hosted.muses.org\/mrp.js\"><\/script><br \/>\n<script type=\"text\/javascript\">\n\tMRP.insert({\n\t\t'url':'https:\/\/cast5.asurahosting.com\/proxy\/ollipekk\/seurat.mp3',\n\t\t'lang':'fi',\n\t\t'codec':'mp3',\n\t\t'volume':100,\n\t\t'autoplay':false,\n\t\t'forceHTML5':true,\n\t\t'jsevents':true,\n\t\t'buffering':1,\n\t\t'title':'nettiseurat',\n\t\t'wmode':'transparent',\n\t\t'skin':'mcclean',\n\t\t'width':180,\n\t\t'height':60\n\t});\n<\/script><\/p>\n<p>\u00a0<\/p>\n<div class=\"fusion-text fusion-text-2\"><p>Mediasoittimissa (esim. MPlayer ja VLC) on mahdollista k\u00e4ytt\u00e4\u00e4 \u00e4\u00e4nil\u00e4hteen\u00e4 osoitetta <a href=\"http:\/\/cast5.asurahosting.com:7565\/seurat.mp3\">http:\/\/cast5.asurahosting.com:7565\/seurat.mp3<\/a>.<\/p>\n<\/div><div class=\"fusion-clearfix\"><\/div><\/div><\/div><\/div><\/div><div class=\"fusion-fullwidth fullwidth-box fusion-builder-row-2 nonhundred-percent-fullwidth non-hundred-percent-height-scrolling\" style=\"--awb-border-radius-top-left:0px;--awb-border-radius-top-right:0px;--awb-border-radius-bottom-right:0px;--awb-border-radius-bottom-left:0px;--awb-flex-wrap:wrap;\" ><div class=\"fusion-builder-row fusion-row\"><\/div><\/div><\/p>\n","protected":false},"excerpt":{"rendered":"","protected":false},"author":31,"featured_media":0,"parent":0,"menu_order":0,"comment_status":"closed","ping_status":"closed","template":"","meta":{"footnotes":""},"class_list":["post-155","page","type-page","status-publish","hentry"],"_links":{"self":[{"href":"https:\/\/paivitys.rauhanyhdistys.fi\/mantsala\/wp-json\/wp\/v2\/pages\/155","targetHints":{"allow":["GET"]}}],"collection":[{"href":"https:\/\/paivitys.rauhanyhdistys.fi\/mantsala\/wp-json\/wp\/v2\/pages"}],"about":[{"href":"https:\/\/paivitys.rauhanyhdistys.fi\/mantsala\/wp-json\/wp\/v2\/types\/page"}],"author":[{"embeddable":true,"href":"https:\/\/paivitys.rauhanyhdistys.fi\/mantsala\/wp-json\/wp\/v2\/users\/31"}],"replies":[{"embeddable":true,"href":"https:\/\/paivitys.rauhanyhdistys.fi\/mantsala\/wp-json\/wp\/v2\/comments?post=155"}],"version-history":[{"count":45,"href":"https:\/\/paivitys.rauhanyhdistys.fi\/mantsala\/wp-json\/wp\/v2\/pages\/155\/revisions"}],"predecessor-version":[{"id":370,"href":"https:\/\/paivitys.rauhanyhdistys.fi\/mantsala\/wp-json\/wp\/v2\/pages\/155\/revisions\/370"}],"wp:attachment":[{"href":"https:\/\/paivitys.rauhanyhdistys.fi\/mantsala\/wp-json\/wp\/v2\/media?parent=155"}],"curies":[{"name":"wp","href":"https:\/\/api.w.org\/{rel}","templated":true}]}}