{"id":15,"date":"2017-12-13T14:06:19","date_gmt":"2017-12-13T12:06:19","guid":{"rendered":"http:\/\/34.242.2.69\/luoteis-lappi\/?page_id=15"},"modified":"2019-01-14T22:11:50","modified_gmt":"2019-01-14T20:11:50","slug":"toimintamuodot","status":"publish","type":"page","link":"https:\/\/paivitys.rauhanyhdistys.fi\/luoteis-lappi\/toimintamuodot\/","title":{"rendered":"Toimintamuodot"},"content":{"rendered":"<div class=\"fusion-fullwidth fullwidth-box fusion-builder-row-1 nonhundred-percent-fullwidth non-hundred-percent-height-scrolling\" style=\"--awb-border-radius-top-left:0px;--awb-border-radius-top-right:0px;--awb-border-radius-bottom-right:0px;--awb-border-radius-bottom-left:0px;--awb-flex-wrap:wrap;\" ><div class=\"fusion-builder-row fusion-row\"><div class=\"fusion-layout-column fusion_builder_column fusion-builder-column-0 fusion_builder_column_1_2 1_2 fusion-one-half fusion-column-first\" style=\"--awb-bg-size:cover;width:50%;width:calc(50% - ( ( 4% ) * 0.5 ) );margin-right: 4%;\"><div class=\"fusion-column-wrapper fusion-flex-column-wrapper-legacy\"><div class=\"fusion-title title fusion-title-1 fusion-sep-none fusion-title-text fusion-title-size-one\"><h1 class=\"fusion-title-heading title-heading-left fusion-responsive-typography-calculated\" style=\"margin:0;--fontSize:34;line-height:1.4;\"><h1 class=\"content-box-heading\" data-inline-fontsize=\"true\" data-inline-lineheight=\"true\" data-fontsize=\"24\" data-lineheight=\"29\">Seurat<\/h1><\/h1><\/div><div class=\"fusion-text fusion-text-1\"><div class=\"heading icon-left\">\n<p class=\"content-box-heading\" data-inline-fontsize=\"true\" data-inline-lineheight=\"true\" data-fontsize=\"24\" data-lineheight=\"29\"><span style=\"font-size: 16px\">Seuroihin niin kuin muuhunkin toimintaan \u2013 on vapaa p\u00e4\u00e4sy ja kaikki ovat l\u00e4mpim\u00e4sti tervetulleita. S<\/span><span style=\"font-size: 16px\">euroissa on yleens\u00e4 yksi tai kaksi seurapuhetta. Puheen j\u00e4lkeen tai puheiden v\u00e4liss\u00e4 on v\u00e4liaika, jolloin on mahdollisuus k\u00e4ytt\u00e4\u00e4 seurakahvilan palveluja. Puheen pit\u00e4\u00e4 pappi tai maallikkosaarnaaja. Seuroja j\u00e4rjestet\u00e4\u00e4n toimialueen kirkoissa ja seurakuntataloissa sek\u00e4 kodeissa.<\/span><\/p>\n<\/div>\n<\/div><div class=\"fusion-clearfix\"><\/div><\/div><\/div><div class=\"fusion-layout-column fusion_builder_column fusion-builder-column-1 fusion_builder_column_1_2 1_2 fusion-one-half fusion-column-last\" style=\"--awb-bg-size:cover;width:50%;width:calc(50% - ( ( 4% ) * 0.5 ) );\"><div class=\"fusion-column-wrapper fusion-flex-column-wrapper-legacy\"><div class=\"fusion-title title fusion-title-2 fusion-sep-none fusion-title-text fusion-title-size-one\"><h1 class=\"fusion-title-heading title-heading-left fusion-responsive-typography-calculated\" style=\"margin:0;--fontSize:34;line-height:1.4;\"><h1 class=\"content-box-heading\" data-inline-fontsize=\"true\" data-inline-lineheight=\"true\" data-fontsize=\"24\" data-lineheight=\"29\">Raamattuluokka ja nuortenilta<\/h1><\/h1><\/div><div class=\"fusion-text fusion-text-2\"><div class=\"heading icon-left\">\n<p class=\"content-box-heading\" data-inline-fontsize=\"true\" data-inline-lineheight=\"true\" data-fontsize=\"24\" data-lineheight=\"29\">5-7-luokkalaiset\u00a0lapset ja nuoret, k\u00e4yv\u00e4t raamattuluokissa, ja niiden tarkoituksena on syvent\u00e4\u00e4 varhaisnuorten Raamatun tuntemusta, hoitaa uskoa sek\u00e4 tukea kotien kristillist\u00e4 kasvatusta. 8-luokkalaiset ja sit\u00e4 vanhemmat nuoret k\u00e4yv\u00e4t nuortenilloissa. Raamattuluokka ja nuortenilta kokoontuu yhtaikaa, vuorotellen Luoteis-Lapin Rauhanyhdistyksen alueella ja Kittil\u00e4ss\u00e4.<\/p>\n<\/div>\n<\/div><div class=\"fusion-clearfix\"><\/div><\/div><\/div><div class=\"fusion-layout-column fusion_builder_column fusion-builder-column-2 fusion_builder_column_1_2 1_2 fusion-one-half fusion-column-first\" style=\"--awb-bg-size:cover;width:50%;width:calc(50% - ( ( 4% ) * 0.5 ) );margin-right: 4%;\"><div class=\"fusion-column-wrapper fusion-flex-column-wrapper-legacy\"><div class=\"fusion-title title fusion-title-3 fusion-sep-none fusion-title-text fusion-title-size-one\"><h1 class=\"fusion-title-heading title-heading-left fusion-responsive-typography-calculated\" style=\"margin:0;--fontSize:34;line-height:1.4;\">Pyh\u00e4koulu<\/h1><\/div><div class=\"fusion-text fusion-text-3\"><p>Lapsille j\u00e4rjestet\u00e4\u00e4n pyh\u00e4kouluja kodeissa ja seurakuntakodeissa.<\/p>\n<p>Perusajatuksena pyh\u00e4koulussa on Jeesuksen antaman opetusk\u00e4skyn toteuttaminen. Opettajina toimivat teht\u00e4v\u00e4\u00e4n kutsutut henkil\u00f6t, jotka uskovat samalla tavalla lasten ja heid\u00e4n perheidens\u00e4 kanssa.<\/p>\n<\/div><div class=\"fusion-clearfix\"><\/div><\/div><\/div><div class=\"fusion-layout-column fusion_builder_column fusion-builder-column-3 fusion_builder_column_1_2 1_2 fusion-one-half fusion-column-last\" style=\"--awb-bg-size:cover;width:50%;width:calc(50% - ( ( 4% ) * 0.5 ) );\"><div class=\"fusion-column-wrapper fusion-flex-column-wrapper-legacy\"><div class=\"fusion-clearfix\"><\/div><\/div><\/div><\/div><\/div>\n","protected":false},"excerpt":{"rendered":"","protected":false},"author":1,"featured_media":0,"parent":0,"menu_order":0,"comment_status":"closed","ping_status":"closed","template":"","meta":{"footnotes":""},"class_list":["post-15","page","type-page","status-publish","hentry"],"_links":{"self":[{"href":"https:\/\/paivitys.rauhanyhdistys.fi\/luoteis-lappi\/wp-json\/wp\/v2\/pages\/15","targetHints":{"allow":["GET"]}}],"collection":[{"href":"https:\/\/paivitys.rauhanyhdistys.fi\/luoteis-lappi\/wp-json\/wp\/v2\/pages"}],"about":[{"href":"https:\/\/paivitys.rauhanyhdistys.fi\/luoteis-lappi\/wp-json\/wp\/v2\/types\/page"}],"author":[{"embeddable":true,"href":"https:\/\/paivitys.rauhanyhdistys.fi\/luoteis-lappi\/wp-json\/wp\/v2\/users\/1"}],"replies":[{"embeddable":true,"href":"https:\/\/paivitys.rauhanyhdistys.fi\/luoteis-lappi\/wp-json\/wp\/v2\/comments?post=15"}],"version-history":[{"count":6,"href":"https:\/\/paivitys.rauhanyhdistys.fi\/luoteis-lappi\/wp-json\/wp\/v2\/pages\/15\/revisions"}],"predecessor-version":[{"id":127,"href":"https:\/\/paivitys.rauhanyhdistys.fi\/luoteis-lappi\/wp-json\/wp\/v2\/pages\/15\/revisions\/127"}],"wp:attachment":[{"href":"https:\/\/paivitys.rauhanyhdistys.fi\/luoteis-lappi\/wp-json\/wp\/v2\/media?parent=15"}],"curies":[{"name":"wp","href":"https:\/\/api.w.org\/{rel}","templated":true}]}}