{"id":13,"date":"2017-12-13T14:06:09","date_gmt":"2017-12-13T12:06:09","guid":{"rendered":"http:\/\/34.242.2.69\/lumijoki\/?page_id=13"},"modified":"2025-08-25T14:37:54","modified_gmt":"2025-08-25T11:37:54","slug":"etusivu","status":"publish","type":"page","link":"https:\/\/paivitys.rauhanyhdistys.fi\/lumijoki\/","title":{"rendered":"Etusivu"},"content":{"rendered":"<p><div class=\"fusion-fullwidth fullwidth-box fusion-builder-row-1 nonhundred-percent-fullwidth non-hundred-percent-height-scrolling\" style=\"--awb-border-radius-top-left:0px;--awb-border-radius-top-right:0px;--awb-border-radius-bottom-right:0px;--awb-border-radius-bottom-left:0px;--awb-flex-wrap:wrap;\" ><div class=\"fusion-builder-row fusion-row\"><div class=\"fusion-layout-column fusion_builder_column fusion-builder-column-0 fusion_builder_column_1_1 1_1 fusion-one-full fusion-column-first fusion-column-last\" style=\"--awb-bg-size:cover;\"><div class=\"fusion-column-wrapper fusion-flex-column-wrapper-legacy\"><div class=\"fusion-title title fusion-title-1 fusion-sep-none fusion-title-text fusion-title-size-one\"><h1 class=\"fusion-title-heading title-heading-left fusion-responsive-typography-calculated\" style=\"margin:0;--fontSize:34;line-height:1.4;\">Tervetuloa Lumijoen Rauhanyhdistykselle<\/h1><\/div><div class=\"fusion-clearfix\"><\/div><\/div><\/div><div class=\"fusion-layout-column fusion_builder_column fusion-builder-column-1 fusion_builder_column_1_1 1_1 fusion-one-full fusion-column-first fusion-column-last\" style=\"--awb-bg-size:cover;\"><div class=\"fusion-column-wrapper fusion-column-has-shadow fusion-flex-column-wrapper-legacy\"><div class=\"fusion-text fusion-text-1\"><p>Rauhanyhdistyksen keskeisint\u00e4 toimintaa on seurojen j\u00e4rjest\u00e4minen. Seurat pidet\u00e4\u00e4n yleens\u00e4 sunnuntaisin toimitalolla. S\u00e4\u00e4nn\u00f6llisesti kokoonnutaan seuroihin my\u00f6s Lumilyhdyn tiloihin.<\/p>\n<p>Toimintakalenterista l\u00f6ytyv\u00e4t tiedot seuroista ja Lumilyhdyss\u00e4 j\u00e4rjestett\u00e4vist\u00e4 hartauksista. Kaikkia kutsutaan seuroihin sek\u00e4 yhteisiin juhliin ja myyj\u00e4isiin.<\/p>\n<hr \/>\n<p><strong>Nettil\u00e4hetyksi\u00e4 ei tehd\u00e4 toistaiseksi 1.6.2022 alkaen.<\/strong> Alla olevat nettiradiosoitin ja -linkit eiv\u00e4t ole k\u00e4yt\u00f6ss\u00e4.<\/p>\n<p><span style=\"color: #999999;\"><del>Lumijoen Rauhanyhdistyksen seuroja voit kuunnella Internetin kautta tietokoneella tai mobiililaitteella.<\/del><\/span><\/p>\n<\/div><div class=\"fusion-text fusion-text-2\"><p><audio id=\"audio-13-1\" class=\"wp-audio-shortcode\" style=\"width: 100%;\" preload=\"none\" controls=\"controls\"><source type=\"audio\/mpeg\" src=\"https:\/\/nettiradio.srk.fi:8443\/lumijoenry.mp3?_=1\" \/><a href=\"https:\/\/nettiradio.srk.fi:8443\/lumijoenry.mp3\">https:\/\/nettiradio.srk.fi:8443\/lumijoenry.mp3<\/a><\/audio><\/p>\n<\/div><div class=\"fusion-text fusion-text-3\"><p><span style=\"color: #999999;\"><del>Jos toisto ei tunnu k\u00e4ynnistyv\u00e4n vaikka l\u00e4hetyksen pit\u00e4isi olla k\u00e4ynniss\u00e4, lataa t\u00e4m\u00e4 sivu uudelleen ja paina toistokuvaketta.<\/del><\/span><\/p>\n<p><span style=\"color: #999999;\"><del>Suora linkki: <a style=\"color: #999999;\" href=\"https:\/\/nettiradio.srk.fi:8443\/lumijoenry.mp3\">Nettiradioon t\u00e4st\u00e4<\/a><\/del><\/span><br \/>\n<span style=\"color: #999999;\"><del>Varalinkki: <a style=\"color: #999999;\" href=\"http:\/\/nettiradio.srk.fi:8000\/lumijoenry.mp3\">Nettiradioon t\u00e4st\u00e4<\/a><\/del><\/span><\/p>\n<\/div><div class=\"fusion-clearfix\"><\/div><\/div><\/div><\/div><\/div><div class=\"fusion-fullwidth fullwidth-box fusion-builder-row-2 nonhundred-percent-fullwidth non-hundred-percent-height-scrolling\" style=\"--awb-border-radius-top-left:0px;--awb-border-radius-top-right:0px;--awb-border-radius-bottom-right:0px;--awb-border-radius-bottom-left:0px;--awb-padding-top:30px;--awb-background-color:#eeeeee;--awb-flex-wrap:wrap;\" ><div class=\"fusion-builder-row fusion-row\"><div class=\"fusion-layout-column fusion_builder_column fusion-builder-column-2 fusion_builder_column_1_2 1_2 fusion-one-half fusion-column-first\" style=\"--awb-bg-size:cover;width:50%;width:calc(50% - ( ( 4% ) * 0.5 ) );margin-right: 4%;\"><div class=\"fusion-column-wrapper fusion-flex-column-wrapper-legacy\"><div class=\"fusion-title title fusion-title-2 fusion-sep-none fusion-title-text fusion-title-size-one\"><h1 class=\"fusion-title-heading title-heading-left fusion-responsive-typography-calculated\" style=\"margin:0;--fontSize:34;line-height:1.4;\">Tulevat tapahtumat<\/h1><\/div><table class=\"intra\" data-id=\"64\" data-amount=\"10\" data-features=\"audio,video\"><\/table>\n<div class=\"fusion-text fusion-text-4\"><p><a href=\"https:\/\/paivitys.rauhanyhdistys.fi\/lumijoki\/toimintakalenteri\/\">katso lis\u00e4\u00e4 toimintakalenterista<\/a><\/p>\n<\/div><div class=\"fusion-clearfix\"><\/div><\/div><\/div><div class=\"fusion-layout-column fusion_builder_column fusion-builder-column-3 fusion_builder_column_1_2 1_2 fusion-one-half fusion-column-last\" style=\"--awb-bg-size:cover;width:50%;width:calc(50% - ( ( 4% ) * 0.5 ) );\"><div class=\"fusion-column-wrapper fusion-flex-column-wrapper-legacy\"><div class=\"fusion-title title fusion-title-3 fusion-sep-none fusion-title-text fusion-title-size-one\"><h1 class=\"fusion-title-heading title-heading-left fusion-responsive-typography-calculated\" style=\"margin:0;--fontSize:34;line-height:1.4;\">Ranuan opiston kurssit<\/h1><\/div><table class=\"kurle\" data-id=\"3\" data-amount=\"5\"><\/table>\n<div class=\"fusion-text fusion-text-5\"><p><a href=\"https:\/\/www.lyhytkurssille.fi\/kurssi\/ranua\/\">Lis\u00e4\u00e4 kursseja<\/a><\/p>\n<\/div><div class=\"fusion-title title fusion-title-4 fusion-sep-none fusion-title-text fusion-title-size-one\"><h1 class=\"fusion-title-heading title-heading-left fusion-responsive-typography-calculated\" style=\"margin:0;--fontSize:34;line-height:1.4;\">Leirit Siikat\u00f6rm\u00e4ll\u00e4<\/h1><\/div><table class=\"kurle\" data-id=\"7\" data-amount=\"5\"><\/table>\n<div class=\"fusion-text fusion-text-6\"><p><a href=\"https:\/\/www.leirille.fi\/leiri\/siikatorma\/\">Lis\u00e4\u00e4 leirej\u00e4<\/a><\/p>\n<\/div><div class=\"fusion-clearfix\"><\/div><\/div><\/div><\/div><\/div><\/p>\n","protected":false},"excerpt":{"rendered":"","protected":false},"author":1,"featured_media":0,"parent":0,"menu_order":0,"comment_status":"closed","ping_status":"closed","template":"100-width.php","meta":{"footnotes":""},"class_list":["post-13","page","type-page","status-publish","hentry"],"_links":{"self":[{"href":"https:\/\/paivitys.rauhanyhdistys.fi\/lumijoki\/wp-json\/wp\/v2\/pages\/13","targetHints":{"allow":["GET"]}}],"collection":[{"href":"https:\/\/paivitys.rauhanyhdistys.fi\/lumijoki\/wp-json\/wp\/v2\/pages"}],"about":[{"href":"https:\/\/paivitys.rauhanyhdistys.fi\/lumijoki\/wp-json\/wp\/v2\/types\/page"}],"author":[{"embeddable":true,"href":"https:\/\/paivitys.rauhanyhdistys.fi\/lumijoki\/wp-json\/wp\/v2\/users\/1"}],"replies":[{"embeddable":true,"href":"https:\/\/paivitys.rauhanyhdistys.fi\/lumijoki\/wp-json\/wp\/v2\/comments?post=13"}],"version-history":[{"count":84,"href":"https:\/\/paivitys.rauhanyhdistys.fi\/lumijoki\/wp-json\/wp\/v2\/pages\/13\/revisions"}],"predecessor-version":[{"id":244,"href":"https:\/\/paivitys.rauhanyhdistys.fi\/lumijoki\/wp-json\/wp\/v2\/pages\/13\/revisions\/244"}],"wp:attachment":[{"href":"https:\/\/paivitys.rauhanyhdistys.fi\/lumijoki\/wp-json\/wp\/v2\/media?parent=13"}],"curies":[{"name":"wp","href":"https:\/\/api.w.org\/{rel}","templated":true}]}}