{"id":15,"date":"2017-12-13T14:06:19","date_gmt":"2017-12-13T12:06:19","guid":{"rendered":"http:\/\/34.242.2.69\/outokumpu\/?page_id=15"},"modified":"2019-04-19T17:59:42","modified_gmt":"2019-04-19T14:59:42","slug":"toimintamuodot","status":"publish","type":"page","link":"https:\/\/paivitys.rauhanyhdistys.fi\/liperi\/toimintamuodot\/","title":{"rendered":"Toimintamuodot"},"content":{"rendered":"<div class=\"fusion-fullwidth fullwidth-box fusion-builder-row-1 nonhundred-percent-fullwidth non-hundred-percent-height-scrolling\" style=\"--awb-border-radius-top-left:0px;--awb-border-radius-top-right:0px;--awb-border-radius-bottom-right:0px;--awb-border-radius-bottom-left:0px;--awb-flex-wrap:wrap;\" ><div class=\"fusion-builder-row fusion-row\"><div class=\"fusion-layout-column fusion_builder_column fusion-builder-column-0 fusion_builder_column_1_2 1_2 fusion-one-half fusion-column-first\" style=\"--awb-bg-size:cover;width:50%;width:calc(50% - ( ( 4% ) * 0.5 ) );margin-right: 4%;\"><div class=\"fusion-column-wrapper fusion-flex-column-wrapper-legacy\"><div class=\"fusion-title title fusion-title-1 fusion-sep-none fusion-title-text fusion-title-size-one\"><h1 class=\"fusion-title-heading title-heading-left fusion-responsive-typography-calculated\" style=\"margin:0;--fontSize:34;line-height:1.4;\"><h1 class=\"content-box-heading\">Seuratoiminta<\/h1><\/h1><\/div><div class=\"fusion-text fusion-text-1\"><div class=\"heading icon-left\">\n<p class=\"content-box-heading\"><span style=\"float: none;background-color: transparent;color: #373737;font-family: 'Helvetica Neue',Helvetica,Arial,sans-serif;font-size: 15px;font-style: normal;font-variant: normal;font-weight: 300;letter-spacing: normal;text-align: left;text-decoration: none;text-indent: 0px;text-transform: none\">Seuroja j\u00e4rjestet\u00e4\u00e4n p\u00e4\u00e4s\u00e4\u00e4nt\u00f6isesti rauhanyhdistyksen toimitalolla. Seuratilaisuudet muodostuvat seurapuheista, virsist\u00e4 ja Siionin lauluista. Puheet pohjautuvat Pyh\u00e4n Raamatun opetukseen sek\u00e4 evankelis-luterilaiseen uskoon, tunnustukseen ja oppiin: ihminen tulee vanhurskaaksi yksin uskosta, yksin armosta, yksin Kristuksen t\u00e4hden. Lis\u00e4ksi seuroja pidet\u00e4\u00e4n eri paikkakunnilla kodeissa, seurakunta- ja vanhainkodeissa sek\u00e4 vankiloissa.<\/span><br \/>\n<span style=\"float: none;background-color: transparent;color: #373737;font-family: 'Helvetica Neue',Helvetica,Arial,sans-serif;font-size: 15px;font-style: normal;font-variant: normal;font-weight: 300;letter-spacing: normal;text-align: left;text-decoration: none;text-indent: 0px;text-transform: none\"> Seuroja j\u00e4rjestet\u00e4\u00e4n p\u00e4\u00e4s\u00e4\u00e4nt\u00f6isesti joka sunnuntai. Ajankohta vaihtelee vuodenaikojen mukaan.<\/span><\/p>\n<\/div>\n<\/div><div class=\"fusion-clearfix\"><\/div><\/div><\/div><div class=\"fusion-layout-column fusion_builder_column fusion-builder-column-1 fusion_builder_column_1_2 1_2 fusion-one-half fusion-column-last\" style=\"--awb-bg-size:cover;width:50%;width:calc(50% - ( ( 4% ) * 0.5 ) );\"><div class=\"fusion-column-wrapper fusion-flex-column-wrapper-legacy\"><div class=\"fusion-title title fusion-title-2 fusion-sep-none fusion-title-text fusion-title-size-one\"><h1 class=\"fusion-title-heading title-heading-left fusion-responsive-typography-calculated\" style=\"margin:0;--fontSize:34;line-height:1.4;\"><h1 class=\"content-box-heading\">Lapsi- ja nuorisoty\u00f6<\/h1><\/h1><\/div><div class=\"fusion-text fusion-text-2\"><div class=\"heading icon-left\">\n<p class=\"content-box-heading\"><span style=\"float: none;background-color: transparent;color: #373737;font-family: 'Helvetica Neue',Helvetica,Arial,sans-serif;font-size: 15px;font-style: normal;font-variant: normal;font-weight: 300;letter-spacing: normal;text-align: left;text-decoration: none;text-indent: 0px;text-transform: none\">Lapsi- ja nuorisoty\u00f6 tukee kotien kasvatusty\u00f6t\u00e4. K\u00e4yt\u00e4nn\u00f6ss\u00e4 se on perhekerho-, pyh\u00e4koulu- ja raamattuluokkatoimintaa sek\u00e4 nuorten leirej\u00e4 ja keskustelutilaisuuksia. Opetuksen p\u00e4\u00e4paino on lasten ja nuorten omakohtaisen uskon tukeminen. Raamattuluokat j\u00e4rjestet\u00e4\u00e4n p\u00e4\u00e4s\u00e4\u00e4nt\u00f6isesti kodeissa perjantai-iltaisin. Pyh\u00e4koulut j\u00e4rjestet\u00e4\u00e4n p\u00e4\u00e4s\u00e4\u00e4nt\u00f6isesti kodeissa joka toinen sunnuntai.<\/span><\/p>\n<\/div>\n<\/div><div class=\"fusion-clearfix\"><\/div><\/div><\/div><div class=\"fusion-layout-column fusion_builder_column fusion-builder-column-2 fusion_builder_column_1_2 1_2 fusion-one-half fusion-column-first\" style=\"--awb-bg-size:cover;width:50%;width:calc(50% - ( ( 4% ) * 0.5 ) );margin-right: 4%;\"><div class=\"fusion-column-wrapper fusion-flex-column-wrapper-legacy\"><div class=\"fusion-title title fusion-title-3 fusion-sep-none fusion-title-text fusion-title-size-one\"><h1 class=\"fusion-title-heading title-heading-left fusion-responsive-typography-calculated\" style=\"margin:0;--fontSize:34;line-height:1.4;\">P\u00e4iv\u00e4kerho ja pyh\u00e4koulu<\/h1><\/div><div class=\"fusion-text fusion-text-3\"><p>Lapsille j\u00e4rjestet\u00e4\u00e4n pyh\u00e4kouluja ja p\u00e4iv\u00e4kerhoja.\u00a0Perusajatuksena sek\u00e4 pyh\u00e4koulussa ett\u00e4 p\u00e4iv\u00e4kerhossa on Jeesuksen antaman opetusk\u00e4skyn toteuttaminen. Opettajina toimivat teht\u00e4v\u00e4\u00e4n kutsutut henkil\u00f6t, jotka uskovat samalla tavalla lasten ja heid\u00e4n perheidens\u00e4 kanssa. P\u00e4iv\u00e4kerhoista ja pyh\u00e4kouluista l\u00f6ytyy tiedot toimintakalenterista.<\/p>\n<\/div><div class=\"fusion-clearfix\"><\/div><\/div><\/div><div class=\"fusion-layout-column fusion_builder_column fusion-builder-column-3 fusion_builder_column_1_2 1_2 fusion-one-half fusion-column-last\" style=\"--awb-bg-size:cover;width:50%;width:calc(50% - ( ( 4% ) * 0.5 ) );\"><div class=\"fusion-column-wrapper fusion-flex-column-wrapper-legacy\"><div class=\"fusion-title title fusion-title-4 fusion-sep-none fusion-title-text fusion-title-size-one\"><h1 class=\"fusion-title-heading title-heading-left fusion-responsive-typography-calculated\" style=\"margin:0;--fontSize:34;line-height:1.4;\">Perhe- ja diakoniaty\u00f6<\/h1><\/div><div class=\"fusion-text fusion-text-4\"><p>Diakoniaty\u00f6ss\u00e4 keskeist\u00e4 on auttaa ja tukea l\u00e4himm\u00e4isi\u00e4 erilaisissa el\u00e4m\u00e4ntilanteissa. Perhe- ja diakoniatoimikunta\u00a0tukee perheit\u00e4 organisoimalla lastenhoito- ja muuta apua. Toimikunta\u00a0j\u00e4rjest\u00e4\u00e4 k\u00e4yntej\u00e4 ja vierailuja vanhusten koteihin. Mahdollisia avuntarvitsijoita ohjataan hakemaan ja k\u00e4ytt\u00e4m\u00e4\u00e4n yhteiskunnan ja seurakunnan avustuspalveluja.<\/p>\n<\/div><div class=\"fusion-clearfix\"><\/div><\/div><\/div><div class=\"fusion-layout-column fusion_builder_column fusion-builder-column-4 fusion_builder_column_1_2 1_2 fusion-one-half fusion-column-first\" style=\"--awb-bg-size:cover;width:50%;width:calc(50% - ( ( 4% ) * 0.5 ) );margin-right: 4%;\"><div class=\"fusion-column-wrapper fusion-flex-column-wrapper-legacy\"><div class=\"fusion-clearfix\"><\/div><\/div><\/div><div class=\"fusion-layout-column fusion_builder_column fusion-builder-column-5 fusion_builder_column_1_2 1_2 fusion-one-half fusion-column-last\" style=\"--awb-bg-size:cover;width:50%;width:calc(50% - ( ( 4% ) * 0.5 ) );\"><div class=\"fusion-column-wrapper fusion-flex-column-wrapper-legacy\"><div class=\"fusion-clearfix\"><\/div><\/div><\/div><\/div><\/div>\n","protected":false},"excerpt":{"rendered":"","protected":false},"author":1,"featured_media":0,"parent":0,"menu_order":0,"comment_status":"closed","ping_status":"closed","template":"","meta":{"footnotes":""},"class_list":["post-15","page","type-page","status-publish","hentry"],"_links":{"self":[{"href":"https:\/\/paivitys.rauhanyhdistys.fi\/liperi\/wp-json\/wp\/v2\/pages\/15","targetHints":{"allow":["GET"]}}],"collection":[{"href":"https:\/\/paivitys.rauhanyhdistys.fi\/liperi\/wp-json\/wp\/v2\/pages"}],"about":[{"href":"https:\/\/paivitys.rauhanyhdistys.fi\/liperi\/wp-json\/wp\/v2\/types\/page"}],"author":[{"embeddable":true,"href":"https:\/\/paivitys.rauhanyhdistys.fi\/liperi\/wp-json\/wp\/v2\/users\/1"}],"replies":[{"embeddable":true,"href":"https:\/\/paivitys.rauhanyhdistys.fi\/liperi\/wp-json\/wp\/v2\/comments?post=15"}],"version-history":[{"count":17,"href":"https:\/\/paivitys.rauhanyhdistys.fi\/liperi\/wp-json\/wp\/v2\/pages\/15\/revisions"}],"predecessor-version":[{"id":190,"href":"https:\/\/paivitys.rauhanyhdistys.fi\/liperi\/wp-json\/wp\/v2\/pages\/15\/revisions\/190"}],"wp:attachment":[{"href":"https:\/\/paivitys.rauhanyhdistys.fi\/liperi\/wp-json\/wp\/v2\/media?parent=15"}],"curies":[{"name":"wp","href":"https:\/\/api.w.org\/{rel}","templated":true}]}}