{"id":13,"date":"2017-12-13T14:06:09","date_gmt":"2017-12-13T12:06:09","guid":{"rendered":"http:\/\/34.242.2.69\/outokumpu\/?page_id=13"},"modified":"2025-08-25T16:56:04","modified_gmt":"2025-08-25T13:56:04","slug":"etusivu","status":"publish","type":"page","link":"https:\/\/paivitys.rauhanyhdistys.fi\/liperi\/","title":{"rendered":"Etusivu"},"content":{"rendered":"<p><div class=\"fusion-fullwidth fullwidth-box fusion-builder-row-1 nonhundred-percent-fullwidth non-hundred-percent-height-scrolling\" style=\"--awb-border-radius-top-left:0px;--awb-border-radius-top-right:0px;--awb-border-radius-bottom-right:0px;--awb-border-radius-bottom-left:0px;--awb-flex-wrap:wrap;\" ><div class=\"fusion-builder-row fusion-row\"><div class=\"fusion-layout-column fusion_builder_column fusion-builder-column-0 fusion_builder_column_1_1 1_1 fusion-one-full fusion-column-first fusion-column-last\" style=\"--awb-bg-size:cover;\"><div class=\"fusion-column-wrapper fusion-flex-column-wrapper-legacy\"><div class=\"fusion-title title fusion-title-1 fusion-sep-none fusion-title-text fusion-title-size-one\"><h1 class=\"fusion-title-heading title-heading-left fusion-responsive-typography-calculated\" style=\"margin:0;--fontSize:34;line-height:1.4;\">Tervetuloa Liperin rauhanyhdistykselle<\/h1><\/div><div class=\"fusion-clearfix\"><\/div><\/div><\/div><div class=\"fusion-layout-column fusion_builder_column fusion-builder-column-1 fusion_builder_column_1_1 1_1 fusion-one-full fusion-column-first fusion-column-last fusion-no-small-visibility\" style=\"--awb-bg-size:cover;\"><div class=\"fusion-column-wrapper fusion-flex-column-wrapper-legacy\"><div class=\"fusion-text fusion-text-1\"><p>Liperin Rauhanyhdistys edustaa vanhoillislestadiolaisuudeksi kutsuttua kristillist\u00e4 liikett\u00e4. Yhdistyksen j\u00e4senet kuuluvat Suomen evankelis-luterilaiseen kirkkoon. P\u00e4\u00e4tavoitteena on yhdistyksen s\u00e4\u00e4nt\u00f6jen mukaan \u201dher\u00e4tt\u00e4\u00e4 ja elvytt\u00e4\u00e4 kristillist\u00e4 uskonel\u00e4m\u00e4\u00e4\u201d.<\/p>\n<p>Keskeisin toimintamuoto on omalla toimitalolla pidetyt seurat, joihin kaikki ovat tervetulleita. Seuroja voi kuunnella my\u00f6s Internetiss\u00e4.\u00a0 Suomessa on noin 200 rauhanyhdistyst\u00e4, joiden kattoj\u00e4rjest\u00f6 on Suomen Rauhanyhdistysten Keskusyhdistys (SRK) Oulussa.<\/p>\n<p>Liperin rauhanyhdistys on perustettu vuonna 1946. Nykyinen toimitalo otettiin k\u00e4ytt\u00f6\u00f6n 1989. Liperin Rauhanyhdistyksen j\u00e4senm\u00e4\u00e4r\u00e4 on t\u00e4ll\u00e4 hetkell\u00e4 n. 90 kpl.<\/p>\n<\/div><div class=\"fusion-text fusion-text-2\"><p><strong>Seuraa l\u00e4hetyksi\u00e4mme osoitteessa:<\/strong><\/p>\n<p><a href=\"https:\/\/www.youtube.com\/channel\/UCLlxG3KLtAyXSXr7ro6xPMQ\">https:\/\/www.youtube.com\/channel\/UCLlxG3KLtAyXSXr7ro6xPMQ<\/a><\/p>\n<\/div><div class=\"fusion-clearfix\"><\/div><\/div><\/div><\/div><\/div><div class=\"fusion-fullwidth fullwidth-box fusion-builder-row-2 nonhundred-percent-fullwidth non-hundred-percent-height-scrolling\" style=\"--awb-border-radius-top-left:0px;--awb-border-radius-top-right:0px;--awb-border-radius-bottom-right:0px;--awb-border-radius-bottom-left:0px;--awb-padding-top:30px;--awb-background-color:#eeeeee;--awb-flex-wrap:wrap;\" ><div class=\"fusion-builder-row fusion-row\"><div class=\"fusion-layout-column fusion_builder_column fusion-builder-column-2 fusion_builder_column_1_2 1_2 fusion-one-half fusion-column-first\" style=\"--awb-bg-size:cover;width:50%;width:calc(50% - ( ( 4% ) * 0.5 ) );margin-right: 4%;\"><div class=\"fusion-column-wrapper fusion-flex-column-wrapper-legacy\"><div class=\"fusion-title title fusion-title-2 fusion-sep-none fusion-title-text fusion-title-size-one\"><h1 class=\"fusion-title-heading title-heading-left fusion-responsive-typography-calculated\" style=\"margin:0;--fontSize:34;line-height:1.4;\">Tulevat tapahtumat<\/h1><\/div><table class=\"intra\" data-id=\"71\" data-amount=\"10\" data-features=\"audio,video\"><\/table>\n<div class=\"fusion-text fusion-text-3\"><p><a href=\"http:\/\/paivitys.rauhanyhdistys.fi\/liperi\/toimintakalenteri\/\">katso lis\u00e4\u00e4 toimintakalenterista<\/a><\/p>\n<\/div><div class=\"fusion-clearfix\"><\/div><\/div><\/div><div class=\"fusion-layout-column fusion_builder_column fusion-builder-column-3 fusion_builder_column_1_2 1_2 fusion-one-half fusion-column-last\" style=\"--awb-bg-size:cover;width:50%;width:calc(50% - ( ( 4% ) * 0.5 ) );\"><div class=\"fusion-column-wrapper fusion-flex-column-wrapper-legacy\"><div class=\"fusion-title title fusion-title-3 fusion-sep-none fusion-title-text fusion-title-size-one\"><h1 class=\"fusion-title-heading title-heading-left fusion-responsive-typography-calculated\" style=\"margin:0;--fontSize:34;line-height:1.4;\">J\u00e4ms\u00e4n opiston kurssit<\/h1><\/div><table class=\"kurle\" data-id=\"1\" data-amount=\"5\"><\/table>\n<div class=\"fusion-text fusion-text-4\"><p><a href=\"https:\/\/www.lyhytkurssille.fi\/kurssi\/ranua\/\">Lis\u00e4\u00e4 kursseja<\/a><\/p>\n<\/div><div class=\"fusion-title title fusion-title-4 fusion-sep-none fusion-title-text fusion-title-size-one\"><h1 class=\"fusion-title-heading title-heading-left fusion-responsive-typography-calculated\" style=\"margin:0;--fontSize:34;line-height:1.4;\">Leirit Hankasalmella<\/h1><\/div><table class=\"kurle\" data-id=\"5\" data-amount=\"5\"><\/table>\n<div class=\"fusion-text fusion-text-5\"><p><a href=\"https:\/\/www.leirille.fi\/leiri\/hankasalmi\/\">Lis\u00e4\u00e4 leirej\u00e4<\/a><\/p>\n<\/div><div class=\"fusion-clearfix\"><\/div><\/div><\/div><\/div><\/div><\/p>\n","protected":false},"excerpt":{"rendered":"","protected":false},"author":1,"featured_media":212,"parent":0,"menu_order":0,"comment_status":"closed","ping_status":"closed","template":"100-width.php","meta":{"footnotes":""},"class_list":["post-13","page","type-page","status-publish","has-post-thumbnail","hentry"],"_links":{"self":[{"href":"https:\/\/paivitys.rauhanyhdistys.fi\/liperi\/wp-json\/wp\/v2\/pages\/13","targetHints":{"allow":["GET"]}}],"collection":[{"href":"https:\/\/paivitys.rauhanyhdistys.fi\/liperi\/wp-json\/wp\/v2\/pages"}],"about":[{"href":"https:\/\/paivitys.rauhanyhdistys.fi\/liperi\/wp-json\/wp\/v2\/types\/page"}],"author":[{"embeddable":true,"href":"https:\/\/paivitys.rauhanyhdistys.fi\/liperi\/wp-json\/wp\/v2\/users\/1"}],"replies":[{"embeddable":true,"href":"https:\/\/paivitys.rauhanyhdistys.fi\/liperi\/wp-json\/wp\/v2\/comments?post=13"}],"version-history":[{"count":79,"href":"https:\/\/paivitys.rauhanyhdistys.fi\/liperi\/wp-json\/wp\/v2\/pages\/13\/revisions"}],"predecessor-version":[{"id":434,"href":"https:\/\/paivitys.rauhanyhdistys.fi\/liperi\/wp-json\/wp\/v2\/pages\/13\/revisions\/434"}],"wp:featuredmedia":[{"embeddable":true,"href":"https:\/\/paivitys.rauhanyhdistys.fi\/liperi\/wp-json\/wp\/v2\/media\/212"}],"wp:attachment":[{"href":"https:\/\/paivitys.rauhanyhdistys.fi\/liperi\/wp-json\/wp\/v2\/media?parent=13"}],"curies":[{"name":"wp","href":"https:\/\/api.w.org\/{rel}","templated":true}]}}