{"id":470,"date":"2019-12-04T18:53:00","date_gmt":"2019-12-04T16:53:00","guid":{"rendered":"http:\/\/paivitys.rauhanyhdistys.fi\/lempaala\/?page_id=470"},"modified":"2023-09-06T19:36:36","modified_gmt":"2023-09-06T16:36:36","slug":"mobilepay","status":"publish","type":"page","link":"https:\/\/paivitys.rauhanyhdistys.fi\/lempaala\/mobilepay\/","title":{"rendered":"Mobiilikolehti"},"content":{"rendered":"<div class=\"fusion-fullwidth fullwidth-box fusion-builder-row-1 nonhundred-percent-fullwidth non-hundred-percent-height-scrolling\" style=\"--awb-border-radius-top-left:0px;--awb-border-radius-top-right:0px;--awb-border-radius-bottom-right:0px;--awb-border-radius-bottom-left:0px;--awb-flex-wrap:wrap;\" ><div class=\"fusion-builder-row fusion-row\"><div class=\"fusion-layout-column fusion_builder_column fusion-builder-column-0 fusion_builder_column_1_1 1_1 fusion-one-full fusion-column-first fusion-column-last\" style=\"--awb-bg-size:cover;--awb-margin-bottom:0px;\"><div class=\"fusion-column-wrapper fusion-flex-column-wrapper-legacy\"><div class=\"fusion-text fusion-text-1\"><\/div><div class=\"fusion-text fusion-text-2\"><p>K\u00e4yt\u00f6ss\u00e4 ovat MobilePay-lyhytnumerot seuraaviin tarkoituksiin:<\/p>\n<ul>\n<li>Kolehti<\/li>\n<li>Kahvio<\/li>\n<li>Kirjamyynti<\/li>\n<li>Kotiseurat<\/li>\n<li>Naistenilta<\/li>\n<li>Miestenilta<\/li>\n<li>Myyj\u00e4iset<\/li>\n<li>Lahjatori<\/li>\n<li>Leip\u00e4tori<\/li>\n<li>Diakonia<\/li>\n<li>Urkuhanke<\/li>\n<\/ul>\n<p>Kolehdin ker\u00e4\u00e4miseen ja rahalahjoitusten vastaanottamiseen Lemp\u00e4\u00e4l\u00e4n Rauhanyhdistys on saanut rahanker\u00e4ysluvan, jonka numero on RA\/2020\/645. Rahanker\u00e4yslupa edellytt\u00e4\u00e4, ett\u00e4 mobiilikolehdin ja internetiss\u00e4 ilmoitettavan rahanker\u00e4yksen yhteydess\u00e4 on oltava n\u00e4ht\u00e4vill\u00e4 rahanker\u00e4ysasetuksen 4\u00a7:n edellytt\u00e4m\u00e4t tiedot, joita ovat:<\/p>\n<ul>\n<li>Rahanker\u00e4ysluvan saaja: Lemp\u00e4\u00e4l\u00e4n Rauhanyhdistys ry.<\/li>\n<li>Rahanker\u00e4ysluvan my\u00f6nt\u00e4j\u00e4: Sis\u00e4-Suomen poliisilaitos \/ Sastamalan poliisiasema.<\/li>\n<li>Luvan numero ja my\u00f6nt\u00e4misajankohta: RA\/2020\/645, 29.05.2020.<\/li>\n<li>Ker\u00e4yksen toimeenpanoaika: 01.08.2020 alkaen.<\/li>\n<li>Ker\u00e4yksen toimeenpanoalue: Sis\u00e4-Suomen poliisilaitoksen toimialue.<\/li>\n<li>Ker\u00e4tt\u00e4vien varojen k\u00e4ytt\u00f6tarkoitus: Ker\u00e4tyt varat k\u00e4ytet\u00e4\u00e4n yhdistyksen seuratoiminnan, muun toiminnan, kiinteist\u00f6nyll\u00e4pito- ja varainhankinnan kuluihin, lainan lyhennyksiin ja korkoihin sek\u00e4 lapsi-, nuoriso-, perhe- ja diakoniaty\u00f6h\u00f6n.<\/li>\n<li>Aika, jonka kuluessa ker\u00e4tt\u00e4v\u00e4t varat on tarkoitus k\u00e4ytt\u00e4\u00e4: ei erillist\u00e4 m\u00e4\u00e4r\u00e4yst\u00e4.<\/li>\n<li>Rahanker\u00e4yksen k\u00e4yt\u00e4nn\u00f6n toimeenpanija, jos sellainen on m\u00e4\u00e4r\u00e4tty: Lemp\u00e4\u00e4l\u00e4n Rauhanyhdistys ry.<\/li>\n<\/ul>\n<\/div><div class=\"fusion-clearfix\"><\/div><\/div><\/div><\/div><\/div>\n","protected":false},"excerpt":{"rendered":"","protected":false},"author":148,"featured_media":0,"parent":0,"menu_order":0,"comment_status":"closed","ping_status":"closed","template":"","meta":{"footnotes":""},"class_list":["post-470","page","type-page","status-publish","hentry"],"_links":{"self":[{"href":"https:\/\/paivitys.rauhanyhdistys.fi\/lempaala\/wp-json\/wp\/v2\/pages\/470","targetHints":{"allow":["GET"]}}],"collection":[{"href":"https:\/\/paivitys.rauhanyhdistys.fi\/lempaala\/wp-json\/wp\/v2\/pages"}],"about":[{"href":"https:\/\/paivitys.rauhanyhdistys.fi\/lempaala\/wp-json\/wp\/v2\/types\/page"}],"author":[{"embeddable":true,"href":"https:\/\/paivitys.rauhanyhdistys.fi\/lempaala\/wp-json\/wp\/v2\/users\/148"}],"replies":[{"embeddable":true,"href":"https:\/\/paivitys.rauhanyhdistys.fi\/lempaala\/wp-json\/wp\/v2\/comments?post=470"}],"version-history":[{"count":15,"href":"https:\/\/paivitys.rauhanyhdistys.fi\/lempaala\/wp-json\/wp\/v2\/pages\/470\/revisions"}],"predecessor-version":[{"id":590,"href":"https:\/\/paivitys.rauhanyhdistys.fi\/lempaala\/wp-json\/wp\/v2\/pages\/470\/revisions\/590"}],"wp:attachment":[{"href":"https:\/\/paivitys.rauhanyhdistys.fi\/lempaala\/wp-json\/wp\/v2\/media?parent=470"}],"curies":[{"name":"wp","href":"https:\/\/api.w.org\/{rel}","templated":true}]}}